{"id":9164,"date":"2015-09-16T10:53:05","date_gmt":"2015-09-16T08:53:05","guid":{"rendered":"https:\/\/www.mates.it\/settori\/automobile\/"},"modified":"2023-10-14T14:50:26","modified_gmt":"2023-10-14T12:50:26","slug":"automobile","status":"publish","type":"page","link":"https:\/\/www.mates.it\/fr\/marches\/automobile\/","title":{"rendered":"Automobile"},"content":{"rendered":"\n<p><\/p>\n\n\n<div  class='flex_column av-av_one_full-7714eba142aeda1f8b5272a3c372b279 av_one_full  avia-builder-el-0  el_before_av_one_full  avia-builder-el-first  first flex_column_div  '     ><p>\n<style type=\"text\/css\" data-created_by=\"avia_inline_auto\" id=\"style-css-av-lk8nzsag-e9d738b36090f2f4bd947d898138ef31\">\n#top .av-special-heading.av-lk8nzsag-e9d738b36090f2f4bd947d898138ef31{\npadding-bottom:10px;\n}\nbody .av-special-heading.av-lk8nzsag-e9d738b36090f2f4bd947d898138ef31 .av-special-heading-tag .heading-char{\nfont-size:25px;\n}\n.av-special-heading.av-lk8nzsag-e9d738b36090f2f4bd947d898138ef31 .av-subheading{\nfont-size:15px;\n}\n<\/style>\n<div  class='av-special-heading av-lk8nzsag-e9d738b36090f2f4bd947d898138ef31 av-special-heading-h1  avia-builder-el-1  el_before_av_textblock  avia-builder-el-first  custom-h1-title'><h1 class='av-special-heading-tag '  >Automobile<\/h1><div class=\"special-heading-border\"><div class=\"special-heading-inner-border\"><\/div><\/div><\/div><br \/>\n<section  class='av_textblock_section av-lk8o01z0-bd76e0904d4e7f936ff21dd08c5d7067 '  ><div class='avia_textblock' ><p>L&rsquo;industrie automobile se caract\u00e9rise par une demande de mat\u00e9riaux l\u00e9gers et r\u00e9sistants afin de garantir des niveaux \u00e9lev\u00e9s d&rsquo;efficacit\u00e9 et de performance pour les voitures \u00e0 usage commercial et quotidien, les \u00e9quipements sp\u00e9ciaux et les d\u00e9partements de course. La demande du march\u00e9 automobile se concentre sur la r\u00e9duction du poids des voitures en utilisant des mat\u00e9riaux de pointe d\u00e9riv\u00e9s de l&rsquo;a\u00e9ronautique tels que le pr\u00e9-impr\u00e9gn\u00e9 en autoclave et hors autoclave ou le film adh\u00e9sif, adapt\u00e9 \u00e0 la fois \u00e0 la production en s\u00e9rie et aux prototypes. De cette mani\u00e8re, on obtient une r\u00e9duction consid\u00e9rable de la consommation tout en garantissant une plus grande efficacit\u00e9 dans la g\u00e9n\u00e9ration de la force motrice.<\/p>\n<p>Mates s&rsquo;engage \u00e0 satisfaire ses clients en leur proposant des mati\u00e8res premi\u00e8res et des consommables de qualit\u00e9 sup\u00e9rieure provenant des meilleurs fabricants mondiaux. Ces produits, qui sont utilis\u00e9s pour la production de composants en fibre de carbone, gr\u00e2ce \u00e0 leur ductilit\u00e9, rendent le mat\u00e9riau adapt\u00e9 \u00e0 l&rsquo;utilisation d\u00e9cid\u00e9e par l&rsquo;acheteur et garantissent la pr\u00e9servation de l&rsquo;int\u00e9grit\u00e9 structurelle tout au long du cycle de vie du v\u00e9hicule.<\/p>\n<\/div><\/section><br \/>\n<div  class='hr av-av_hr-91d7ccd583a503147498e120fee2ff9b hr-default  avia-builder-el-3  el_after_av_textblock  el_before_av_image_hotspot  avia-builder-el-last '><span class='hr-inner '><span class=\"hr-inner-style\"><\/span><\/span><\/div><br \/>\n\n<style type=\"text\/css\" data-created_by=\"avia_inline_auto\" id=\"style-css-sub-av-lk8o1444-c9268c3902badbbde3c6bf58333a0c60\">\n.av-hotspot-image-container .av-image-hotspot.av-lk8o683n-b788e4fff558eda14a3988a0daeb4ecb{\ntop:75%;\nleft:79.1%;\n}\n.av-hotspot-image-container .av-image-hotspot.av-lk8o6my0-5888d72153634101cca56fcf0f407384{\ntop:41.6%;\nleft:43.1%;\n}\n.av-hotspot-image-container .av-image-hotspot.av-lk8o6y0r-2f2e988bb5dbf7fb2c8d50909ed1fe53{\ntop:80.6%;\nleft:29.4%;\n}\n.av-hotspot-image-container .av-image-hotspot.av-lk8o7af0-148943b552834b7edd9f7df0fa1468c8{\ntop:47.1%;\nleft:21.4%;\n}\n.av-hotspot-image-container .av-image-hotspot.av-lk8o7af0-83356a336974579252c41da9d232577c{\ntop:77.7%;\nleft:56.8%;\n}\n.av-hotspot-image-container .av-image-hotspot.av-lk8o7af0-332929066687aa351d28d7ad05f34ea2{\ntop:16.5%;\nleft:54.2%;\n}\n<\/style>\n<div  class='av-hotspot-image-container av-lk8o1444-c9268c3902badbbde3c6bf58333a0c60  avia-builder-el-4  el_after_av_hr  avia-builder-el-last  av-hotspot-numbered av-mobile-fallback-active  av-non-fullwidth-hotspot-image' ><div class='av-hotspot-container'><div class='av-hotspot-container-inner-cell'><div class='av-hotspot-container-inner-wrap'><div class='av-image-hotspot av-lk8o683n-b788e4fff558eda14a3988a0daeb4ecb av-image-hotspot-1 ' data-avia-tooltip-position='left' data-avia-tooltip-alignment='top' data-avia-tooltip-class='av-tt-default-width av-tt-pos-left av-tt-align-top  av-mobile-fallback-active  main_color av-tt-hotspot' data-avia-tooltip='&lt;p&gt;Renforts&lt;\/p&gt;\n'><a href=https:\/\/www.mates.it\/fr\/produits\/tissus-renforts\/  target=\"_blank\"  rel=\"noopener noreferrer\" class='av-image-hotspot_inner'>1<\/a><div class='av-image-hotspot-pulse'><\/div><\/div><div class='av-image-hotspot av-lk8o6my0-5888d72153634101cca56fcf0f407384 av-image-hotspot-2 ' data-avia-tooltip-position='left' data-avia-tooltip-alignment='top' data-avia-tooltip-class='av-tt-default-width av-tt-pos-left av-tt-align-top  av-mobile-fallback-active  main_color av-tt-hotspot' data-avia-tooltip='&lt;p&gt;Agents de d\u00e9moulage&lt;\/p&gt;\n'><a href=https:\/\/www.mates.it\/fr\/produits\/agents-de-demoulage\/  target=\"_blank\"  rel=\"noopener noreferrer\" class='av-image-hotspot_inner'>2<\/a><div class='av-image-hotspot-pulse'><\/div><\/div><div class='av-image-hotspot av-lk8o6y0r-2f2e988bb5dbf7fb2c8d50909ed1fe53 av-image-hotspot-3 ' data-avia-tooltip-position='left' data-avia-tooltip-alignment='top' data-avia-tooltip-class='av-tt-default-width av-tt-pos-left av-tt-align-top  av-mobile-fallback-active  main_color av-tt-hotspot' data-avia-tooltip='&lt;p&gt;Mat\u00e9riaux d&rsquo;\u00e2me&lt;\/p&gt;\n'><a href=https:\/\/www.mates.it\/fr\/produits\/materiaux-dame\/  target=\"_blank\"  rel=\"noopener noreferrer\" class='av-image-hotspot_inner'>3<\/a><div class='av-image-hotspot-pulse'><\/div><\/div><div class='av-image-hotspot av-lk8o7af0-148943b552834b7edd9f7df0fa1468c8 av-image-hotspot-4 ' data-avia-tooltip-position='left' data-avia-tooltip-alignment='top' data-avia-tooltip-class='av-tt-default-width av-tt-pos-left av-tt-align-top  av-mobile-fallback-active  main_color av-tt-hotspot' data-avia-tooltip='&lt;p&gt;Adh\u00e9sifs \/ Colles&lt;\/p&gt;\n'><a href=https:\/\/www.mates.it\/fr\/produits\/resines-adhesifs-chimiques\/adhesifs-colles\/  target=\"_blank\"  rel=\"noopener noreferrer\" class='av-image-hotspot_inner'>4<\/a><div class='av-image-hotspot-pulse'><\/div><\/div><div class='av-image-hotspot av-lk8o7af0-83356a336974579252c41da9d232577c av-image-hotspot-5 ' data-avia-tooltip-position='left' data-avia-tooltip-alignment='top' data-avia-tooltip-class='av-tt-default-width av-tt-pos-left av-tt-align-top  av-mobile-fallback-active  main_color av-tt-hotspot' data-avia-tooltip='&lt;p&gt;Films de mise sous vide&lt;\/p&gt;\n'><a href=https:\/\/www.mates.it\/fr\/produits\/materiaux-de-procede\/sacs-sous-vide\/  target=\"_blank\"  rel=\"noopener noreferrer\" class='av-image-hotspot_inner'>5<\/a><div class='av-image-hotspot-pulse'><\/div><\/div><div class='av-image-hotspot av-lk8o7af0-332929066687aa351d28d7ad05f34ea2 av-image-hotspot-6 ' data-avia-tooltip-position='left' data-avia-tooltip-alignment='top' data-avia-tooltip-class='av-tt-default-width av-tt-pos-left av-tt-align-top  av-mobile-fallback-active  main_color av-tt-hotspot' data-avia-tooltip='&lt;p&gt;Inserts&lt;\/p&gt;\n'><a href=https:\/\/www.mates.it\/fr\/produits\/inserts\/  target=\"_blank\"  rel=\"noopener noreferrer\" class='av-image-hotspot_inner'>6<\/a><div class='av-image-hotspot-pulse'><\/div><\/div><img decoding=\"async\" fetchpriority=\"high\" class=\"wp-image-7365 avia-img-lazy-loading-not-7365 avia_image\" src=\"https:\/\/www.mates.it\/wp-content\/uploads\/2016\/09\/Automotive.jpg\" alt=\"\" title=\"automotive\" height=\"190\" width=\"1000\" srcset=\"https:\/\/www.mates.it\/wp-content\/uploads\/2016\/09\/Automotive.jpg 1000w, https:\/\/www.mates.it\/wp-content\/uploads\/2016\/09\/Automotive-300x57.jpg 300w, https:\/\/www.mates.it\/wp-content\/uploads\/2016\/09\/Automotive-768x146.jpg 768w\" sizes=\"(max-width: 1000px) 100vw, 1000px\"><\/div><\/div><\/div><div class='av-hotspot-fallback-tooltip av-image-hotspot-1 '><div class=\"av-hotspot-fallback-tooltip-count\">1<div class=\"avia-arrow\"><\/div><\/div><div class=\"av-hotspot-fallback-tooltip-inner clearfix\"><p>\nRenforts<\/p>\n<\/div><\/div><div class='av-hotspot-fallback-tooltip av-image-hotspot-2 '><div class=\"av-hotspot-fallback-tooltip-count\">2<div class=\"avia-arrow\"><\/div><\/div><div class=\"av-hotspot-fallback-tooltip-inner clearfix\"><p>\nAgents de d\u00e9moulage<\/p>\n<\/div><\/div><div class='av-hotspot-fallback-tooltip av-image-hotspot-3 '><div class=\"av-hotspot-fallback-tooltip-count\">3<div class=\"avia-arrow\"><\/div><\/div><div class=\"av-hotspot-fallback-tooltip-inner clearfix\"><p>\nMat\u00e9riaux d&rsquo;\u00e2me<\/p>\n<\/div><\/div><div class='av-hotspot-fallback-tooltip av-image-hotspot-4 '><div class=\"av-hotspot-fallback-tooltip-count\">4<div class=\"avia-arrow\"><\/div><\/div><div class=\"av-hotspot-fallback-tooltip-inner clearfix\"><p>\nAdh\u00e9sifs \/ Colles<\/p>\n<\/div><\/div><div class='av-hotspot-fallback-tooltip av-image-hotspot-5 '><div class=\"av-hotspot-fallback-tooltip-count\">5<div class=\"avia-arrow\"><\/div><\/div><div class=\"av-hotspot-fallback-tooltip-inner clearfix\"><p>\nFilms de mise sous vide<\/p>\n<\/div><\/div><div class='av-hotspot-fallback-tooltip av-image-hotspot-6 '><div class=\"av-hotspot-fallback-tooltip-count\">6<div class=\"avia-arrow\"><\/div><\/div><div class=\"av-hotspot-fallback-tooltip-inner clearfix\"><p>\nInserts<\/p>\n<\/div><\/div><\/div><\/p><\/div>\n<div  class='flex_column av-av_one_full-7714eba142aeda1f8b5272a3c372b279 av_one_full  avia-builder-el-5  el_after_av_one_full  el_before_av_hr  first flex_column_div  column-top-margin'     ><div  class='av_promobox av-lk8o7hpi-43ea1246a2c359441e949f7f60e4bf80 avia-button-yes  avia-builder-el-6  avia-builder-el-no-sibling '><div class='avia-promocontent'><p>\nCliquez sur les num\u00e9ros dans l&rsquo;image et comparez les produits les plus adapt\u00e9s \u00e0 votre secteur ou cliquez sur le bouton dans cet onglet pour voir tous nos produits.<\/p>\n<\/div><div  class='avia-button-wrap av-lk8o7hpi-3a24711ec8360b69b270157a84eafe82-wrap avia-button-right '><a href='https:\/\/www.mates.it\/fr\/produits\/'  class='avia-button av-lk8o7hpi-3a24711ec8360b69b270157a84eafe82 av-link-btn avia-icon_select-yes-left-icon avia-size-medium avia-position-right avia-color-theme-color'  target=\"_blank\"  rel=\"noopener noreferrer\"  aria-label=\"      Produits\"><span class='avia_button_icon avia_button_icon_left avia-iconfont avia-font-entypo-fontello' data-av_icon='\ue85c' data-av_iconfont='entypo-fontello' ><\/span><span class='avia_iconbox_title' >      Produits<\/span><\/a><\/div><\/div><\/div><div  class='hr av-av_hr-91d7ccd583a503147498e120fee2ff9b hr-default  avia-builder-el-7  el_after_av_one_full  avia-builder-el-last '><span class='hr-inner '><span class=\"hr-inner-style\"><\/span><\/span><\/div><\/p>\n","protected":false},"excerpt":{"rendered":"<p>L&rsquo;industrie automobile se caract\u00e9rise par la demande de mat\u00e9riaux l\u00e9gers et r\u00e9sistants afin de garantir des niveaux \u00e9lev\u00e9s d&rsquo;efficacit\u00e9 et de performance tout au long du cycle de vie du produit.<\/p>\n","protected":false},"author":1,"featured_media":7365,"parent":9157,"menu_order":1,"comment_status":"closed","ping_status":"closed","template":"","meta":{"footnotes":""},"class_list":["post-9164","page","type-page","status-publish","has-post-thumbnail","hentry"],"_links":{"self":[{"href":"https:\/\/www.mates.it\/fr\/wp-json\/wp\/v2\/pages\/9164","targetHints":{"allow":["GET"]}}],"collection":[{"href":"https:\/\/www.mates.it\/fr\/wp-json\/wp\/v2\/pages"}],"about":[{"href":"https:\/\/www.mates.it\/fr\/wp-json\/wp\/v2\/types\/page"}],"author":[{"embeddable":true,"href":"https:\/\/www.mates.it\/fr\/wp-json\/wp\/v2\/users\/1"}],"replies":[{"embeddable":true,"href":"https:\/\/www.mates.it\/fr\/wp-json\/wp\/v2\/comments?post=9164"}],"version-history":[{"count":0,"href":"https:\/\/www.mates.it\/fr\/wp-json\/wp\/v2\/pages\/9164\/revisions"}],"up":[{"embeddable":true,"href":"https:\/\/www.mates.it\/fr\/wp-json\/wp\/v2\/pages\/9157"}],"wp:featuredmedia":[{"embeddable":true,"href":"https:\/\/www.mates.it\/fr\/wp-json\/wp\/v2\/media\/7365"}],"wp:attachment":[{"href":"https:\/\/www.mates.it\/fr\/wp-json\/wp\/v2\/media?parent=9164"}],"curies":[{"name":"wp","href":"https:\/\/api.w.org\/{rel}","templated":true}]}}