{"id":9166,"date":"2015-09-16T10:54:04","date_gmt":"2015-09-16T08:54:04","guid":{"rendered":"https:\/\/www.mates.it\/settori\/verre-marbre\/"},"modified":"2023-07-19T03:59:30","modified_gmt":"2023-07-19T01:59:30","slug":"verre-marbre","status":"publish","type":"page","link":"https:\/\/www.mates.it\/fr\/marches\/verre-marbre\/","title":{"rendered":"Verre \/ Marbre"},"content":{"rendered":"<div  class='flex_column av-av_one_full-7714eba142aeda1f8b5272a3c372b279 av_one_full  avia-builder-el-0  el_before_av_one_full  avia-builder-el-first  first flex_column_div  '     ><p>\n<style type=\"text\/css\" data-created_by=\"avia_inline_auto\" id=\"style-css-av-lk8zunh6-4a15f778ef7cb57335456a8aa007758f\">\n#top .av-special-heading.av-lk8zunh6-4a15f778ef7cb57335456a8aa007758f{\npadding-bottom:10px;\n}\nbody .av-special-heading.av-lk8zunh6-4a15f778ef7cb57335456a8aa007758f .av-special-heading-tag .heading-char{\nfont-size:25px;\n}\n.av-special-heading.av-lk8zunh6-4a15f778ef7cb57335456a8aa007758f .av-subheading{\nfont-size:15px;\n}\n<\/style>\n<div  class='av-special-heading av-lk8zunh6-4a15f778ef7cb57335456a8aa007758f av-special-heading-h1  avia-builder-el-1  el_before_av_textblock  avia-builder-el-first  custom-h1-title'><h1 class='av-special-heading-tag '  >Verre \/ Marbre<\/h1><div class=\"special-heading-border\"><div class=\"special-heading-inner-border\"><\/div><\/div><\/div><br \/>\n<section  class='av_textblock_section av-lk8zvq88-b763b6651f3c923b53393742de400642 '  ><div class='avia_textblock' ><p><span class=\"HwtZe\" lang=\"fr\"><span class=\"jCAhz ChMk0b\"><span class=\"ryNqvb\">Le secteur de l&rsquo;industrie verri\u00e8re regroupe principalement des entreprises sp\u00e9cialis\u00e9es dans la production de verre feuillet\u00e9 et son utilisation dans un contexte industriel.<\/span><\/span> <span class=\"jCAhz ChMk0b\"><span class=\"ryNqvb\">L&rsquo;essentiel de la demande de ce domaine concerne des produits utiles au proc\u00e9d\u00e9 de collage de verres d&rsquo;\u00e9paisseurs identiques ou diff\u00e9rentes, afin d&rsquo;en cr\u00e9er de plus \u00e9paisses que les pr\u00e9c\u00e9dentes, pour les usages les plus vari\u00e9s.<\/span><\/span> <span class=\"jCAhz ChMk0b\"><span class=\"ryNqvb\">Mates est en mesure de fournir des r\u00e9sines \u00e9poxy sp\u00e9cifiques adapt\u00e9es \u00e0 la production industrielle de multicouches de verre, ainsi que des articles utiles \u00e0 leur cr\u00e9ation et \u00e0 leur traitement, tels que des sacs sous vide.<\/span><\/span> <span class=\"jCAhz ChMk0b\"><span class=\"ryNqvb\">Gr\u00e2ce \u00e0 leur \u00e9lasticit\u00e9, ils s&rsquo;adaptent \u00e0 n&rsquo;importe quelle surface pendant le processus d&rsquo;ensachage sous vide.<\/span><\/span> <\/span><\/p>\n<p><span class=\"HwtZe\" lang=\"fr\"><span class=\"jCAhz ChMk0b\"><span class=\"ryNqvb\">Un autre secteur industriel influenc\u00e9 par l&rsquo;utilisation des mat\u00e9riaux composites est celui du marbre.<\/span><\/span> <span class=\"jCAhz ChMk0b\"><span class=\"ryNqvb\">Le march\u00e9 de ce secteur concerne principalement la r\u00e9paration de blocs de marbre pur endommag\u00e9s lors des processus d&rsquo;extraction et de transport au sein des carri\u00e8res.<\/span><\/span> <span class=\"jCAhz ChMk0b\"><span class=\"ryNqvb\">Notre soci\u00e9t\u00e9 dispose dans son catalogue de r\u00e9sines \u00e9poxy bi-composants, de renforts et d&rsquo;auxiliaires de processus utiles pour am\u00e9liorer n&rsquo;importe quel processus.<\/span><\/span><\/span><\/p>\n<\/div><\/section><br \/>\n<div  class='hr av-av_hr-91d7ccd583a503147498e120fee2ff9b hr-default  avia-builder-el-3  el_after_av_textblock  el_before_av_image_hotspot  avia-builder-el-last '><span class='hr-inner '><span class=\"hr-inner-style\"><\/span><\/span><\/div><br \/>\n\n<style type=\"text\/css\" data-created_by=\"avia_inline_auto\" id=\"style-css-sub-av-lk8zy4mp-82d742674430facc819c13a963bc63f6\">\n.av-hotspot-image-container .av-image-hotspot.av-lk8zw707-e549ebf5459c496d91c05b926ced4d5f{\ntop:47.1%;\nleft:65.4%;\n}\n.av-hotspot-image-container .av-image-hotspot.av-lk8zwkv2-d3791657d0f259163d353d7b5774534a{\ntop:44.1%;\nleft:53.6%;\n}\n.av-hotspot-image-container .av-image-hotspot.av-lk8zxhfm-537db52b4b1b4adeee86003cf34b857a{\ntop:32.9%;\nleft:36.2%;\n}\n.av-hotspot-image-container .av-image-hotspot.av-lk8zwyel-8a872fd5ea7641ab93481f51511a8648{\ntop:77.4%;\nleft:45.7%;\n}\n.av-hotspot-image-container .av-image-hotspot.av-lk8zy2lk-7b39f0d5e05bfedfd8696a1f88b57a18{\ntop:74.7%;\nleft:25.1%;\n}\n<\/style>\n<div  class='av-hotspot-image-container av-lk8zy4mp-82d742674430facc819c13a963bc63f6  avia-builder-el-4  el_after_av_hr  avia-builder-el-last  av-hotspot-numbered av-mobile-fallback-active  av-non-fullwidth-hotspot-image' ><div class='av-hotspot-container'><div class='av-hotspot-container-inner-cell'><div class='av-hotspot-container-inner-wrap'><div class='av-image-hotspot av-lk8zw707-e549ebf5459c496d91c05b926ced4d5f av-image-hotspot-1 ' data-avia-tooltip-position='left' data-avia-tooltip-alignment='top' data-avia-tooltip-class='av-tt-default-width av-tt-pos-left av-tt-align-top  av-mobile-fallback-active  main_color av-tt-hotspot' data-avia-tooltip='&lt;p&gt;Renforcements&lt;\/p&gt;\n'><a href=https:\/\/www.mates.it\/fr\/produits\/tissus-renforts\/fibre-de-carbone\/multiaxiale-c\/  target=\"_blank\"  rel=\"noopener noreferrer\" class='av-image-hotspot_inner'>1<\/a><div class='av-image-hotspot-pulse'><\/div><\/div><div class='av-image-hotspot av-lk8zwkv2-d3791657d0f259163d353d7b5774534a av-image-hotspot-2 ' data-avia-tooltip-position='left' data-avia-tooltip-alignment='top' data-avia-tooltip-class='av-tt-default-width av-tt-pos-left av-tt-align-top  av-mobile-fallback-active  main_color av-tt-hotspot' data-avia-tooltip='&lt;p&gt;R\u00e9sines&lt;\/p&gt;\n'><a href=https:\/\/www.mates.it\/fr\/produits\/resines-adhesifs-chimiques\/resines\/  target=\"_blank\"  rel=\"noopener noreferrer\" class='av-image-hotspot_inner'>2<\/a><div class='av-image-hotspot-pulse'><\/div><\/div><div class='av-image-hotspot av-lk8zxhfm-537db52b4b1b4adeee86003cf34b857a av-image-hotspot-3 ' data-avia-tooltip-position='left' data-avia-tooltip-alignment='top' data-avia-tooltip-class='av-tt-default-width av-tt-pos-left av-tt-align-top  av-mobile-fallback-active  main_color av-tt-hotspot' data-avia-tooltip='&lt;p&gt;Mat\u00e9riaux de proc\u00e9d\u00e9&lt;\/p&gt;\n'><a href=https:\/\/www.mates.it\/fr\/produits\/materiaux-de-procede\/  target=\"_blank\"  rel=\"noopener noreferrer\" class='av-image-hotspot_inner'>3<\/a><div class='av-image-hotspot-pulse'><\/div><\/div><div class='av-image-hotspot av-lk8zwyel-8a872fd5ea7641ab93481f51511a8648 av-image-hotspot-4 ' data-avia-tooltip-position='left' data-avia-tooltip-alignment='top' data-avia-tooltip-class='av-tt-default-width av-tt-pos-left av-tt-align-top  av-mobile-fallback-active  main_color av-tt-hotspot' data-avia-tooltip='&lt;p&gt;Films de mise sous vide&lt;\/p&gt;\n'><a href=https:\/\/www.mates.it\/fr\/produits\/materiaux-de-procede\/sacs-sous-vide\/  target=\"_blank\"  rel=\"noopener noreferrer\" class='av-image-hotspot_inner'>4<\/a><div class='av-image-hotspot-pulse'><\/div><\/div><div class='av-image-hotspot av-lk8zy2lk-7b39f0d5e05bfedfd8696a1f88b57a18 av-image-hotspot-5 ' data-avia-tooltip-position='left' data-avia-tooltip-alignment='top' data-avia-tooltip-class='av-tt-default-width av-tt-pos-left av-tt-align-top  av-mobile-fallback-active  main_color av-tt-hotspot' data-avia-tooltip='&lt;p&gt;Adh\u00e9sifs \/ Colles&lt;\/p&gt;\n'><a href=https:\/\/www.mates.it\/fr\/produits\/resines-adhesifs-chimiques\/adhesifs-colles\/  target=\"_blank\"  rel=\"noopener noreferrer\" class='av-image-hotspot_inner'>5<\/a><div class='av-image-hotspot-pulse'><\/div><\/div><img decoding=\"async\" fetchpriority=\"high\" class=\"wp-image-0 avia-img-lazy-loading-not-0 avia_image\" src=\"https:\/\/www.mates.it\/wp-content\/uploads\/2016\/09\/Vetro-Marmo.jpg\" alt=\"\" title=\"\"><\/div><\/div><\/div><div class='av-hotspot-fallback-tooltip av-image-hotspot-1 '><div class=\"av-hotspot-fallback-tooltip-count\">1<div class=\"avia-arrow\"><\/div><\/div><div class=\"av-hotspot-fallback-tooltip-inner clearfix\"><p>\nRenforcements<\/p>\n<\/div><\/div><div class='av-hotspot-fallback-tooltip av-image-hotspot-2 '><div class=\"av-hotspot-fallback-tooltip-count\">2<div class=\"avia-arrow\"><\/div><\/div><div class=\"av-hotspot-fallback-tooltip-inner clearfix\"><p>\nR\u00e9sines<\/p>\n<\/div><\/div><div class='av-hotspot-fallback-tooltip av-image-hotspot-3 '><div class=\"av-hotspot-fallback-tooltip-count\">3<div class=\"avia-arrow\"><\/div><\/div><div class=\"av-hotspot-fallback-tooltip-inner clearfix\"><p>\nMat\u00e9riaux de proc\u00e9d\u00e9<\/p>\n<\/div><\/div><div class='av-hotspot-fallback-tooltip av-image-hotspot-4 '><div class=\"av-hotspot-fallback-tooltip-count\">4<div class=\"avia-arrow\"><\/div><\/div><div class=\"av-hotspot-fallback-tooltip-inner clearfix\"><p>\nFilms de mise sous vide<\/p>\n<\/div><\/div><div class='av-hotspot-fallback-tooltip av-image-hotspot-5 '><div class=\"av-hotspot-fallback-tooltip-count\">5<div class=\"avia-arrow\"><\/div><\/div><div class=\"av-hotspot-fallback-tooltip-inner clearfix\"><p>\nAdh\u00e9sifs \/ Colles<\/p>\n<\/div><\/div><\/div><\/p><\/div>\n<div  class='flex_column av-av_one_full-7714eba142aeda1f8b5272a3c372b279 av_one_full  avia-builder-el-5  el_after_av_one_full  el_before_av_hr  first flex_column_div  column-top-margin'     ><div  class='av_promobox av-lk8zyvhm-a410b2883657bc84668f4cde1aa75852 avia-button-yes  avia-builder-el-6  avia-builder-el-no-sibling '><div class='avia-promocontent'><p>\nCliquez sur les num\u00e9ros dans l\u2019image et comparez les produits les plus adapt\u00e9s \u00e0 votre secteur ou cliquez sur le bouton dans cet onglet pour voir tous nos produits.<\/p>\n<\/div><div  class='avia-button-wrap av-lk8zyvhm-3b79cdb5c45c407ea98111c2d21336aa-wrap avia-button-right '><a href='https:\/\/www.mates.it\/fr\/produits\/'  class='avia-button av-lk8zyvhm-3b79cdb5c45c407ea98111c2d21336aa av-link-btn avia-icon_select-yes-left-icon avia-size-medium avia-position-right avia-color-theme-color'  target=\"_blank\"  rel=\"noopener noreferrer\"  aria-label=\"      Produits\"><span class='avia_button_icon avia_button_icon_left avia-iconfont avia-font-entypo-fontello' data-av_icon='\ue85c' data-av_iconfont='entypo-fontello' ><\/span><span class='avia_iconbox_title' >      Produits<\/span><\/a><\/div><\/div><\/div><div  class='hr av-av_hr-91d7ccd583a503147498e120fee2ff9b hr-default  avia-builder-el-7  el_after_av_one_full  avia-builder-el-last '><span class='hr-inner '><span class=\"hr-inner-style\"><\/span><\/span><\/div><\/p>\n","protected":false},"excerpt":{"rendered":"<p>L&rsquo;industrie du verre a besoin de produits utiles pour coller des verres ayant la m\u00eame \u00e9paisseur ou des \u00e9paisseurs diff\u00e9rentes les uns aux autres pour augmenter sa structure.<\/p>\n","protected":false},"author":1,"featured_media":7437,"parent":9157,"menu_order":7,"comment_status":"open","ping_status":"open","template":"","meta":{"footnotes":""},"class_list":["post-9166","page","type-page","status-publish","has-post-thumbnail","hentry"],"_links":{"self":[{"href":"https:\/\/www.mates.it\/fr\/wp-json\/wp\/v2\/pages\/9166","targetHints":{"allow":["GET"]}}],"collection":[{"href":"https:\/\/www.mates.it\/fr\/wp-json\/wp\/v2\/pages"}],"about":[{"href":"https:\/\/www.mates.it\/fr\/wp-json\/wp\/v2\/types\/page"}],"author":[{"embeddable":true,"href":"https:\/\/www.mates.it\/fr\/wp-json\/wp\/v2\/users\/1"}],"replies":[{"embeddable":true,"href":"https:\/\/www.mates.it\/fr\/wp-json\/wp\/v2\/comments?post=9166"}],"version-history":[{"count":0,"href":"https:\/\/www.mates.it\/fr\/wp-json\/wp\/v2\/pages\/9166\/revisions"}],"up":[{"embeddable":true,"href":"https:\/\/www.mates.it\/fr\/wp-json\/wp\/v2\/pages\/9157"}],"wp:featuredmedia":[{"embeddable":true,"href":"https:\/\/www.mates.it\/fr\/wp-json\/wp\/v2\/media\/7437"}],"wp:attachment":[{"href":"https:\/\/www.mates.it\/fr\/wp-json\/wp\/v2\/media?parent=9166"}],"curies":[{"name":"wp","href":"https:\/\/api.w.org\/{rel}","templated":true}]}}