{"id":9168,"date":"2015-09-16T10:53:28","date_gmt":"2015-09-16T08:53:28","guid":{"rendered":"https:\/\/www.mates.it\/settori\/transports-ferroviaire\/"},"modified":"2023-07-19T03:58:39","modified_gmt":"2023-07-19T01:58:39","slug":"rail-transport","status":"publish","type":"page","link":"https:\/\/www.mates.it\/fr\/marches\/rail-transport\/","title":{"rendered":"Rail \/ Transport"},"content":{"rendered":"<div  class='flex_column av-av_one_full-7714eba142aeda1f8b5272a3c372b279 av_one_full  avia-builder-el-0  el_before_av_one_full  avia-builder-el-first  first flex_column_div  '     ><p>\n<style type=\"text\/css\" data-created_by=\"avia_inline_auto\" id=\"style-css-av-lk8wfmbk-01457277204906156db6248dfa239a63\">\n#top .av-special-heading.av-lk8wfmbk-01457277204906156db6248dfa239a63{\npadding-bottom:10px;\n}\nbody .av-special-heading.av-lk8wfmbk-01457277204906156db6248dfa239a63 .av-special-heading-tag .heading-char{\nfont-size:25px;\n}\n.av-special-heading.av-lk8wfmbk-01457277204906156db6248dfa239a63 .av-subheading{\nfont-size:15px;\n}\n<\/style>\n<div  class='av-special-heading av-lk8wfmbk-01457277204906156db6248dfa239a63 av-special-heading-h1  avia-builder-el-1  el_before_av_textblock  avia-builder-el-first  custom-h1-title'><h1 class='av-special-heading-tag '  >Rail \/ Transport<\/h1><div class=\"special-heading-border\"><div class=\"special-heading-inner-border\"><\/div><\/div><\/div><br \/>\n<section  class='av_textblock_section av-lk8wg2bn-927e39c0258a8d4c38ddef13d5f71df6 '  ><div class='avia_textblock' ><p>Le secteur ferroviaire est particuli\u00e8rement important pour le transport de plus en plus rapide des passagers et n\u00e9cessite donc des solutions et des mat\u00e9riaux qui garantissent aux clients des niveaux \u00e9lev\u00e9s de confort pendant le voyage. Notre entreprise propose des produits et des mat\u00e9riaux qui rendent les v\u00e9hicules plus r\u00e9sistants et plus l\u00e9gers afin de minimiser la consommation et d&rsquo;optimiser les performances, tout en tenant compte du confort des passagers eux-m\u00eames. Parmi les principaux, on trouve des r\u00e9sines, des auxiliaires et des noyaux structurels certifi\u00e9s REI (r\u00e9sistants \u00e0 la diffusion de la chaleur et \u00e0 l&rsquo;isolation thermique) pour garantir la s\u00e9curit\u00e9 des passagers. Nous proposons \u00e9galement des adh\u00e9sifs structurels pour l&rsquo;assemblage des composites et des pi\u00e8ces int\u00e9rieures.<\/p>\n<p>Mates est donc en mesure de proposer des mat\u00e9riaux de structure innovants pour la production de structures l\u00e9g\u00e8res, performantes et s\u00fbres. Le choix du mat\u00e9riau ad\u00e9quat pour l&rsquo;habitacle est laiss\u00e9 \u00e0 l&rsquo;appr\u00e9ciation de l&rsquo;ing\u00e9nieur structurel, en fonction des crit\u00e8res de s\u00e9curit\u00e9 des passagers et de confort de transfert. L&rsquo;\u00e9volution technologique du secteur est suivie au m\u00eame rythme par l&rsquo;entreprise gr\u00e2ce aux connaissances acquises au fil du temps.<\/p>\n<\/div><\/section><br \/>\n<div  class='hr av-av_hr-91d7ccd583a503147498e120fee2ff9b hr-default  avia-builder-el-3  el_after_av_textblock  el_before_av_image_hotspot  avia-builder-el-last '><span class='hr-inner '><span class=\"hr-inner-style\"><\/span><\/span><\/div><br \/>\n\n<style type=\"text\/css\" data-created_by=\"avia_inline_auto\" id=\"style-css-sub-av-lk8wki88-768aff5cd0f7dac83b430457dcd47ebe\">\n.av-hotspot-image-container .av-image-hotspot.av-lk8wh2xl-b89e19d08e5ad952e7cc21851f085a8f{\ntop:83.2%;\nleft:41.1%;\n}\n.av-hotspot-image-container .av-image-hotspot.av-lk8whv6n-10ab4410b1fceab369ded1db3bf1577a{\ntop:47%;\nleft:64.7%;\n}\n.av-hotspot-image-container .av-image-hotspot.av-lk8wia88-8d7c2e4e1e8e77bc9067044f34825506{\ntop:30.5%;\nleft:34.7%;\n}\n.av-hotspot-image-container .av-image-hotspot.av-lk8wixru-5ea4ad0e936356cfcfeb677b82cff1c1{\ntop:27.7%;\nleft:51.5%;\n}\n.av-hotspot-image-container .av-image-hotspot.av-lk8wk2zh-e77a730b1a981ce574a82edd9e6f7356{\ntop:49.8%;\nleft:76.4%;\n}\n.av-hotspot-image-container .av-image-hotspot.av-lk8wkgtm-c6c598e0d88ac90e26cb390965ade42e{\ntop:69.2%;\nleft:22.5%;\n}\n<\/style>\n<div  class='av-hotspot-image-container av-lk8wki88-768aff5cd0f7dac83b430457dcd47ebe  avia-builder-el-4  el_after_av_hr  avia-builder-el-last  av-hotspot-numbered av-mobile-fallback-active  av-non-fullwidth-hotspot-image' ><div class='av-hotspot-container'><div class='av-hotspot-container-inner-cell'><div class='av-hotspot-container-inner-wrap'><div class='av-image-hotspot av-lk8wh2xl-b89e19d08e5ad952e7cc21851f085a8f av-image-hotspot-1 ' data-avia-tooltip-position='left' data-avia-tooltip-alignment='top' data-avia-tooltip-class='av-tt-default-width av-tt-pos-left av-tt-align-top  av-mobile-fallback-active  main_color av-tt-hotspot' data-avia-tooltip='&lt;p&gt;Renforcements&lt;\/p&gt;\n'><a href=https:\/\/www.mates.it\/fr\/produits\/tissus-renforts\/  target=\"_blank\"  rel=\"noopener noreferrer\" class='av-image-hotspot_inner'>1<\/a><div class='av-image-hotspot-pulse'><\/div><\/div><div class='av-image-hotspot av-lk8whv6n-10ab4410b1fceab369ded1db3bf1577a av-image-hotspot-2 ' data-avia-tooltip-position='left' data-avia-tooltip-alignment='top' data-avia-tooltip-class='av-tt-default-width av-tt-pos-left av-tt-align-top  av-mobile-fallback-active  main_color av-tt-hotspot' data-avia-tooltip='&lt;p&gt;R\u00e9sines \/ Adh\u00e9sifs&lt;\/p&gt;\n'><a href=https:\/\/www.mates.it\/fr\/produits\/resines-adhesifs-chimiques\/  target=\"_blank\"  rel=\"noopener noreferrer\" class='av-image-hotspot_inner'>2<\/a><div class='av-image-hotspot-pulse'><\/div><\/div><div class='av-image-hotspot av-lk8wia88-8d7c2e4e1e8e77bc9067044f34825506 av-image-hotspot-3 ' data-avia-tooltip-position='left' data-avia-tooltip-alignment='top' data-avia-tooltip-class='av-tt-default-width av-tt-pos-left av-tt-align-top  av-mobile-fallback-active  main_color av-tt-hotspot' data-avia-tooltip='&lt;p&gt;Agents de d\u00e9moulage&lt;\/p&gt;\n'><a href=https:\/\/www.mates.it\/fr\/produits\/agents-de-demoulage\/  target=\"_blank\"  rel=\"noopener noreferrer\" class='av-image-hotspot_inner'>3<\/a><div class='av-image-hotspot-pulse'><\/div><\/div><div class='av-image-hotspot av-lk8wixru-5ea4ad0e936356cfcfeb677b82cff1c1 av-image-hotspot-4 ' data-avia-tooltip-position='left' data-avia-tooltip-alignment='top' data-avia-tooltip-class='av-tt-default-width av-tt-pos-left av-tt-align-top  av-mobile-fallback-active  main_color av-tt-hotspot' data-avia-tooltip='&lt;p&gt;Mat\u00e9riaux d\u2019ame&lt;\/p&gt;\n'><a href=https:\/\/www.mates.it\/fr\/produits\/materiaux-dame\/mousses\/  target=\"_blank\"  rel=\"noopener noreferrer\" class='av-image-hotspot_inner'>4<\/a><div class='av-image-hotspot-pulse'><\/div><\/div><div class='av-image-hotspot av-lk8wk2zh-e77a730b1a981ce574a82edd9e6f7356 av-image-hotspot-5 ' data-avia-tooltip-position='left' data-avia-tooltip-alignment='top' data-avia-tooltip-class='av-tt-default-width av-tt-pos-left av-tt-align-top  av-mobile-fallback-active  main_color av-tt-hotspot' data-avia-tooltip='&lt;p&gt;Mat\u00e9riaux de proc\u00e9d\u00e9&lt;\/p&gt;\n'><a href=https:\/\/www.mates.it\/fr\/produits\/materiaux-de-procede\/  target=\"_blank\"  rel=\"noopener noreferrer\" class='av-image-hotspot_inner'>5<\/a><div class='av-image-hotspot-pulse'><\/div><\/div><div class='av-image-hotspot av-lk8wkgtm-c6c598e0d88ac90e26cb390965ade42e av-image-hotspot-6 ' data-avia-tooltip-position='left' data-avia-tooltip-alignment='top' data-avia-tooltip-class='av-tt-default-width av-tt-pos-left av-tt-align-top  av-mobile-fallback-active  main_color av-tt-hotspot' data-avia-tooltip='&lt;p&gt;Inserts&lt;\/p&gt;\n'><a href=https:\/\/www.mates.it\/fr\/produits\/inserts\/  target=\"_blank\"  rel=\"noopener noreferrer\" class='av-image-hotspot_inner'>6<\/a><div class='av-image-hotspot-pulse'><\/div><\/div><img decoding=\"async\" fetchpriority=\"high\" class=\"wp-image-0 avia-img-lazy-loading-not-0 avia_image\" src=\"https:\/\/www.mates.it\/wp-content\/uploads\/2016\/09\/Trasporti-Ferroviario.jpg\" alt=\"\" title=\"\"><\/div><\/div><\/div><div class='av-hotspot-fallback-tooltip av-image-hotspot-1 '><div class=\"av-hotspot-fallback-tooltip-count\">1<div class=\"avia-arrow\"><\/div><\/div><div class=\"av-hotspot-fallback-tooltip-inner clearfix\"><p>\nRenforcements<\/p>\n<\/div><\/div><div class='av-hotspot-fallback-tooltip av-image-hotspot-2 '><div class=\"av-hotspot-fallback-tooltip-count\">2<div class=\"avia-arrow\"><\/div><\/div><div class=\"av-hotspot-fallback-tooltip-inner clearfix\"><p>\nR\u00e9sines \/ Adh\u00e9sifs<\/p>\n<\/div><\/div><div class='av-hotspot-fallback-tooltip av-image-hotspot-3 '><div class=\"av-hotspot-fallback-tooltip-count\">3<div class=\"avia-arrow\"><\/div><\/div><div class=\"av-hotspot-fallback-tooltip-inner clearfix\"><p>\nAgents de d\u00e9moulage<\/p>\n<\/div><\/div><div class='av-hotspot-fallback-tooltip av-image-hotspot-4 '><div class=\"av-hotspot-fallback-tooltip-count\">4<div class=\"avia-arrow\"><\/div><\/div><div class=\"av-hotspot-fallback-tooltip-inner clearfix\"><p>\nMat\u00e9riaux d\u2019ame<\/p>\n<\/div><\/div><div class='av-hotspot-fallback-tooltip av-image-hotspot-5 '><div class=\"av-hotspot-fallback-tooltip-count\">5<div class=\"avia-arrow\"><\/div><\/div><div class=\"av-hotspot-fallback-tooltip-inner clearfix\"><p>\nMat\u00e9riaux de proc\u00e9d\u00e9<\/p>\n<\/div><\/div><div class='av-hotspot-fallback-tooltip av-image-hotspot-6 '><div class=\"av-hotspot-fallback-tooltip-count\">6<div class=\"avia-arrow\"><\/div><\/div><div class=\"av-hotspot-fallback-tooltip-inner clearfix\"><p>\nInserts<\/p>\n<\/div><\/div><\/div><\/p><\/div>\n<div  class='flex_column av-av_one_full-7714eba142aeda1f8b5272a3c372b279 av_one_full  avia-builder-el-5  el_after_av_one_full  el_before_av_hr  first flex_column_div  column-top-margin'     ><div  class='av_promobox av-lk8wkvpv-8ac85d2ec79191bdd34e0d61b7f42a3b avia-button-yes  avia-builder-el-6  avia-builder-el-no-sibling '><div class='avia-promocontent'><p>\nCliquez sur les num\u00e9ros dans l&rsquo;image et comparez les produits les plus adapt\u00e9s \u00e0 votre secteur ou cliquez sur le bouton dans cet onglet pour voir tous nos produits.<\/p>\n<\/div><div  class='avia-button-wrap av-lk8wkvpv-c480eafabd04db8710dad4f5d71434b0-wrap avia-button-right '><a href='https:\/\/www.mates.it\/fr\/produits\/'  class='avia-button av-lk8wkvpv-c480eafabd04db8710dad4f5d71434b0 av-link-btn avia-icon_select-yes-left-icon avia-size-medium avia-position-right avia-color-theme-color'  target=\"_blank\"  rel=\"noopener noreferrer\"  aria-label=\"      Produits\"><span class='avia_button_icon avia_button_icon_left avia-iconfont avia-font-entypo-fontello' data-av_icon='\ue85c' data-av_iconfont='entypo-fontello' ><\/span><span class='avia_iconbox_title' >      Produits<\/span><\/a><\/div><\/div><\/div><div  class='hr av-av_hr-91d7ccd583a503147498e120fee2ff9b hr-default  avia-builder-el-7  el_after_av_one_full  avia-builder-el-last '><span class='hr-inner '><span class=\"hr-inner-style\"><\/span><\/span><\/div><\/p>\n","protected":false},"excerpt":{"rendered":"<p>Le secteur ferroviaire a besoin de solutions et de mat\u00e9riaux appropri\u00e9s pour garantir des structures l\u00e9g\u00e8res et performantes, avec des niveaux \u00e9lev\u00e9s de confort pendant le voyage.<\/p>\n","protected":false},"author":1,"featured_media":7853,"parent":9157,"menu_order":4,"comment_status":"closed","ping_status":"closed","template":"","meta":{"footnotes":""},"class_list":["post-9168","page","type-page","status-publish","has-post-thumbnail","hentry"],"_links":{"self":[{"href":"https:\/\/www.mates.it\/fr\/wp-json\/wp\/v2\/pages\/9168","targetHints":{"allow":["GET"]}}],"collection":[{"href":"https:\/\/www.mates.it\/fr\/wp-json\/wp\/v2\/pages"}],"about":[{"href":"https:\/\/www.mates.it\/fr\/wp-json\/wp\/v2\/types\/page"}],"author":[{"embeddable":true,"href":"https:\/\/www.mates.it\/fr\/wp-json\/wp\/v2\/users\/1"}],"replies":[{"embeddable":true,"href":"https:\/\/www.mates.it\/fr\/wp-json\/wp\/v2\/comments?post=9168"}],"version-history":[{"count":0,"href":"https:\/\/www.mates.it\/fr\/wp-json\/wp\/v2\/pages\/9168\/revisions"}],"up":[{"embeddable":true,"href":"https:\/\/www.mates.it\/fr\/wp-json\/wp\/v2\/pages\/9157"}],"wp:featuredmedia":[{"embeddable":true,"href":"https:\/\/www.mates.it\/fr\/wp-json\/wp\/v2\/media\/7853"}],"wp:attachment":[{"href":"https:\/\/www.mates.it\/fr\/wp-json\/wp\/v2\/media?parent=9168"}],"curies":[{"name":"wp","href":"https:\/\/api.w.org\/{rel}","templated":true}]}}