{"id":9172,"date":"2015-09-16T10:53:58","date_gmt":"2015-09-16T08:53:58","guid":{"rendered":"https:\/\/www.mates.it\/settori\/infrastructure-construction\/"},"modified":"2023-07-19T03:59:20","modified_gmt":"2023-07-19T01:59:20","slug":"genie-civil-construction","status":"publish","type":"page","link":"https:\/\/www.mates.it\/fr\/marches\/genie-civil-construction\/","title":{"rendered":"B\u00e2timent \/ Construction"},"content":{"rendered":"<div  class='flex_column av-av_one_full-7714eba142aeda1f8b5272a3c372b279 av_one_full  avia-builder-el-0  el_before_av_one_full  avia-builder-el-first  first flex_column_div  '     ><p>\n<style type=\"text\/css\" data-created_by=\"avia_inline_auto\" id=\"style-css-av-lk8yrimm-2d3ea6a5a3a207d97cdb76d52103c6e2\">\n#top .av-special-heading.av-lk8yrimm-2d3ea6a5a3a207d97cdb76d52103c6e2{\npadding-bottom:10px;\n}\nbody .av-special-heading.av-lk8yrimm-2d3ea6a5a3a207d97cdb76d52103c6e2 .av-special-heading-tag .heading-char{\nfont-size:25px;\n}\n.av-special-heading.av-lk8yrimm-2d3ea6a5a3a207d97cdb76d52103c6e2 .av-subheading{\nfont-size:15px;\n}\n<\/style>\n<div  class='av-special-heading av-lk8yrimm-2d3ea6a5a3a207d97cdb76d52103c6e2 av-special-heading-h1  avia-builder-el-1  el_before_av_textblock  avia-builder-el-first  custom-h1-title'><h1 class='av-special-heading-tag '  >G\u00e9nie civil \/ Construction<\/h1><div class=\"special-heading-border\"><div class=\"special-heading-inner-border\"><\/div><\/div><\/div><br \/>\n<section  class='av_textblock_section av-lk8yrqas-37722cb9e6a3d6d5b0b97669511ae702 '  ><div class='avia_textblock' ><p>Les b\u00e2timents font appel au domaine des composites avanc\u00e9s car, par rapport aux mat\u00e9riaux standard utilis\u00e9s, les composites renforc\u00e9s de fibres pr\u00e9sentent un avantage structurel \u00e0 un co\u00fbt comp\u00e9titif. Ce secteur de produits comprend des projets architecturaux qui utilisent des mat\u00e9riaux composites pour la construction, le renforcement et la r\u00e9habilitation de b\u00e2timents, de d\u00f4mes, de tuyaux et de ponts. Sur ce march\u00e9, il est n\u00e9cessaire de trouver les mat\u00e9riaux ad\u00e9quats qui garantissent la r\u00e9sistance, la l\u00e9g\u00e8ret\u00e9 et la flexibilit\u00e9 n\u00e9cessaires pour permettre aux concepteurs une grande libert\u00e9 dans la conception des infrastructures, ainsi qu&rsquo;une installation rapide.<\/p>\n<p>Notre entreprise s&rsquo;impose sur le march\u00e9 en proposant des articles tels que des multiaxiaux en verre ou en carbone \u00e0 haut grammage, des fibres unidirectionnelles et des adh\u00e9sifs de pose. En outre, nous proposons des r\u00e9sines d&rsquo;impr\u00e9gnation \u00e0 base de vinylester et de polyester pour une plus grande r\u00e9sistance du squelette. Mates propose un vaste catalogue de produits pour r\u00e9pondre aux demandes des entreprises, tant pour la production de masse que pour la r\u00e9alisation de projets sp\u00e9cifiques.<\/p>\n<\/div><\/section><br \/>\n<div  class='hr av-av_hr-91d7ccd583a503147498e120fee2ff9b hr-default  avia-builder-el-3  el_after_av_textblock  el_before_av_image_hotspot  avia-builder-el-last '><span class='hr-inner '><span class=\"hr-inner-style\"><\/span><\/span><\/div><br \/>\n\n<style type=\"text\/css\" data-created_by=\"avia_inline_auto\" id=\"style-css-sub-av-lk8ytdgr-645d25570ab6e6a84ba51328223a1e6e\">\n.av-hotspot-image-container .av-image-hotspot.av-lk8ys3pq-77a33c62a067097aa18323e87046acbe{\ntop:58.2%;\nleft:74.4%;\n}\n.av-hotspot-image-container .av-image-hotspot.av-lk8yslct-59ec7dc7afe8c3b011b3dcb54a9225f2{\ntop:35.8%;\nleft:43.6%;\n}\n.av-hotspot-image-container .av-image-hotspot.av-lk8ysybh-db9fc05175534a94c2d430ed196513cf{\ntop:74.7%;\nleft:34.6%;\n}\n.av-hotspot-image-container .av-image-hotspot.av-lk8ytbv2-dd1d2ab7924e84e61a4cd658a37cb851{\ntop:41.3%;\nleft:26.7%;\n}\n<\/style>\n<div  class='av-hotspot-image-container av-lk8ytdgr-645d25570ab6e6a84ba51328223a1e6e  avia-builder-el-4  el_after_av_hr  avia-builder-el-last  av-hotspot-numbered av-mobile-fallback-active  av-non-fullwidth-hotspot-image' ><div class='av-hotspot-container'><div class='av-hotspot-container-inner-cell'><div class='av-hotspot-container-inner-wrap'><div class='av-image-hotspot av-lk8ys3pq-77a33c62a067097aa18323e87046acbe av-image-hotspot-1 ' data-avia-tooltip-position='left' data-avia-tooltip-alignment='top' data-avia-tooltip-class='av-tt-default-width av-tt-pos-left av-tt-align-top  av-mobile-fallback-active  main_color av-tt-hotspot' data-avia-tooltip='&lt;p&gt;Renforcements&lt;\/p&gt;\n'><a href=https:\/\/www.mates.it\/fr\/produits\/tissus-renforts\/  target=\"_blank\"  rel=\"noopener noreferrer\" class='av-image-hotspot_inner'>1<\/a><div class='av-image-hotspot-pulse'><\/div><\/div><div class='av-image-hotspot av-lk8yslct-59ec7dc7afe8c3b011b3dcb54a9225f2 av-image-hotspot-2 ' data-avia-tooltip-position='left' data-avia-tooltip-alignment='top' data-avia-tooltip-class='av-tt-default-width av-tt-pos-left av-tt-align-top  av-mobile-fallback-active  main_color av-tt-hotspot' data-avia-tooltip='&lt;p&gt;R\u00e9sines \/ Adh\u00e9sifs&lt;\/p&gt;\n'><a href=https:\/\/www.mates.it\/fr\/produits\/resines-adhesifs-chimiques\/  target=\"_blank\"  rel=\"noopener noreferrer\" class='av-image-hotspot_inner'>2<\/a><div class='av-image-hotspot-pulse'><\/div><\/div><div class='av-image-hotspot av-lk8ysybh-db9fc05175534a94c2d430ed196513cf av-image-hotspot-3 ' data-avia-tooltip-position='left' data-avia-tooltip-alignment='top' data-avia-tooltip-class='av-tt-default-width av-tt-pos-left av-tt-align-top  av-mobile-fallback-active  main_color av-tt-hotspot' data-avia-tooltip='&lt;p&gt;Inserts&lt;\/p&gt;\n'><a href=https:\/\/www.mates.it\/fr\/produits\/inserts\/  target=\"_blank\"  rel=\"noopener noreferrer\" class='av-image-hotspot_inner'>3<\/a><div class='av-image-hotspot-pulse'><\/div><\/div><div class='av-image-hotspot av-lk8ytbv2-dd1d2ab7924e84e61a4cd658a37cb851 av-image-hotspot-4 ' data-avia-tooltip-position='left' data-avia-tooltip-alignment='top' data-avia-tooltip-class='av-tt-default-width av-tt-pos-left av-tt-align-top  av-mobile-fallback-active  main_color av-tt-hotspot' data-avia-tooltip='&lt;p&gt;Outillage \/ Accessoires&lt;\/p&gt;\n'><a href=https:\/\/www.mates.it\/fr\/produits\/outillage-accessoires\/  target=\"_blank\"  rel=\"noopener noreferrer\" class='av-image-hotspot_inner'>4<\/a><div class='av-image-hotspot-pulse'><\/div><\/div><img decoding=\"async\" fetchpriority=\"high\" class=\"wp-image-0 avia-img-lazy-loading-not-0 avia_image\" src=\"https:\/\/www.mates.it\/wp-content\/uploads\/2016\/09\/Infrastrutture-Edile.jpg\" alt=\"\" title=\"\"><\/div><\/div><\/div><div class='av-hotspot-fallback-tooltip av-image-hotspot-1 '><div class=\"av-hotspot-fallback-tooltip-count\">1<div class=\"avia-arrow\"><\/div><\/div><div class=\"av-hotspot-fallback-tooltip-inner clearfix\"><p>\nRenforcements<\/p>\n<\/div><\/div><div class='av-hotspot-fallback-tooltip av-image-hotspot-2 '><div class=\"av-hotspot-fallback-tooltip-count\">2<div class=\"avia-arrow\"><\/div><\/div><div class=\"av-hotspot-fallback-tooltip-inner clearfix\"><p>\nR\u00e9sines \/ Adh\u00e9sifs<\/p>\n<\/div><\/div><div class='av-hotspot-fallback-tooltip av-image-hotspot-3 '><div class=\"av-hotspot-fallback-tooltip-count\">3<div class=\"avia-arrow\"><\/div><\/div><div class=\"av-hotspot-fallback-tooltip-inner clearfix\"><p>\nInserts<\/p>\n<\/div><\/div><div class='av-hotspot-fallback-tooltip av-image-hotspot-4 '><div class=\"av-hotspot-fallback-tooltip-count\">4<div class=\"avia-arrow\"><\/div><\/div><div class=\"av-hotspot-fallback-tooltip-inner clearfix\"><p>\nOutillage \/ Accessoires<\/p>\n<\/div><\/div><\/div><\/p><\/div>\n<div  class='flex_column av-av_one_full-7714eba142aeda1f8b5272a3c372b279 av_one_full  avia-builder-el-5  el_after_av_one_full  el_before_av_hr  first flex_column_div  column-top-margin'     ><div  class='av_promobox av-lk8ytq4d-4f484d25ef4d03555b53ff3cd78575d4 avia-button-yes  avia-builder-el-6  avia-builder-el-no-sibling '><div class='avia-promocontent'><p>\nCliquez sur les num\u00e9ros dans l&rsquo;image et comparez les produits les plus adapt\u00e9s \u00e0 votre secteur ou cliquez sur le bouton dans cet onglet pour voir tous nos produits.<\/p>\n<\/div><div  class='avia-button-wrap av-lk8ytq4d-1a72c307f5f94b35ea78d830cd99ff48-wrap avia-button-right '><a href='https:\/\/www.mates.it\/fr\/produits\/'  class='avia-button av-lk8ytq4d-1a72c307f5f94b35ea78d830cd99ff48 av-link-btn avia-icon_select-yes-left-icon avia-size-medium avia-position-right avia-color-theme-color'  target=\"_blank\"  rel=\"noopener noreferrer\"  aria-label=\"      Produits\"><span class='avia_button_icon avia_button_icon_left avia-iconfont avia-font-entypo-fontello' data-av_icon='\ue85c' data-av_iconfont='entypo-fontello' ><\/span><span class='avia_iconbox_title' >      Produits<\/span><\/a><\/div><\/div><\/div><div  class='hr av-av_hr-91d7ccd583a503147498e120fee2ff9b hr-default  avia-builder-el-7  el_after_av_one_full  avia-builder-el-last '><span class='hr-inner '><span class=\"hr-inner-style\"><\/span><\/span><\/div><\/p>\n","protected":false},"excerpt":{"rendered":"<p>Sur ce march\u00e9, il s&rsquo;agit de trouver les mat\u00e9riaux ad\u00e9quats qui garantissent la r\u00e9sistance, la l\u00e9g\u00e8ret\u00e9 et la flexibilit\u00e9 n\u00e9cessaires, tout en offrant une grande libert\u00e9 de conception.<\/p>\n","protected":false},"author":1,"featured_media":7385,"parent":9157,"menu_order":6,"comment_status":"closed","ping_status":"closed","template":"","meta":{"footnotes":""},"class_list":["post-9172","page","type-page","status-publish","has-post-thumbnail","hentry"],"_links":{"self":[{"href":"https:\/\/www.mates.it\/fr\/wp-json\/wp\/v2\/pages\/9172","targetHints":{"allow":["GET"]}}],"collection":[{"href":"https:\/\/www.mates.it\/fr\/wp-json\/wp\/v2\/pages"}],"about":[{"href":"https:\/\/www.mates.it\/fr\/wp-json\/wp\/v2\/types\/page"}],"author":[{"embeddable":true,"href":"https:\/\/www.mates.it\/fr\/wp-json\/wp\/v2\/users\/1"}],"replies":[{"embeddable":true,"href":"https:\/\/www.mates.it\/fr\/wp-json\/wp\/v2\/comments?post=9172"}],"version-history":[{"count":0,"href":"https:\/\/www.mates.it\/fr\/wp-json\/wp\/v2\/pages\/9172\/revisions"}],"up":[{"embeddable":true,"href":"https:\/\/www.mates.it\/fr\/wp-json\/wp\/v2\/pages\/9157"}],"wp:featuredmedia":[{"embeddable":true,"href":"https:\/\/www.mates.it\/fr\/wp-json\/wp\/v2\/media\/7385"}],"wp:attachment":[{"href":"https:\/\/www.mates.it\/fr\/wp-json\/wp\/v2\/media?parent=9172"}],"curies":[{"name":"wp","href":"https:\/\/api.w.org\/{rel}","templated":true}]}}