{"id":9174,"date":"2015-09-16T10:53:50","date_gmt":"2015-09-16T08:53:50","guid":{"rendered":"https:\/\/www.mates.it\/settori\/eolien-energie-renouvelable\/"},"modified":"2023-07-19T03:58:54","modified_gmt":"2023-07-19T01:58:54","slug":"eolien-energies-renouvelables","status":"publish","type":"page","link":"https:\/\/www.mates.it\/fr\/marches\/eolien-energies-renouvelables\/","title":{"rendered":"\u00c9olien \/ \u00c9nergies renouvelables"},"content":{"rendered":"<div  class='flex_column av-av_one_full-7714eba142aeda1f8b5272a3c372b279 av_one_full  avia-builder-el-0  el_before_av_one_full  avia-builder-el-first  first flex_column_div  '     ><p>\n<style type=\"text\/css\" data-created_by=\"avia_inline_auto\" id=\"style-css-av-lk8xu6z0-3348db3cf658a3a1ef3ab33da4ca22b2\">\n#top .av-special-heading.av-lk8xu6z0-3348db3cf658a3a1ef3ab33da4ca22b2{\npadding-bottom:10px;\n}\nbody .av-special-heading.av-lk8xu6z0-3348db3cf658a3a1ef3ab33da4ca22b2 .av-special-heading-tag .heading-char{\nfont-size:25px;\n}\n.av-special-heading.av-lk8xu6z0-3348db3cf658a3a1ef3ab33da4ca22b2 .av-subheading{\nfont-size:15px;\n}\n<\/style>\n<div  class='av-special-heading av-lk8xu6z0-3348db3cf658a3a1ef3ab33da4ca22b2 av-special-heading-h1  avia-builder-el-1  el_before_av_textblock  avia-builder-el-first  custom-h1-title'><h1 class='av-special-heading-tag '  >\u00c9olien \/ \u00c9nergies renouvelables<\/h1><div class=\"special-heading-border\"><div class=\"special-heading-inner-border\"><\/div><\/div><\/div><br \/>\n<section  class='av_textblock_section av-lk8xufk1-168edd4410cbadbc673bdd401c07795e '  ><div class='avia_textblock' ><p>L&rsquo;\u00e9nergie \u00e9olienne est l&rsquo;un des secteurs qui conna\u00eet actuellement la croissance la plus rapide, notamment en raison de l&rsquo;intensification de la recherche sur les nouvelles formes d&rsquo;\u00e9nergie renouvelable. La demande sur ce march\u00e9 concerne principalement les besoins en mat\u00e9riaux adapt\u00e9s \u00e0 la construction de pales d&rsquo;\u00e9oliennes pour la production d&rsquo;\u00e9nergie, mais aussi, de plus en plus, \u00e0 des proc\u00e9d\u00e9s moins courants. L&rsquo;utilisation de mat\u00e9riaux composites avanc\u00e9s pour la conception et la construction des installations est indispensable, car leur rigidit\u00e9, leur durabilit\u00e9 et leur l\u00e9g\u00e8ret\u00e9 permettent d&rsquo;obtenir une structure efficace.<\/p>\n<p>Notre entreprise propose une vaste gamme de produits et de kits con\u00e7us pour r\u00e9pondre aux besoins d&rsquo;un march\u00e9 en constante \u00e9volution : tissus, multi-axiaux, r\u00e9sines \u00e9poxy et adh\u00e9sifs, et autres produits destin\u00e9s \u00e0 faciliter le processus de production. Des produits unidirectionnels sont \u00e9galement disponibles, avec des caract\u00e9ristiques con\u00e7ues pour l&rsquo;industrie, telles que la r\u00e9partition uniforme de la charge, le confinement du poids et une grande mouillabilit\u00e9 des fibres.<\/p>\n<\/div><\/section><br \/>\n<div  class='hr av-av_hr-91d7ccd583a503147498e120fee2ff9b hr-default  avia-builder-el-3  el_after_av_textblock  el_before_av_image_hotspot  avia-builder-el-last '><span class='hr-inner '><span class=\"hr-inner-style\"><\/span><\/span><\/div><br \/>\n\n<style type=\"text\/css\" data-created_by=\"avia_inline_auto\" id=\"style-css-sub-av-lk8xx6zm-7a0d85d00060cf39b6d22143ff2dc098\">\n.av-hotspot-image-container .av-image-hotspot.av-lk8xv40w-2e20e891eb2a1225caf6545abfd6a07e{\ntop:55.4%;\nleft:16.8%;\n}\n.av-hotspot-image-container .av-image-hotspot.av-lk8xvkwv-194de8e7f34c014d3ac56b8531b35ed7{\ntop:24.7%;\nleft:38.3%;\n}\n.av-hotspot-image-container .av-image-hotspot.av-lk8xvwlg-c771ded4cd16d65f6c15a2a5304e892a{\ntop:27.6%;\nleft:30.5%;\n}\n.av-hotspot-image-container .av-image-hotspot.av-lk8xwfxz-7e1df388d20f0bf2d8548b445c1265a8{\ntop:50%;\nleft:83.3%;\n}\n.av-hotspot-image-container .av-image-hotspot.av-lk8xwwl7-4c5b3e90830207e0f4bbf119ad9b1d44{\ntop:60.9%;\nleft:55.7%;\n}\n.av-hotspot-image-container .av-image-hotspot.av-lk8xx6cx-df3af1781cd1a8eea9ee9ff00263cfb4{\ntop:66.4%;\nleft:25.1%;\n}\n<\/style>\n<div  class='av-hotspot-image-container av-lk8xx6zm-7a0d85d00060cf39b6d22143ff2dc098  avia-builder-el-4  el_after_av_hr  avia-builder-el-last  av-hotspot-numbered av-mobile-fallback-active  av-non-fullwidth-hotspot-image' ><div class='av-hotspot-container'><div class='av-hotspot-container-inner-cell'><div class='av-hotspot-container-inner-wrap'><div class='av-image-hotspot av-lk8xv40w-2e20e891eb2a1225caf6545abfd6a07e av-image-hotspot-1 ' data-avia-tooltip-position='left' data-avia-tooltip-alignment='top' data-avia-tooltip-class='av-tt-default-width av-tt-pos-left av-tt-align-top  av-mobile-fallback-active  main_color av-tt-hotspot' data-avia-tooltip='&lt;p&gt;Renforcements&lt;\/p&gt;\n'><a href=https:\/\/www.mates.it\/fr\/produits\/tissus-renforts\/fibre-de-verre\/  target=\"_blank\"  rel=\"noopener noreferrer\" class='av-image-hotspot_inner'>1<\/a><div class='av-image-hotspot-pulse'><\/div><\/div><div class='av-image-hotspot av-lk8xvkwv-194de8e7f34c014d3ac56b8531b35ed7 av-image-hotspot-2 ' data-avia-tooltip-position='left' data-avia-tooltip-alignment='top' data-avia-tooltip-class='av-tt-default-width av-tt-pos-left av-tt-align-top  av-mobile-fallback-active  main_color av-tt-hotspot' data-avia-tooltip='&lt;p&gt;R\u00e9sines \/ Adh\u00e9sifs&lt;\/p&gt;\n'><a href=https:\/\/www.mates.it\/fr\/produits\/resines-adhesifs-chimiques\/  target=\"_blank\"  rel=\"noopener noreferrer\" class='av-image-hotspot_inner'>2<\/a><div class='av-image-hotspot-pulse'><\/div><\/div><div class='av-image-hotspot av-lk8xvwlg-c771ded4cd16d65f6c15a2a5304e892a av-image-hotspot-3 ' data-avia-tooltip-position='left' data-avia-tooltip-alignment='top' data-avia-tooltip-class='av-tt-default-width av-tt-pos-left av-tt-align-top  av-mobile-fallback-active  main_color av-tt-hotspot' data-avia-tooltip='&lt;p&gt;Agents de d\u00e9moulage&lt;\/p&gt;\n'><a href=https:\/\/www.mates.it\/fr\/produits\/agents-de-demoulage\/  target=\"_blank\"  rel=\"noopener noreferrer\" class='av-image-hotspot_inner'>3<\/a><div class='av-image-hotspot-pulse'><\/div><\/div><div class='av-image-hotspot av-lk8xwfxz-7e1df388d20f0bf2d8548b445c1265a8 av-image-hotspot-4 ' data-avia-tooltip-position='left' data-avia-tooltip-alignment='top' data-avia-tooltip-class='av-tt-default-width av-tt-pos-left av-tt-align-top  av-mobile-fallback-active  main_color av-tt-hotspot' data-avia-tooltip='&lt;p&gt;Mat\u00e9riaux d\u2019ame&lt;\/p&gt;\n'><a href=https:\/\/www.mates.it\/fr\/produits\/materiaux-dame\/mousses\/  target=\"_blank\"  rel=\"noopener noreferrer\" class='av-image-hotspot_inner'>4<\/a><div class='av-image-hotspot-pulse'><\/div><\/div><div class='av-image-hotspot av-lk8xwwl7-4c5b3e90830207e0f4bbf119ad9b1d44 av-image-hotspot-5 ' data-avia-tooltip-position='left' data-avia-tooltip-alignment='top' data-avia-tooltip-class='av-tt-default-width av-tt-pos-left av-tt-align-top  av-mobile-fallback-active  main_color av-tt-hotspot' data-avia-tooltip='&lt;p&gt;Mat\u00e9riaux de proc\u00e9d\u00e9&lt;\/p&gt;\n'><a href=https:\/\/www.mates.it\/fr\/produits\/materiaux-de-procede\/  target=\"_blank\"  rel=\"noopener noreferrer\" class='av-image-hotspot_inner'>5<\/a><div class='av-image-hotspot-pulse'><\/div><\/div><div class='av-image-hotspot av-lk8xx6cx-df3af1781cd1a8eea9ee9ff00263cfb4 av-image-hotspot-6 ' data-avia-tooltip-position='left' data-avia-tooltip-alignment='top' data-avia-tooltip-class='av-tt-default-width av-tt-pos-left av-tt-align-top  av-mobile-fallback-active  main_color av-tt-hotspot' data-avia-tooltip='&lt;p&gt;Inserts&lt;\/p&gt;\n'><a href=https:\/\/www.mates.it\/fr\/produits\/inserts\/  target=\"_blank\"  rel=\"noopener noreferrer\" class='av-image-hotspot_inner'>6<\/a><div class='av-image-hotspot-pulse'><\/div><\/div><img decoding=\"async\" fetchpriority=\"high\" class=\"wp-image-0 avia-img-lazy-loading-not-0 avia_image\" src=\"https:\/\/www.mates.it\/wp-content\/uploads\/2016\/09\/Eolico-Energie-rinnovabili.jpg\" alt=\"\" title=\"\"><\/div><\/div><\/div><div class='av-hotspot-fallback-tooltip av-image-hotspot-1 '><div class=\"av-hotspot-fallback-tooltip-count\">1<div class=\"avia-arrow\"><\/div><\/div><div class=\"av-hotspot-fallback-tooltip-inner clearfix\"><p>\nRenforcements<\/p>\n<\/div><\/div><div class='av-hotspot-fallback-tooltip av-image-hotspot-2 '><div class=\"av-hotspot-fallback-tooltip-count\">2<div class=\"avia-arrow\"><\/div><\/div><div class=\"av-hotspot-fallback-tooltip-inner clearfix\"><p>\nR\u00e9sines \/ Adh\u00e9sifs<\/p>\n<\/div><\/div><div class='av-hotspot-fallback-tooltip av-image-hotspot-3 '><div class=\"av-hotspot-fallback-tooltip-count\">3<div class=\"avia-arrow\"><\/div><\/div><div class=\"av-hotspot-fallback-tooltip-inner clearfix\"><p>\nAgents de d\u00e9moulage<\/p>\n<\/div><\/div><div class='av-hotspot-fallback-tooltip av-image-hotspot-4 '><div class=\"av-hotspot-fallback-tooltip-count\">4<div class=\"avia-arrow\"><\/div><\/div><div class=\"av-hotspot-fallback-tooltip-inner clearfix\"><p>\nMat\u00e9riaux d\u2019ame<\/p>\n<\/div><\/div><div class='av-hotspot-fallback-tooltip av-image-hotspot-5 '><div class=\"av-hotspot-fallback-tooltip-count\">5<div class=\"avia-arrow\"><\/div><\/div><div class=\"av-hotspot-fallback-tooltip-inner clearfix\"><p>\nMat\u00e9riaux de proc\u00e9d\u00e9<\/p>\n<\/div><\/div><div class='av-hotspot-fallback-tooltip av-image-hotspot-6 '><div class=\"av-hotspot-fallback-tooltip-count\">6<div class=\"avia-arrow\"><\/div><\/div><div class=\"av-hotspot-fallback-tooltip-inner clearfix\"><p>\nInserts<\/p>\n<\/div><\/div><\/div><\/p><\/div>\n<div  class='flex_column av-av_one_full-7714eba142aeda1f8b5272a3c372b279 av_one_full  avia-builder-el-5  el_after_av_one_full  el_before_av_hr  first flex_column_div  column-top-margin'     ><div  class='av_promobox av-lk8xxmjr-7f02be15a9e99e60aa6a6a9a8c4902f0 avia-button-yes  avia-builder-el-6  avia-builder-el-no-sibling '><div class='avia-promocontent'><p>\nCliquez sur les num\u00e9ros dans l&rsquo;image et comparez les produits les plus adapt\u00e9s \u00e0 votre secteur ou cliquez sur le bouton dans cet onglet pour voir tous nos produits.<\/p>\n<\/div><div  class='avia-button-wrap av-lk8xxmjr-9b4460fd2437d19747496c9ae2c684f9-wrap avia-button-right '><a href='https:\/\/www.mates.it\/fr\/produits\/'  class='avia-button av-lk8xxmjr-9b4460fd2437d19747496c9ae2c684f9 av-link-btn avia-icon_select-yes-left-icon avia-size-medium avia-position-right avia-color-theme-color'  target=\"_blank\"  rel=\"noopener noreferrer\"  aria-label=\"      Produits\"><span class='avia_button_icon avia_button_icon_left avia-iconfont avia-font-entypo-fontello' data-av_icon='\ue85c' data-av_iconfont='entypo-fontello' ><\/span><span class='avia_iconbox_title' >      Produits<\/span><\/a><\/div><\/div><\/div><div  class='hr av-av_hr-91d7ccd583a503147498e120fee2ff9b hr-default  avia-builder-el-7  el_after_av_one_full  avia-builder-el-last '><span class='hr-inner '><span class=\"hr-inner-style\"><\/span><\/span><\/div><\/p>\n","protected":false},"excerpt":{"rendered":"<p>L&rsquo;\u00e9nergie \u00e9olienne est l&rsquo;un des secteurs qui conna\u00eet actuellement la plus forte croissance, en partie gr\u00e2ce \u00e0 l&rsquo;intensification de la recherche sur les nouvelles formes d&rsquo;\u00e9nergie renouvelable.<\/p>\n","protected":false},"author":1,"featured_media":7865,"parent":9157,"menu_order":5,"comment_status":"closed","ping_status":"closed","template":"","meta":{"footnotes":""},"class_list":["post-9174","page","type-page","status-publish","has-post-thumbnail","hentry"],"_links":{"self":[{"href":"https:\/\/www.mates.it\/fr\/wp-json\/wp\/v2\/pages\/9174","targetHints":{"allow":["GET"]}}],"collection":[{"href":"https:\/\/www.mates.it\/fr\/wp-json\/wp\/v2\/pages"}],"about":[{"href":"https:\/\/www.mates.it\/fr\/wp-json\/wp\/v2\/types\/page"}],"author":[{"embeddable":true,"href":"https:\/\/www.mates.it\/fr\/wp-json\/wp\/v2\/users\/1"}],"replies":[{"embeddable":true,"href":"https:\/\/www.mates.it\/fr\/wp-json\/wp\/v2\/comments?post=9174"}],"version-history":[{"count":0,"href":"https:\/\/www.mates.it\/fr\/wp-json\/wp\/v2\/pages\/9174\/revisions"}],"up":[{"embeddable":true,"href":"https:\/\/www.mates.it\/fr\/wp-json\/wp\/v2\/pages\/9157"}],"wp:featuredmedia":[{"embeddable":true,"href":"https:\/\/www.mates.it\/fr\/wp-json\/wp\/v2\/media\/7865"}],"wp:attachment":[{"href":"https:\/\/www.mates.it\/fr\/wp-json\/wp\/v2\/media?parent=9174"}],"curies":[{"name":"wp","href":"https:\/\/api.w.org\/{rel}","templated":true}]}}