{"id":9176,"date":"2015-09-16T10:53:21","date_gmt":"2015-09-16T08:53:21","guid":{"rendered":"https:\/\/www.mates.it\/settori\/nautique\/"},"modified":"2023-07-19T03:58:18","modified_gmt":"2023-07-19T01:58:18","slug":"nautisme","status":"publish","type":"page","link":"https:\/\/www.mates.it\/fr\/marches\/nautisme\/","title":{"rendered":"Nautisme"},"content":{"rendered":"<div  class='flex_column av-av_one_full-7714eba142aeda1f8b5272a3c372b279 av_one_full  avia-builder-el-0  el_before_av_one_full  avia-builder-el-first  first flex_column_div  '     ><p>\n<style type=\"text\/css\" data-created_by=\"avia_inline_auto\" id=\"style-css-av-lk8raqm8-c01ae9b67849e0545c6250836895e9f4\">\n#top .av-special-heading.av-lk8raqm8-c01ae9b67849e0545c6250836895e9f4{\npadding-bottom:10px;\n}\nbody .av-special-heading.av-lk8raqm8-c01ae9b67849e0545c6250836895e9f4 .av-special-heading-tag .heading-char{\nfont-size:25px;\n}\n.av-special-heading.av-lk8raqm8-c01ae9b67849e0545c6250836895e9f4 .av-subheading{\nfont-size:15px;\n}\n<\/style>\n<div  class='av-special-heading av-lk8raqm8-c01ae9b67849e0545c6250836895e9f4 av-special-heading-h1  avia-builder-el-1  el_before_av_textblock  avia-builder-el-first  custom-h1-title'><h1 class='av-special-heading-tag '  >Nautisme<\/h1><div class=\"special-heading-border\"><div class=\"special-heading-inner-border\"><\/div><\/div><\/div><br \/>\n<section  class='av_textblock_section av-lk8rb074-399606f6c16a3b4e594dacea6ef24a79 '  ><div class='avia_textblock' ><p>Comme dans le secteur automobile, le march\u00e9 de la marine comprend une large base de clients divis\u00e9e en fonction de l&rsquo;utilisation des navires. En effet, il couvre les bateaux pour le transport de marchandises ou de personnes, les yachts priv\u00e9s et offshore avec une demande de r\u00e9duction de poids et de r\u00e9sistance structurelle pour maximiser l&rsquo;efficacit\u00e9.<\/p>\n<p>Mates, leader de l&rsquo;industrie depuis plus de 40 ans, s&rsquo;efforce de r\u00e9pondre aux demandes du march\u00e9 en proposant des produits qui couvrent tous les besoins, tels que des sacs sous vide pour les temp\u00e9ratures moyennes et basses, des r\u00e9sines de stratification \u00e9poxy, vinylester et polyester et des films de d\u00e9moulage qui illustrent les processus. Les adh\u00e9sifs structurels au m\u00e9thacrylate pour le collage coque-pont et les structures internes, les noyaux \u00e0 cellules ferm\u00e9es tels que le PVC et le PET innovant. En outre, nous fournissons des accessoires de processus tels que des raccords et des tubes d&rsquo;infusion con\u00e7us pour la production de composites avanc\u00e9s. L&rsquo;exp\u00e9rience acquise au fil du temps nous permet de g\u00e9rer une vaste gamme de produits recommand\u00e9s pour le secteur nautique et de garantir une efficacit\u00e9 de traitement maximale \u00e0 faible co\u00fbt.<\/p>\n<\/div><\/section><br \/>\n<div  class='hr av-av_hr-91d7ccd583a503147498e120fee2ff9b hr-default  avia-builder-el-3  el_after_av_textblock  el_before_av_image_hotspot  avia-builder-el-last '><span class='hr-inner '><span class=\"hr-inner-style\"><\/span><\/span><\/div><br \/>\n\n<style type=\"text\/css\" data-created_by=\"avia_inline_auto\" id=\"style-css-sub-av-lk8rbtmq-f56fa702f48f6da1ba85384562fda4bb\">\n.av-hotspot-image-container .av-image-hotspot.av-lk8rbt8u-42f46010c70de4ec1f41695d22fe996e{\ntop:30.4%;\nleft:87.6%;\n}\n.av-hotspot-image-container .av-image-hotspot.av-lk8rcl80-8322841cff71e53143241f0054de2824{\ntop:19.2%;\nleft:62.5%;\n}\n.av-hotspot-image-container .av-image-hotspot.av-lk8rd1tz-6ccf070acd19c98366242adc3df7377e{\ntop:30.5%;\nleft:32.6%;\n}\n.av-hotspot-image-container .av-image-hotspot.av-lk8rdj7e-c6cba5e36b1334ea2a4971d5316c3410{\ntop:30.5%;\nleft:46.3%;\n}\n.av-hotspot-image-container .av-image-hotspot.av-lk8re8dv-96e1876228edd60df140434f8a3acd05{\ntop:66.5%;\nleft:20.9%;\n}\n.av-hotspot-image-container .av-image-hotspot.av-lk8rel1g-8805654b76f5e2639511985ad35043e8{\ntop:72.1%;\nleft:54.2%;\n}\n<\/style>\n<div  class='av-hotspot-image-container av-lk8rbtmq-f56fa702f48f6da1ba85384562fda4bb  avia-builder-el-4  el_after_av_hr  avia-builder-el-last  av-hotspot-numbered av-mobile-fallback-active  av-non-fullwidth-hotspot-image' ><div class='av-hotspot-container'><div class='av-hotspot-container-inner-cell'><div class='av-hotspot-container-inner-wrap'><div class='av-image-hotspot av-lk8rbt8u-42f46010c70de4ec1f41695d22fe996e av-image-hotspot-1 ' data-avia-tooltip-position='left' data-avia-tooltip-alignment='top' data-avia-tooltip-class='av-tt-default-width av-tt-pos-left av-tt-align-top  av-mobile-fallback-active  main_color av-tt-hotspot' data-avia-tooltip='&lt;p&gt;Renforcements&lt;\/p&gt;\n'><a href=https:\/\/www.mates.it\/fr\/produits\/tissus-renforts\/  target=\"_blank\"  rel=\"noopener noreferrer\" class='av-image-hotspot_inner'>1<\/a><div class='av-image-hotspot-pulse'><\/div><\/div><div class='av-image-hotspot av-lk8rcl80-8322841cff71e53143241f0054de2824 av-image-hotspot-2 ' data-avia-tooltip-position='left' data-avia-tooltip-alignment='top' data-avia-tooltip-class='av-tt-default-width av-tt-pos-left av-tt-align-top  av-mobile-fallback-active  main_color av-tt-hotspot' data-avia-tooltip='&lt;p&gt;R\u00e9sines \/ Adh\u00e9sifs&lt;\/p&gt;\n'><a href=https:\/\/www.mates.it\/fr\/produits\/resines-adhesifs-chimiques\/  target=\"_blank\"  rel=\"noopener noreferrer\" class='av-image-hotspot_inner'>2<\/a><div class='av-image-hotspot-pulse'><\/div><\/div><div class='av-image-hotspot av-lk8rd1tz-6ccf070acd19c98366242adc3df7377e av-image-hotspot-3 ' data-avia-tooltip-position='left' data-avia-tooltip-alignment='top' data-avia-tooltip-class='av-tt-default-width av-tt-pos-left av-tt-align-top  av-mobile-fallback-active  main_color av-tt-hotspot' data-avia-tooltip='&lt;p&gt;Agents de d\u00e9moulage&lt;\/p&gt;\n'><a href=https:\/\/www.mates.it\/fr\/produits\/agents-de-demoulage\/  target=\"_blank\"  rel=\"noopener noreferrer\" class='av-image-hotspot_inner'>3<\/a><div class='av-image-hotspot-pulse'><\/div><\/div><div class='av-image-hotspot av-lk8rdj7e-c6cba5e36b1334ea2a4971d5316c3410 av-image-hotspot-4 ' data-avia-tooltip-position='left' data-avia-tooltip-alignment='top' data-avia-tooltip-class='av-tt-default-width av-tt-pos-left av-tt-align-top  av-mobile-fallback-active  main_color av-tt-hotspot' data-avia-tooltip='&lt;p&gt;Mousses&lt;\/p&gt;\n'><a href=https:\/\/www.mates.it\/fr\/produits\/materiaux-dame\/mousses\/  target=\"_blank\"  rel=\"noopener noreferrer\" class='av-image-hotspot_inner'>4<\/a><div class='av-image-hotspot-pulse'><\/div><\/div><div class='av-image-hotspot av-lk8re8dv-96e1876228edd60df140434f8a3acd05 av-image-hotspot-5 ' data-avia-tooltip-position='left' data-avia-tooltip-alignment='top' data-avia-tooltip-class='av-tt-default-width av-tt-pos-left av-tt-align-top  av-mobile-fallback-active  main_color av-tt-hotspot' data-avia-tooltip='&lt;p&gt;Mat\u00e9riaux de proc\u00e9d\u00e9&lt;\/p&gt;\n'><a href=https:\/\/www.mates.it\/fr\/produits\/materiaux-de-procede\/  target=\"_blank\"  rel=\"noopener noreferrer\" class='av-image-hotspot_inner'>5<\/a><div class='av-image-hotspot-pulse'><\/div><\/div><div class='av-image-hotspot av-lk8rel1g-8805654b76f5e2639511985ad35043e8 av-image-hotspot-6 ' data-avia-tooltip-position='left' data-avia-tooltip-alignment='top' data-avia-tooltip-class='av-tt-default-width av-tt-pos-left av-tt-align-top  av-mobile-fallback-active  main_color av-tt-hotspot' data-avia-tooltip='&lt;p&gt;Outillage \/ Accessoires&lt;\/p&gt;\n'><a href=https:\/\/www.mates.it\/fr\/produits\/outillage-accessoires\/  target=\"_blank\"  rel=\"noopener noreferrer\" class='av-image-hotspot_inner'>6<\/a><div class='av-image-hotspot-pulse'><\/div><\/div><img decoding=\"async\" fetchpriority=\"high\" class=\"wp-image-0 avia-img-lazy-loading-not-0 avia_image\" src=\"https:\/\/www.mates.it\/wp-content\/uploads\/2016\/09\/Nautico.jpg\" alt=\"\" title=\"\"><\/div><\/div><\/div><div class='av-hotspot-fallback-tooltip av-image-hotspot-1 '><div class=\"av-hotspot-fallback-tooltip-count\">1<div class=\"avia-arrow\"><\/div><\/div><div class=\"av-hotspot-fallback-tooltip-inner clearfix\"><p>\nRenforcements<\/p>\n<\/div><\/div><div class='av-hotspot-fallback-tooltip av-image-hotspot-2 '><div class=\"av-hotspot-fallback-tooltip-count\">2<div class=\"avia-arrow\"><\/div><\/div><div class=\"av-hotspot-fallback-tooltip-inner clearfix\"><p>\nR\u00e9sines \/ Adh\u00e9sifs<\/p>\n<\/div><\/div><div class='av-hotspot-fallback-tooltip av-image-hotspot-3 '><div class=\"av-hotspot-fallback-tooltip-count\">3<div class=\"avia-arrow\"><\/div><\/div><div class=\"av-hotspot-fallback-tooltip-inner clearfix\"><p>\nAgents de d\u00e9moulage<\/p>\n<\/div><\/div><div class='av-hotspot-fallback-tooltip av-image-hotspot-4 '><div class=\"av-hotspot-fallback-tooltip-count\">4<div class=\"avia-arrow\"><\/div><\/div><div class=\"av-hotspot-fallback-tooltip-inner clearfix\"><p>\nMousses<\/p>\n<\/div><\/div><div class='av-hotspot-fallback-tooltip av-image-hotspot-5 '><div class=\"av-hotspot-fallback-tooltip-count\">5<div class=\"avia-arrow\"><\/div><\/div><div class=\"av-hotspot-fallback-tooltip-inner clearfix\"><p>\nMat\u00e9riaux de proc\u00e9d\u00e9<\/p>\n<\/div><\/div><div class='av-hotspot-fallback-tooltip av-image-hotspot-6 '><div class=\"av-hotspot-fallback-tooltip-count\">6<div class=\"avia-arrow\"><\/div><\/div><div class=\"av-hotspot-fallback-tooltip-inner clearfix\"><p>\nOutillage \/ Accessoires<\/p>\n<\/div><\/div><\/div><\/p><\/div>\n<div  class='flex_column av-av_one_full-7714eba142aeda1f8b5272a3c372b279 av_one_full  avia-builder-el-5  el_after_av_one_full  el_before_av_hr  first flex_column_div  column-top-margin'     ><div  class='av_promobox av-lk8rf70x-6a6ca1e2436cac7bce4e83304e5b3549 avia-button-yes  avia-builder-el-6  avia-builder-el-no-sibling '><div class='avia-promocontent'><p>\nCliquez sur les num\u00e9ros dans l&rsquo;image et comparez les produits les plus adapt\u00e9s \u00e0 votre secteur ou cliquez sur le bouton dans cet onglet pour voir tous nos produits.<\/p>\n<\/div><div  class='avia-button-wrap av-lk8rf70x-b3537ba61afe4b19a2fac6da3ab1d03f-wrap avia-button-right '><a href='https:\/\/www.mates.it\/fr\/produits\/'  class='avia-button av-lk8rf70x-b3537ba61afe4b19a2fac6da3ab1d03f av-link-btn avia-icon_select-yes-left-icon avia-size-medium avia-position-right avia-color-theme-color'  target=\"_blank\"  rel=\"noopener noreferrer\"  aria-label=\"      Produits\"><span class='avia_button_icon avia_button_icon_left avia-iconfont avia-font-entypo-fontello' data-av_icon='\ue85c' data-av_iconfont='entypo-fontello' ><\/span><span class='avia_iconbox_title' >      Produits<\/span><\/a><\/div><\/div><\/div><div  class='hr av-av_hr-91d7ccd583a503147498e120fee2ff9b hr-default  avia-builder-el-7  el_after_av_one_full  avia-builder-el-last '><span class='hr-inner '><span class=\"hr-inner-style\"><\/span><\/span><\/div><\/p>\n","protected":false},"excerpt":{"rendered":"<p>L&rsquo;exp\u00e9rience acquise au fil du temps nous permet de g\u00e9rer une vaste gamme de produits recommand\u00e9s pour le secteur nautique et de garantir une efficacit\u00e9 maximale.<\/p>\n","protected":false},"author":1,"featured_media":7373,"parent":9157,"menu_order":3,"comment_status":"closed","ping_status":"closed","template":"","meta":{"footnotes":""},"class_list":["post-9176","page","type-page","status-publish","has-post-thumbnail","hentry"],"_links":{"self":[{"href":"https:\/\/www.mates.it\/fr\/wp-json\/wp\/v2\/pages\/9176","targetHints":{"allow":["GET"]}}],"collection":[{"href":"https:\/\/www.mates.it\/fr\/wp-json\/wp\/v2\/pages"}],"about":[{"href":"https:\/\/www.mates.it\/fr\/wp-json\/wp\/v2\/types\/page"}],"author":[{"embeddable":true,"href":"https:\/\/www.mates.it\/fr\/wp-json\/wp\/v2\/users\/1"}],"replies":[{"embeddable":true,"href":"https:\/\/www.mates.it\/fr\/wp-json\/wp\/v2\/comments?post=9176"}],"version-history":[{"count":0,"href":"https:\/\/www.mates.it\/fr\/wp-json\/wp\/v2\/pages\/9176\/revisions"}],"up":[{"embeddable":true,"href":"https:\/\/www.mates.it\/fr\/wp-json\/wp\/v2\/pages\/9157"}],"wp:featuredmedia":[{"embeddable":true,"href":"https:\/\/www.mates.it\/fr\/wp-json\/wp\/v2\/media\/7373"}],"wp:attachment":[{"href":"https:\/\/www.mates.it\/fr\/wp-json\/wp\/v2\/media?parent=9176"}],"curies":[{"name":"wp","href":"https:\/\/api.w.org\/{rel}","templated":true}]}}