{"id":9180,"date":"2015-09-16T10:56:31","date_gmt":"2015-09-16T08:56:31","guid":{"rendered":"https:\/\/www.mates.it\/processi\/infusion-classique-rfi\/"},"modified":"2023-10-14T14:54:27","modified_gmt":"2023-10-14T12:54:27","slug":"infusion-rfi-fr","status":"publish","type":"page","link":"https:\/\/www.mates.it\/fr\/procedes\/infusion-rfi-fr\/","title":{"rendered":"Infusion \/ RFI"},"content":{"rendered":"<\/p>\n<div  class='flex_column av-av_one_full-7714eba142aeda1f8b5272a3c372b279 av_one_full  avia-builder-el-0  el_before_av_one_full  avia-builder-el-first  first flex_column_div  '     ><p>\n<style type=\"text\/css\" data-created_by=\"avia_inline_auto\" id=\"style-css-av-lkbpmq0k-6ed56444c1cf2d7d52b8d79181ee68a2\">\n#top .av-special-heading.av-lkbpmq0k-6ed56444c1cf2d7d52b8d79181ee68a2{\npadding-bottom:10px;\n}\nbody .av-special-heading.av-lkbpmq0k-6ed56444c1cf2d7d52b8d79181ee68a2 .av-special-heading-tag .heading-char{\nfont-size:25px;\n}\n.av-special-heading.av-lkbpmq0k-6ed56444c1cf2d7d52b8d79181ee68a2 .av-subheading{\nfont-size:15px;\n}\n<\/style>\n<div  class='av-special-heading av-lkbpmq0k-6ed56444c1cf2d7d52b8d79181ee68a2 av-special-heading-h1  avia-builder-el-1  el_before_av_textblock  avia-builder-el-first  custom-h1-title'><h1 class='av-special-heading-tag '  >Infusion \/ RFI<\/h1><div class=\"special-heading-border\"><div class=\"special-heading-inner-border\"><\/div><\/div><\/div><br \/>\n<section  class='av_textblock_section av-lkbpm9nk-63530c43912927c5282ed572cb9b2198 '  ><div class='avia_textblock' ><p>Le proc\u00e9d\u00e9 d&rsquo;infusion sous vide (VIP) est un proc\u00e9d\u00e9 de production de plus en plus utilis\u00e9 pour am\u00e9liorer la qualit\u00e9 esth\u00e9tique des pi\u00e8ces composites et pour r\u00e9duire les co\u00fbts de main-d&rsquo;\u0153uvre. Ce proc\u00e9d\u00e9 repose principalement sur le vide, obtenu \u00e0 l&rsquo;aide d&rsquo;une pompe \u00e0 vide, qui pousse la r\u00e9sine catalys\u00e9e \u00e0 travers toutes les couches de tissu et les impr\u00e8gne. La vitesse \u00e0 laquelle les couches peuvent \u00eatre impr\u00e9gn\u00e9es d\u00e9pend de la viscosit\u00e9 du syst\u00e8me de r\u00e9sine, de la perm\u00e9abilit\u00e9 des couches de tissu et du gradient de pression qui pousse la r\u00e9sine infus\u00e9e. Ce processus n\u00e9cessite l&rsquo;utilisation de sacs sous vide en film ou de sacs sous vide en silicone qui peuvent \u00eatre r\u00e9utilis\u00e9s pour plusieurs moules. L&rsquo;infusion de film de r\u00e9sine (RFI) diff\u00e8re de l&rsquo;infusion de r\u00e9sine conventionnelle par son proc\u00e9d\u00e9. Il s&rsquo;agit d&rsquo;un syst\u00e8me de traitement dans lequel un film de r\u00e9sine est plac\u00e9 sur le tissu et, gr\u00e2ce au vide cr\u00e9\u00e9 par la pompe et expos\u00e9 \u00e0 une certaine temp\u00e9rature, traverse toutes les couches du tissu de mani\u00e8re uniforme. Les avantages de l&rsquo;utilisation du syst\u00e8me RFI par rapport au syst\u00e8me traditionnel sont la r\u00e9duction des co\u00fbts, une production plus rapide et plus efficace et une plus grande pr\u00e9cision dans la fabrication du produit final.<\/p>\n<\/div><\/section><br \/>\n<div  class='hr av-av_hr-91d7ccd583a503147498e120fee2ff9b hr-default  avia-builder-el-3  el_after_av_textblock  el_before_av_image_hotspot  avia-builder-el-last '><span class='hr-inner '><span class=\"hr-inner-style\"><\/span><\/span><\/div><br \/>\n\n<style type=\"text\/css\" data-created_by=\"avia_inline_auto\" id=\"style-css-sub-av-lkbpovi8-c73e4bcc5311480d407cbcad38ff9580\">\n.av-hotspot-image-container .av-image-hotspot.av-lkbpou6j-5a83dc3e6b248a2cb72863bd530cb6cf{\ntop:45.3%;\nleft:66.7%;\n}\n.av-hotspot-image-container .av-image-hotspot.av-lkbpq8pu-99c0350d146299b3bf003081c0cf1d91{\ntop:67.8%;\nleft:31.6%;\n}\n.av-hotspot-image-container .av-image-hotspot.av-lkbpqn8e-d32936f101f9750d1ec4a9123c01793b{\ntop:80.1%;\nleft:56%;\n}\n.av-hotspot-image-container .av-image-hotspot.av-lkbpr4nw-db53f2c89bfec8628c04870e72d7e390{\ntop:65.6%;\nleft:73%;\n}\n.av-hotspot-image-container .av-image-hotspot.av-lkbprjk6-527e4dd4221af221696ca527dfeca800{\ntop:40.2%;\nleft:42.2%;\n}\n.av-hotspot-image-container .av-image-hotspot.av-lkbprxvx-35d4832137db636d34a65743cbc09347{\ntop:81.9%;\nleft:92.6%;\n}\n<\/style>\n<div  class='av-hotspot-image-container av-lkbpovi8-c73e4bcc5311480d407cbcad38ff9580  avia-builder-el-4  el_after_av_hr  avia-builder-el-last  av-hotspot-numbered av-mobile-fallback-active  av-non-fullwidth-hotspot-image' ><div class='av-hotspot-container'><div class='av-hotspot-container-inner-cell'><div class='av-hotspot-container-inner-wrap'><div class='av-image-hotspot av-lkbpou6j-5a83dc3e6b248a2cb72863bd530cb6cf av-image-hotspot-1 ' data-avia-tooltip-position='left' data-avia-tooltip-alignment='top' data-avia-tooltip-class='av-tt-default-width av-tt-pos-left av-tt-align-top  av-mobile-fallback-active  main_color av-tt-hotspot' data-avia-tooltip='&lt;p&gt;Films de mise sous vide&lt;\/p&gt;\n'><a href=https:\/\/www.mates.it\/fr\/produits\/materiaux-de-procede\/sacs-sous-vide\/  target=\"_blank\"  rel=\"noopener noreferrer\" class='av-image-hotspot_inner'>1<\/a><div class='av-image-hotspot-pulse'><\/div><\/div><div class='av-image-hotspot av-lkbpq8pu-99c0350d146299b3bf003081c0cf1d91 av-image-hotspot-2 ' data-avia-tooltip-position='left' data-avia-tooltip-alignment='top' data-avia-tooltip-class='av-tt-default-width av-tt-pos-left av-tt-align-top  av-mobile-fallback-active  main_color av-tt-hotspot' data-avia-tooltip='&lt;p&gt;Renforcements&lt;\/p&gt;\n'><a href=https:\/\/www.mates.it\/fr\/produits\/tissus-renforts\/  target=\"_blank\"  rel=\"noopener noreferrer\" class='av-image-hotspot_inner'>2<\/a><div class='av-image-hotspot-pulse'><\/div><\/div><div class='av-image-hotspot av-lkbpqn8e-d32936f101f9750d1ec4a9123c01793b av-image-hotspot-3 ' data-avia-tooltip-position='left' data-avia-tooltip-alignment='top' data-avia-tooltip-class='av-tt-default-width av-tt-pos-left av-tt-align-top  av-mobile-fallback-active  main_color av-tt-hotspot' data-avia-tooltip='&lt;p&gt;R\u00e9sines&lt;\/p&gt;\n'><a href=https:\/\/www.mates.it\/fr\/produits\/resines-adhesifs-chimiques\/resines\/  target=\"_blank\"  rel=\"noopener noreferrer\" class='av-image-hotspot_inner'>3<\/a><div class='av-image-hotspot-pulse'><\/div><\/div><div class='av-image-hotspot av-lkbpr4nw-db53f2c89bfec8628c04870e72d7e390 av-image-hotspot-4 ' data-avia-tooltip-position='left' data-avia-tooltip-alignment='top' data-avia-tooltip-class='av-tt-default-width av-tt-pos-left av-tt-align-top  av-mobile-fallback-active  main_color av-tt-hotspot' data-avia-tooltip='&lt;p&gt;Moyens de flux&lt;\/p&gt;\n'><a href=https:\/\/www.mates.it\/fr\/produits\/materiaux-de-procede\/moyens-de-flux\/  target=\"_blank\"  rel=\"noopener noreferrer\" class='av-image-hotspot_inner'>4<\/a><div class='av-image-hotspot-pulse'><\/div><\/div><div class='av-image-hotspot av-lkbprjk6-527e4dd4221af221696ca527dfeca800 av-image-hotspot-5 ' data-avia-tooltip-position='left' data-avia-tooltip-alignment='top' data-avia-tooltip-class='av-tt-default-width av-tt-pos-left av-tt-align-top  av-mobile-fallback-active  main_color av-tt-hotspot' data-avia-tooltip='&lt;p&gt;Tubes&lt;\/p&gt;\n'><a href=https:\/\/www.mates.it\/fr\/produits\/outillage-accessoires\/tubes-raccords-connexions\/tubes\/  target=\"_blank\"  rel=\"noopener noreferrer\" class='av-image-hotspot_inner'>5<\/a><div class='av-image-hotspot-pulse'><\/div><\/div><div class='av-image-hotspot av-lkbprxvx-35d4832137db636d34a65743cbc09347 av-image-hotspot-6 ' data-avia-tooltip-position='left' data-avia-tooltip-alignment='top' data-avia-tooltip-class='av-tt-default-width av-tt-pos-left av-tt-align-top  av-mobile-fallback-active  main_color av-tt-hotspot' data-avia-tooltip='&lt;p&gt;Scellants \/ Rubans&lt;\/p&gt;\n'><a href=https:\/\/www.mates.it\/fr\/produits\/materiaux-de-procede\/scellants-rubans\/  target=\"_blank\"  rel=\"noopener noreferrer\" class='av-image-hotspot_inner'>6<\/a><div class='av-image-hotspot-pulse'><\/div><\/div><img decoding=\"async\" fetchpriority=\"high\" class=\"wp-image-0 avia-img-lazy-loading-not-0 avia_image\" src=\"https:\/\/www.mates.it\/wp-content\/uploads\/2016\/09\/Infusione-classica-I-RFI.jpg\" alt=\"\" title=\"\"><\/div><\/div><\/div><div class='av-hotspot-fallback-tooltip av-image-hotspot-1 '><div class=\"av-hotspot-fallback-tooltip-count\">1<div class=\"avia-arrow\"><\/div><\/div><div class=\"av-hotspot-fallback-tooltip-inner clearfix\"><p>\nFilms de mise sous vide<\/p>\n<\/div><\/div><div class='av-hotspot-fallback-tooltip av-image-hotspot-2 '><div class=\"av-hotspot-fallback-tooltip-count\">2<div class=\"avia-arrow\"><\/div><\/div><div class=\"av-hotspot-fallback-tooltip-inner clearfix\"><p>\nRenforcements<\/p>\n<\/div><\/div><div class='av-hotspot-fallback-tooltip av-image-hotspot-3 '><div class=\"av-hotspot-fallback-tooltip-count\">3<div class=\"avia-arrow\"><\/div><\/div><div class=\"av-hotspot-fallback-tooltip-inner clearfix\"><p>\nR\u00e9sines<\/p>\n<\/div><\/div><div class='av-hotspot-fallback-tooltip av-image-hotspot-4 '><div class=\"av-hotspot-fallback-tooltip-count\">4<div class=\"avia-arrow\"><\/div><\/div><div class=\"av-hotspot-fallback-tooltip-inner clearfix\"><p>\nMoyens de flux<\/p>\n<\/div><\/div><div class='av-hotspot-fallback-tooltip av-image-hotspot-5 '><div class=\"av-hotspot-fallback-tooltip-count\">5<div class=\"avia-arrow\"><\/div><\/div><div class=\"av-hotspot-fallback-tooltip-inner clearfix\"><p>\nTubes<\/p>\n<\/div><\/div><div class='av-hotspot-fallback-tooltip av-image-hotspot-6 '><div class=\"av-hotspot-fallback-tooltip-count\">6<div class=\"avia-arrow\"><\/div><\/div><div class=\"av-hotspot-fallback-tooltip-inner clearfix\"><p>\nScellants \/ Rubans<\/p>\n<\/div><\/div><\/div><\/p><\/div><div  class='flex_column av-av_one_full-7714eba142aeda1f8b5272a3c372b279 av_one_full  avia-builder-el-5  el_after_av_one_full  el_before_av_hr  first flex_column_div  column-top-margin'     ><div  class='av_promobox av-lkbpsjmn-37c1202c1b5807f0e1c9f228933850c9 avia-button-yes  avia-builder-el-6  avia-builder-el-no-sibling '><div class='avia-promocontent'><p>\nCliquez sur les num\u00e9ros dans l\u2019image et comparez les produits les plus adapt\u00e9s \u00e0 votre secteur ou cliquez sur le bouton dans cet onglet pour voir tous nos produits.<\/p>\n<\/div><div  class='avia-button-wrap av-lkbpsjmn-112f7815837e2fba146fe4f059ccdfd3-wrap avia-button-right '><a href='https:\/\/www.mates.it\/fr\/produits\/'  class='avia-button av-lkbpsjmn-112f7815837e2fba146fe4f059ccdfd3 av-link-btn avia-icon_select-yes-left-icon avia-size-medium avia-position-right avia-color-theme-color'  target=\"_blank\"  rel=\"noopener noreferrer\"  aria-label=\"      Produits\"><span class='avia_button_icon avia_button_icon_left avia-iconfont avia-font-entypo-fontello' data-av_icon='\ue85c' data-av_iconfont='entypo-fontello' ><\/span><span class='avia_iconbox_title' >      Produits<\/span><\/a><\/div><\/div><\/div><div  class='hr av-av_hr-91d7ccd583a503147498e120fee2ff9b hr-default  avia-builder-el-7  el_after_av_one_full  avia-builder-el-last '><span class='hr-inner '><span class=\"hr-inner-style\"><\/span><\/span><\/div><\/p>\n","protected":false},"excerpt":{"rendered":"<p>Le proc\u00e9d\u00e9 d&rsquo;infusion sous vide (VIP) est un proc\u00e9d\u00e9 de production de plus en plus utilis\u00e9 pour am\u00e9liorer la qualit\u00e9 esth\u00e9tique des pi\u00e8ces composites et pour r\u00e9duire les co\u00fbts de main-d&rsquo;\u0153uvre.<\/p>\n","protected":false},"author":1,"featured_media":7405,"parent":9159,"menu_order":3,"comment_status":"open","ping_status":"open","template":"","meta":{"footnotes":""},"class_list":["post-9180","page","type-page","status-publish","has-post-thumbnail","hentry"],"_links":{"self":[{"href":"https:\/\/www.mates.it\/fr\/wp-json\/wp\/v2\/pages\/9180","targetHints":{"allow":["GET"]}}],"collection":[{"href":"https:\/\/www.mates.it\/fr\/wp-json\/wp\/v2\/pages"}],"about":[{"href":"https:\/\/www.mates.it\/fr\/wp-json\/wp\/v2\/types\/page"}],"author":[{"embeddable":true,"href":"https:\/\/www.mates.it\/fr\/wp-json\/wp\/v2\/users\/1"}],"replies":[{"embeddable":true,"href":"https:\/\/www.mates.it\/fr\/wp-json\/wp\/v2\/comments?post=9180"}],"version-history":[{"count":0,"href":"https:\/\/www.mates.it\/fr\/wp-json\/wp\/v2\/pages\/9180\/revisions"}],"up":[{"embeddable":true,"href":"https:\/\/www.mates.it\/fr\/wp-json\/wp\/v2\/pages\/9159"}],"wp:featuredmedia":[{"embeddable":true,"href":"https:\/\/www.mates.it\/fr\/wp-json\/wp\/v2\/media\/7405"}],"wp:attachment":[{"href":"https:\/\/www.mates.it\/fr\/wp-json\/wp\/v2\/media?parent=9180"}],"curies":[{"name":"wp","href":"https:\/\/api.w.org\/{rel}","templated":true}]}}