{"id":9188,"date":"2015-09-16T10:56:46","date_gmt":"2015-09-16T08:56:46","guid":{"rendered":"https:\/\/www.mates.it\/processi\/moulage-par-compression\/"},"modified":"2023-07-24T21:17:10","modified_gmt":"2023-07-24T19:17:10","slug":"moulage-par-compression","status":"publish","type":"page","link":"https:\/\/www.mates.it\/fr\/procedes\/moulage-par-compression\/","title":{"rendered":"Moulage par compression"},"content":{"rendered":"<div  class='flex_column av-av_one_full-7714eba142aeda1f8b5272a3c372b279 av_one_full  avia-builder-el-0  el_before_av_one_full  avia-builder-el-first  first flex_column_div  '     ><p>\n<style type=\"text\/css\" data-created_by=\"avia_inline_auto\" id=\"style-css-av-lkh8z5jv-b22ca70359ac269d4ff5a9b0af7afac0\">\n#top .av-special-heading.av-lkh8z5jv-b22ca70359ac269d4ff5a9b0af7afac0{\npadding-bottom:10px;\n}\nbody .av-special-heading.av-lkh8z5jv-b22ca70359ac269d4ff5a9b0af7afac0 .av-special-heading-tag .heading-char{\nfont-size:25px;\n}\n.av-special-heading.av-lkh8z5jv-b22ca70359ac269d4ff5a9b0af7afac0 .av-subheading{\nfont-size:15px;\n}\n<\/style>\n<div  class='av-special-heading av-lkh8z5jv-b22ca70359ac269d4ff5a9b0af7afac0 av-special-heading-h1  avia-builder-el-1  el_before_av_textblock  avia-builder-el-first  custom-h1-title'><h1 class='av-special-heading-tag '  >Moulage par compression<\/h1><div class=\"special-heading-border\"><div class=\"special-heading-inner-border\"><\/div><\/div><\/div><br \/>\n<section  class='av_textblock_section av-lkh8zhdw-29cbbea8cb1bc51ad5d212991175cb0d '  ><div class='avia_textblock' ><p>Bien que le moulage par compression dans une presse soit l&rsquo;une des m\u00e9thodes de traitement les plus traditionnelles dans l&rsquo;industrie des composites avanc\u00e9s, il reste tr\u00e8s populaire aupr\u00e8s de nombreuses entreprises pour la production de grands volumes. Ce proc\u00e9d\u00e9 consiste \u00e0 utiliser la force m\u00e9canique exerc\u00e9e par une presse industrielle pour comprimer la pr\u00e9forme et lui donner la forme souhait\u00e9e. La pr\u00e9forme est plac\u00e9e sur la partie inf\u00e9rieure du moule (partie fixe), la partie sup\u00e9rieure est ensuite recouverte et le moule est ferm\u00e9. La presse applique la puissance m\u00e9canique n\u00e9cessaire pour remplir compl\u00e8tement le moule dans lequel se trouve la pr\u00e9forme. Un \u00e9vent est plac\u00e9 dans la partie inf\u00e9rieure du moule afin d&rsquo;\u00e9vacuer l&rsquo;exc\u00e8s de r\u00e9sine. Lorsque la r\u00e9sine a durci, le moule contient un composant fini pr\u00eat pour la finition. Le moulage sous pression g\u00e9n\u00e8re des composants pr\u00e9sentant des valeurs m\u00e9caniques importantes et une r\u00e9p\u00e9tabilit\u00e9 maximale du processus.<\/p>\n<\/div><\/section><br \/>\n<div  class='hr av-av_hr-91d7ccd583a503147498e120fee2ff9b hr-default  avia-builder-el-3  el_after_av_textblock  el_before_av_image_hotspot  avia-builder-el-last '><span class='hr-inner '><span class=\"hr-inner-style\"><\/span><\/span><\/div><br \/>\n\n<style type=\"text\/css\" data-created_by=\"avia_inline_auto\" id=\"style-css-sub-av-lkh91a3s-9daebc5981a7b2d555d9d13d1c2e7006\">\n.av-hotspot-image-container .av-image-hotspot.av-lkh8zyc5-1718f9902d0c951ba847957748fa82ff{\ntop:62.1%;\nleft:46.2%;\n}\n.av-hotspot-image-container .av-image-hotspot.av-lkh908wf-d927a8ba81635c7c69f5b323a08412b2{\ntop:68.8%;\nleft:21.3%;\n}\n.av-hotspot-image-container .av-image-hotspot.av-lkh90j58-b394ebd146baa1b678506fd7b1676034{\ntop:39.5%;\nleft:35.9%;\n}\n.av-hotspot-image-container .av-image-hotspot.av-lkh90twb-6cb8394260af223a058efb462f83101c{\ntop:57.6%;\nleft:81.3%;\n}\n.av-hotspot-image-container .av-image-hotspot.av-lkh918ox-fd201dd67e8b5056142085d5deb5b1d0{\ntop:31.9%;\nleft:60.2%;\n}\n<\/style>\n<div  class='av-hotspot-image-container av-lkh91a3s-9daebc5981a7b2d555d9d13d1c2e7006  avia-builder-el-4  el_after_av_hr  avia-builder-el-last  av-hotspot-numbered av-mobile-fallback-active  av-non-fullwidth-hotspot-image' ><div class='av-hotspot-container'><div class='av-hotspot-container-inner-cell'><div class='av-hotspot-container-inner-wrap'><div class='av-image-hotspot av-lkh8zyc5-1718f9902d0c951ba847957748fa82ff av-image-hotspot-1 ' data-avia-tooltip-position='left' data-avia-tooltip-alignment='top' data-avia-tooltip-class='av-tt-default-width av-tt-pos-left av-tt-align-top  av-mobile-fallback-active  main_color av-tt-hotspot' data-avia-tooltip='&lt;p&gt;Renforcements&lt;\/p&gt;\n'><a href=https:\/\/www.mates.it\/fr\/produits\/tissus-renforts\/  target=\"_blank\"  rel=\"noopener noreferrer\" class='av-image-hotspot_inner'>1<\/a><div class='av-image-hotspot-pulse'><\/div><\/div><div class='av-image-hotspot av-lkh908wf-d927a8ba81635c7c69f5b323a08412b2 av-image-hotspot-2 ' data-avia-tooltip-position='left' data-avia-tooltip-alignment='top' data-avia-tooltip-class='av-tt-default-width av-tt-pos-left av-tt-align-top  av-mobile-fallback-active  main_color av-tt-hotspot' data-avia-tooltip='&lt;p&gt;Films s\u00e9parateurs&lt;\/p&gt;\n'><a href=https:\/\/www.mates.it\/fr\/produits\/materiaux-de-procede\/films-separateurs\/  target=\"_blank\"  rel=\"noopener noreferrer\" class='av-image-hotspot_inner'>2<\/a><div class='av-image-hotspot-pulse'><\/div><\/div><div class='av-image-hotspot av-lkh90j58-b394ebd146baa1b678506fd7b1676034 av-image-hotspot-3 ' data-avia-tooltip-position='left' data-avia-tooltip-alignment='top' data-avia-tooltip-class='av-tt-default-width av-tt-pos-left av-tt-align-top  av-mobile-fallback-active  main_color av-tt-hotspot' data-avia-tooltip='&lt;p&gt;Inserts&lt;\/p&gt;\n'><a href=https:\/\/www.mates.it\/fr\/produits\/inserts\/  target=\"_blank\"  rel=\"noopener noreferrer\" class='av-image-hotspot_inner'>3<\/a><div class='av-image-hotspot-pulse'><\/div><\/div><div class='av-image-hotspot av-lkh90twb-6cb8394260af223a058efb462f83101c av-image-hotspot-4 ' data-avia-tooltip-position='left' data-avia-tooltip-alignment='top' data-avia-tooltip-class='av-tt-default-width av-tt-pos-left av-tt-align-top  av-mobile-fallback-active  main_color av-tt-hotspot' data-avia-tooltip='&lt;p&gt;Agents de d\u00e9moulage&lt;\/p&gt;\n'><a href=https:\/\/www.mates.it\/fr\/produits\/agents-de-demoulage\/  target=\"_blank\"  rel=\"noopener noreferrer\" class='av-image-hotspot_inner'>4<\/a><div class='av-image-hotspot-pulse'><\/div><\/div><div class='av-image-hotspot av-lkh918ox-fd201dd67e8b5056142085d5deb5b1d0 av-image-hotspot-5 ' data-avia-tooltip-position='left' data-avia-tooltip-alignment='top' data-avia-tooltip-class='av-tt-default-width av-tt-pos-left av-tt-align-top  av-mobile-fallback-active  main_color av-tt-hotspot' data-avia-tooltip='&lt;p&gt;Mat\u00e9riaux d\u2019ame&lt;\/p&gt;\n'><a href=https:\/\/www.mates.it\/fr\/produits\/materiaux-dame\/  target=\"_blank\"  rel=\"noopener noreferrer\" class='av-image-hotspot_inner'>5<\/a><div class='av-image-hotspot-pulse'><\/div><\/div><img decoding=\"async\" fetchpriority=\"high\" class=\"wp-image-0 avia-img-lazy-loading-not-0 avia_image\" src=\"https:\/\/www.mates.it\/wp-content\/uploads\/2016\/09\/Compression-Molding.jpg\" alt=\"\" title=\"\"><\/div><\/div><\/div><div class='av-hotspot-fallback-tooltip av-image-hotspot-1 '><div class=\"av-hotspot-fallback-tooltip-count\">1<div class=\"avia-arrow\"><\/div><\/div><div class=\"av-hotspot-fallback-tooltip-inner clearfix\"><p>\nRenforcements<\/p>\n<\/div><\/div><div class='av-hotspot-fallback-tooltip av-image-hotspot-2 '><div class=\"av-hotspot-fallback-tooltip-count\">2<div class=\"avia-arrow\"><\/div><\/div><div class=\"av-hotspot-fallback-tooltip-inner clearfix\"><p>\nFilms s\u00e9parateurs<\/p>\n<\/div><\/div><div class='av-hotspot-fallback-tooltip av-image-hotspot-3 '><div class=\"av-hotspot-fallback-tooltip-count\">3<div class=\"avia-arrow\"><\/div><\/div><div class=\"av-hotspot-fallback-tooltip-inner clearfix\"><p>\nInserts<\/p>\n<\/div><\/div><div class='av-hotspot-fallback-tooltip av-image-hotspot-4 '><div class=\"av-hotspot-fallback-tooltip-count\">4<div class=\"avia-arrow\"><\/div><\/div><div class=\"av-hotspot-fallback-tooltip-inner clearfix\"><p>\nAgents de d\u00e9moulage<\/p>\n<\/div><\/div><div class='av-hotspot-fallback-tooltip av-image-hotspot-5 '><div class=\"av-hotspot-fallback-tooltip-count\">5<div class=\"avia-arrow\"><\/div><\/div><div class=\"av-hotspot-fallback-tooltip-inner clearfix\"><p>\nMat\u00e9riaux d\u2019ame<\/p>\n<\/div><\/div><\/div><\/p><\/div><div  class='flex_column av-av_one_full-7714eba142aeda1f8b5272a3c372b279 av_one_full  avia-builder-el-5  el_after_av_one_full  el_before_av_hr  first flex_column_div  column-top-margin'     ><div  class='av_promobox av-lkh91nbo-f3b7ac67728606e287536d3b994f1ae5 avia-button-yes  avia-builder-el-6  avia-builder-el-no-sibling '><div class='avia-promocontent'><p>\nCliquez sur les num\u00e9ros dans l\u2019image et comparez les produits les plus adapt\u00e9s \u00e0 votre secteur ou cliquez sur le bouton dans cet onglet pour voir tous nos produits.<\/p>\n<\/div><div  class='avia-button-wrap av-lkh91nbo-4f42a58ac67fced22ebfdfdf0f170393-wrap avia-button-right '><a href='https:\/\/www.mates.it\/fr\/produits\/'  class='avia-button av-lkh91nbo-4f42a58ac67fced22ebfdfdf0f170393 av-link-btn avia-icon_select-yes-left-icon avia-size-medium avia-position-right avia-color-theme-color'  target=\"_blank\"  rel=\"noopener noreferrer\"  aria-label=\"      Produits\"><span class='avia_button_icon avia_button_icon_left avia-iconfont avia-font-entypo-fontello' data-av_icon='\ue85c' data-av_iconfont='entypo-fontello' ><\/span><span class='avia_iconbox_title' >      Produits<\/span><\/a><\/div><\/div><\/div><div  class='hr av-av_hr-91d7ccd583a503147498e120fee2ff9b hr-default  avia-builder-el-7  el_after_av_one_full  avia-builder-el-last '><span class='hr-inner '><span class=\"hr-inner-style\"><\/span><\/span><\/div><\/p>\n","protected":false},"excerpt":{"rendered":"<p>Le processus de moulage par compression consiste \u00e0 utiliser la puissance m\u00e9canique exerc\u00e9e par une presse industrielle pour produire des composants composites.<\/p>\n","protected":false},"author":1,"featured_media":7413,"parent":9159,"menu_order":5,"comment_status":"open","ping_status":"open","template":"","meta":{"footnotes":""},"class_list":["post-9188","page","type-page","status-publish","has-post-thumbnail","hentry"],"_links":{"self":[{"href":"https:\/\/www.mates.it\/fr\/wp-json\/wp\/v2\/pages\/9188","targetHints":{"allow":["GET"]}}],"collection":[{"href":"https:\/\/www.mates.it\/fr\/wp-json\/wp\/v2\/pages"}],"about":[{"href":"https:\/\/www.mates.it\/fr\/wp-json\/wp\/v2\/types\/page"}],"author":[{"embeddable":true,"href":"https:\/\/www.mates.it\/fr\/wp-json\/wp\/v2\/users\/1"}],"replies":[{"embeddable":true,"href":"https:\/\/www.mates.it\/fr\/wp-json\/wp\/v2\/comments?post=9188"}],"version-history":[{"count":0,"href":"https:\/\/www.mates.it\/fr\/wp-json\/wp\/v2\/pages\/9188\/revisions"}],"up":[{"embeddable":true,"href":"https:\/\/www.mates.it\/fr\/wp-json\/wp\/v2\/pages\/9159"}],"wp:featuredmedia":[{"embeddable":true,"href":"https:\/\/www.mates.it\/fr\/wp-json\/wp\/v2\/media\/7413"}],"wp:attachment":[{"href":"https:\/\/www.mates.it\/fr\/wp-json\/wp\/v2\/media?parent=9188"}],"curies":[{"name":"wp","href":"https:\/\/api.w.org\/{rel}","templated":true}]}}