{"id":9190,"date":"2015-09-16T10:57:17","date_gmt":"2015-09-16T08:57:17","guid":{"rendered":"https:\/\/www.mates.it\/processi\/spray-up-fr\/"},"modified":"2023-10-14T14:50:05","modified_gmt":"2023-10-14T12:50:05","slug":"projection-simultanee","status":"publish","type":"page","link":"https:\/\/www.mates.it\/fr\/procedes\/projection-simultanee\/","title":{"rendered":"Projection simultan\u00e9e"},"content":{"rendered":"\n<p><\/p>\n\n\n<div  class='flex_column av-av_one_full-7714eba142aeda1f8b5272a3c372b279 av_one_full  avia-builder-el-0  el_before_av_one_full  avia-builder-el-first  first flex_column_div  '     ><p>\n<style type=\"text\/css\" data-created_by=\"avia_inline_auto\" id=\"style-css-av-lkhbribg-e2dfc677018c1eca4f0c899f274c0cee\">\n#top .av-special-heading.av-lkhbribg-e2dfc677018c1eca4f0c899f274c0cee{\npadding-bottom:10px;\n}\nbody .av-special-heading.av-lkhbribg-e2dfc677018c1eca4f0c899f274c0cee .av-special-heading-tag .heading-char{\nfont-size:25px;\n}\n.av-special-heading.av-lkhbribg-e2dfc677018c1eca4f0c899f274c0cee .av-subheading{\nfont-size:15px;\n}\n<\/style>\n<div  class='av-special-heading av-lkhbribg-e2dfc677018c1eca4f0c899f274c0cee av-special-heading-h1  avia-builder-el-1  el_before_av_textblock  avia-builder-el-first  custom-h1-title'><h1 class='av-special-heading-tag '  >Projection simultan\u00e9e<\/h1><div class=\"special-heading-border\"><div class=\"special-heading-inner-border\"><\/div><\/div><\/div><br \/>\n<section  class='av_textblock_section av-lkhbt397-bbb70f0972151af9eb33a2838b767965 '  ><div class='avia_textblock' ><p><span class=\"HwtZe\" lang=\"fr\"> <span class=\"jCAhz ChMk0b\"><span class=\"ryNqvb\">Le proc\u00e9d\u00e9 de moulage par projection simultan\u00e9e est l&rsquo;un des plus rapides et des moins chers du secteur des mat\u00e9riaux composites et est largement utilis\u00e9 dans la production de composants de grande taille.<\/span><\/span> <span class=\"jCAhz ChMk0b\"><span class=\"ryNqvb\">Le traitement implique l&rsquo;utilisation d&rsquo;un moule ouvert \u00e0 l&rsquo;int\u00e9rieur duquel se trouve une couche de gelcoat qui garantit une haute qualit\u00e9 dans la coloration du produit fini.<\/span><\/span> <span class=\"jCAhz ChMk0b\"><span class=\"ryNqvb\">On proc\u00e8de ensuite \u00e0 la pulv\u00e9risation \u00e0 l&rsquo;int\u00e9rieur du moule de fibres de verre courtes coup\u00e9es \u00e0 partir d&rsquo;un pistolet sp\u00e9cial et en m\u00eame temps de r\u00e9sine catalys\u00e9e.<\/span><\/span> <span class=\"jCAhz ChMk0b\"><span class=\"ryNqvb\">Cette technologie permet un remplissage rapide et homog\u00e8ne du moule.<\/span><\/span> <span class=\"jCAhz ChMk0b\"><span class=\"ryNqvb\">Imm\u00e9diatement apr\u00e8s le d\u00e9p\u00f4t de l&rsquo;armature, des rouleaux brise-bulles ou des racleurs sont utilis\u00e9s pour \u00e9liminer l&rsquo;air introduit lors du traitement.<\/span><\/span> <span class=\"jCAhz ChMk0b\"><span class=\"ryNqvb\">Cependant, cette technique pr\u00e9sente quelques inconv\u00e9nients, le plus important \u00e9tant le poids \u00e9lev\u00e9 du composant d\u00fb \u00e0 la quantit\u00e9 importante de r\u00e9sine qui impr\u00e8gne les fibres et les mauvaises propri\u00e9t\u00e9s m\u00e9caniques et thermiques.<\/span><\/span><\/span><span class=\"HwtZe\" lang=\"fr\"><span class=\"jCAhz ChMk0b\"><span class=\"ryNqvb\"><br \/>\n<\/span><\/span><\/span><\/p>\n<\/div><\/section><br \/>\n<div  class='hr av-av_hr-91d7ccd583a503147498e120fee2ff9b hr-default  avia-builder-el-3  el_after_av_textblock  el_before_av_image_hotspot  avia-builder-el-last '><span class='hr-inner '><span class=\"hr-inner-style\"><\/span><\/span><\/div><br \/>\n\n<style type=\"text\/css\" data-created_by=\"avia_inline_auto\" id=\"style-css-sub-av-lkhbxbf8-3604b2915872e133206e5938a623dbbb\">\n.av-hotspot-image-container .av-image-hotspot.av-lkhbvzfb-5f6397240f12db6e9283aef0b4abf5e0{\ntop:73.5%;\nleft:63.4%;\n}\n.av-hotspot-image-container .av-image-hotspot.av-lkhbwfod-9aca85c135b8a1c853cff0303ed6be76{\ntop:71.7%;\nleft:17.9%;\n}\n.av-hotspot-image-container .av-image-hotspot.av-lkhbwsoj-1c1e406cb58b87121ba168de3bd1f6e9{\ntop:63.2%;\nleft:80.7%;\n}\n.av-hotspot-image-container .av-image-hotspot.av-lkhbx1sr-1101545fc45d9e6f038fdc7d94eb5d03{\ntop:34.7%;\nleft:31.5%;\n}\n.av-hotspot-image-container .av-image-hotspot.av-lkhbx9wk-bc28462576487a9a94c6b6ecb285db3b{\ntop:65.9%;\nleft:41.9%;\n}\n<\/style>\n<div  class='av-hotspot-image-container av-lkhbxbf8-3604b2915872e133206e5938a623dbbb  avia-builder-el-4  el_after_av_hr  avia-builder-el-last  av-hotspot-numbered av-mobile-fallback-active  av-non-fullwidth-hotspot-image' ><div class='av-hotspot-container'><div class='av-hotspot-container-inner-cell'><div class='av-hotspot-container-inner-wrap'><div class='av-image-hotspot av-lkhbvzfb-5f6397240f12db6e9283aef0b4abf5e0 av-image-hotspot-1 ' data-avia-tooltip-position='left' data-avia-tooltip-alignment='top' data-avia-tooltip-class='av-tt-default-width av-tt-pos-left av-tt-align-top  av-mobile-fallback-active  main_color av-tt-hotspot' data-avia-tooltip='&lt;p&gt;R\u00e9sines&lt;\/p&gt;\n'><a href=https:\/\/www.mates.it\/fr\/produits\/resines-adhesifs-chimiques\/resines\/  target=\"_blank\"  rel=\"noopener noreferrer\" class='av-image-hotspot_inner'>1<\/a><div class='av-image-hotspot-pulse'><\/div><\/div><div class='av-image-hotspot av-lkhbwfod-9aca85c135b8a1c853cff0303ed6be76 av-image-hotspot-2 ' data-avia-tooltip-position='left' data-avia-tooltip-alignment='top' data-avia-tooltip-class='av-tt-default-width av-tt-pos-left av-tt-align-top  av-mobile-fallback-active  main_color av-tt-hotspot' data-avia-tooltip='&lt;p&gt;Agents de d\u00e9moulage&lt;\/p&gt;\n'><a href=https:\/\/www.mates.it\/fr\/produits\/agents-de-demoulage\/  target=\"_blank\"  rel=\"noopener noreferrer\" class='av-image-hotspot_inner'>2<\/a><div class='av-image-hotspot-pulse'><\/div><\/div><div class='av-image-hotspot av-lkhbwsoj-1c1e406cb58b87121ba168de3bd1f6e9 av-image-hotspot-3 ' data-avia-tooltip-position='left' data-avia-tooltip-alignment='top' data-avia-tooltip-class='av-tt-default-width av-tt-pos-left av-tt-align-top  av-mobile-fallback-active  main_color av-tt-hotspot' data-avia-tooltip='&lt;p&gt;\u00c9quipement protection&lt;\/p&gt;\n'><a href=https:\/\/www.mates.it\/fr\/produits\/outillage-accessoires\/equipement-protection\/  target=\"_blank\"  rel=\"noopener noreferrer\" class='av-image-hotspot_inner'>3<\/a><div class='av-image-hotspot-pulse'><\/div><\/div><div class='av-image-hotspot av-lkhbx1sr-1101545fc45d9e6f038fdc7d94eb5d03 av-image-hotspot-4 ' data-avia-tooltip-position='left' data-avia-tooltip-alignment='top' data-avia-tooltip-class='av-tt-default-width av-tt-pos-left av-tt-align-top  av-mobile-fallback-active  main_color av-tt-hotspot' data-avia-tooltip='&lt;p&gt;Inserts&lt;\/p&gt;\n'><a href=https:\/\/www.mates.it\/fr\/produits\/inserts\/  target=\"_blank\"  rel=\"noopener noreferrer\" class='av-image-hotspot_inner'>4<\/a><div class='av-image-hotspot-pulse'><\/div><\/div><div class='av-image-hotspot av-lkhbx9wk-bc28462576487a9a94c6b6ecb285db3b av-image-hotspot-5 ' data-avia-tooltip-position='left' data-avia-tooltip-alignment='top' data-avia-tooltip-class='av-tt-default-width av-tt-pos-left av-tt-align-top  av-mobile-fallback-active  main_color av-tt-hotspot' data-avia-tooltip='&lt;p&gt;Outillage \/ Accessoires&lt;\/p&gt;\n'><a href=https:\/\/www.mates.it\/fr\/produits\/outillage-accessoires\/  target=\"_blank\"  rel=\"noopener noreferrer\" class='av-image-hotspot_inner'>5<\/a><div class='av-image-hotspot-pulse'><\/div><\/div><img decoding=\"async\" fetchpriority=\"high\" class=\"wp-image-0 avia-img-lazy-loading-not-0 avia_image\" src=\"https:\/\/www.mates.it\/wp-content\/uploads\/2016\/09\/Spray-up.jpg\" alt=\"\" title=\"\"><\/div><\/div><\/div><div class='av-hotspot-fallback-tooltip av-image-hotspot-1 '><div class=\"av-hotspot-fallback-tooltip-count\">1<div class=\"avia-arrow\"><\/div><\/div><div class=\"av-hotspot-fallback-tooltip-inner clearfix\"><p>\nR\u00e9sines<\/p>\n<\/div><\/div><div class='av-hotspot-fallback-tooltip av-image-hotspot-2 '><div class=\"av-hotspot-fallback-tooltip-count\">2<div class=\"avia-arrow\"><\/div><\/div><div class=\"av-hotspot-fallback-tooltip-inner clearfix\"><p>\nAgents de d\u00e9moulage<\/p>\n<\/div><\/div><div class='av-hotspot-fallback-tooltip av-image-hotspot-3 '><div class=\"av-hotspot-fallback-tooltip-count\">3<div class=\"avia-arrow\"><\/div><\/div><div class=\"av-hotspot-fallback-tooltip-inner clearfix\"><p>\n\u00c9quipement protection<\/p>\n<\/div><\/div><div class='av-hotspot-fallback-tooltip av-image-hotspot-4 '><div class=\"av-hotspot-fallback-tooltip-count\">4<div class=\"avia-arrow\"><\/div><\/div><div class=\"av-hotspot-fallback-tooltip-inner clearfix\"><p>\nInserts<\/p>\n<\/div><\/div><div class='av-hotspot-fallback-tooltip av-image-hotspot-5 '><div class=\"av-hotspot-fallback-tooltip-count\">5<div class=\"avia-arrow\"><\/div><\/div><div class=\"av-hotspot-fallback-tooltip-inner clearfix\"><p>\nOutillage \/ Accessoires<\/p>\n<\/div><\/div><\/div><\/p><\/div><div  class='flex_column av-av_one_full-7714eba142aeda1f8b5272a3c372b279 av_one_full  avia-builder-el-5  el_after_av_one_full  el_before_av_hr  first flex_column_div  column-top-margin'     ><div  class='av_promobox av-lkhbxpze-7f77f62025ccf6c4fff1303a9d4b473a avia-button-yes  avia-builder-el-6  avia-builder-el-no-sibling '><div class='avia-promocontent'><p>\nCliquez sur les num\u00e9ros dans l\u2019image et comparez les produits les plus adapt\u00e9s \u00e0 votre secteur ou cliquez sur le bouton dans cet onglet pour voir tous nos produits.<\/p>\n<\/div><div  class='avia-button-wrap av-lkhbxpze-4c1167e583ff4752d80bc13dccf634b9-wrap avia-button-right '><a href='https:\/\/www.mates.it\/fr\/produits\/'  class='avia-button av-lkhbxpze-4c1167e583ff4752d80bc13dccf634b9 av-link-btn avia-icon_select-yes-left-icon avia-size-medium avia-position-right avia-color-theme-color'  target=\"_blank\"  rel=\"noopener noreferrer\"  aria-label=\"      Produits\"><span class='avia_button_icon avia_button_icon_left avia-iconfont avia-font-entypo-fontello' data-av_icon='\ue85c' data-av_iconfont='entypo-fontello' ><\/span><span class='avia_iconbox_title' >      Produits<\/span><\/a><\/div><\/div><\/div><div  class='hr av-av_hr-91d7ccd583a503147498e120fee2ff9b hr-default  avia-builder-el-7  el_after_av_one_full  avia-builder-el-last '><span class='hr-inner '><span class=\"hr-inner-style\"><\/span><\/span><\/div><\/p>\n","protected":false},"excerpt":{"rendered":"<p>Le proc\u00e9d\u00e9 de moulage par projection simultan\u00e9eest l&rsquo;un des plus rapides et des moins chers du secteur des composites pour la production de composants de grande taille.<\/p>\n","protected":false},"author":1,"featured_media":7429,"parent":9159,"menu_order":8,"comment_status":"open","ping_status":"open","template":"","meta":{"footnotes":""},"class_list":["post-9190","page","type-page","status-publish","has-post-thumbnail","hentry"],"_links":{"self":[{"href":"https:\/\/www.mates.it\/fr\/wp-json\/wp\/v2\/pages\/9190","targetHints":{"allow":["GET"]}}],"collection":[{"href":"https:\/\/www.mates.it\/fr\/wp-json\/wp\/v2\/pages"}],"about":[{"href":"https:\/\/www.mates.it\/fr\/wp-json\/wp\/v2\/types\/page"}],"author":[{"embeddable":true,"href":"https:\/\/www.mates.it\/fr\/wp-json\/wp\/v2\/users\/1"}],"replies":[{"embeddable":true,"href":"https:\/\/www.mates.it\/fr\/wp-json\/wp\/v2\/comments?post=9190"}],"version-history":[{"count":0,"href":"https:\/\/www.mates.it\/fr\/wp-json\/wp\/v2\/pages\/9190\/revisions"}],"up":[{"embeddable":true,"href":"https:\/\/www.mates.it\/fr\/wp-json\/wp\/v2\/pages\/9159"}],"wp:featuredmedia":[{"embeddable":true,"href":"https:\/\/www.mates.it\/fr\/wp-json\/wp\/v2\/media\/7429"}],"wp:attachment":[{"href":"https:\/\/www.mates.it\/fr\/wp-json\/wp\/v2\/media?parent=9190"}],"curies":[{"name":"wp","href":"https:\/\/api.w.org\/{rel}","templated":true}]}}