{"id":9200,"date":"2015-09-16T11:00:29","date_gmt":"2015-09-16T09:00:29","guid":{"rendered":"https:\/\/www.mates.it\/supporto\/servizi-offerti\/garanties-certifications\/"},"modified":"2026-03-08T18:44:51","modified_gmt":"2026-03-08T17:44:51","slug":"certifications","status":"publish","type":"page","link":"https:\/\/www.mates.it\/fr\/a-propos-de-nous\/entreprise\/certifications\/","title":{"rendered":"Certifications"},"content":{"rendered":"<div  class='flex_column av-av_one_full-7714eba142aeda1f8b5272a3c372b279 av_one_full  avia-builder-el-0  el_before_av_one_fourth  avia-builder-el-first  first flex_column_div  '     ><p>\n<style type=\"text\/css\" data-created_by=\"avia_inline_auto\" id=\"style-css-av-mmhv2a45-8f1d160dec591042eddbe4d388812f24\">\n#top .av-special-heading.av-mmhv2a45-8f1d160dec591042eddbe4d388812f24{\npadding-bottom:10px;\n}\nbody .av-special-heading.av-mmhv2a45-8f1d160dec591042eddbe4d388812f24 .av-special-heading-tag .heading-char{\nfont-size:25px;\n}\n.av-special-heading.av-mmhv2a45-8f1d160dec591042eddbe4d388812f24 .av-subheading{\nfont-size:15px;\n}\n<\/style>\n<div  class='av-special-heading av-mmhv2a45-8f1d160dec591042eddbe4d388812f24 av-special-heading-h1  avia-builder-el-1  el_before_av_textblock  avia-builder-el-first  custom-h1-title'><h1 class='av-special-heading-tag '  >Certifications<\/h1><div class=\"special-heading-border\"><div class=\"special-heading-inner-border\"><\/div><\/div><\/div><br \/>\n<section  class='av_textblock_section av-mmhvb1jq-ca413f7b4e6bd3110384774b54de98e2 '  ><div class='avia_textblock' ><p>La qualit\u00e9 et la tra\u00e7abilit\u00e9 des mat\u00e9riaux sont des \u00e9l\u00e9ments fondamentaux pour garantir la fiabilit\u00e9 et la performance des processus de production de nos clients. C&rsquo;est pourquoi Mates adopte un syst\u00e8me de gestion de la qualit\u00e9 structur\u00e9 et orient\u00e9 vers l&rsquo;am\u00e9lioration continue, clairement d\u00e9crit dans le document de <a href=\"https:\/\/www.mates.it\/wp-content\/uploads\/POL.001.pdf\" target=\"_blank\" rel=\"noopener\">politique qualit\u00e9<\/a>.<\/p>\n<p>L&rsquo;entreprise est certifi\u00e9e ISO 9001 et EN 9120, normes internationales qui attestent de la conformit\u00e9 de nos processus \u00e0 des exigences strictes en mati\u00e8re de gestion de la qualit\u00e9, de contr\u00f4le de la cha\u00eene d&rsquo;approvisionnement et de tra\u00e7abilit\u00e9 des mat\u00e9riaux. Ces certifications sont une garantie de fiabilit\u00e9, de transparence et de continuit\u00e9 op\u00e9rationnelle tout au long de la cha\u00eene d&rsquo;approvisionnement.<\/p>\n<p>Afin de maintenir des normes de qualit\u00e9 \u00e9lev\u00e9es, nous adoptons une politique de s\u00e9lection des fournisseurs particuli\u00e8rement rigoureuse, privil\u00e9giant les partenaires disposant de certifications reconnues et de syst\u00e8mes qualit\u00e9 \u00e9tablis. Cette approche garantit des niveaux \u00e9lev\u00e9s de contr\u00f4le et de fiabilit\u00e9 tout au long du processus d&rsquo;approvisionnement.<br \/>\nChaque lot de mat\u00e9riaux entrants est contr\u00f4l\u00e9 afin de v\u00e9rifier sa conformit\u00e9 aux sp\u00e9cifications techniques et de garantir des performances optimales dans les diff\u00e9rents processus d&rsquo;application.<\/p>\n<p>Gr\u00e2ce \u00e0 cette approche int\u00e9gr\u00e9e de la qualit\u00e9, Mates offre \u00e0 ses clients un syst\u00e8me fiable, transparent et tra\u00e7able, dans le but de soutenir le d\u00e9veloppement de processus de production efficaces et innovants.<\/p>\n<\/div><\/section><\/p><\/div>\n<div  class='flex_column av-av_one_fourth-937dcf081e8fa05e70dc94033b37c90d av_one_fourth  avia-builder-el-3  el_after_av_one_full  el_before_av_one_fourth  first flex_column_div  column-top-margin'     ><style type=\"text\/css\" data-created_by=\"avia_inline_auto\" id=\"style-css-av-av_image-7a1d45380e381c6dbf9dedc2a286f139\">\n.avia-image-container.av-av_image-7a1d45380e381c6dbf9dedc2a286f139 img.avia_image{\nbox-shadow:none;\n}\n.avia-image-container.av-av_image-7a1d45380e381c6dbf9dedc2a286f139 .av-image-caption-overlay-center{\ncolor:#ffffff;\n}\n<\/style>\n<div  class='avia-image-container av-av_image-7a1d45380e381c6dbf9dedc2a286f139 av-styling- av-img-linked avia_animated_image av-animated-when-visible-95 pop-up avia-align-center  avia-builder-el-4  avia-builder-el-no-sibling '  ><div class=\"avia-image-container-inner\"><div class=\"avia-image-overlay-wrap\"><a href=\"https:\/\/www.mates.it\/wp-content\/uploads\/C770891.pdf\" class='avia_image '  target=\"_blank\"  rel=\"noopener noreferrer\" aria-label='mates_ISO_9001_AS_EN_9120_COL'><img decoding=\"async\" fetchpriority=\"high\" class=\"wp-image-21202 avia-img-lazy-loading-not-21202 avia_image \" src=\"https:\/\/www.mates.it\/wp-content\/uploads\/mates_ISO_9001_AS_EN_9120_COL-80x80.png\" alt=\"\" title=\"mates_ISO_9001_AS_EN_9120_COL\" height=\"80\" width=\"80\" srcset=\"https:\/\/www.mates.it\/wp-content\/uploads\/mates_ISO_9001_AS_EN_9120_COL-80x80.png 80w, https:\/\/www.mates.it\/wp-content\/uploads\/mates_ISO_9001_AS_EN_9120_COL-36x36.png 36w, https:\/\/www.mates.it\/wp-content\/uploads\/mates_ISO_9001_AS_EN_9120_COL-180x180.png 180w\" sizes=\"(max-width: 80px) 100vw, 80px\"><\/a><\/div><\/div><\/div><\/div>\n<div  class='flex_column av-av_one_fourth-81ffae5c045da499b4cdf64520897184 av_one_fourth  avia-builder-el-5  el_after_av_one_fourth  el_before_av_one_half  flex_column_div  column-top-margin'     ><section  class='av_textblock_section av-av_textblock-dbcbeb4b25deb31cf0be2b02b39d10f0 '  ><div class='avia_textblock' ><p class=\"p1\">EN 9120:2018<br \/>\nISO 9001:2015<\/p>\n<\/div><\/section><\/div>\n<div  class='flex_column av-av_one_half-81ffae5c045da499b4cdf64520897184 av_one_half  avia-builder-el-7  el_after_av_one_fourth  el_before_av_hr  flex_column_div  column-top-margin'     ><section  class='av_textblock_section av-mmhvc08s-ec310f8857448bd58e388150cd90e9f3 '  ><div class='avia_textblock' ><p class=\"p1\">Commercialisation de mati\u00e8res premi\u00e8res et de consommables pour la production de composites avanc\u00e9s.<\/p>\n<\/div><\/section><\/div>\n<div  class='hr av-av_hr-91d7ccd583a503147498e120fee2ff9b hr-default  avia-builder-el-9  el_after_av_one_half  el_before_av_buttonrow '><span class='hr-inner '><span class=\"hr-inner-style\"><\/span><\/span><\/div>\n<div  class='avia-buttonrow-wrap av-mmi1klvg-cb7cd23227474594a6c04dbf4cc16527 avia-buttonrow-center  avia-builder-el-10  el_after_av_hr  el_before_av_hr '>\n\n<style type=\"text\/css\" data-created_by=\"avia_inline_auto\" id=\"style-css-av-mmi1kkyz-62092059d823e575e02f877d4046a022\">\n#top #wrap_all .avia-button.av-mmi1kkyz-62092059d823e575e02f877d4046a022{\nmargin-bottom:5px;\nmargin-right:3px;\nmargin-left:3px;\n}\n<\/style>\n<a href=\"https:\/\/www.hexcel.com\/about-us\/#site-certifications\" class=\"avia-button av-mmi1kkyz-62092059d823e575e02f877d4046a022 avia-icon_select-yes-left-icon avia-size-small avia-color-theme-color\" target=\"_blank\" rel=\"noopener noreferrer\" aria-label=\"Hexcel\"><span class='avia_button_icon avia_button_icon_left avia-iconfont avia-font-entypo-fontello' data-av_icon='\ue85d' data-av_iconfont='entypo-fontello' ><\/span><span class='avia_iconbox_title' >Hexcel<\/span><\/a>\n\n<style type=\"text\/css\" data-created_by=\"avia_inline_auto\" id=\"style-css-av-av_buttonrow_item-34456f13b096c637b73dddd25f7d3ecc\">\n#top #wrap_all .avia-button.av-av_buttonrow_item-34456f13b096c637b73dddd25f7d3ecc{\nmargin-bottom:5px;\nmargin-right:3px;\nmargin-left:3px;\n}\n<\/style>\n<a href=\"https:\/\/bighead.co.uk\/the-techub\/\" class=\"avia-button av-av_buttonrow_item-34456f13b096c637b73dddd25f7d3ecc avia-icon_select-yes-left-icon avia-size-small avia-color-theme-color\" target=\"_blank\" rel=\"noopener noreferrer\" aria-label=\"BigHead\"><span class='avia_button_icon avia_button_icon_left avia-iconfont avia-font-entypo-fontello' data-av_icon='\ue85d' data-av_iconfont='entypo-fontello' ><\/span><span class='avia_iconbox_title' >BigHead<\/span><\/a>\n\n<style type=\"text\/css\" data-created_by=\"avia_inline_auto\" id=\"style-css-av-av_buttonrow_item-2a8cfbcb32df68a576ea4e1556934ab4\">\n#top #wrap_all .avia-button.av-av_buttonrow_item-2a8cfbcb32df68a576ea4e1556934ab4{\nmargin-bottom:5px;\nmargin-right:3px;\nmargin-left:3px;\n}\n<\/style>\n<a href=\"https:\/\/chemtrend.com\/company\/certifications\/\" class=\"avia-button av-av_buttonrow_item-2a8cfbcb32df68a576ea4e1556934ab4 avia-icon_select-yes-left-icon avia-size-small avia-color-theme-color\" target=\"_blank\" rel=\"noopener noreferrer\" aria-label=\"Chem-Trend\"><span class='avia_button_icon avia_button_icon_left avia-iconfont avia-font-entypo-fontello' data-av_icon='\ue85d' data-av_iconfont='entypo-fontello' ><\/span><span class='avia_iconbox_title' >Chem-Trend<\/span><\/a>\n\n<style type=\"text\/css\" data-created_by=\"avia_inline_auto\" id=\"style-css-av-av_buttonrow_item-f54dc47ffc4dba1ad4ade3735963ff29\">\n#top #wrap_all .avia-button.av-av_buttonrow_item-f54dc47ffc4dba1ad4ade3735963ff29{\nmargin-bottom:5px;\nmargin-right:3px;\nmargin-left:3px;\n}\n<\/style>\n<a href=\"https:\/\/www.5m.cz\/en\/about-company\/quality\" class=\"avia-button av-av_buttonrow_item-f54dc47ffc4dba1ad4ade3735963ff29 avia-icon_select-yes-left-icon avia-size-small avia-color-theme-color\" target=\"_blank\" rel=\"noopener noreferrer\" aria-label=\"5M\"><span class='avia_button_icon avia_button_icon_left avia-iconfont avia-font-entypo-fontello' data-av_icon='\ue85d' data-av_iconfont='entypo-fontello' ><\/span><span class='avia_iconbox_title' >5M<\/span><\/a>\n\n<style type=\"text\/css\" data-created_by=\"avia_inline_auto\" id=\"style-css-av-av_buttonrow_item-7e5327b98b7b3f1409d49cc7517b7a12\">\n#top #wrap_all .avia-button.av-av_buttonrow_item-7e5327b98b7b3f1409d49cc7517b7a12{\nmargin-bottom:5px;\nmargin-right:3px;\nmargin-left:3px;\n}\n<\/style>\n<a href=\"https:\/\/www.armacell.us\/solutions-center\/document-downloads\/certificates\/\" class=\"avia-button av-av_buttonrow_item-7e5327b98b7b3f1409d49cc7517b7a12 avia-icon_select-yes-left-icon avia-size-small avia-color-theme-color\" target=\"_blank\" rel=\"noopener noreferrer\" aria-label=\"Armacell\"><span class='avia_button_icon avia_button_icon_left avia-iconfont avia-font-entypo-fontello' data-av_icon='\ue85d' data-av_iconfont='entypo-fontello' ><\/span><span class='avia_iconbox_title' >Armacell<\/span><\/a>\n\n<style type=\"text\/css\" data-created_by=\"avia_inline_auto\" id=\"style-css-av-av_buttonrow_item-b04ca757ca835208f2ea3bae2c3ee557\">\n#top #wrap_all .avia-button.av-av_buttonrow_item-b04ca757ca835208f2ea3bae2c3ee557{\nmargin-bottom:5px;\nmargin-right:3px;\nmargin-left:3px;\n}\n<\/style>\n<a href=\"https:\/\/www.elantas.com\/europe\/about-us\/quality-health-environment-safety.html\" class=\"avia-button av-av_buttonrow_item-b04ca757ca835208f2ea3bae2c3ee557 avia-icon_select-yes-left-icon avia-size-small avia-color-theme-color\" target=\"_blank\" rel=\"noopener noreferrer\" aria-label=\"Elantas\"><span class='avia_button_icon avia_button_icon_left avia-iconfont avia-font-entypo-fontello' data-av_icon='\ue85d' data-av_iconfont='entypo-fontello' ><\/span><span class='avia_iconbox_title' >Elantas<\/span><\/a>\n\n<style type=\"text\/css\" data-created_by=\"avia_inline_auto\" id=\"style-css-av-av_buttonrow_item-1e415d1b56381738411a876dbf51a4e4\">\n#top #wrap_all .avia-button.av-av_buttonrow_item-1e415d1b56381738411a876dbf51a4e4{\nmargin-bottom:5px;\nmargin-right:3px;\nmargin-left:3px;\n}\n<\/style>\n<a href=\"https:\/\/www.3mitalia.it\/3M\/it_IT\/azienda-it\/\" class=\"avia-button av-av_buttonrow_item-1e415d1b56381738411a876dbf51a4e4 avia-icon_select-yes-left-icon avia-size-small avia-color-theme-color\" target=\"_blank\" rel=\"noopener noreferrer\" aria-label=\"3M\"><span class='avia_button_icon avia_button_icon_left avia-iconfont avia-font-entypo-fontello' data-av_icon='\ue85d' data-av_iconfont='entypo-fontello' ><\/span><span class='avia_iconbox_title' >3M<\/span><\/a>\n\n<style type=\"text\/css\" data-created_by=\"avia_inline_auto\" id=\"style-css-av-av_buttonrow_item-e316f762ca166187c6ed2dd3513cdec2\">\n#top #wrap_all .avia-button.av-av_buttonrow_item-e316f762ca166187c6ed2dd3513cdec2{\nmargin-bottom:5px;\nmargin-right:3px;\nmargin-left:3px;\n}\n<\/style>\n<a href=\"https:\/\/www.schuetz.net\/en\/downloads\/brochures\/\" class=\"avia-button av-av_buttonrow_item-e316f762ca166187c6ed2dd3513cdec2 avia-icon_select-yes-left-icon avia-size-small avia-color-theme-color\" target=\"_blank\" rel=\"noopener noreferrer\" aria-label=\"Schutz\"><span class='avia_button_icon avia_button_icon_left avia-iconfont avia-font-entypo-fontello' data-av_icon='\ue85d' data-av_iconfont='entypo-fontello' ><\/span><span class='avia_iconbox_title' >Schutz<\/span><\/a>\n<\/div>\n<div  class='hr av-av_hr-91d7ccd583a503147498e120fee2ff9b hr-default  avia-builder-el-11  el_after_av_buttonrow  el_before_av_one_full '><span class='hr-inner '><span class=\"hr-inner-style\"><\/span><\/span><\/div>\n<div  class='flex_column av-av_one_full-7714eba142aeda1f8b5272a3c372b279 av_one_full  avia-builder-el-12  el_after_av_hr  avia-builder-el-last  first flex_column_div  '     ><style type=\"text\/css\" data-created_by=\"avia_inline_auto\" id=\"style-css-av-av_image-c774b8c9c348fbd786ee5dbfc6759ba7\">\n.avia-image-container.av-av_image-c774b8c9c348fbd786ee5dbfc6759ba7 img.avia_image{\nbox-shadow:none;\n}\n.avia-image-container.av-av_image-c774b8c9c348fbd786ee5dbfc6759ba7 .av-image-caption-overlay-center{\ncolor:#ffffff;\n}\n<\/style>\n<div  class='avia-image-container av-av_image-c774b8c9c348fbd786ee5dbfc6759ba7 av-styling- avia-align-center  avia-builder-el-13  avia-builder-el-no-sibling '  ><div class=\"avia-image-container-inner\"><div class=\"avia-image-overlay-wrap\"><img decoding=\"async\" fetchpriority=\"high\" class='wp-image-17537 avia-img-lazy-loading-not-17537 avia_image ' src=\"https:\/\/www.mates.it\/wp-content\/uploads\/supporto_certificazioni.png\" alt='supporto_certificazioni' title='supporto_certificazioni'  height=\"190\" width=\"1000\" srcset=\"https:\/\/www.mates.it\/wp-content\/uploads\/supporto_certificazioni.png 1000w, https:\/\/www.mates.it\/wp-content\/uploads\/supporto_certificazioni-300x57.png 300w, https:\/\/www.mates.it\/wp-content\/uploads\/supporto_certificazioni-768x146.png 768w, https:\/\/www.mates.it\/wp-content\/uploads\/supporto_certificazioni-705x134.png 705w\" sizes=\"(max-width: 1000px) 100vw, 1000px\" \/><\/div><\/div><\/div><\/div>\n","protected":false},"excerpt":{"rendered":"<p>Ces r\u00e9alisations au fil des ans refl\u00e8tent clairement notre engagement constant en faveur de l&rsquo;innovation et l&rsquo;objectif premier d&rsquo;assurer la plus haute qualit\u00e9 et la plus grande satisfaction de nos clients.<\/p>\n","protected":false},"author":1,"featured_media":17537,"parent":9348,"menu_order":3,"comment_status":"closed","ping_status":"closed","template":"","meta":{"footnotes":""},"class_list":["post-9200","page","type-page","status-publish","has-post-thumbnail","hentry"],"_links":{"self":[{"href":"https:\/\/www.mates.it\/fr\/wp-json\/wp\/v2\/pages\/9200","targetHints":{"allow":["GET"]}}],"collection":[{"href":"https:\/\/www.mates.it\/fr\/wp-json\/wp\/v2\/pages"}],"about":[{"href":"https:\/\/www.mates.it\/fr\/wp-json\/wp\/v2\/types\/page"}],"author":[{"embeddable":true,"href":"https:\/\/www.mates.it\/fr\/wp-json\/wp\/v2\/users\/1"}],"replies":[{"embeddable":true,"href":"https:\/\/www.mates.it\/fr\/wp-json\/wp\/v2\/comments?post=9200"}],"version-history":[{"count":5,"href":"https:\/\/www.mates.it\/fr\/wp-json\/wp\/v2\/pages\/9200\/revisions"}],"predecessor-version":[{"id":21252,"href":"https:\/\/www.mates.it\/fr\/wp-json\/wp\/v2\/pages\/9200\/revisions\/21252"}],"up":[{"embeddable":true,"href":"https:\/\/www.mates.it\/fr\/wp-json\/wp\/v2\/pages\/9348"}],"wp:featuredmedia":[{"embeddable":true,"href":"https:\/\/www.mates.it\/fr\/wp-json\/wp\/v2\/media\/17537"}],"wp:attachment":[{"href":"https:\/\/www.mates.it\/fr\/wp-json\/wp\/v2\/media?parent=9200"}],"curies":[{"name":"wp","href":"https:\/\/api.w.org\/{rel}","templated":true}]}}