{"id":9206,"date":"2015-09-16T12:01:01","date_gmt":"2015-09-16T10:01:01","guid":{"rendered":"https:\/\/www.mates.it\/supporto\/servizi-offerti\/processus-personnalisations\/"},"modified":"2023-09-02T00:07:49","modified_gmt":"2023-09-01T22:07:49","slug":"personnalisations","status":"publish","type":"page","link":"https:\/\/www.mates.it\/fr\/a-propos-de-nous\/services-proposes\/personnalisations\/","title":{"rendered":"Personnalisations"},"content":{"rendered":"<div  class='flex_column av-av_one_full-7714eba142aeda1f8b5272a3c372b279 av_one_full  avia-builder-el-0  el_before_av_hr  avia-builder-el-first  first flex_column_div  '     ><p>\n<style type=\"text\/css\" data-created_by=\"avia_inline_auto\" id=\"style-css-av-lm15biob-a1dcbe2d3f326f60659f3978618142b3\">\n#top .av-special-heading.av-lm15biob-a1dcbe2d3f326f60659f3978618142b3{\npadding-bottom:10px;\n}\nbody .av-special-heading.av-lm15biob-a1dcbe2d3f326f60659f3978618142b3 .av-special-heading-tag .heading-char{\nfont-size:25px;\n}\n.av-special-heading.av-lm15biob-a1dcbe2d3f326f60659f3978618142b3 .av-subheading{\nfont-size:15px;\n}\n<\/style>\n<div  class='av-special-heading av-lm15biob-a1dcbe2d3f326f60659f3978618142b3 av-special-heading-h1  avia-builder-el-1  el_before_av_textblock  avia-builder-el-first  custom-h1-title'><h1 class='av-special-heading-tag '  >Personnalisations<\/h1><div class=\"special-heading-border\"><div class=\"special-heading-inner-border\"><\/div><\/div><\/div><br \/>\n<section  class='av_textblock_section av-lm15bdjx-20902949a4926abf8ea0fb420b4cb9d1 '  ><div class='avia_textblock' ><p>Notre entreprise est en mesure d&rsquo;offrir une assistance sp\u00e9cifique aussi bien pour le lancement d&rsquo;un nouveau projet que pour l&rsquo;optimisation d&rsquo;un processus d\u00e9j\u00e0 entam\u00e9. Ce service est fourni en garantissant une assistance constante par t\u00e9l\u00e9phone et par des visites sur le terrain de la part de collaborateurs internes ou externes, sp\u00e9cialis\u00e9s dans le processus et capables de trouver des solutions personnalis\u00e9es aux principaux probl\u00e8mes. La premi\u00e8re phase consiste en une analyse primaire et une d\u00e9finition des objectifs \u00e0 atteindre. Elle est suivie du choix du processus le plus appropri\u00e9 ou de l&rsquo;affinement de celui d\u00e9j\u00e0 en place, en cherchant \u00e0 r\u00e9duire les d\u00e9lais et les co\u00fbts gr\u00e2ce \u00e0 l&rsquo;optimisation et \u00e0 la personnalisation des mat\u00e9riaux.<\/p>\n<p>Les mat\u00e9riaux de base (Nomex\u00ae ou PET\u00ae) peuvent \u00eatre coup\u00e9s \u00e0 des \u00e9paisseurs sp\u00e9cifiques demand\u00e9es par le client ou des kits pr\u00e9form\u00e9s peuvent \u00eatre demand\u00e9s pour des cibles sp\u00e9cifiques. Les r\u00e9sines et les gelcoats peuvent \u00eatre fournis dans des couleurs sp\u00e9ciales (RAL) en plus de celles du catalogue. Nous sommes \u00e9galement en mesure de cr\u00e9er des kits sp\u00e9cifiques au client \u00e0 partir de la d\u00e9coupe de produits en rouleau (services de kitting), afin de r\u00e9duire les temps de travail et les co\u00fbts, en \u00e9vitant les d\u00e9chets et en optimisant ainsi la qualit\u00e9 du processus.<br \/>\nLes exigences particuli\u00e8res des clients peuvent \u00e9galement \u00eatre satisfaites gr\u00e2ce \u00e0 la personnalisation, comme les \u00e9tiquettes priv\u00e9es, les produits sans \u00e9tiquettes ou avec des \u00e9tiquettes portant le logo du client.<\/p>\n<\/div><\/section><\/p><\/div><div  class='hr av-av_hr-91d7ccd583a503147498e120fee2ff9b hr-default  avia-builder-el-3  el_after_av_one_full  el_before_av_one_full '><span class='hr-inner '><span class=\"hr-inner-style\"><\/span><\/span><\/div><\/p>\n<div  class='flex_column av-av_one_full-7714eba142aeda1f8b5272a3c372b279 av_one_full  avia-builder-el-4  el_after_av_hr  avia-builder-el-last  first flex_column_div  '     ><style type=\"text\/css\" data-created_by=\"avia_inline_auto\" id=\"style-css-av-av_image-bca6b005d95a97fdaa7cfa41600a492a\">\n.avia-image-container.av-av_image-bca6b005d95a97fdaa7cfa41600a492a img.avia_image{\nbox-shadow:none;\n}\n.avia-image-container.av-av_image-bca6b005d95a97fdaa7cfa41600a492a .av-image-caption-overlay-center{\ncolor:#ffffff;\n}\n<\/style>\n<div  class='avia-image-container av-av_image-bca6b005d95a97fdaa7cfa41600a492a av-styling- avia-align-center  avia-builder-el-5  avia-builder-el-no-sibling '  ><div class=\"avia-image-container-inner\"><div class=\"avia-image-overlay-wrap\"><img decoding=\"async\" fetchpriority=\"high\" class='wp-image-17542 avia-img-lazy-loading-not-17542 avia_image ' src=\"https:\/\/www.mates.it\/wp-content\/uploads\/supporto_personalizzazioni.svg.png\" alt='supporto_personalizzazioni.svg' title='supporto_personalizzazioni.svg'  height=\"190\" width=\"1000\" srcset=\"https:\/\/www.mates.it\/wp-content\/uploads\/supporto_personalizzazioni.svg.png 1000w, https:\/\/www.mates.it\/wp-content\/uploads\/supporto_personalizzazioni.svg-300x57.png 300w, https:\/\/www.mates.it\/wp-content\/uploads\/supporto_personalizzazioni.svg-768x146.png 768w, https:\/\/www.mates.it\/wp-content\/uploads\/supporto_personalizzazioni.svg-705x134.png 705w\" sizes=\"(max-width: 1000px) 100vw, 1000px\" \/><\/div><\/div><\/div><\/div>\n","protected":false},"excerpt":{"rendered":"<p>Notre soci\u00e9t\u00e9 est en mesure d&rsquo;offrir une assistance sp\u00e9cifique tant pour lancer un nouveau projet que pour optimiser un processus d\u00e9j\u00e0 entam\u00e9 et trouver des solutions personnalis\u00e9es \u00e0 des probl\u00e8mes majeurs.<\/p>\n","protected":false},"author":1,"featured_media":17542,"parent":9161,"menu_order":5,"comment_status":"open","ping_status":"closed","template":"","meta":{"footnotes":""},"class_list":["post-9206","page","type-page","status-publish","has-post-thumbnail","hentry"],"_links":{"self":[{"href":"https:\/\/www.mates.it\/fr\/wp-json\/wp\/v2\/pages\/9206","targetHints":{"allow":["GET"]}}],"collection":[{"href":"https:\/\/www.mates.it\/fr\/wp-json\/wp\/v2\/pages"}],"about":[{"href":"https:\/\/www.mates.it\/fr\/wp-json\/wp\/v2\/types\/page"}],"author":[{"embeddable":true,"href":"https:\/\/www.mates.it\/fr\/wp-json\/wp\/v2\/users\/1"}],"replies":[{"embeddable":true,"href":"https:\/\/www.mates.it\/fr\/wp-json\/wp\/v2\/comments?post=9206"}],"version-history":[{"count":0,"href":"https:\/\/www.mates.it\/fr\/wp-json\/wp\/v2\/pages\/9206\/revisions"}],"up":[{"embeddable":true,"href":"https:\/\/www.mates.it\/fr\/wp-json\/wp\/v2\/pages\/9161"}],"wp:featuredmedia":[{"embeddable":true,"href":"https:\/\/www.mates.it\/fr\/wp-json\/wp\/v2\/media\/17542"}],"wp:attachment":[{"href":"https:\/\/www.mates.it\/fr\/wp-json\/wp\/v2\/media?parent=9206"}],"curies":[{"name":"wp","href":"https:\/\/api.w.org\/{rel}","templated":true}]}}