{"id":9210,"date":"2015-09-16T14:34:26","date_gmt":"2015-09-16T12:34:26","guid":{"rendered":"https:\/\/www.mates.it\/prodotti\/tessuti-rinforzi\/fibres-hybrides\/"},"modified":"2023-06-25T03:59:21","modified_gmt":"2023-06-25T01:59:21","slug":"fibres-hybrides","status":"publish","type":"page","link":"https:\/\/www.mates.it\/fr\/produits\/tissus-renforts\/fibres-hybrides\/","title":{"rendered":"Fibres hybrides"},"content":{"rendered":"\n<style type=\"text\/css\" data-created_by=\"avia_inline_auto\" id=\"style-css-av-ljas5yoo-86dfafbafd005ac04a88af3ef08bc306\">\n.avia-image-container.av-ljas5yoo-86dfafbafd005ac04a88af3ef08bc306 img.avia_image{\nbox-shadow:none;\n}\n.avia-image-container.av-ljas5yoo-86dfafbafd005ac04a88af3ef08bc306 .av-image-caption-overlay-center{\ncolor:#ffffff;\n}\n<\/style>\n<div  class='avia-image-container av-ljas5yoo-86dfafbafd005ac04a88af3ef08bc306 av-styling- avia-align-center  avia-builder-el-0  el_before_av_hr  avia-builder-el-first '  ><div class=\"avia-image-container-inner\"><div class=\"avia-image-overlay-wrap\"><img decoding=\"async\" fetchpriority=\"high\" class=\"wp-image-7237 avia-img-lazy-loading-not-7237 avia_image \" src=\"https:\/\/www.mates.it\/wp-content\/uploads\/2016\/05\/Fibre-ibride.jpg\" alt=\"\" title=\"Fibre ibride\" height=\"190\" width=\"1000\" srcset=\"https:\/\/www.mates.it\/wp-content\/uploads\/2016\/05\/Fibre-ibride.jpg 1000w, https:\/\/www.mates.it\/wp-content\/uploads\/2016\/05\/Fibre-ibride-300x57.jpg 300w, https:\/\/www.mates.it\/wp-content\/uploads\/2016\/05\/Fibre-ibride-768x146.jpg 768w\" sizes=\"(max-width: 1000px) 100vw, 1000px\"><\/div><\/div><\/div>\n<div  class='hr av-av_hr-91d7ccd583a503147498e120fee2ff9b hr-default  avia-builder-el-1  el_after_av_image  el_before_av_three_fifth '><span class='hr-inner '><span class=\"hr-inner-style\"><\/span><\/span><\/div>\n<div  class='flex_column av-av_three_fifth-7714eba142aeda1f8b5272a3c372b279 av_three_fifth  avia-builder-el-2  el_after_av_hr  el_before_av_two_fifth  first flex_column_div  '     ><p>\n<style type=\"text\/css\" data-created_by=\"avia_inline_auto\" id=\"style-css-av-ljas64jr-0d1b286f9f295142b4ebbc4cdb921869\">\n#top .av-special-heading.av-ljas64jr-0d1b286f9f295142b4ebbc4cdb921869{\npadding-bottom:10px;\n}\nbody .av-special-heading.av-ljas64jr-0d1b286f9f295142b4ebbc4cdb921869 .av-special-heading-tag .heading-char{\nfont-size:25px;\n}\n.av-special-heading.av-ljas64jr-0d1b286f9f295142b4ebbc4cdb921869 .av-subheading{\nfont-size:15px;\n}\n<\/style>\n<div  class='av-special-heading av-ljas64jr-0d1b286f9f295142b4ebbc4cdb921869 av-special-heading-h1  avia-builder-el-3  el_before_av_textblock  avia-builder-el-first  custom-h1-title'><h1 class='av-special-heading-tag '  >Fibres hybrides<\/h1><div class=\"special-heading-border\"><div class=\"special-heading-inner-border\"><\/div><\/div><\/div><br \/>\n<section  class='av_textblock_section av-ljas5gsg-d29f345a9c8402b75b3d10fb60a7620c '  ><div class='avia_textblock' ><p>Nous disposons d&rsquo;une large gamme de tissus hybrides \u00e9quilibr\u00e9s, qui se distinguent par leur poids, leur composition et leur type de trame. Les tissus hybrides (carbone\/aramide, verre\/aramide, verre\/carbone, polyester\/aramide, etc.) sont en mesure de conserver les caract\u00e9ristiques m\u00e9caniques des diff\u00e9rents types de fibres qui les composent, tout en \u00e9liminant le risque de d\u00e9lamination que l&rsquo;on pourrait rencontrer en laminant ces tissus directement dans le moule. Ces tissus sont soigneusement s\u00e9lectionn\u00e9s par notre service technique et soumis \u00e0 des tests m\u00e9caniques et pratiques approfondis (production directe de composants en interne ou tests chez certains de nos clients) avant d&rsquo;\u00eatre commercialis\u00e9s.<\/p>\n<\/div><\/section><\/p><\/div>\n<div  class='flex_column av-av_two_fifth-f1c518e9ff58e869f80c8f093487abc9 av_two_fifth  avia-builder-el-5  el_after_av_three_fifth  el_before_av_hr  flex_column_div  '     ><style type=\"text\/css\" data-created_by=\"avia_inline_auto\" id=\"style-css-av-ljas7lx7-097d1bd1a64aa0d9325d8fb5a6f82caa\">\n#top .togglecontainer.av-ljas7lx7-097d1bd1a64aa0d9325d8fb5a6f82caa h4.toggler{\nfont-size:14px;\n}\n#top .togglecontainer.av-ljas7lx7-097d1bd1a64aa0d9325d8fb5a6f82caa h4.toggler.activeTitle{\ncolor:#ffffff;\nborder-color:#ffffff;\nbackground-color:#2682d3;\n}\n<\/style>\n<div  class='togglecontainer av-ljas7lx7-097d1bd1a64aa0d9325d8fb5a6f82caa  avia-builder-el-6  avia-builder-el-no-sibling  accordion_product toggle_close_all hasCurrentStyle' >\n<section class='av_toggle_section av-ljas7et2-a789a1e96986da7f70c1efc9e0a0da92' ><div role=\"tablist\" class=\"single_toggle\" data-tags=\"{Tout} \"  ><h4 id='toggle-toggle-id-1' data-fake-id='#toggle-id-1' class='toggler  activeTitle av-title-above '  role='tab' tabindex='0' aria-controls='toggle-id-1' data-slide-speed=\"200\" data-title=\"Avantages\" data-title-open=\"\" data-aria_collapsed=\"Cliquez pour \u00e9tendre : Avantages\" data-aria_expanded=\"Cliquez pour r\u00e9duire : Avantages\">Avantages<span class=\"toggle_icon\"><span class=\"vert_icon\"><\/span><span class=\"hor_icon\"><\/span><\/span><\/h4><div id='toggle-id-1' aria-labelledby='toggle-toggle-id-1' role='region' class='toggle_wrap  active_tc av-title-above' style='display:block;' ><div class='toggle_content invers-color ' ><ul class=\"customlist1\">\n<li>Molte combinazioni<\/li>\n<li>Caratteristiche integrabili<\/li>\n<li>Basso rischio di delaminazione<\/li>\n<li>Allungamento ridotto<\/li>\n<\/ul>\n<\/div><\/div><\/div><\/section>\n<section class='av_toggle_section av-ljas7k07-89688477f513d2142608c5f15c15db66' ><div role=\"tablist\" class=\"single_toggle\" data-tags=\"{Tout} \"  ><h4 id='toggle-toggle-id-2' data-fake-id='#toggle-id-2' class='toggler  av-title-above '  role='tab' tabindex='0' aria-controls='toggle-id-2' data-slide-speed=\"200\" data-title=\"Types de produit\" data-title-open=\"\" data-aria_collapsed=\"Cliquez pour \u00e9tendre : Types de produit\" data-aria_expanded=\"Cliquez pour r\u00e9duire : Types de produit\">Types de produit<span class=\"toggle_icon\"><span class=\"vert_icon\"><\/span><span class=\"hor_icon\"><\/span><\/span><\/h4><div id='toggle-id-2' aria-labelledby='toggle-toggle-id-2' role='region' class='toggle_wrap  av-title-above'  ><div class='toggle_content invers-color ' ><li class=\"page_item page-item-9286\"><a href=\"https:\/\/www.mates.it\/fr\/produits\/tissus-renforts\/fibres-hybrides\/tissus-i\/\">Tissus<\/a><\/li>\n<li class=\"page_item page-item-9287\"><a href=\"https:\/\/www.mates.it\/fr\/produits\/tissus-renforts\/fibres-hybrides\/multiaxiale-i\/\">Multiaxiale<\/a><\/li>\n<li class=\"page_item page-item-9285\"><a href=\"https:\/\/www.mates.it\/fr\/produits\/tissus-renforts\/fibres-hybrides\/preimpregnes-i\/\">Pr\u00e9 impr\u00e9gn\u00e9s<\/a><\/li>\n\n<\/div><\/div><\/div><\/section>\n<\/div><\/div><div  class='hr av-av_hr-91d7ccd583a503147498e120fee2ff9b hr-default  avia-builder-el-7  el_after_av_two_fifth  avia-builder-el-last '><span class='hr-inner '><span class=\"hr-inner-style\"><\/span><\/span><\/div><\/p>\n","protected":false},"excerpt":{"rendered":"<p>Les tissus hybrides permettent de conserver les caract\u00e9ristiques m\u00e9caniques des diff\u00e9rents types de fibres qui les composent, tout en \u00e9liminant le risque de d\u00e9lamination.<\/p>\n","protected":false},"author":1,"featured_media":7237,"parent":9139,"menu_order":4,"comment_status":"open","ping_status":"open","template":"","meta":{"footnotes":""},"class_list":["post-9210","page","type-page","status-publish","has-post-thumbnail","hentry"],"_links":{"self":[{"href":"https:\/\/www.mates.it\/fr\/wp-json\/wp\/v2\/pages\/9210","targetHints":{"allow":["GET"]}}],"collection":[{"href":"https:\/\/www.mates.it\/fr\/wp-json\/wp\/v2\/pages"}],"about":[{"href":"https:\/\/www.mates.it\/fr\/wp-json\/wp\/v2\/types\/page"}],"author":[{"embeddable":true,"href":"https:\/\/www.mates.it\/fr\/wp-json\/wp\/v2\/users\/1"}],"replies":[{"embeddable":true,"href":"https:\/\/www.mates.it\/fr\/wp-json\/wp\/v2\/comments?post=9210"}],"version-history":[{"count":0,"href":"https:\/\/www.mates.it\/fr\/wp-json\/wp\/v2\/pages\/9210\/revisions"}],"up":[{"embeddable":true,"href":"https:\/\/www.mates.it\/fr\/wp-json\/wp\/v2\/pages\/9139"}],"wp:featuredmedia":[{"embeddable":true,"href":"https:\/\/www.mates.it\/fr\/wp-json\/wp\/v2\/media\/7237"}],"wp:attachment":[{"href":"https:\/\/www.mates.it\/fr\/wp-json\/wp\/v2\/media?parent=9210"}],"curies":[{"name":"wp","href":"https:\/\/api.w.org\/{rel}","templated":true}]}}