{"id":9214,"date":"2015-09-16T14:34:11","date_gmt":"2015-09-16T12:34:11","guid":{"rendered":"https:\/\/www.mates.it\/prodotti\/tessuti-rinforzi\/fibre-aramide\/"},"modified":"2023-12-15T20:55:38","modified_gmt":"2023-12-15T19:55:38","slug":"fibre-aramide","status":"publish","type":"page","link":"https:\/\/www.mates.it\/fr\/produits\/tissus-renforts\/fibre-aramide\/","title":{"rendered":"Fibre aramide"},"content":{"rendered":"\n<style type=\"text\/css\" data-created_by=\"avia_inline_auto\" id=\"style-css-av-av_image-0b2a1086a98ce850819ddc57e23c8679\">\n.avia-image-container.av-av_image-0b2a1086a98ce850819ddc57e23c8679 img.avia_image{\nbox-shadow:none;\n}\n.avia-image-container.av-av_image-0b2a1086a98ce850819ddc57e23c8679 .av-image-caption-overlay-center{\ncolor:#ffffff;\n}\n<\/style>\n<div  class='avia-image-container av-av_image-0b2a1086a98ce850819ddc57e23c8679 av-styling- avia-align-center  avia-builder-el-0  el_before_av_hr  avia-builder-el-first '  ><div class=\"avia-image-container-inner\"><div class=\"avia-image-overlay-wrap\"><img decoding=\"async\" fetchpriority=\"high\" class=\"wp-image- avia-img-lazy-loading-not- avia_image \" src=\"https:\/\/www.mates.it\/wp-content\/uploads\/2016\/05\/Fibra-aramidica.jpg\" alt=\"\" title=\"\"><\/div><\/div><\/div>\n<div  class='hr av-av_hr-91d7ccd583a503147498e120fee2ff9b hr-default  avia-builder-el-1  el_after_av_image  el_before_av_three_fifth '><span class='hr-inner '><span class=\"hr-inner-style\"><\/span><\/span><\/div>\n<div  class='flex_column av-av_three_fifth-7714eba142aeda1f8b5272a3c372b279 av_three_fifth  avia-builder-el-2  el_after_av_hr  el_before_av_two_fifth  first flex_column_div  '     ><p>\n<style type=\"text\/css\" data-created_by=\"avia_inline_auto\" id=\"style-css-av-ljaph12e-33e1040c2f1d55b55dc10381cf887e71\">\n#top .av-special-heading.av-ljaph12e-33e1040c2f1d55b55dc10381cf887e71{\npadding-bottom:10px;\n}\nbody .av-special-heading.av-ljaph12e-33e1040c2f1d55b55dc10381cf887e71 .av-special-heading-tag .heading-char{\nfont-size:25px;\n}\n.av-special-heading.av-ljaph12e-33e1040c2f1d55b55dc10381cf887e71 .av-subheading{\nfont-size:15px;\n}\n<\/style>\n<div  class='av-special-heading av-ljaph12e-33e1040c2f1d55b55dc10381cf887e71 av-special-heading-h1  avia-builder-el-3  el_before_av_textblock  avia-builder-el-first  custom-h1-title'><h1 class='av-special-heading-tag '  >Fibre aramide<\/h1><div class=\"special-heading-border\"><div class=\"special-heading-inner-border\"><\/div><\/div><\/div><br \/>\n<section  class='av_textblock_section av-ljapf1ms-bead65cb7a94f5db05bc3a8fbd86c46e '  ><div class='avia_textblock' ><p>Les fibres aramides, auxquelles appartient le Kevlar\u00ae, constituent un groupe sp\u00e9cial de fibres synth\u00e9tiques particuli\u00e8rement solides et extr\u00eamement r\u00e9sistantes \u00e0 la chaleur et au frottement en raison de leurs propri\u00e9t\u00e9s chimiques. Elles sont largement utilis\u00e9es dans la production de composites avanc\u00e9s dans des structures \u00e0 renfort unique ou en combinaison avec d&rsquo;autres fibres, telles que les fibres de carbone. Les fibres aramides sont dot\u00e9es de caract\u00e9ristiques uniques telles que la r\u00e9sistance \u00e0 la chaleur\/\u00e0 la flamme, la r\u00e9sistance \u00e0 la perforation et \u00e0 l&rsquo;abrasion, mais elles sont \u00e9galement utilis\u00e9es pour emp\u00eacher l&rsquo;\u00e9clatement en cas d&rsquo;impact.<\/p>\n<\/div><\/section><\/p><\/div><div  class='flex_column av-av_two_fifth-f1c518e9ff58e869f80c8f093487abc9 av_two_fifth  avia-builder-el-5  el_after_av_three_fifth  el_before_av_hr  flex_column_div  '     ><style type=\"text\/css\" data-created_by=\"avia_inline_auto\" id=\"style-css-av-ljapgfko-8863f863b5121be2b451608c5a963b4a\">\n#top .togglecontainer.av-ljapgfko-8863f863b5121be2b451608c5a963b4a h4.toggler{\nfont-size:14px;\n}\n#top .togglecontainer.av-ljapgfko-8863f863b5121be2b451608c5a963b4a h4.toggler.activeTitle{\ncolor:#ffffff;\nborder-color:#ffffff;\nbackground-color:#2682d3;\n}\n<\/style>\n<div  class='togglecontainer av-ljapgfko-8863f863b5121be2b451608c5a963b4a  avia-builder-el-6  avia-builder-el-no-sibling  accordion_product toggle_close_all hasCurrentStyle' >\n<section class='av_toggle_section av-ljapg3p7-c7008b2d706825f9f0b753650701539c' ><div role=\"tablist\" class=\"single_toggle\" data-tags=\"{Tout} \"  ><h4 id='toggle-toggle-id-1' data-fake-id='#toggle-id-1' class='toggler  activeTitle av-title-above '  role='tab' tabindex='0' aria-controls='toggle-id-1' data-slide-speed=\"200\" data-title=\"Avantages\" data-title-open=\"\" data-aria_collapsed=\"Cliquez pour \u00e9tendre : Avantages\" data-aria_expanded=\"Cliquez pour r\u00e9duire : Avantages\">Avantages<span class=\"toggle_icon\"><span class=\"vert_icon\"><\/span><span class=\"hor_icon\"><\/span><\/span><\/h4><div id='toggle-id-1' aria-labelledby='toggle-toggle-id-1' role='region' class='toggle_wrap  active_tc av-title-above' style='display:block;' ><div class='toggle_content invers-color ' ><ul>\n<li>R\u00e9sistance \u00e0 la chaleur\/\u00e0 la flamme<\/li>\n<li>Confinement de la rupture<\/li>\n<li>Isolation thermique<\/li>\n<li>Anti-perforation<\/li>\n<li>R\u00e9sistance \u00e0 l&rsquo;abrasion<\/li>\n<\/ul>\n<\/div><\/div><\/div><\/section>\n<section class='av_toggle_section av-ljapgcit-e96d061df873eb61d0dfb06cdfdeb0df' ><div role=\"tablist\" class=\"single_toggle\" data-tags=\"{Tout} \"  ><h4 id='toggle-toggle-id-2' data-fake-id='#toggle-id-2' class='toggler  av-title-above '  role='tab' tabindex='0' aria-controls='toggle-id-2' data-slide-speed=\"200\" data-title=\"Types de produits\" data-title-open=\"\" data-aria_collapsed=\"Cliquez pour \u00e9tendre : Types de produits\" data-aria_expanded=\"Cliquez pour r\u00e9duire : Types de produits\">Types de produits<span class=\"toggle_icon\"><span class=\"vert_icon\"><\/span><span class=\"hor_icon\"><\/span><\/span><\/h4><div id='toggle-id-2' aria-labelledby='toggle-toggle-id-2' role='region' class='toggle_wrap  av-title-above'  ><div class='toggle_content invers-color ' ><li class=\"page_item page-item-9281\"><a href=\"https:\/\/www.mates.it\/fr\/produits\/tissus-renforts\/fibre-aramide\/tissus-a\/\">Tissus<\/a><\/li>\n<li class=\"page_item page-item-9282\"><a href=\"https:\/\/www.mates.it\/fr\/produits\/tissus-renforts\/fibre-aramide\/unidirectionnels-multiaxiaux-a\/\">Unidirectionnels \/ Multiaxiaux<\/a><\/li>\n<li class=\"page_item page-item-9377\"><a href=\"https:\/\/www.mates.it\/fr\/produits\/tissus-renforts\/fibre-aramide\/rubans-tresses-a\/\">Rubans \/ Tresses<\/a><\/li>\n<li class=\"page_item page-item-9284\"><a href=\"https:\/\/www.mates.it\/fr\/produits\/tissus-renforts\/fibre-aramide\/preimpregnes-a\/\">Pr\u00e9 impr\u00e9gn\u00e9s<\/a><\/li>\n\n<\/div><\/div><\/div><\/section>\n<\/div><\/div><div  class='hr av-av_hr-91d7ccd583a503147498e120fee2ff9b hr-default  avia-builder-el-7  el_after_av_two_fifth  avia-builder-el-last '><span class='hr-inner '><span class=\"hr-inner-style\"><\/span><\/span><\/div><\/p>\n","protected":false},"excerpt":{"rendered":"<p>Les fibres aramides, auxquelles appartient le Kevlar\u00ae, constituent un groupe sp\u00e9cial de fibres synth\u00e9tiques particuli\u00e8rement solides et extr\u00eamement r\u00e9sistantes \u00e0 la chaleur et au frottement en raison de leurs propri\u00e9t\u00e9s chimiques.<\/p>\n","protected":false},"author":1,"featured_media":7213,"parent":9139,"menu_order":3,"comment_status":"open","ping_status":"open","template":"","meta":{"footnotes":""},"class_list":["post-9214","page","type-page","status-publish","has-post-thumbnail","hentry"],"_links":{"self":[{"href":"https:\/\/www.mates.it\/fr\/wp-json\/wp\/v2\/pages\/9214","targetHints":{"allow":["GET"]}}],"collection":[{"href":"https:\/\/www.mates.it\/fr\/wp-json\/wp\/v2\/pages"}],"about":[{"href":"https:\/\/www.mates.it\/fr\/wp-json\/wp\/v2\/types\/page"}],"author":[{"embeddable":true,"href":"https:\/\/www.mates.it\/fr\/wp-json\/wp\/v2\/users\/1"}],"replies":[{"embeddable":true,"href":"https:\/\/www.mates.it\/fr\/wp-json\/wp\/v2\/comments?post=9214"}],"version-history":[{"count":0,"href":"https:\/\/www.mates.it\/fr\/wp-json\/wp\/v2\/pages\/9214\/revisions"}],"up":[{"embeddable":true,"href":"https:\/\/www.mates.it\/fr\/wp-json\/wp\/v2\/pages\/9139"}],"wp:featuredmedia":[{"embeddable":true,"href":"https:\/\/www.mates.it\/fr\/wp-json\/wp\/v2\/media\/7213"}],"wp:attachment":[{"href":"https:\/\/www.mates.it\/fr\/wp-json\/wp\/v2\/media?parent=9214"}],"curies":[{"name":"wp","href":"https:\/\/api.w.org\/{rel}","templated":true}]}}