{"id":9218,"date":"2015-09-16T14:34:03","date_gmt":"2015-09-16T12:34:03","guid":{"rendered":"https:\/\/www.mates.it\/prodotti\/tessuti-rinforzi\/fibre-de-verre\/"},"modified":"2023-10-14T14:49:50","modified_gmt":"2023-10-14T12:49:50","slug":"fibre-de-verre","status":"publish","type":"page","link":"https:\/\/www.mates.it\/fr\/produits\/tissus-renforts\/fibre-de-verre\/","title":{"rendered":"Fibre de verre"},"content":{"rendered":"\n<p><\/p>\n\n\n\n<style type=\"text\/css\" data-created_by=\"avia_inline_auto\" id=\"style-css-av-lj9zex43-46914c05096b578b9bb0e2494162a341\">\n.avia-image-container.av-lj9zex43-46914c05096b578b9bb0e2494162a341 img.avia_image{\nbox-shadow:none;\n}\n.avia-image-container.av-lj9zex43-46914c05096b578b9bb0e2494162a341 .av-image-caption-overlay-center{\ncolor:#ffffff;\n}\n<\/style>\n<div  class='avia-image-container av-lj9zex43-46914c05096b578b9bb0e2494162a341 av-styling- avia-align-center  avia-builder-el-0  el_before_av_hr  avia-builder-el-first '  ><div class=\"avia-image-container-inner\"><div class=\"avia-image-overlay-wrap\"><img decoding=\"async\" fetchpriority=\"high\" class=\"wp-image-7221 avia-img-lazy-loading-not-7221 avia_image \" src=\"https:\/\/www.mates.it\/wp-content\/uploads\/2016\/05\/Fibra-di-vetro.jpg\" alt=\"\" title=\"Fibra di vetro\" height=\"190\" width=\"1000\" srcset=\"https:\/\/www.mates.it\/wp-content\/uploads\/2016\/05\/Fibra-di-vetro.jpg 1000w, https:\/\/www.mates.it\/wp-content\/uploads\/2016\/05\/Fibra-di-vetro-300x57.jpg 300w, https:\/\/www.mates.it\/wp-content\/uploads\/2016\/05\/Fibra-di-vetro-768x146.jpg 768w\" sizes=\"(max-width: 1000px) 100vw, 1000px\"><\/div><\/div><\/div>\n<div  class='hr av-av_hr-91d7ccd583a503147498e120fee2ff9b hr-default  avia-builder-el-1  el_after_av_image  el_before_av_three_fifth '><span class='hr-inner '><span class=\"hr-inner-style\"><\/span><\/span><\/div>\n<div  class='flex_column av-av_three_fifth-7714eba142aeda1f8b5272a3c372b279 av_three_fifth  avia-builder-el-2  el_after_av_hr  el_before_av_two_fifth  first flex_column_div  '     ><p>\n<style type=\"text\/css\" data-created_by=\"avia_inline_auto\" id=\"style-css-av-lj9zd2qh-6c698d6e85e5a6a84020e577383876f5\">\n#top .av-special-heading.av-lj9zd2qh-6c698d6e85e5a6a84020e577383876f5{\npadding-bottom:10px;\n}\nbody .av-special-heading.av-lj9zd2qh-6c698d6e85e5a6a84020e577383876f5 .av-special-heading-tag .heading-char{\nfont-size:25px;\n}\n.av-special-heading.av-lj9zd2qh-6c698d6e85e5a6a84020e577383876f5 .av-subheading{\nfont-size:15px;\n}\n<\/style>\n<div  class='av-special-heading av-lj9zd2qh-6c698d6e85e5a6a84020e577383876f5 av-special-heading-h1  avia-builder-el-3  el_before_av_textblock  avia-builder-el-first  custom-h1-title'><h1 class='av-special-heading-tag '  >Fibre de verre<\/h1><div class=\"special-heading-border\"><div class=\"special-heading-inner-border\"><\/div><\/div><\/div><br \/>\n<section  class='av_textblock_section av-lj9zdc97-485b47332616b501d1f187e0bb159f07 '  ><div class='avia_textblock' ><p>La fibre de verre est utilis\u00e9e pour la production de mat\u00e9riaux composites, des mat\u00e9riaux structurels avanc\u00e9s peu co\u00fbteux dans lesquels plusieurs composants sont int\u00e9gr\u00e9s pour produire un \u00e9l\u00e9ment fini pr\u00e9sentant des caract\u00e9ristiques physiques, m\u00e9caniques, chimiques et esth\u00e9tiques sup\u00e9rieures. Largement utilis\u00e9e dans la production de composites structurels dans les domaines industriel, nautique et automobile, associ\u00e9e \u00e0 diff\u00e9rentes matrices, par exemple le polyester ou l&rsquo;\u00e9poxy, mais toujours des r\u00e9sines synth\u00e9tiques. Le tissu de verre, la fibre de verre, la fibre de verre ou le tissu de verre sont autant de noms utilis\u00e9s pour d\u00e9crire le renforcement en fibre de verre mis en \u0153uvre dans de nombreux composites avanc\u00e9s d&rsquo;aujourd&rsquo;hui.<\/p>\n<\/div><\/section><\/p><\/div><div  class='flex_column av-av_two_fifth-f1c518e9ff58e869f80c8f093487abc9 av_two_fifth  avia-builder-el-5  el_after_av_three_fifth  el_before_av_hr  flex_column_div  '     ><style type=\"text\/css\" data-created_by=\"avia_inline_auto\" id=\"style-css-av-lj9zea43-5bb9be92377777a26c68effd361321c9\">\n#top .togglecontainer.av-lj9zea43-5bb9be92377777a26c68effd361321c9 h4.toggler{\nfont-size:14px;\n}\n#top .togglecontainer.av-lj9zea43-5bb9be92377777a26c68effd361321c9 h4.toggler.activeTitle{\ncolor:#ffffff;\nborder-color:#ffffff;\nbackground-color:#2682d3;\n}\n<\/style>\n<div  class='togglecontainer av-lj9zea43-5bb9be92377777a26c68effd361321c9  avia-builder-el-6  avia-builder-el-no-sibling  accordion_product toggle_close_all hasCurrentStyle' >\n<section class='av_toggle_section av-lj9ze3ra-b7311fc908dd16f40269a649141d1cca' ><div role=\"tablist\" class=\"single_toggle\" data-tags=\"{Tout} \"  ><h4 id='toggle-toggle-id-1' data-fake-id='#toggle-id-1' class='toggler  activeTitle av-title-above '  role='tab' tabindex='0' aria-controls='toggle-id-1' data-slide-speed=\"200\" data-title=\"Avantages\" data-title-open=\"\" data-aria_collapsed=\"Cliquez pour \u00e9tendre : Avantages\" data-aria_expanded=\"Cliquez pour r\u00e9duire : Avantages\">Avantages<span class=\"toggle_icon\"><span class=\"vert_icon\"><\/span><span class=\"hor_icon\"><\/span><\/span><\/h4><div id='toggle-id-1' aria-labelledby='toggle-toggle-id-1' role='region' class='toggle_wrap  active_tc av-title-above' style='display:block;' ><div class='toggle_content invers-color ' ><ul>\n<li>Haute r\u00e9sistance chimique<\/li>\n<li>Grande rigidit\u00e9<\/li>\n<li>Faible co\u00fbt<\/li>\n<li>Bonne r\u00e9sistance structurelle<\/li>\n<li>Transparence<\/li>\n<\/ul>\n<\/div><\/div><\/div><\/section>\n<section class='av_toggle_section av-lj9ze89f-221aa45ca2da3aa74bd46401d3d13dfc' ><div role=\"tablist\" class=\"single_toggle\" data-tags=\"{Tout} \"  ><h4 id='toggle-toggle-id-2' data-fake-id='#toggle-id-2' class='toggler  av-title-above '  role='tab' tabindex='0' aria-controls='toggle-id-2' data-slide-speed=\"200\" data-title=\"Types\" data-title-open=\"\" data-aria_collapsed=\"Cliquez pour \u00e9tendre : Types\" data-aria_expanded=\"Cliquez pour r\u00e9duire : Types\">Types<span class=\"toggle_icon\"><span class=\"vert_icon\"><\/span><span class=\"hor_icon\"><\/span><\/span><\/h4><div id='toggle-id-2' aria-labelledby='toggle-toggle-id-2' role='region' class='toggle_wrap  av-title-above'  ><div class='toggle_content invers-color ' ><li class=\"page_item page-item-9276\"><a href=\"https:\/\/www.mates.it\/fr\/produits\/tissus-renforts\/fibre-de-verre\/tissus-v\/\">Tissus<\/a><\/li>\n<li class=\"page_item page-item-9375\"><a href=\"https:\/\/www.mates.it\/fr\/produits\/tissus-renforts\/fibre-de-verre\/multiaxiale-v\/\">Multiaxiale<\/a><\/li>\n<li class=\"page_item page-item-9374\"><a href=\"https:\/\/www.mates.it\/fr\/produits\/tissus-renforts\/fibre-de-verre\/unidirectionnel-v\/\">Unidirectionnel<\/a><\/li>\n<li class=\"page_item page-item-9278\"><a href=\"https:\/\/www.mates.it\/fr\/produits\/tissus-renforts\/fibre-de-verre\/rubans-tresses-v\/\">Rubans \/ Tresses<\/a><\/li>\n<li class=\"page_item page-item-9280\"><a href=\"https:\/\/www.mates.it\/fr\/produits\/tissus-renforts\/fibre-de-verre\/preimpregnes-v\/\">Pr\u00e9 impr\u00e9gn\u00e9s<\/a><\/li>\n<li class=\"page_item page-item-9288\"><a href=\"https:\/\/www.mates.it\/fr\/produits\/tissus-renforts\/fibre-de-verre\/mat-v\/\">Mat &#8211; CSM<\/a><\/li>\n\n<\/div><\/div><\/div><\/section>\n<\/div><\/div><div  class='hr av-av_hr-91d7ccd583a503147498e120fee2ff9b hr-default  avia-builder-el-7  el_after_av_two_fifth  avia-builder-el-last '><span class='hr-inner '><span class=\"hr-inner-style\"><\/span><\/span><\/div><\/p>\n","protected":false},"excerpt":{"rendered":"<p>La fibre de verre est utilis\u00e9e pour la production de mat\u00e9riaux composites, des mat\u00e9riaux structurels avanc\u00e9s peu co\u00fbteux dans lesquels plusieurs composants sont int\u00e9gr\u00e9s pour produire un \u00e9l\u00e9ment fini.<\/p>\n","protected":false},"author":1,"featured_media":7221,"parent":9139,"menu_order":2,"comment_status":"open","ping_status":"open","template":"","meta":{"footnotes":""},"class_list":["post-9218","page","type-page","status-publish","has-post-thumbnail","hentry"],"_links":{"self":[{"href":"https:\/\/www.mates.it\/fr\/wp-json\/wp\/v2\/pages\/9218","targetHints":{"allow":["GET"]}}],"collection":[{"href":"https:\/\/www.mates.it\/fr\/wp-json\/wp\/v2\/pages"}],"about":[{"href":"https:\/\/www.mates.it\/fr\/wp-json\/wp\/v2\/types\/page"}],"author":[{"embeddable":true,"href":"https:\/\/www.mates.it\/fr\/wp-json\/wp\/v2\/users\/1"}],"replies":[{"embeddable":true,"href":"https:\/\/www.mates.it\/fr\/wp-json\/wp\/v2\/comments?post=9218"}],"version-history":[{"count":0,"href":"https:\/\/www.mates.it\/fr\/wp-json\/wp\/v2\/pages\/9218\/revisions"}],"up":[{"embeddable":true,"href":"https:\/\/www.mates.it\/fr\/wp-json\/wp\/v2\/pages\/9139"}],"wp:featuredmedia":[{"embeddable":true,"href":"https:\/\/www.mates.it\/fr\/wp-json\/wp\/v2\/media\/7221"}],"wp:attachment":[{"href":"https:\/\/www.mates.it\/fr\/wp-json\/wp\/v2\/media?parent=9218"}],"curies":[{"name":"wp","href":"https:\/\/api.w.org\/{rel}","templated":true}]}}