{"id":9220,"date":"2015-09-16T16:06:10","date_gmt":"2015-09-16T14:06:10","guid":{"rendered":"https:\/\/www.mates.it\/prodotti\/resine-adesivi-chimici\/chimiques-inertes\/"},"modified":"2023-06-26T14:32:01","modified_gmt":"2023-06-26T12:32:01","slug":"chimiques-inertes","status":"publish","type":"page","link":"https:\/\/www.mates.it\/fr\/produits\/resines-adhesifs-chimiques\/chimiques-inertes\/","title":{"rendered":"Chimiques \/ Inertes"},"content":{"rendered":"\n<style type=\"text\/css\" data-created_by=\"avia_inline_auto\" id=\"style-css-av-av_image-cbfaeb10626410b430ca16c6722e4480\">\n.avia-image-container.av-av_image-cbfaeb10626410b430ca16c6722e4480 img.avia_image{\nbox-shadow:none;\n}\n.avia-image-container.av-av_image-cbfaeb10626410b430ca16c6722e4480 .av-image-caption-overlay-center{\ncolor:#ffffff;\n}\n<\/style>\n<div  class='avia-image-container av-av_image-cbfaeb10626410b430ca16c6722e4480 av-styling- avia-align-center  avia-builder-el-0  el_before_av_hr  avia-builder-el-first '  ><div class=\"avia-image-container-inner\"><div class=\"avia-image-overlay-wrap\"><img decoding=\"async\" fetchpriority=\"high\" class=\"wp-image- avia-img-lazy-loading-not- avia_image \" src=\"https:\/\/www.mates.it\/wp-content\/uploads\/2016\/06\/Chimici.jpg\" alt=\"\" title=\"\"><\/div><\/div><\/div>\n<div  class='hr av-av_hr-91d7ccd583a503147498e120fee2ff9b hr-default  avia-builder-el-1  el_after_av_image  el_before_av_three_fifth '><span class='hr-inner '><span class=\"hr-inner-style\"><\/span><\/span><\/div>\n<div  class='flex_column av-av_three_fifth-7714eba142aeda1f8b5272a3c372b279 av_three_fifth  avia-builder-el-2  el_after_av_hr  el_before_av_two_fifth  first flex_column_div  '     ><p>\n<style type=\"text\/css\" data-created_by=\"avia_inline_auto\" id=\"style-css-av-ljcu93ot-03f342bd83fe8b5888d062e55f6dea20\">\n#top .av-special-heading.av-ljcu93ot-03f342bd83fe8b5888d062e55f6dea20{\npadding-bottom:10px;\n}\nbody .av-special-heading.av-ljcu93ot-03f342bd83fe8b5888d062e55f6dea20 .av-special-heading-tag .heading-char{\nfont-size:25px;\n}\n.av-special-heading.av-ljcu93ot-03f342bd83fe8b5888d062e55f6dea20 .av-subheading{\nfont-size:15px;\n}\n<\/style>\n<div  class='av-special-heading av-ljcu93ot-03f342bd83fe8b5888d062e55f6dea20 av-special-heading-h1  avia-builder-el-3  el_before_av_textblock  avia-builder-el-first  custom-h1-title'><h1 class='av-special-heading-tag '  >Chimiques \/ Inertes<\/h1><div class=\"special-heading-border\"><div class=\"special-heading-inner-border\"><\/div><\/div><\/div><br \/>\n<section  class='av_textblock_section av-ljcu7k9e-831c0ca94a8c273cd6be17e5dd5942bd '  ><div class='avia_textblock' ><p>Notre entreprise a toujours trait\u00e9 avec les meilleures entreprises sp\u00e9cialis\u00e9es qui nous permettent d&rsquo;offrir qualit\u00e9 et comp\u00e9tence pour chaque secteur d&rsquo;utilisation. Nous sommes en mesure de proposer une large gamme de charges inertes et de produits chimiques soumis \u00e0 diff\u00e9rents contr\u00f4les avant leur mise sur le march\u00e9. Parmi les produits du catalogue se distinguent les solvants et les diluants utiles pour chaque processus, ainsi que les \u00e9paississants et les acc\u00e9l\u00e9rateurs. Leur utilisation concerne principalement la variation de l&rsquo;\u00e9tat physique\/chimique d&rsquo;un fluide, ainsi que le nettoyage des moules, utile pour obtenir la meilleure surface de travail exempte d&rsquo;agents qui pourraient compromettre le travail. De plus, ils peuvent \u00eatre utilis\u00e9s dans certains processus de travail qui impliquent l&rsquo;utilisation de r\u00e9sines dans le but de les diluer pour faciliter leurs temps d&rsquo;application et d&rsquo;absorption.<\/p>\n<\/div><\/section><\/p><\/div><div  class='flex_column av-av_two_fifth-f1c518e9ff58e869f80c8f093487abc9 av_two_fifth  avia-builder-el-5  el_after_av_three_fifth  el_before_av_hr  flex_column_div  '     ><style type=\"text\/css\" data-created_by=\"avia_inline_auto\" id=\"style-css-av-ljcu8v8f-1c648ae18c396c162fead7cc3a148d52\">\n#top .togglecontainer.av-ljcu8v8f-1c648ae18c396c162fead7cc3a148d52 h4.toggler{\nfont-size:14px;\n}\n#top .togglecontainer.av-ljcu8v8f-1c648ae18c396c162fead7cc3a148d52 h4.toggler.activeTitle{\ncolor:#ffffff;\nborder-color:#ffffff;\nbackground-color:#2682d3;\n}\n<\/style>\n<div  class='togglecontainer av-ljcu8v8f-1c648ae18c396c162fead7cc3a148d52  avia-builder-el-6  avia-builder-el-no-sibling  accordion_product toggle_close_all hasCurrentStyle' >\n<section class='av_toggle_section av-ljcu8res-57e1567bddc0cadfeffdb91e6508221f' ><div role=\"tablist\" class=\"single_toggle\" data-tags=\"{Tout} \"  ><h4 id='toggle-toggle-id-1' data-fake-id='#toggle-id-1' class='toggler  activeTitle av-title-above '  role='tab' tabindex='0' aria-controls='toggle-id-1' data-slide-speed=\"200\" data-title=\"Avantages\" data-title-open=\"\" data-aria_collapsed=\"Cliquez pour \u00e9tendre : Avantages\" data-aria_expanded=\"Cliquez pour r\u00e9duire : Avantages\">Avantages<span class=\"toggle_icon\"><span class=\"vert_icon\"><\/span><span class=\"hor_icon\"><\/span><\/span><\/h4><div id='toggle-id-1' aria-labelledby='toggle-toggle-id-1' role='region' class='toggle_wrap  active_tc av-title-above' style='display:block;' ><div class='toggle_content invers-color ' ><ul>\n<li>Abaissement du pic isotherme<\/li>\n<li>Pourcentage de r\u00e9duction de r\u00e9sine<\/li>\n<li>Stabilit\u00e9 dimensionnelle accrue<\/li>\n<li>Variation chimique\/physique<\/li>\n<\/ul>\n<\/div><\/div><\/div><\/section>\n<section class='av_toggle_section av-ljcu8upf-4db306a9ce13e10ae879263ed97ebc5f' ><div role=\"tablist\" class=\"single_toggle\" data-tags=\"{Tout} \"  ><h4 id='toggle-toggle-id-2' data-fake-id='#toggle-id-2' class='toggler  av-title-above '  role='tab' tabindex='0' aria-controls='toggle-id-2' data-slide-speed=\"200\" data-title=\"Types de produit\" data-title-open=\"\" data-aria_collapsed=\"Cliquez pour \u00e9tendre : Types de produit\" data-aria_expanded=\"Cliquez pour r\u00e9duire : Types de produit\">Types de produit<span class=\"toggle_icon\"><span class=\"vert_icon\"><\/span><span class=\"hor_icon\"><\/span><\/span><\/h4><div id='toggle-id-2' aria-labelledby='toggle-toggle-id-2' role='region' class='toggle_wrap  av-title-above'  ><div class='toggle_content invers-color ' ><li class=\"page_item page-item-9301\"><a href=\"https:\/\/www.mates.it\/fr\/produits\/resines-adhesifs-chimiques\/chimiques-inertes\/fillers-f\/\">Fillers<\/a><\/li>\n<li class=\"page_item page-item-9302\"><a href=\"https:\/\/www.mates.it\/fr\/produits\/resines-adhesifs-chimiques\/chimiques-inertes\/additifs\/\">Additifs<\/a><\/li>\n<li class=\"page_item page-item-9300\"><a href=\"https:\/\/www.mates.it\/fr\/produits\/resines-adhesifs-chimiques\/chimiques-inertes\/solvents-diluents-f\/\">Solvents \/ Diluents<\/a><\/li>\n\n<\/div><\/div><\/div><\/section>\n<\/div><\/div><div  class='hr av-av_hr-91d7ccd583a503147498e120fee2ff9b hr-default  avia-builder-el-7  el_after_av_two_fifth  avia-builder-el-last '><span class='hr-inner '><span class=\"hr-inner-style\"><\/span><\/span><\/div><\/p>\n","protected":false},"excerpt":{"rendered":"<p>Nous sommes en mesure d&rsquo;offrir une large gamme de charges inertes et de produits chimiques, y compris des solvants et des diluants utiles pour chaque processus, ainsi que des \u00e9paississants et des acc\u00e9l\u00e9rateurs.<\/p>\n","protected":false},"author":1,"featured_media":7245,"parent":9141,"menu_order":4,"comment_status":"open","ping_status":"open","template":"","meta":{"footnotes":""},"class_list":["post-9220","page","type-page","status-publish","has-post-thumbnail","hentry"],"_links":{"self":[{"href":"https:\/\/www.mates.it\/fr\/wp-json\/wp\/v2\/pages\/9220","targetHints":{"allow":["GET"]}}],"collection":[{"href":"https:\/\/www.mates.it\/fr\/wp-json\/wp\/v2\/pages"}],"about":[{"href":"https:\/\/www.mates.it\/fr\/wp-json\/wp\/v2\/types\/page"}],"author":[{"embeddable":true,"href":"https:\/\/www.mates.it\/fr\/wp-json\/wp\/v2\/users\/1"}],"replies":[{"embeddable":true,"href":"https:\/\/www.mates.it\/fr\/wp-json\/wp\/v2\/comments?post=9220"}],"version-history":[{"count":0,"href":"https:\/\/www.mates.it\/fr\/wp-json\/wp\/v2\/pages\/9220\/revisions"}],"up":[{"embeddable":true,"href":"https:\/\/www.mates.it\/fr\/wp-json\/wp\/v2\/pages\/9141"}],"wp:featuredmedia":[{"embeddable":true,"href":"https:\/\/www.mates.it\/fr\/wp-json\/wp\/v2\/media\/7245"}],"wp:attachment":[{"href":"https:\/\/www.mates.it\/fr\/wp-json\/wp\/v2\/media?parent=9220"}],"curies":[{"name":"wp","href":"https:\/\/api.w.org\/{rel}","templated":true}]}}