{"id":9222,"date":"2015-09-16T16:06:04","date_gmt":"2015-09-16T14:06:04","guid":{"rendered":"https:\/\/www.mates.it\/prodotti\/resine-adesivi-chimici\/adhesifs-colles\/"},"modified":"2023-06-25T19:06:38","modified_gmt":"2023-06-25T17:06:38","slug":"adhesifs-colles","status":"publish","type":"page","link":"https:\/\/www.mates.it\/fr\/produits\/resines-adhesifs-chimiques\/adhesifs-colles\/","title":{"rendered":"Adh\u00e9sifs \/ Colles"},"content":{"rendered":"\n<style type=\"text\/css\" data-created_by=\"avia_inline_auto\" id=\"style-css-av-av_image-fddddf96a8e00bd36741689c1f1c5dfc\">\n.avia-image-container.av-av_image-fddddf96a8e00bd36741689c1f1c5dfc img.avia_image{\nbox-shadow:none;\n}\n.avia-image-container.av-av_image-fddddf96a8e00bd36741689c1f1c5dfc .av-image-caption-overlay-center{\ncolor:#ffffff;\n}\n<\/style>\n<div  class='avia-image-container av-av_image-fddddf96a8e00bd36741689c1f1c5dfc av-styling- avia-align-center  avia-builder-el-0  el_before_av_hr  avia-builder-el-first '  ><div class=\"avia-image-container-inner\"><div class=\"avia-image-overlay-wrap\"><img decoding=\"async\" fetchpriority=\"high\" class=\"wp-image- avia-img-lazy-loading-not- avia_image \" src=\"https:\/\/www.mates.it\/wp-content\/uploads\/2016\/06\/Adesivi-collanti.jpg\" alt=\"\" title=\"\"><\/div><\/div><\/div>\n<div  class='hr av-av_hr-91d7ccd583a503147498e120fee2ff9b hr-default  avia-builder-el-1  el_after_av_image  el_before_av_three_fifth '><span class='hr-inner '><span class=\"hr-inner-style\"><\/span><\/span><\/div>\n<div  class='flex_column av-av_three_fifth-7714eba142aeda1f8b5272a3c372b279 av_three_fifth  avia-builder-el-2  el_after_av_hr  el_before_av_two_fifth  first flex_column_div  '     ><p>\n<style type=\"text\/css\" data-created_by=\"avia_inline_auto\" id=\"style-css-av-ljbomd5k-a6c45231e30da73e7c985a02dbfd5a23\">\n#top .av-special-heading.av-ljbomd5k-a6c45231e30da73e7c985a02dbfd5a23{\npadding-bottom:10px;\n}\nbody .av-special-heading.av-ljbomd5k-a6c45231e30da73e7c985a02dbfd5a23 .av-special-heading-tag .heading-char{\nfont-size:25px;\n}\n.av-special-heading.av-ljbomd5k-a6c45231e30da73e7c985a02dbfd5a23 .av-subheading{\nfont-size:15px;\n}\n<\/style>\n<div  class='av-special-heading av-ljbomd5k-a6c45231e30da73e7c985a02dbfd5a23 av-special-heading-h1  avia-builder-el-3  el_before_av_textblock  avia-builder-el-first  custom-h1-title'><h1 class='av-special-heading-tag '  >Adh\u00e9sifs \/ Colles<\/h1><div class=\"special-heading-border\"><div class=\"special-heading-inner-border\"><\/div><\/div><\/div><br \/>\n<section  class='av_textblock_section av-ljbola37-9baaa4811c8cfc7c730657f6225122b4 '  ><div class='avia_textblock' ><p>Les adh\u00e9sifs vont des colles et mastics \u00e9poxy classiques aux adh\u00e9sifs structuraux innovants \u00e0 base de m\u00e9thacrylate (MMA). Les adh\u00e9sifs structuraux sont capables de r\u00e9sister \u00e0 de fortes contraintes m\u00e9caniques et remplacent les m\u00e9thodes d&rsquo;assemblage traditionnelles avec des avantages technologiques consid\u00e9rables. Ils permettent une distribution continue des contraintes aux points d&rsquo;assemblage, ainsi qu&rsquo;une plus grande r\u00e9sistance aux vibrations, car ils poss\u00e8dent une \u00e9lasticit\u00e9 consid\u00e9rable.<br \/>\nLes adh\u00e9sifs en a\u00e9rosol sont g\u00e9n\u00e9ralement utilis\u00e9s pour le pr\u00e9positionnement de tissus dans un moule, mais aussi pour la fixation de produits de consommation dans des processus de moulage ferm\u00e9s.<br \/>\nNous pouvons \u00e9galement fournir une gamme de rubans adh\u00e9sifs id\u00e9aux pour la plupart des processus industriels (masquage, marquage de pi\u00e8ces m\u00e9talliques et plastiques, tra\u00e7age de tissus). Ils sont \u00e9galement utiles pour fixer les produits de consommation dans une plage d&rsquo;utilisation garantie de 60\u00b0C \u00e0 200\u00b0C.<\/p>\n<\/div><\/section><\/p><\/div><div  class='flex_column av-av_two_fifth-f1c518e9ff58e869f80c8f093487abc9 av_two_fifth  avia-builder-el-5  el_after_av_three_fifth  el_before_av_hr  flex_column_div  '     ><style type=\"text\/css\" data-created_by=\"avia_inline_auto\" id=\"style-css-av-ljbom45h-484f1e16c142f3e0b0f49db703daf530\">\n#top .togglecontainer.av-ljbom45h-484f1e16c142f3e0b0f49db703daf530 h4.toggler{\nfont-size:14px;\n}\n#top .togglecontainer.av-ljbom45h-484f1e16c142f3e0b0f49db703daf530 h4.toggler.activeTitle{\ncolor:#ffffff;\nborder-color:#ffffff;\nbackground-color:#2682d3;\n}\n<\/style>\n<div  class='togglecontainer av-ljbom45h-484f1e16c142f3e0b0f49db703daf530  avia-builder-el-6  avia-builder-el-no-sibling  accordion_product toggle_close_all hasCurrentStyle' >\n<section class='av_toggle_section av-ljbom1a1-b86a1508db3d259cc858b617c6e21454' ><div role=\"tablist\" class=\"single_toggle\" data-tags=\"{Tout} \"  ><h4 id='toggle-toggle-id-1' data-fake-id='#toggle-id-1' class='toggler  activeTitle av-title-above '  role='tab' tabindex='0' aria-controls='toggle-id-1' data-slide-speed=\"200\" data-title=\"Avantages\" data-title-open=\"\" data-aria_collapsed=\"Cliquez pour \u00e9tendre : Avantages\" data-aria_expanded=\"Cliquez pour r\u00e9duire : Avantages\">Avantages<span class=\"toggle_icon\"><span class=\"vert_icon\"><\/span><span class=\"hor_icon\"><\/span><\/span><\/h4><div id='toggle-id-1' aria-labelledby='toggle-toggle-id-1' role='region' class='toggle_wrap  active_tc av-title-above' style='display:block;' ><div class='toggle_content invers-color ' ><ul>\n<li>Grande polyvalence<\/li>\n<li>Acc\u00e9l\u00e9ration du processus de production<\/li>\n<li>Utilisations sp\u00e9cifiques<\/li>\n<li>R\u00e9sistance \u00e0 la temp\u00e9rature<\/li>\n<li>Coh\u00e9sion structurelle maximale<\/li>\n<\/ul>\n<\/div><\/div><\/div><\/section>\n<section class='av_toggle_section av-ljbom38r-67b5ec8e1f4d755d958833478f909a3e' ><div role=\"tablist\" class=\"single_toggle\" data-tags=\"{Tout} \"  ><h4 id='toggle-toggle-id-2' data-fake-id='#toggle-id-2' class='toggler  av-title-above '  role='tab' tabindex='0' aria-controls='toggle-id-2' data-slide-speed=\"200\" data-title=\"Types de produits\" data-title-open=\"\" data-aria_collapsed=\"Cliquez pour \u00e9tendre : Types de produits\" data-aria_expanded=\"Cliquez pour r\u00e9duire : Types de produits\">Types de produits<span class=\"toggle_icon\"><span class=\"vert_icon\"><\/span><span class=\"hor_icon\"><\/span><\/span><\/h4><div id='toggle-id-2' aria-labelledby='toggle-toggle-id-2' role='region' class='toggle_wrap  av-title-above'  ><div class='toggle_content invers-color ' ><li class=\"page_item page-item-9334\"><a href=\"https:\/\/www.mates.it\/fr\/produits\/resines-adhesifs-chimiques\/adhesifs-colles\/methacrylates-f\/\">M\u00e9thacrylates<\/a><\/li>\n<li class=\"page_item page-item-9378\"><a href=\"https:\/\/www.mates.it\/fr\/produits\/resines-adhesifs-chimiques\/adhesifs-colles\/epoxy-fr\/\">Epoxy<\/a><\/li>\n<li class=\"page_item page-item-9379\"><a href=\"https:\/\/www.mates.it\/fr\/produits\/resines-adhesifs-chimiques\/adhesifs-colles\/polyurethane-f\/\">Polyur\u00e9thane<\/a><\/li>\n<li class=\"page_item page-item-9294\"><a href=\"https:\/\/www.mates.it\/fr\/produits\/resines-adhesifs-chimiques\/adhesifs-colles\/aerosol-tackifiers\/\">A\u00e9rosol<\/a><\/li>\n<li class=\"page_item page-item-9296\"><a href=\"https:\/\/www.mates.it\/fr\/produits\/resines-adhesifs-chimiques\/adhesifs-colles\/auxiliaires-adhesifs\/\">Auxiliaires &#8211; Adh\u00e9sifs<\/a><\/li>\n\n<\/div><\/div><\/div><\/section>\n<\/div><\/div><div  class='hr av-av_hr-91d7ccd583a503147498e120fee2ff9b hr-default  avia-builder-el-7  el_after_av_two_fifth  avia-builder-el-last '><span class='hr-inner '><span class=\"hr-inner-style\"><\/span><\/span><\/div><\/p>\n","protected":false},"excerpt":{"rendered":"<p>Les adh\u00e9sifs vont des colles et mastics \u00e9poxy classiques aux adh\u00e9sifs structuraux innovants \u00e0 base de m\u00e9thacrylate (MMA). Les adh\u00e9sifs structuraux sont capables de r\u00e9sister \u00e0 de fortes contraintes m\u00e9caniques.<\/p>\n","protected":false},"author":1,"featured_media":7241,"parent":9141,"menu_order":2,"comment_status":"open","ping_status":"open","template":"","meta":{"footnotes":""},"class_list":["post-9222","page","type-page","status-publish","has-post-thumbnail","hentry"],"_links":{"self":[{"href":"https:\/\/www.mates.it\/fr\/wp-json\/wp\/v2\/pages\/9222","targetHints":{"allow":["GET"]}}],"collection":[{"href":"https:\/\/www.mates.it\/fr\/wp-json\/wp\/v2\/pages"}],"about":[{"href":"https:\/\/www.mates.it\/fr\/wp-json\/wp\/v2\/types\/page"}],"author":[{"embeddable":true,"href":"https:\/\/www.mates.it\/fr\/wp-json\/wp\/v2\/users\/1"}],"replies":[{"embeddable":true,"href":"https:\/\/www.mates.it\/fr\/wp-json\/wp\/v2\/comments?post=9222"}],"version-history":[{"count":0,"href":"https:\/\/www.mates.it\/fr\/wp-json\/wp\/v2\/pages\/9222\/revisions"}],"up":[{"embeddable":true,"href":"https:\/\/www.mates.it\/fr\/wp-json\/wp\/v2\/pages\/9141"}],"wp:featuredmedia":[{"embeddable":true,"href":"https:\/\/www.mates.it\/fr\/wp-json\/wp\/v2\/media\/7241"}],"wp:attachment":[{"href":"https:\/\/www.mates.it\/fr\/wp-json\/wp\/v2\/media?parent=9222"}],"curies":[{"name":"wp","href":"https:\/\/api.w.org\/{rel}","templated":true}]}}