{"id":9224,"date":"2015-09-16T16:06:03","date_gmt":"2015-09-16T14:06:03","guid":{"rendered":"https:\/\/www.mates.it\/prodotti\/resine-adesivi-chimici\/resines\/"},"modified":"2023-06-25T17:33:49","modified_gmt":"2023-06-25T15:33:49","slug":"resines","status":"publish","type":"page","link":"https:\/\/www.mates.it\/fr\/produits\/resines-adhesifs-chimiques\/resines\/","title":{"rendered":"R\u00e9sines"},"content":{"rendered":"\n<style type=\"text\/css\" data-created_by=\"avia_inline_auto\" id=\"style-css-av-ljbl9gv0-391c52f3445dee2644eb13698294c078\">\n.avia-image-container.av-ljbl9gv0-391c52f3445dee2644eb13698294c078 img.avia_image{\nbox-shadow:none;\n}\n.avia-image-container.av-ljbl9gv0-391c52f3445dee2644eb13698294c078 .av-image-caption-overlay-center{\ncolor:#ffffff;\n}\n<\/style>\n<div  class='avia-image-container av-ljbl9gv0-391c52f3445dee2644eb13698294c078 av-styling- avia-align-center  avia-builder-el-0  el_before_av_hr  avia-builder-el-first '  ><div class=\"avia-image-container-inner\"><div class=\"avia-image-overlay-wrap\"><img decoding=\"async\" fetchpriority=\"high\" class=\"wp-image-7341 avia-img-lazy-loading-not-7341 avia_image \" src=\"https:\/\/www.mates.it\/wp-content\/uploads\/2016\/06\/Impregnazione.jpg\" alt=\"\" title=\"Impregnazione\" height=\"190\" width=\"1000\" srcset=\"https:\/\/www.mates.it\/wp-content\/uploads\/2016\/06\/Impregnazione.jpg 1000w, https:\/\/www.mates.it\/wp-content\/uploads\/2016\/06\/Impregnazione-300x57.jpg 300w, https:\/\/www.mates.it\/wp-content\/uploads\/2016\/06\/Impregnazione-768x146.jpg 768w\" sizes=\"(max-width: 1000px) 100vw, 1000px\"><\/div><\/div><\/div>\n<div  class='hr av-av_hr-91d7ccd583a503147498e120fee2ff9b hr-default  avia-builder-el-1  el_after_av_image  el_before_av_three_fifth '><span class='hr-inner '><span class=\"hr-inner-style\"><\/span><\/span><\/div>\n<div  class='flex_column av-av_three_fifth-7714eba142aeda1f8b5272a3c372b279 av_three_fifth  avia-builder-el-2  el_after_av_hr  el_before_av_two_fifth  first flex_column_div  '     ><p>\n<style type=\"text\/css\" data-created_by=\"avia_inline_auto\" id=\"style-css-av-ljbla45s-6c8dd96beca251e3a4a2db06ce59b4d9\">\n#top .av-special-heading.av-ljbla45s-6c8dd96beca251e3a4a2db06ce59b4d9{\npadding-bottom:10px;\n}\nbody .av-special-heading.av-ljbla45s-6c8dd96beca251e3a4a2db06ce59b4d9 .av-special-heading-tag .heading-char{\nfont-size:25px;\n}\n.av-special-heading.av-ljbla45s-6c8dd96beca251e3a4a2db06ce59b4d9 .av-subheading{\nfont-size:15px;\n}\n<\/style>\n<div  class='av-special-heading av-ljbla45s-6c8dd96beca251e3a4a2db06ce59b4d9 av-special-heading-h1  avia-builder-el-3  el_before_av_textblock  avia-builder-el-first  custom-h1-title'><h1 class='av-special-heading-tag '  >R\u00e9sines<\/h1><div class=\"special-heading-border\"><div class=\"special-heading-inner-border\"><\/div><\/div><\/div><br \/>\n<section  class='av_textblock_section av-ljbl9sgh-4120312b39eb2404bf48c3fce1f90a51 '  ><div class='avia_textblock' ><p>Une large gamme de r\u00e9sines s\u00e9lectionn\u00e9es dans un march\u00e9 qui se d\u00e9veloppe constamment selon des normes de qualit\u00e9 de plus en plus \u00e9lev\u00e9es. Les r\u00e9sines sont utilis\u00e9es pour l&rsquo;impr\u00e9gnation manuelle de fibres de renforcement, pour l&rsquo;infusion\/injection, pour le remplissage ou pour le moulage. Elles sont utilis\u00e9es comme matrices dans la production de mod\u00e8les, de moules et d&rsquo;objets, les diff\u00e9rents types se distinguant par des caract\u00e9ristiques telles que les propri\u00e9t\u00e9s m\u00e9caniques et thermiques, les indices de r\u00e9tr\u00e9cissement, la stabilit\u00e9 chimique et la l\u00e9g\u00e8ret\u00e9. Il existe diff\u00e9rents types de r\u00e9sines sur le march\u00e9, comme les \u00e9poxydes, les r\u00e9sines \u00e0 base de polyester ou de vinylester, les ph\u00e9noliques, ainsi que les r\u00e9sines d\u00e9riv\u00e9es de croisements entre les diff\u00e9rents types de r\u00e9sines \u00e9num\u00e9r\u00e9s.<\/p>\n<\/div><\/section><\/p><\/div><div  class='flex_column av-av_two_fifth-f1c518e9ff58e869f80c8f093487abc9 av_two_fifth  avia-builder-el-5  el_after_av_three_fifth  el_before_av_hr  flex_column_div  '     ><style type=\"text\/css\" data-created_by=\"avia_inline_auto\" id=\"style-css-av-ljblatsk-4939f302d0929c3c78bd48bb18563789\">\n#top .togglecontainer.av-ljblatsk-4939f302d0929c3c78bd48bb18563789 h4.toggler{\nfont-size:14px;\n}\n#top .togglecontainer.av-ljblatsk-4939f302d0929c3c78bd48bb18563789 h4.toggler.activeTitle{\ncolor:#ffffff;\nborder-color:#ffffff;\nbackground-color:#2682d3;\n}\n<\/style>\n<div  class='togglecontainer av-ljblatsk-4939f302d0929c3c78bd48bb18563789  avia-builder-el-6  avia-builder-el-no-sibling  accordion_product toggle_close_all hasCurrentStyle' >\n<section class='av_toggle_section av-ljblakra-1c6286eeb6103d761ee64928b7292c66' ><div role=\"tablist\" class=\"single_toggle\" data-tags=\"{Tout} \"  ><h4 id='toggle-toggle-id-1' data-fake-id='#toggle-id-1' class='toggler  activeTitle av-title-above '  role='tab' tabindex='0' aria-controls='toggle-id-1' data-slide-speed=\"200\" data-title=\"Avantages\" data-title-open=\"\" data-aria_collapsed=\"Cliquez pour \u00e9tendre : Avantages\" data-aria_expanded=\"Cliquez pour r\u00e9duire : Avantages\">Avantages<span class=\"toggle_icon\"><span class=\"vert_icon\"><\/span><span class=\"hor_icon\"><\/span><\/span><\/h4><div id='toggle-id-1' aria-labelledby='toggle-toggle-id-1' role='region' class='toggle_wrap  active_tc av-title-above' style='display:block;' ><div class='toggle_content invers-color ' ><ul>\n<li>D\u00e9gradation nulle<\/li>\n<li>Diff\u00e9rentes propri\u00e9t\u00e9s<\/li>\n<li>Large gamme d&rsquo;utilisation<\/li>\n<li>Stabilit\u00e9 chimique<\/li>\n<li>Int\u00e9grit\u00e9 structurelle<\/li>\n<\/ul>\n<\/div><\/div><\/div><\/section>\n<section class='av_toggle_section av-ljblasra-73a826e5afc9580cbdb055c4655fe164' ><div role=\"tablist\" class=\"single_toggle\" data-tags=\"{Tout} \"  ><h4 id='toggle-toggle-id-2' data-fake-id='#toggle-id-2' class='toggler  av-title-above '  role='tab' tabindex='0' aria-controls='toggle-id-2' data-slide-speed=\"200\" data-title=\"Types de produits\" data-title-open=\"\" data-aria_collapsed=\"Cliquez pour \u00e9tendre : Types de produits\" data-aria_expanded=\"Cliquez pour r\u00e9duire : Types de produits\">Types de produits<span class=\"toggle_icon\"><span class=\"vert_icon\"><\/span><span class=\"hor_icon\"><\/span><\/span><\/h4><div id='toggle-id-2' aria-labelledby='toggle-toggle-id-2' role='region' class='toggle_wrap  av-title-above'  ><div class='toggle_content invers-color ' ><li class=\"page_item page-item-9289\"><a href=\"https:\/\/www.mates.it\/fr\/produits\/resines-adhesifs-chimiques\/resines\/epoxy-f-r\/\">Epoxy<\/a><\/li>\n<li class=\"page_item page-item-9290\"><a href=\"https:\/\/www.mates.it\/fr\/produits\/resines-adhesifs-chimiques\/resines\/polyester-f-r\/\">Polyester<\/a><\/li>\n<li class=\"page_item page-item-9291\"><a href=\"https:\/\/www.mates.it\/fr\/produits\/resines-adhesifs-chimiques\/resines\/vinylester-f-r\/\">Vinylester<\/a><\/li>\n<li class=\"page_item page-item-9292\"><a href=\"https:\/\/www.mates.it\/fr\/produits\/resines-adhesifs-chimiques\/resines\/phenolic-f-r\/\">Phenolic<\/a><\/li>\n\n<\/div><\/div><\/div><\/section>\n<\/div><\/div><div  class='hr av-av_hr-91d7ccd583a503147498e120fee2ff9b hr-default  avia-builder-el-7  el_after_av_two_fifth  avia-builder-el-last '><span class='hr-inner '><span class=\"hr-inner-style\"><\/span><\/span><\/div><\/p>\n","protected":false},"excerpt":{"rendered":"<p>Un large \u00e9ventail de r\u00e9sines est s\u00e9lectionn\u00e9 sur un march\u00e9 qui se d\u00e9veloppe constamment selon des normes de qualit\u00e9 de plus en plus \u00e9lev\u00e9es. Les r\u00e9sines sont utilis\u00e9es pour l&rsquo;impr\u00e9gnation des fibres de renforcement.<\/p>\n","protected":false},"author":1,"featured_media":7341,"parent":9141,"menu_order":1,"comment_status":"open","ping_status":"open","template":"","meta":{"footnotes":""},"class_list":["post-9224","page","type-page","status-publish","has-post-thumbnail","hentry"],"_links":{"self":[{"href":"https:\/\/www.mates.it\/fr\/wp-json\/wp\/v2\/pages\/9224","targetHints":{"allow":["GET"]}}],"collection":[{"href":"https:\/\/www.mates.it\/fr\/wp-json\/wp\/v2\/pages"}],"about":[{"href":"https:\/\/www.mates.it\/fr\/wp-json\/wp\/v2\/types\/page"}],"author":[{"embeddable":true,"href":"https:\/\/www.mates.it\/fr\/wp-json\/wp\/v2\/users\/1"}],"replies":[{"embeddable":true,"href":"https:\/\/www.mates.it\/fr\/wp-json\/wp\/v2\/comments?post=9224"}],"version-history":[{"count":0,"href":"https:\/\/www.mates.it\/fr\/wp-json\/wp\/v2\/pages\/9224\/revisions"}],"up":[{"embeddable":true,"href":"https:\/\/www.mates.it\/fr\/wp-json\/wp\/v2\/pages\/9141"}],"wp:featuredmedia":[{"embeddable":true,"href":"https:\/\/www.mates.it\/fr\/wp-json\/wp\/v2\/media\/7341"}],"wp:attachment":[{"href":"https:\/\/www.mates.it\/fr\/wp-json\/wp\/v2\/media?parent=9224"}],"curies":[{"name":"wp","href":"https:\/\/api.w.org\/{rel}","templated":true}]}}