{"id":9226,"date":"2015-09-16T16:06:05","date_gmt":"2015-09-16T14:06:05","guid":{"rendered":"https:\/\/www.mates.it\/prodotti\/resine-adesivi-chimici\/gelcoat-fonds\/"},"modified":"2023-06-25T22:00:04","modified_gmt":"2023-06-25T20:00:04","slug":"gelcoat-fonds","status":"publish","type":"page","link":"https:\/\/www.mates.it\/fr\/produits\/resines-adhesifs-chimiques\/gelcoat-fonds\/","title":{"rendered":"Gelcoat \/ Fonds"},"content":{"rendered":"\n<style type=\"text\/css\" data-created_by=\"avia_inline_auto\" id=\"style-css-av-av_image-1af478f7449f4a5fcaf781c89060d3cd\">\n.avia-image-container.av-av_image-1af478f7449f4a5fcaf781c89060d3cd img.avia_image{\nbox-shadow:none;\n}\n.avia-image-container.av-av_image-1af478f7449f4a5fcaf781c89060d3cd .av-image-caption-overlay-center{\ncolor:#ffffff;\n}\n<\/style>\n<div  class='avia-image-container av-av_image-1af478f7449f4a5fcaf781c89060d3cd av-styling- avia-align-center  avia-builder-el-0  el_before_av_hr  avia-builder-el-first '  ><div class=\"avia-image-container-inner\"><div class=\"avia-image-overlay-wrap\"><img decoding=\"async\" fetchpriority=\"high\" class=\"wp-image- avia-img-lazy-loading-not- avia_image \" src=\"https:\/\/www.mates.it\/wp-content\/uploads\/2016\/06\/Gel-coat.jpg\" alt=\"\" title=\"\"><\/div><\/div><\/div>\n<div  class='hr av-av_hr-91d7ccd583a503147498e120fee2ff9b hr-default  avia-builder-el-1  el_after_av_image  el_before_av_three_fifth '><span class='hr-inner '><span class=\"hr-inner-style\"><\/span><\/span><\/div>\n<div  class='flex_column av-av_three_fifth-7714eba142aeda1f8b5272a3c372b279 av_three_fifth  avia-builder-el-2  el_after_av_hr  el_before_av_two_fifth  first flex_column_div  '     ><p>\n<style type=\"text\/css\" data-created_by=\"avia_inline_auto\" id=\"style-css-av-ljbuteg7-6fb060d0106ccbb88fa0e67afa186ead\">\n#top .av-special-heading.av-ljbuteg7-6fb060d0106ccbb88fa0e67afa186ead{\npadding-bottom:10px;\n}\nbody .av-special-heading.av-ljbuteg7-6fb060d0106ccbb88fa0e67afa186ead .av-special-heading-tag .heading-char{\nfont-size:25px;\n}\n.av-special-heading.av-ljbuteg7-6fb060d0106ccbb88fa0e67afa186ead .av-subheading{\nfont-size:15px;\n}\n<\/style>\n<div  class='av-special-heading av-ljbuteg7-6fb060d0106ccbb88fa0e67afa186ead av-special-heading-h1  avia-builder-el-3  el_before_av_textblock  avia-builder-el-first  custom-h1-title'><h1 class='av-special-heading-tag '  >Gelcoat \/ Fonds<\/h1><div class=\"special-heading-border\"><div class=\"special-heading-inner-border\"><\/div><\/div><\/div><br \/>\n<section  class='av_textblock_section av-ljbus8zk-c190858c396c01ba21f34bbf133f8078 '  ><div class='avia_textblock' ><p>Les gelcoats et les primaires sont compos\u00e9s d&rsquo;une r\u00e9sine, qui d\u00e9termine leur base, de charges inertes et de pigments, qui leur donnent couleur et consistance, ainsi que d&rsquo;un agent qui leur conf\u00e8re la thixotropie n\u00e9cessaire ; cette caract\u00e9ristique principale leur permet d&rsquo;\u00eatre appliqu\u00e9s en couches \u00e9paisses, m\u00eame verticalement. Il s&rsquo;agit de produits bicomposants qui s&rsquo;appliquent au pinceau ou au pistolet avec une \u00e9paisseur de 0,5 \u00e0 1 mm. Les gelcoats de moulage sont appliqu\u00e9s sur le mod\u00e8le \u00e0 reproduire, pr\u00e9alablement trait\u00e9 avec des agents de d\u00e9moulage, et poursuivent ensuite la stratification du moule afin d&rsquo;obtenir une surface interne parfaite et durable ; les gelcoats de moulage (pour prot\u00e9ger la surface des pi\u00e8ces composites) sont plut\u00f4t appliqu\u00e9s directement dans le moule, trait\u00e9s \u00e0 nouveau avec des cires de d\u00e9moulage, et reproduisent fid\u00e8lement la surface.<\/p>\n<\/div><\/section><\/p><\/div><div  class='flex_column av-av_two_fifth-f1c518e9ff58e869f80c8f093487abc9 av_two_fifth  avia-builder-el-5  el_after_av_three_fifth  el_before_av_hr  flex_column_div  '     ><style type=\"text\/css\" data-created_by=\"avia_inline_auto\" id=\"style-css-av-ljbut9y8-ff3a4f6df8ff3346b3d19b90eb2dc943\">\n#top .togglecontainer.av-ljbut9y8-ff3a4f6df8ff3346b3d19b90eb2dc943 h4.toggler{\nfont-size:14px;\n}\n#top .togglecontainer.av-ljbut9y8-ff3a4f6df8ff3346b3d19b90eb2dc943 h4.toggler.activeTitle{\ncolor:#ffffff;\nborder-color:#ffffff;\nbackground-color:#2682d3;\n}\n<\/style>\n<div  class='togglecontainer av-ljbut9y8-ff3a4f6df8ff3346b3d19b90eb2dc943  avia-builder-el-6  avia-builder-el-no-sibling  accordion_product toggle_close_all hasCurrentStyle' >\n<section class='av_toggle_section av-ljbusvp3-b85c5ae5753f4b29933cc47cc98d0a0b' ><div role=\"tablist\" class=\"single_toggle\" data-tags=\"{Tout} \"  ><h4 id='toggle-toggle-id-1' data-fake-id='#toggle-id-1' class='toggler  activeTitle av-title-above '  role='tab' tabindex='0' aria-controls='toggle-id-1' data-slide-speed=\"200\" data-title=\"Avantages\" data-title-open=\"\" data-aria_collapsed=\"Cliquez pour \u00e9tendre : Avantages\" data-aria_expanded=\"Cliquez pour r\u00e9duire : Avantages\">Avantages<span class=\"toggle_icon\"><span class=\"vert_icon\"><\/span><span class=\"hor_icon\"><\/span><\/span><\/h4><div id='toggle-id-1' aria-labelledby='toggle-toggle-id-1' role='region' class='toggle_wrap  active_tc av-title-above' style='display:block;' ><div class='toggle_content invers-color ' ><ul>\n<li>R\u00e9sistance \u00e0 long terme<\/li>\n<li>Grande duret\u00e9 de surface<\/li>\n<li>D\u00e9gradation nulle<\/li>\n<li>Protection maximale<\/li>\n<li>Thixotropie \u00e9lev\u00e9e<\/li>\n<\/ul>\n<\/div><\/div><\/div><\/section>\n<section class='av_toggle_section av-ljbusy1q-09da3499f1bde5ed22ec2a0224f04f65' ><div role=\"tablist\" class=\"single_toggle\" data-tags=\"{Tout} \"  ><h4 id='toggle-toggle-id-2' data-fake-id='#toggle-id-2' class='toggler  av-title-above '  role='tab' tabindex='0' aria-controls='toggle-id-2' data-slide-speed=\"200\" data-title=\"Types de produits\" data-title-open=\"\" data-aria_collapsed=\"Cliquez pour \u00e9tendre : Types de produits\" data-aria_expanded=\"Cliquez pour r\u00e9duire : Types de produits\">Types de produits<span class=\"toggle_icon\"><span class=\"vert_icon\"><\/span><span class=\"hor_icon\"><\/span><\/span><\/h4><div id='toggle-id-2' aria-labelledby='toggle-toggle-id-2' role='region' class='toggle_wrap  av-title-above'  ><div class='toggle_content invers-color ' ><li class=\"page_item page-item-9297\"><a href=\"https:\/\/www.mates.it\/fr\/produits\/resines-adhesifs-chimiques\/gelcoat-fonds\/epoxy-f-g\/\">Epoxy<\/a><\/li>\n<li class=\"page_item page-item-9298\"><a href=\"https:\/\/www.mates.it\/fr\/produits\/resines-adhesifs-chimiques\/gelcoat-fonds\/polyester-f-g\/\">Polyester<\/a><\/li>\n<li class=\"page_item page-item-9299\"><a href=\"https:\/\/www.mates.it\/fr\/produits\/resines-adhesifs-chimiques\/gelcoat-fonds\/vinylester-f-g\/\">Vinylester<\/a><\/li>\n\n<\/div><\/div><\/div><\/section>\n<\/div><\/div><div  class='hr av-av_hr-91d7ccd583a503147498e120fee2ff9b hr-default  avia-builder-el-7  el_after_av_two_fifth  avia-builder-el-last '><span class='hr-inner '><span class=\"hr-inner-style\"><\/span><\/span><\/div><\/p>\n","protected":false},"excerpt":{"rendered":"<p>Les gelcoats et les primaires sont compos\u00e9s d&rsquo;une r\u00e9sine, qui d\u00e9termine la base, de charges inertes et de pigments, qui donnent la couleur et la consistance, ainsi que d&rsquo;un agent qui apporte la thixotropie n\u00e9cessaire.<\/p>\n","protected":false},"author":1,"featured_media":7249,"parent":9141,"menu_order":3,"comment_status":"open","ping_status":"open","template":"","meta":{"footnotes":""},"class_list":["post-9226","page","type-page","status-publish","has-post-thumbnail","hentry"],"_links":{"self":[{"href":"https:\/\/www.mates.it\/fr\/wp-json\/wp\/v2\/pages\/9226","targetHints":{"allow":["GET"]}}],"collection":[{"href":"https:\/\/www.mates.it\/fr\/wp-json\/wp\/v2\/pages"}],"about":[{"href":"https:\/\/www.mates.it\/fr\/wp-json\/wp\/v2\/types\/page"}],"author":[{"embeddable":true,"href":"https:\/\/www.mates.it\/fr\/wp-json\/wp\/v2\/users\/1"}],"replies":[{"embeddable":true,"href":"https:\/\/www.mates.it\/fr\/wp-json\/wp\/v2\/comments?post=9226"}],"version-history":[{"count":0,"href":"https:\/\/www.mates.it\/fr\/wp-json\/wp\/v2\/pages\/9226\/revisions"}],"up":[{"embeddable":true,"href":"https:\/\/www.mates.it\/fr\/wp-json\/wp\/v2\/pages\/9141"}],"wp:featuredmedia":[{"embeddable":true,"href":"https:\/\/www.mates.it\/fr\/wp-json\/wp\/v2\/media\/7249"}],"wp:attachment":[{"href":"https:\/\/www.mates.it\/fr\/wp-json\/wp\/v2\/media?parent=9226"}],"curies":[{"name":"wp","href":"https:\/\/api.w.org\/{rel}","templated":true}]}}