{"id":9228,"date":"2015-09-16T15:09:04","date_gmt":"2015-09-16T13:09:04","guid":{"rendered":"https:\/\/www.mates.it\/prodotti\/agenti-distaccanti\/film-formant\/"},"modified":"2023-06-26T20:00:55","modified_gmt":"2023-06-26T18:00:55","slug":"film-formant","status":"publish","type":"page","link":"https:\/\/www.mates.it\/fr\/produits\/agents-de-demoulage\/film-formant\/","title":{"rendered":"Film formant"},"content":{"rendered":"\n<style type=\"text\/css\" data-created_by=\"avia_inline_auto\" id=\"style-css-av-av_image-39cccd45b3e050e94152b0f9d7ea2186\">\n.avia-image-container.av-av_image-39cccd45b3e050e94152b0f9d7ea2186 img.avia_image{\nbox-shadow:none;\n}\n.avia-image-container.av-av_image-39cccd45b3e050e94152b0f9d7ea2186 .av-image-caption-overlay-center{\ncolor:#ffffff;\n}\n<\/style>\n<div  class='avia-image-container av-av_image-39cccd45b3e050e94152b0f9d7ea2186 av-styling- avia-align-center  avia-builder-el-0  el_before_av_hr  avia-builder-el-first '  ><div class=\"avia-image-container-inner\"><div class=\"avia-image-overlay-wrap\"><img decoding=\"async\" fetchpriority=\"high\" class=\"wp-image- avia-img-lazy-loading-not- avia_image \" src=\"https:\/\/www.mates.it\/wp-content\/uploads\/2016\/06\/Filmogeni.jpg\" alt=\"\" title=\"\"><\/div><\/div><\/div>\n<div  class='hr av-av_hr-91d7ccd583a503147498e120fee2ff9b hr-default  avia-builder-el-1  el_after_av_image  el_before_av_three_fifth '><span class='hr-inner '><span class=\"hr-inner-style\"><\/span><\/span><\/div>\n<div  class='flex_column av-av_three_fifth-7714eba142aeda1f8b5272a3c372b279 av_three_fifth  avia-builder-el-2  el_after_av_hr  el_before_av_two_fifth  first flex_column_div  '     ><p>\n<style type=\"text\/css\" data-created_by=\"avia_inline_auto\" id=\"style-css-av-ljd601qi-f18ce9231c4938e3d96e9529bbe803d8\">\n#top .av-special-heading.av-ljd601qi-f18ce9231c4938e3d96e9529bbe803d8{\npadding-bottom:10px;\n}\nbody .av-special-heading.av-ljd601qi-f18ce9231c4938e3d96e9529bbe803d8 .av-special-heading-tag .heading-char{\nfont-size:25px;\n}\n.av-special-heading.av-ljd601qi-f18ce9231c4938e3d96e9529bbe803d8 .av-subheading{\nfont-size:15px;\n}\n<\/style>\n<div  class='av-special-heading av-ljd601qi-f18ce9231c4938e3d96e9529bbe803d8 av-special-heading-h1  avia-builder-el-3  el_before_av_textblock  avia-builder-el-first  custom-h1-title'><h1 class='av-special-heading-tag '  >Film formant<\/h1><div class=\"special-heading-border\"><div class=\"special-heading-inner-border\"><\/div><\/div><\/div><br \/>\n<section  class='av_textblock_section av-ljd5yiyh-59af38bc620e5913f4064a55c4339797 '  ><div class='avia_textblock' ><p>Les agents de d\u00e9moulage cr\u00e9ent un film plastique sur la surface trait\u00e9e, permettant un d\u00e9tachement parfait m\u00eame sur les moules sans une excellente finition. Gr\u00e2ce \u00e0 cette caract\u00e9ristique importante, il est possible d\u2019utiliser des agents de d\u00e9moulage sur des moules poreux et sur toutes les surfaces sur lesquelles d\u2019autres agents de d\u00e9moulage pourraient poser des probl\u00e8mes. Une application et un s\u00e9chage corrects sont d\u2019une importance fondamentale, afin d\u2019\u00e9viter de contaminer la surface du produit avec des traces d\u2019agent de lib\u00e9ration. Si vous avez des doutes sur le meilleur agent de diffusion pour votre projet, veuillez nous contacter.<\/p>\n<\/div><\/section><\/p><\/div><div  class='flex_column av-av_two_fifth-f1c518e9ff58e869f80c8f093487abc9 av_two_fifth  avia-builder-el-5  el_after_av_three_fifth  el_before_av_hr  flex_column_div  '     ><style type=\"text\/css\" data-created_by=\"avia_inline_auto\" id=\"style-css-av-ljd5zuhq-36275034d4b8d9a9c2b9150ad5ed1d67\">\n#top .togglecontainer.av-ljd5zuhq-36275034d4b8d9a9c2b9150ad5ed1d67 h4.toggler{\nfont-size:14px;\n}\n#top .togglecontainer.av-ljd5zuhq-36275034d4b8d9a9c2b9150ad5ed1d67 h4.toggler.activeTitle{\ncolor:#ffffff;\nborder-color:#ffffff;\nbackground-color:#2682d3;\n}\n<\/style>\n<div  class='togglecontainer av-ljd5zuhq-36275034d4b8d9a9c2b9150ad5ed1d67  avia-builder-el-6  avia-builder-el-no-sibling  accordion_product toggle_close_all hasCurrentStyle' >\n<section class='av_toggle_section av-ljd5zql3-632bf2b5f484ac236c429eb31b5466a7' ><div role=\"tablist\" class=\"single_toggle\" data-tags=\"{Tout} \"  ><h4 id='toggle-toggle-id-1' data-fake-id='#toggle-id-1' class='toggler  activeTitle av-title-above '  role='tab' tabindex='0' aria-controls='toggle-id-1' data-slide-speed=\"200\" data-title=\"Avantages\" data-title-open=\"\" data-aria_collapsed=\"Cliquez pour \u00e9tendre : Avantages\" data-aria_expanded=\"Cliquez pour r\u00e9duire : Avantages\">Avantages<span class=\"toggle_icon\"><span class=\"vert_icon\"><\/span><span class=\"hor_icon\"><\/span><\/span><\/h4><div id='toggle-id-1' aria-labelledby='toggle-toggle-id-1' role='region' class='toggle_wrap  active_tc av-title-above' style='display:block;' ><div class='toggle_content invers-color ' ><ul>\n<li>Applicable sur diff\u00e9rents substrats<\/li>\n<li>Prot\u00e8ge la surface<\/li>\n<li>Excellente finition de surface<\/li>\n<li>Pouvoir s\u00e9parateur discret<\/li>\n<li>Polyvalence des proc\u00e9d\u00e9s<\/li>\n<\/ul>\n<\/div><\/div><\/div><\/section>\n<section class='av_toggle_section av-ljd5ztaz-d43f36c152c586b5ea34c88510667a00' ><div role=\"tablist\" class=\"single_toggle\" data-tags=\"{Tout} \"  ><h4 id='toggle-toggle-id-2' data-fake-id='#toggle-id-2' class='toggler  av-title-above '  role='tab' tabindex='0' aria-controls='toggle-id-2' data-slide-speed=\"200\" data-title=\"Types de produit\" data-title-open=\"\" data-aria_collapsed=\"Cliquez pour \u00e9tendre : Types de produit\" data-aria_expanded=\"Cliquez pour r\u00e9duire : Types de produit\">Types de produit<span class=\"toggle_icon\"><span class=\"vert_icon\"><\/span><span class=\"hor_icon\"><\/span><\/span><\/h4><div id='toggle-id-2' aria-labelledby='toggle-toggle-id-2' role='region' class='toggle_wrap  av-title-above'  ><div class='toggle_content invers-color ' ><ul class=\"customlist2\">\n<li><a href=\"https:\/\/fileserver.mates.it\/Prodotti\/3_Distaccanti\/TDS\/Finish%20Kare\/FK_PV6_TDS.pdf\" target=\"_blank\" rel=\"noopener\">FK &#8211; PV6<\/a><\/li>\n<li><a href=\"https:\/\/fileserver.mates.it\/Prodotti\/3_Distaccanti\/TDS\/Mates\/PVA_DS.pdf\" target=\"_blank\" rel=\"noopener\">Mates \u00ae PVA<\/a><\/li>\n<\/ul>\n<\/div><\/div><\/div><\/section>\n<\/div><\/div><div  class='hr av-av_hr-91d7ccd583a503147498e120fee2ff9b hr-default  avia-builder-el-7  el_after_av_two_fifth  avia-builder-el-last '><span class='hr-inner '><span class=\"hr-inner-style\"><\/span><\/span><\/div><\/p>\n","protected":false},"excerpt":{"rendered":"<p>Les agents de d\u00e9moulage cr\u00e9ent un film plastique sur la surface trait\u00e9e, permettant un d\u00e9tachement parfait m\u00eame sur les moules sans une excellente finition. <\/p>\n","protected":false},"author":1,"featured_media":7265,"parent":9143,"menu_order":0,"comment_status":"open","ping_status":"open","template":"","meta":{"footnotes":""},"class_list":["post-9228","page","type-page","status-publish","has-post-thumbnail","hentry"],"_links":{"self":[{"href":"https:\/\/www.mates.it\/fr\/wp-json\/wp\/v2\/pages\/9228","targetHints":{"allow":["GET"]}}],"collection":[{"href":"https:\/\/www.mates.it\/fr\/wp-json\/wp\/v2\/pages"}],"about":[{"href":"https:\/\/www.mates.it\/fr\/wp-json\/wp\/v2\/types\/page"}],"author":[{"embeddable":true,"href":"https:\/\/www.mates.it\/fr\/wp-json\/wp\/v2\/users\/1"}],"replies":[{"embeddable":true,"href":"https:\/\/www.mates.it\/fr\/wp-json\/wp\/v2\/comments?post=9228"}],"version-history":[{"count":0,"href":"https:\/\/www.mates.it\/fr\/wp-json\/wp\/v2\/pages\/9228\/revisions"}],"up":[{"embeddable":true,"href":"https:\/\/www.mates.it\/fr\/wp-json\/wp\/v2\/pages\/9143"}],"wp:featuredmedia":[{"embeddable":true,"href":"https:\/\/www.mates.it\/fr\/wp-json\/wp\/v2\/media\/7265"}],"wp:attachment":[{"href":"https:\/\/www.mates.it\/fr\/wp-json\/wp\/v2\/media?parent=9228"}],"curies":[{"name":"wp","href":"https:\/\/api.w.org\/{rel}","templated":true}]}}