{"id":9230,"date":"2015-09-16T15:08:59","date_gmt":"2015-09-16T13:08:59","guid":{"rendered":"https:\/\/www.mates.it\/prodotti\/agenti-distaccanti\/semi-permanents\/"},"modified":"2024-10-14T15:46:56","modified_gmt":"2024-10-14T13:46:56","slug":"semi-permanents","status":"publish","type":"page","link":"https:\/\/www.mates.it\/fr\/produits\/agents-de-demoulage\/semi-permanents\/","title":{"rendered":"Semi permanents"},"content":{"rendered":"\n<style type=\"text\/css\" data-created_by=\"avia_inline_auto\" id=\"style-css-av-cc4x9a-63ba57508c9655e0157c2d9d501f65de\">\n.avia-image-container.av-cc4x9a-63ba57508c9655e0157c2d9d501f65de img.avia_image{\nbox-shadow:none;\n}\n.avia-image-container.av-cc4x9a-63ba57508c9655e0157c2d9d501f65de .av-image-caption-overlay-center{\ncolor:#ffffff;\n}\n<\/style>\n<div  class='avia-image-container av-cc4x9a-63ba57508c9655e0157c2d9d501f65de av-styling- avia-align-center  avia-builder-el-0  el_before_av_hr  avia-builder-el-first '  ><div class=\"avia-image-container-inner\"><div class=\"avia-image-overlay-wrap\"><img decoding=\"async\" fetchpriority=\"high\" class=\"wp-image- avia-img-lazy-loading-not- avia_image \" src=\"https:\/\/www.mates.it\/wp-content\/uploads\/2016\/06\/Semipermanenti.jpg\" alt=\"\" title=\"\"><\/div><\/div><\/div>\n<div  class='hr av-bcyujy-b01f1479ee1329149a016382a7ee8c0b hr-default  avia-builder-el-1  el_after_av_image  el_before_av_three_fifth '><span class='hr-inner '><span class=\"hr-inner-style\"><\/span><\/span><\/div>\n<div  class='flex_column av-9n8eu6-cb79dd9df917d0b15d1d3993119f18a5 av_three_fifth  avia-builder-el-2  el_after_av_hr  el_before_av_two_fifth  first flex_column_div  '     ><p>\n<style type=\"text\/css\" data-created_by=\"avia_inline_auto\" id=\"style-css-av-ljd7cghs-927411de134a42827ca03610bbd6c015\">\n#top .av-special-heading.av-ljd7cghs-927411de134a42827ca03610bbd6c015{\npadding-bottom:10px;\n}\nbody .av-special-heading.av-ljd7cghs-927411de134a42827ca03610bbd6c015 .av-special-heading-tag .heading-char{\nfont-size:25px;\n}\n.av-special-heading.av-ljd7cghs-927411de134a42827ca03610bbd6c015 .av-subheading{\nfont-size:15px;\n}\n<\/style>\n<div  class='av-special-heading av-ljd7cghs-927411de134a42827ca03610bbd6c015 av-special-heading-h1  avia-builder-el-3  el_before_av_textblock  avia-builder-el-first  custom-h1-title'><h1 class='av-special-heading-tag '  >Semi permanents<\/h1><div class=\"special-heading-border\"><div class=\"special-heading-inner-border\"><\/div><\/div><\/div><br \/>\n<section  class='av_textblock_section av-ljd7cndu-44ccdd903ccea3c63300364857f83da5 '  ><div class='avia_textblock' ><p>Traitements de surface pour moules et mod\u00e8les \u00e0 base d\u2019eau ou de solvant, sp\u00e9cialement con\u00e7us pour prot\u00e9ger pendant le processus de production des mat\u00e9riaux composites contre les dommages chimiques et physiques caus\u00e9s par la tendance \u00e0 se lier pendant les phases d\u2019emboutissage. Toujours en stock une large gamme d\u2019agents de lib\u00e9ration \u00e0 base de solvant et \u00e0 base d\u2019eau, y compris de nombreuses options semi-permanentes\u00a0: des produits qui offrent de nombreuses possibilit\u00e9s de trouver la bonne solution pour les d\u00e9fis les plus difficiles de moulage de mat\u00e9riaux composites avanc\u00e9s. Nous avons \u00e9galement des nettoyants Chem-Trend\u00ae pour moules \u00e0 base de solvant et \u00e0 base d\u2019eau, con\u00e7us pour maintenir les moules et les mod\u00e8les dans un \u00e9tat optimal. Dans le secteur des mat\u00e9riaux composites, c\u2019est l\u2019un des \u00e9l\u00e9ments cl\u00e9s pour une efficacit\u00e9 op\u00e9rationnelle maximale.<\/p>\n<\/div><\/section><\/p><\/div>\n<div  class='flex_column av-7y11um-bbb1739090bb9bf495b7dd2810846bd9 av_two_fifth  avia-builder-el-5  el_after_av_three_fifth  el_before_av_hr  flex_column_div  '     ><style type=\"text\/css\" data-created_by=\"avia_inline_auto\" id=\"style-css-av-ljd7ersb-f03e6e2c62c2c7ca3d4b358a8644a9e4\">\n#top .togglecontainer.av-ljd7ersb-f03e6e2c62c2c7ca3d4b358a8644a9e4 h4.toggler{\nfont-size:14px;\n}\n#top .togglecontainer.av-ljd7ersb-f03e6e2c62c2c7ca3d4b358a8644a9e4 h4.toggler.activeTitle{\ncolor:#ffffff;\nborder-color:#ffffff;\nbackground-color:#2682d3;\n}\n<\/style>\n<div  class='togglecontainer av-ljd7ersb-f03e6e2c62c2c7ca3d4b358a8644a9e4  avia-builder-el-6  avia-builder-el-no-sibling  accordion_product toggle_close_all hasCurrentStyle' >\n<section class='av_toggle_section av-ljd7dimw-8866022b5108d94ddcb893afa7d2ac6d' ><div role=\"tablist\" class=\"single_toggle\" data-tags=\"{Tout} \"  ><h4 id='toggle-toggle-id-1' data-fake-id='#toggle-id-1' class='toggler  activeTitle av-title-above '  role='tab' tabindex='0' aria-controls='toggle-id-1' data-slide-speed=\"200\" data-title=\"Avantages\" data-title-open=\"\" data-aria_collapsed=\"Cliquez pour \u00e9tendre : Avantages\" data-aria_expanded=\"Cliquez pour r\u00e9duire : Avantages\">Avantages<span class=\"toggle_icon\"><span class=\"vert_icon\"><\/span><span class=\"hor_icon\"><\/span><\/span><\/h4><div id='toggle-id-1' aria-labelledby='toggle-toggle-id-1' role='region' class='toggle_wrap  active_tc av-title-above' style='display:block;' ><div class='toggle_content invers-color ' ><ul class=\"customlist1\">\n<li>R\u00e9p\u00e9tabilit\u00e9 des processus<\/li>\n<li>Haute qualit\u00e9<\/li>\n<li>Augmentation de la vitesse de production<\/li>\n<li>Extraction facilit\u00e9e<\/li>\n<li>D\u00e9moulage multiple<\/li>\n<\/ul>\n<\/div><\/div><\/div><\/section>\n<section class='av_toggle_section av-ljd7dmmb-761024aff01bc822512c069436688273' ><div role=\"tablist\" class=\"single_toggle\" data-tags=\"{Tout} \"  ><h4 id='toggle-toggle-id-2' data-fake-id='#toggle-id-2' class='toggler  av-title-above '  role='tab' tabindex='0' aria-controls='toggle-id-2' data-slide-speed=\"200\" data-title=\"Types de produit\" data-title-open=\"\" data-aria_collapsed=\"Cliquez pour \u00e9tendre : Types de produit\" data-aria_expanded=\"Cliquez pour r\u00e9duire : Types de produit\">Types de produit<span class=\"toggle_icon\"><span class=\"vert_icon\"><\/span><span class=\"hor_icon\"><\/span><\/span><\/h4><div id='toggle-id-2' aria-labelledby='toggle-toggle-id-2' role='region' class='toggle_wrap  av-title-above'  ><div class='toggle_content invers-color ' ><li class=\"page_item page-item-9305\"><a href=\"https:\/\/www.mates.it\/fr\/produits\/agents-de-demoulage\/semi-permanents\/nettoyeurs-de-moules\/\">Nettoyeurs de moules<\/a><\/li>\n<li class=\"page_item page-item-9303\"><a href=\"https:\/\/www.mates.it\/fr\/produits\/agents-de-demoulage\/semi-permanents\/scelleurs-apprets\/\">Scelleurs \/ Appr\u00eats<\/a><\/li>\n<li class=\"page_item page-item-9304\"><a href=\"https:\/\/www.mates.it\/fr\/produits\/agents-de-demoulage\/semi-permanents\/agents-de-demoulage-s\/\">Agents de d\u00e9moulage<\/a><\/li>\n\n<\/div><\/div><\/div><\/section>\n<\/div><\/div>\n<div  class='hr av-naw0u-67b1f340ac7c3c099d22edad01efa5a8 hr-default  avia-builder-el-7  el_after_av_two_fifth  el_before_av_one_full '><span class='hr-inner '><span class=\"hr-inner-style\"><\/span><\/span><\/div>\n<div  class='flex_column av-4rr3zy-ad6dd48ba9469eaaf9eaef56815f38a0 av_one_full  avia-builder-el-8  el_after_av_hr  avia-builder-el-last  first flex_column_div  '     ><p><div  class='avia-button-wrap av-29sary-8b048e8ee1ef719564e5cd23dedc2ac9-wrap avia-button-left  avia-builder-el-9  el_before_av_button  avia-builder-el-first '><a href=\"https:\/\/fileserver.mates.it\/Prodotti\/3_Distaccanti\/Brochure\/Chemtrend\/CT-Comp.%20-%20IT%20-%20V04%20-%2002.17%20-%20web.pdf\" class=\"avia-button av-29sary-8b048e8ee1ef719564e5cd23dedc2ac9 av-link-btn avia-icon_select-yes-left-icon avia-size-small avia-position-left avia-color-theme-color\" target=\"_blank\" rel=\"noopener noreferrer\" aria-label=\" Chem-Trend \u00ae Brochure\"><span class='avia_button_icon avia_button_icon_left avia-iconfont avia-font-entypo-fontello' data-av_icon='\ue82d' data-av_iconfont='entypo-fontello' ><\/span><span class='avia_iconbox_title' > Chem-Trend \u00ae Brochure<\/span><\/a><\/div><br \/>\n<div  class='avia-button-wrap av-m292imwa-f3271a12082a62eb169d9926314fb9d9-wrap avia-button-left  avia-builder-el-10  el_after_av_button  avia-builder-el-last '><a href=\"https:\/\/fileserver.mates.it\/Prodotti\/3_Distaccanti\/Brochure\/Chemtrend\/EN-Zyvax_Aerospace-co-EU_2024-09-17-v06.pdf\" class=\"avia-button av-m292imwa-f3271a12082a62eb169d9926314fb9d9 av-link-btn avia-icon_select-yes-left-icon avia-size-small avia-position-left avia-color-theme-color\" target=\"_blank\" rel=\"noopener noreferrer\" aria-label=\"Zyvax Aerospace \u00ae Brochure\"><span class='avia_button_icon avia_button_icon_left avia-iconfont avia-font-entypo-fontello' data-av_icon='\ue82d' data-av_iconfont='entypo-fontello' ><\/span><span class='avia_iconbox_title' >Zyvax Aerospace \u00ae Brochure<\/span><\/a><\/div><\/p><\/div>\n","protected":false},"excerpt":{"rendered":"<p>Les agents de d\u00e9moulage filmog\u00e8nes cr\u00e9ent un film plastique sur la surface trait\u00e9e, permettant un d\u00e9collement parfait m\u00eame sur des moules sans excellente finition.<\/p>\n","protected":false},"author":1,"featured_media":7269,"parent":9143,"menu_order":0,"comment_status":"open","ping_status":"open","template":"","meta":{"footnotes":""},"class_list":["post-9230","page","type-page","status-publish","has-post-thumbnail","hentry"],"_links":{"self":[{"href":"https:\/\/www.mates.it\/fr\/wp-json\/wp\/v2\/pages\/9230","targetHints":{"allow":["GET"]}}],"collection":[{"href":"https:\/\/www.mates.it\/fr\/wp-json\/wp\/v2\/pages"}],"about":[{"href":"https:\/\/www.mates.it\/fr\/wp-json\/wp\/v2\/types\/page"}],"author":[{"embeddable":true,"href":"https:\/\/www.mates.it\/fr\/wp-json\/wp\/v2\/users\/1"}],"replies":[{"embeddable":true,"href":"https:\/\/www.mates.it\/fr\/wp-json\/wp\/v2\/comments?post=9230"}],"version-history":[{"count":0,"href":"https:\/\/www.mates.it\/fr\/wp-json\/wp\/v2\/pages\/9230\/revisions"}],"up":[{"embeddable":true,"href":"https:\/\/www.mates.it\/fr\/wp-json\/wp\/v2\/pages\/9143"}],"wp:featuredmedia":[{"embeddable":true,"href":"https:\/\/www.mates.it\/fr\/wp-json\/wp\/v2\/media\/7269"}],"wp:attachment":[{"href":"https:\/\/www.mates.it\/fr\/wp-json\/wp\/v2\/media?parent=9230"}],"curies":[{"name":"wp","href":"https:\/\/api.w.org\/{rel}","templated":true}]}}