{"id":9232,"date":"2015-09-16T15:09:02","date_gmt":"2015-09-16T13:09:02","guid":{"rendered":"https:\/\/www.mates.it\/prodotti\/agenti-distaccanti\/cire-de-demoulage\/"},"modified":"2023-06-26T17:45:53","modified_gmt":"2023-06-26T15:45:53","slug":"cire-de-demoulage","status":"publish","type":"page","link":"https:\/\/www.mates.it\/fr\/produits\/agents-de-demoulage\/cire-de-demoulage\/","title":{"rendered":"Cire de d\u00e9moulage"},"content":{"rendered":"\n<style type=\"text\/css\" data-created_by=\"avia_inline_auto\" id=\"style-css-av-av_image-e6932a7e4b069491e907fafcbf01b561\">\n.avia-image-container.av-av_image-e6932a7e4b069491e907fafcbf01b561 img.avia_image{\nbox-shadow:none;\n}\n.avia-image-container.av-av_image-e6932a7e4b069491e907fafcbf01b561 .av-image-caption-overlay-center{\ncolor:#ffffff;\n}\n<\/style>\n<div  class='avia-image-container av-av_image-e6932a7e4b069491e907fafcbf01b561 av-styling- avia-align-center  avia-builder-el-0  el_before_av_hr  avia-builder-el-first '  ><div class=\"avia-image-container-inner\"><div class=\"avia-image-overlay-wrap\"><img decoding=\"async\" fetchpriority=\"high\" class=\"wp-image- avia-img-lazy-loading-not- avia_image \" src=\"https:\/\/www.mates.it\/wp-content\/uploads\/2016\/06\/Cerosi.jpg\" alt=\"\" title=\"\"><\/div><\/div><\/div>\n<div  class='hr av-av_hr-91d7ccd583a503147498e120fee2ff9b hr-default  avia-builder-el-1  el_after_av_image  el_before_av_three_fifth '><span class='hr-inner '><span class=\"hr-inner-style\"><\/span><\/span><\/div>\n<div  class='flex_column av-av_three_fifth-7714eba142aeda1f8b5272a3c372b279 av_three_fifth  avia-builder-el-2  el_after_av_hr  el_before_av_two_fifth  first flex_column_div  '     ><p>\n<style type=\"text\/css\" data-created_by=\"avia_inline_auto\" id=\"style-css-av-ljd14gpk-6852fde1f9b9ba75fce08fa090fcc94b\">\n#top .av-special-heading.av-ljd14gpk-6852fde1f9b9ba75fce08fa090fcc94b{\npadding-bottom:10px;\n}\nbody .av-special-heading.av-ljd14gpk-6852fde1f9b9ba75fce08fa090fcc94b .av-special-heading-tag .heading-char{\nfont-size:25px;\n}\n.av-special-heading.av-ljd14gpk-6852fde1f9b9ba75fce08fa090fcc94b .av-subheading{\nfont-size:15px;\n}\n<\/style>\n<div  class='av-special-heading av-ljd14gpk-6852fde1f9b9ba75fce08fa090fcc94b av-special-heading-h1  avia-builder-el-3  el_before_av_textblock  avia-builder-el-first  custom-h1-title'><h1 class='av-special-heading-tag '  >Cire de d\u00e9moulage<\/h1><div class=\"special-heading-border\"><div class=\"special-heading-inner-border\"><\/div><\/div><\/div><br \/>\n<section  class='av_textblock_section av-ljd14avq-07216058307fd69988493cd73ee335f8 '  ><div class='avia_textblock' ><p>Les agents de d\u00e9moulage \u00e0 base de cire laissent une couche de cire sur la surface, garantissant un d\u00e9tachement s\u00fbr m\u00eame sur des surfaces imparfaites et rugueuses ; id\u00e9al pour les moules moyens-petits aux formes d\u00e9taill\u00e9es et complexes, avec des m\u00e9thodes d&rsquo;application bas\u00e9es sur le wipe on\/leave on ou sur le classique wipe on\/wipe off (appliqu\u00e9 et \u00e9tir\u00e9). Pour ce type d&rsquo;agent de d\u00e9moulage \u00e9galement, une application et un s\u00e9chage corrects sont d&rsquo;une importance fondamentale, afin d&rsquo;\u00e9viter de contaminer la surface du produit avec des traces d&rsquo;agent de d\u00e9moulage. Les agents de d\u00e9moulage en p\u00e2te \u00e0 base de cire, s&rsquo;ils sont utilis\u00e9s correctement, permettent d&rsquo;obtenir une excellente finition de surface, en particulier s&rsquo;ils sont utilis\u00e9s pour les stratifications dans des moules brillants. La pr\u00e9paration du moule est assez laborieuse et longue mais se justifie par le r\u00e9sultat final.<\/p>\n<\/div><\/section><\/p><\/div><div  class='flex_column av-av_two_fifth-f1c518e9ff58e869f80c8f093487abc9 av_two_fifth  avia-builder-el-5  el_after_av_three_fifth  el_before_av_hr  flex_column_div  '     ><style type=\"text\/css\" data-created_by=\"avia_inline_auto\" id=\"style-css-av-ljd16cz1-d5562ffafd7f0770d8b498f4d9e190cc\">\n#top .togglecontainer.av-ljd16cz1-d5562ffafd7f0770d8b498f4d9e190cc h4.toggler{\nfont-size:14px;\n}\n#top .togglecontainer.av-ljd16cz1-d5562ffafd7f0770d8b498f4d9e190cc h4.toggler.activeTitle{\ncolor:#ffffff;\nborder-color:#ffffff;\nbackground-color:#2682d3;\n}\n<\/style>\n<div  class='togglecontainer av-ljd16cz1-d5562ffafd7f0770d8b498f4d9e190cc  avia-builder-el-6  avia-builder-el-no-sibling  accordion_product toggle_close_all hasCurrentStyle' >\n<section class='av_toggle_section av-ljd15d6u-a3b2f0f7a26214b0286252eba63f8210' ><div role=\"tablist\" class=\"single_toggle\" data-tags=\"{Tout} \"  ><h4 id='toggle-toggle-id-1' data-fake-id='#toggle-id-1' class='toggler  activeTitle av-title-above '  role='tab' tabindex='0' aria-controls='toggle-id-1' data-slide-speed=\"200\" data-title=\"Cires liquides\" data-title-open=\"\" data-aria_collapsed=\"Cliquez pour \u00e9tendre : Cires liquides\" data-aria_expanded=\"Cliquez pour r\u00e9duire : Cires liquides\">Cires liquides<span class=\"toggle_icon\"><span class=\"vert_icon\"><\/span><span class=\"hor_icon\"><\/span><\/span><\/h4><div id='toggle-id-1' aria-labelledby='toggle-toggle-id-1' role='region' class='toggle_wrap  active_tc av-title-above' style='display:block;' ><div class='toggle_content invers-color ' ><ul class=\"customlist1\">\n<li><a href=\"https:\/\/fileserver.mates.it\/Prodotti\/3_Distaccanti\/TDS\/Chemtrend\/Cere%20sacrificali\/chemlease_5128_TDS.pdf\" target=\"_blank\" rel=\"noopener\">Chemlease \u00ae 5128<\/a><\/li>\n<li><a href=\"https:\/\/fileserver.mates.it\/Prodotti\/3_Distaccanti\/TDS\/Mates\/SX20_DS.pdf\" target=\"_blank\" rel=\"noopener\">Mates \u00ae SX20<\/a><\/li>\n<\/ul>\n<\/div><\/div><\/div><\/section>\n<section class='av_toggle_section av-ljd15hmo-f322f9a95ccdac851ed3cba1d1689451' ><div role=\"tablist\" class=\"single_toggle\" data-tags=\"{Tout} \"  ><h4 id='toggle-toggle-id-2' data-fake-id='#toggle-id-2' class='toggler  av-title-above '  role='tab' tabindex='0' aria-controls='toggle-id-2' data-slide-speed=\"200\" data-title=\"Cires solides\" data-title-open=\"\" data-aria_collapsed=\"Cliquez pour \u00e9tendre : Cires solides\" data-aria_expanded=\"Cliquez pour r\u00e9duire : Cires solides\">Cires solides<span class=\"toggle_icon\"><span class=\"vert_icon\"><\/span><span class=\"hor_icon\"><\/span><\/span><\/h4><div id='toggle-id-2' aria-labelledby='toggle-toggle-id-2' role='region' class='toggle_wrap  av-title-above'  ><div class='toggle_content invers-color ' ><ul class=\"customlist2\">\n<li><a href=\"https:\/\/fileserver.mates.it\/Prodotti\/3_Distaccanti\/TDS\/Finish%20Kare\/FK_1000P_TDS.pdf\" target=\"_blank\" rel=\"noopener\">FK &#8211; 1000P<\/a><\/li>\n<li><a href=\"https:\/\/fileserver.mates.it\/Prodotti\/3_Distaccanti\/TDS\/TR\/TR_104_TSD_EN.pdf\" target=\"_blank\" rel=\"noopener\">TR &#8211; 104<\/a><\/li>\n<\/ul>\n<\/div><\/div><\/div><\/section>\n<\/div><\/div><div  class='hr av-av_hr-91d7ccd583a503147498e120fee2ff9b hr-default  avia-builder-el-7  el_after_av_two_fifth  avia-builder-el-last '><span class='hr-inner '><span class=\"hr-inner-style\"><\/span><\/span><\/div><\/p>\n","protected":false},"excerpt":{"rendered":"<p>Les agents de d\u00e9moulage \u00e0 base de cire laissent une couche de cire sur la surface, garantissant un d\u00e9tachement s\u00fbr m\u00eame sur des surfaces imparfaites et rugueuses, id\u00e9al pour les moules de taille moyenne \u00e0 petite.<\/p>\n","protected":false},"author":1,"featured_media":7261,"parent":9143,"menu_order":0,"comment_status":"open","ping_status":"open","template":"","meta":{"footnotes":""},"class_list":["post-9232","page","type-page","status-publish","has-post-thumbnail","hentry"],"_links":{"self":[{"href":"https:\/\/www.mates.it\/fr\/wp-json\/wp\/v2\/pages\/9232","targetHints":{"allow":["GET"]}}],"collection":[{"href":"https:\/\/www.mates.it\/fr\/wp-json\/wp\/v2\/pages"}],"about":[{"href":"https:\/\/www.mates.it\/fr\/wp-json\/wp\/v2\/types\/page"}],"author":[{"embeddable":true,"href":"https:\/\/www.mates.it\/fr\/wp-json\/wp\/v2\/users\/1"}],"replies":[{"embeddable":true,"href":"https:\/\/www.mates.it\/fr\/wp-json\/wp\/v2\/comments?post=9232"}],"version-history":[{"count":0,"href":"https:\/\/www.mates.it\/fr\/wp-json\/wp\/v2\/pages\/9232\/revisions"}],"up":[{"embeddable":true,"href":"https:\/\/www.mates.it\/fr\/wp-json\/wp\/v2\/pages\/9143"}],"wp:featuredmedia":[{"embeddable":true,"href":"https:\/\/www.mates.it\/fr\/wp-json\/wp\/v2\/media\/7261"}],"wp:attachment":[{"href":"https:\/\/www.mates.it\/fr\/wp-json\/wp\/v2\/media?parent=9232"}],"curies":[{"name":"wp","href":"https:\/\/api.w.org\/{rel}","templated":true}]}}