{"id":9234,"date":"2015-09-16T15:10:25","date_gmt":"2015-09-16T13:10:25","guid":{"rendered":"https:\/\/www.mates.it\/prodotti\/materiali-anima-core\/honeycombs-f\/"},"modified":"2023-10-14T14:49:47","modified_gmt":"2023-10-14T12:49:47","slug":"alveolaires","status":"publish","type":"page","link":"https:\/\/www.mates.it\/fr\/produits\/materiaux-dame\/alveolaires\/","title":{"rendered":"Alv\u00e9olaires"},"content":{"rendered":"<\/p>\n\n<style type=\"text\/css\" data-created_by=\"avia_inline_auto\" id=\"style-css-av-av_image-387fa1fbb507ab1618b939502d2e5a9e\">\n.avia-image-container.av-av_image-387fa1fbb507ab1618b939502d2e5a9e img.avia_image{\nbox-shadow:none;\n}\n.avia-image-container.av-av_image-387fa1fbb507ab1618b939502d2e5a9e .av-image-caption-overlay-center{\ncolor:#ffffff;\n}\n<\/style>\n<div  class='avia-image-container av-av_image-387fa1fbb507ab1618b939502d2e5a9e av-styling- avia-align-center  avia-builder-el-0  el_before_av_hr  avia-builder-el-first '  ><div class=\"avia-image-container-inner\"><div class=\"avia-image-overlay-wrap\"><img decoding=\"async\" fetchpriority=\"high\" class=\"wp-image- avia-img-lazy-loading-not- avia_image \" src=\"https:\/\/www.mates.it\/wp-content\/uploads\/2016\/06\/Cellula-aperta.jpg\" alt=\"\" title=\"\"><\/div><\/div><\/div>\n<div  class='hr av-av_hr-91d7ccd583a503147498e120fee2ff9b hr-default  avia-builder-el-1  el_after_av_image  el_before_av_three_fifth '><span class='hr-inner '><span class=\"hr-inner-style\"><\/span><\/span><\/div>\n<div  class='flex_column av-av_three_fifth-7714eba142aeda1f8b5272a3c372b279 av_three_fifth  avia-builder-el-2  el_after_av_hr  el_before_av_two_fifth  first flex_column_div  '     ><p>\n<style type=\"text\/css\" data-created_by=\"avia_inline_auto\" id=\"style-css-av-ljdc5pca-cd7a6b1a21a3dc075b77168939e5c5f6\">\n#top .av-special-heading.av-ljdc5pca-cd7a6b1a21a3dc075b77168939e5c5f6{\npadding-bottom:10px;\n}\nbody .av-special-heading.av-ljdc5pca-cd7a6b1a21a3dc075b77168939e5c5f6 .av-special-heading-tag .heading-char{\nfont-size:25px;\n}\n.av-special-heading.av-ljdc5pca-cd7a6b1a21a3dc075b77168939e5c5f6 .av-subheading{\nfont-size:15px;\n}\n<\/style>\n<div  class='av-special-heading av-ljdc5pca-cd7a6b1a21a3dc075b77168939e5c5f6 av-special-heading-h1  avia-builder-el-3  el_before_av_textblock  avia-builder-el-first  custom-h1-title'><h1 class='av-special-heading-tag '  >Alv\u00e9olaires<\/h1><div class=\"special-heading-border\"><div class=\"special-heading-inner-border\"><\/div><\/div><\/div><br \/>\n<section  class='av_textblock_section av-ljdc4bwt-cbd554ec7a3f7f4b9876432714631ece '  ><div class='avia_textblock' ><p>Les \u00e2mes structurelles alv\u00e9olaires, ou encore appel\u00e9es \u00e2mes en nid d&rsquo;abeilles, sont g\u00e9n\u00e9ralement utilis\u00e9es comme structure interne dans la construction de produits composites o\u00f9 le confinement maximal du poids final est un facteur d&rsquo;importance fondamentale. Ils sont particuli\u00e8rement adapt\u00e9s aux constructions sandwich dans diff\u00e9rents secteurs tels que le nautisme, l&rsquo;\u00e9olien, l&rsquo;a\u00e9rospatial, l&rsquo;automobile, pour la production d&rsquo;\u00e9quipements et d&rsquo;outils pour les loisirs et dans de nombreux autres domaines. Ce type d&rsquo;\u00e2me est compos\u00e9 d&rsquo;une structure d\u00e9formable avec un faible poids sp\u00e9cifique, une haute r\u00e9sistance \u00e0 la compression et une drapabilit\u00e9 directement proportionnelle \u00e0 l&rsquo;\u00e9paisseur. Un noyau de ce type peut \u00eatre coll\u00e9 entre deux stratifi\u00e9s pr\u00e9fabriqu\u00e9s, ou dans des cas exceptionnels, il peut \u00e9galement \u00eatre positionn\u00e9 cons\u00e9cutivement au stratifi\u00e9.<\/p>\n<\/div><\/section><\/p><\/div><div  class='flex_column av-av_two_fifth-f1c518e9ff58e869f80c8f093487abc9 av_two_fifth  avia-builder-el-5  el_after_av_three_fifth  el_before_av_hr  flex_column_div  '     ><style type=\"text\/css\" data-created_by=\"avia_inline_auto\" id=\"style-css-av-ljdc4zet-3bec7f15cdc97f7b8c3d20d2b8dbda8b\">\n#top .togglecontainer.av-ljdc4zet-3bec7f15cdc97f7b8c3d20d2b8dbda8b h4.toggler{\nfont-size:14px;\n}\n#top .togglecontainer.av-ljdc4zet-3bec7f15cdc97f7b8c3d20d2b8dbda8b h4.toggler.activeTitle{\ncolor:#ffffff;\nborder-color:#ffffff;\nbackground-color:#2682d3;\n}\n<\/style>\n<div  class='togglecontainer av-ljdc4zet-3bec7f15cdc97f7b8c3d20d2b8dbda8b  avia-builder-el-6  avia-builder-el-no-sibling  accordion_product toggle_close_all hasCurrentStyle' >\n<section class='av_toggle_section av-ljdc4uu2-66e373b9c2bc2cc53d8fffaec9b6f99d' ><div role=\"tablist\" class=\"single_toggle\" data-tags=\"{Tout} \"  ><h4 id='toggle-toggle-id-1' data-fake-id='#toggle-id-1' class='toggler  activeTitle av-title-above '  role='tab' tabindex='0' aria-controls='toggle-id-1' data-slide-speed=\"200\" data-title=\"Avantages\" data-title-open=\"\" data-aria_collapsed=\"Cliquez pour \u00e9tendre : Avantages\" data-aria_expanded=\"Cliquez pour r\u00e9duire : Avantages\">Avantages<span class=\"toggle_icon\"><span class=\"vert_icon\"><\/span><span class=\"hor_icon\"><\/span><\/span><\/h4><div id='toggle-id-1' aria-labelledby='toggle-toggle-id-1' role='region' class='toggle_wrap  active_tc av-title-above' style='display:block;' ><div class='toggle_content invers-color ' ><ul class=\"customlist1\">\n<li>Tr\u00e8s haute r\u00e9sistance \u00e0 la compression<\/li>\n<li>Poids sp\u00e9cifique faible<\/li>\n<li>Structure d\u00e9formable<\/li>\n<li>Drapabilit\u00e9<\/li>\n<\/ul>\n<\/div><\/div><\/div><\/section>\n<section class='av_toggle_section av-ljdc4y2z-400e537c6daff13bfbc1d98a5ab7c1b8' ><div role=\"tablist\" class=\"single_toggle\" data-tags=\"{Tout} \"  ><h4 id='toggle-toggle-id-2' data-fake-id='#toggle-id-2' class='toggler  av-title-above '  role='tab' tabindex='0' aria-controls='toggle-id-2' data-slide-speed=\"200\" data-title=\"Types de produit\" data-title-open=\"\" data-aria_collapsed=\"Cliquez pour \u00e9tendre : Types de produit\" data-aria_expanded=\"Cliquez pour r\u00e9duire : Types de produit\">Types de produit<span class=\"toggle_icon\"><span class=\"vert_icon\"><\/span><span class=\"hor_icon\"><\/span><\/span><\/h4><div id='toggle-id-2' aria-labelledby='toggle-toggle-id-2' role='region' class='toggle_wrap  av-title-above'  ><div class='toggle_content invers-color ' ><li class=\"page_item page-item-9306\"><a href=\"https:\/\/www.mates.it\/fr\/produits\/materiaux-dame\/alveolaires\/aramid-f\/\">Aramid<\/a><\/li>\n<li class=\"page_item page-item-9307\"><a href=\"https:\/\/www.mates.it\/fr\/produits\/materiaux-dame\/alveolaires\/aluminium-f\/\">Aluminium<\/a><\/li>\n\n<\/div><\/div><\/div><\/section>\n<\/div><\/div><div  class='hr av-av_hr-91d7ccd583a503147498e120fee2ff9b hr-default  avia-builder-el-7  el_after_av_two_fifth  avia-builder-el-last '><span class='hr-inner '><span class=\"hr-inner-style\"><\/span><\/span><\/div><\/p>\n","protected":false},"excerpt":{"rendered":"<p>Les noyaux structurels alv\u00e9olaires sont g\u00e9n\u00e9ralement utilis\u00e9s comme structure interne dans la construction de produits composites o\u00f9 le confinement maximal du poids final est un facteur d&rsquo;importance fondamentale.<\/p>\n","protected":false},"author":1,"featured_media":7273,"parent":9145,"menu_order":2,"comment_status":"open","ping_status":"open","template":"","meta":{"footnotes":""},"class_list":["post-9234","page","type-page","status-publish","has-post-thumbnail","hentry"],"_links":{"self":[{"href":"https:\/\/www.mates.it\/fr\/wp-json\/wp\/v2\/pages\/9234","targetHints":{"allow":["GET"]}}],"collection":[{"href":"https:\/\/www.mates.it\/fr\/wp-json\/wp\/v2\/pages"}],"about":[{"href":"https:\/\/www.mates.it\/fr\/wp-json\/wp\/v2\/types\/page"}],"author":[{"embeddable":true,"href":"https:\/\/www.mates.it\/fr\/wp-json\/wp\/v2\/users\/1"}],"replies":[{"embeddable":true,"href":"https:\/\/www.mates.it\/fr\/wp-json\/wp\/v2\/comments?post=9234"}],"version-history":[{"count":0,"href":"https:\/\/www.mates.it\/fr\/wp-json\/wp\/v2\/pages\/9234\/revisions"}],"up":[{"embeddable":true,"href":"https:\/\/www.mates.it\/fr\/wp-json\/wp\/v2\/pages\/9145"}],"wp:featuredmedia":[{"embeddable":true,"href":"https:\/\/www.mates.it\/fr\/wp-json\/wp\/v2\/media\/7273"}],"wp:attachment":[{"href":"https:\/\/www.mates.it\/fr\/wp-json\/wp\/v2\/media?parent=9234"}],"curies":[{"name":"wp","href":"https:\/\/api.w.org\/{rel}","templated":true}]}}