{"id":9236,"date":"2015-09-16T15:10:29","date_gmt":"2015-09-16T13:10:29","guid":{"rendered":"https:\/\/www.mates.it\/prodotti\/materiali-anima-core\/foams-f\/"},"modified":"2023-06-26T22:05:55","modified_gmt":"2023-06-26T20:05:55","slug":"mousses","status":"publish","type":"page","link":"https:\/\/www.mates.it\/fr\/produits\/materiaux-dame\/mousses\/","title":{"rendered":"Mousses"},"content":{"rendered":"\n<style type=\"text\/css\" data-created_by=\"avia_inline_auto\" id=\"style-css-av-av_image-daa8821c27e08385b4e9019ec69930a3\">\n.avia-image-container.av-av_image-daa8821c27e08385b4e9019ec69930a3 img.avia_image{\nbox-shadow:none;\n}\n.avia-image-container.av-av_image-daa8821c27e08385b4e9019ec69930a3 .av-image-caption-overlay-center{\ncolor:#ffffff;\n}\n<\/style>\n<div  class='avia-image-container av-av_image-daa8821c27e08385b4e9019ec69930a3 av-styling- avia-align-center  avia-builder-el-0  el_before_av_hr  avia-builder-el-first '  ><div class=\"avia-image-container-inner\"><div class=\"avia-image-overlay-wrap\"><img decoding=\"async\" fetchpriority=\"high\" class=\"wp-image- avia-img-lazy-loading-not- avia_image \" src=\"https:\/\/www.mates.it\/wp-content\/uploads\/2016\/06\/Cellula-chiusa.jpg\" alt=\"\" title=\"\"><\/div><\/div><\/div>\n<div  class='hr av-av_hr-91d7ccd583a503147498e120fee2ff9b hr-default  avia-builder-el-1  el_after_av_image  el_before_av_three_fifth '><span class='hr-inner '><span class=\"hr-inner-style\"><\/span><\/span><\/div>\n<div  class='flex_column av-av_three_fifth-7714eba142aeda1f8b5272a3c372b279 av_three_fifth  avia-builder-el-2  el_after_av_hr  el_before_av_two_fifth  first flex_column_div  '     ><p>\n<style type=\"text\/css\" data-created_by=\"avia_inline_auto\" id=\"style-css-av-ljdafrct-a64caecba34ec677c3b56e14487f22f3\">\n#top .av-special-heading.av-ljdafrct-a64caecba34ec677c3b56e14487f22f3{\npadding-bottom:10px;\n}\nbody .av-special-heading.av-ljdafrct-a64caecba34ec677c3b56e14487f22f3 .av-special-heading-tag .heading-char{\nfont-size:25px;\n}\n.av-special-heading.av-ljdafrct-a64caecba34ec677c3b56e14487f22f3 .av-subheading{\nfont-size:15px;\n}\n<\/style>\n<div  class='av-special-heading av-ljdafrct-a64caecba34ec677c3b56e14487f22f3 av-special-heading-h1  avia-builder-el-3  el_before_av_textblock  avia-builder-el-first  custom-h1-title'><h1 class='av-special-heading-tag '  >Mousses<\/h1><div class=\"special-heading-border\"><div class=\"special-heading-inner-border\"><\/div><\/div><\/div><br \/>\n<section  class='av_textblock_section av-ljdaeez8-69e449f8c902ac8cae6d74f300265cdd '  ><div class='avia_textblock' ><p>Les mousses sont g\u00e9n\u00e9ralement utilis\u00e9es comme structure interne dans la cr\u00e9ation de produits composites n\u00e9cessitant des performances structurelles maximales avec une absorption de r\u00e9sine minimale, garantissant ainsi une r\u00e9duction significative du poids final. Ils sont particuli\u00e8rement adapt\u00e9s aux constructions sandwich dans diff\u00e9rents secteurs, tels que le nautisme, l&rsquo;\u00e9olien, l&rsquo;automobile, le mod\u00e9lisme, pour la production d&rsquo;\u00e9quipements et d&rsquo;outils pour les loisirs et dans de nombreux autres domaines. Ce type de noyau est compos\u00e9 d&rsquo;une structure rigide mais thermoformable, il peut donc \u00eatre moul\u00e9 cons\u00e9cutivement et simultan\u00e9ment avec le stratifi\u00e9 aussi bien dans des structures plates que dans des structures aux formes pas trop complexes, acc\u00e9l\u00e9rant le processus de production.<\/p>\n<\/div><\/section><\/p><\/div><div  class='flex_column av-av_two_fifth-f1c518e9ff58e869f80c8f093487abc9 av_two_fifth  avia-builder-el-5  el_after_av_three_fifth  el_before_av_hr  flex_column_div  '     ><style type=\"text\/css\" data-created_by=\"avia_inline_auto\" id=\"style-css-av-ljdagrqz-f1bc2394a4b3063f60ea0ec7d6b3f1d4\">\n#top .togglecontainer.av-ljdagrqz-f1bc2394a4b3063f60ea0ec7d6b3f1d4 h4.toggler{\nfont-size:14px;\n}\n#top .togglecontainer.av-ljdagrqz-f1bc2394a4b3063f60ea0ec7d6b3f1d4 h4.toggler.activeTitle{\ncolor:#ffffff;\nborder-color:#ffffff;\nbackground-color:#2682d3;\n}\n<\/style>\n<div  class='togglecontainer av-ljdagrqz-f1bc2394a4b3063f60ea0ec7d6b3f1d4  avia-builder-el-6  avia-builder-el-no-sibling  accordion_product toggle_close_all hasCurrentStyle' >\n<section class='av_toggle_section av-ljdagolz-76428fa14effd7f868d17ef7786341f6' ><div role=\"tablist\" class=\"single_toggle\" data-tags=\"{Tout} \"  ><h4 id='toggle-toggle-id-1' data-fake-id='#toggle-id-1' class='toggler  activeTitle av-title-above '  role='tab' tabindex='0' aria-controls='toggle-id-1' data-slide-speed=\"200\" data-title=\"Avantages\" data-title-open=\"\" data-aria_collapsed=\"Cliquez pour \u00e9tendre : Avantages\" data-aria_expanded=\"Cliquez pour r\u00e9duire : Avantages\">Avantages<span class=\"toggle_icon\"><span class=\"vert_icon\"><\/span><span class=\"hor_icon\"><\/span><\/span><\/h4><div id='toggle-id-1' aria-labelledby='toggle-toggle-id-1' role='region' class='toggle_wrap  active_tc av-title-above' style='display:block;' ><div class='toggle_content invers-color ' ><ul class=\"customlist1\">\n<li>Large \u00e9ventail<\/li>\n<li>Poids sp\u00e9cifique d\u00e9fini<\/li>\n<li>Structure d\u00e9formable<\/li>\n<li>Diverses natures chimiques<\/li>\n<li>Large gamme de prix<\/li>\n<\/ul>\n<\/div><\/div><\/div><\/section>\n<section class='av_toggle_section av-ljdagqni-fcd273313c9640a8431b6364eb15fd2e' ><div role=\"tablist\" class=\"single_toggle\" data-tags=\"{Tout} \"  ><h4 id='toggle-toggle-id-2' data-fake-id='#toggle-id-2' class='toggler  av-title-above '  role='tab' tabindex='0' aria-controls='toggle-id-2' data-slide-speed=\"200\" data-title=\"Types de produit\" data-title-open=\"\" data-aria_collapsed=\"Cliquez pour \u00e9tendre : Types de produit\" data-aria_expanded=\"Cliquez pour r\u00e9duire : Types de produit\">Types de produit<span class=\"toggle_icon\"><span class=\"vert_icon\"><\/span><span class=\"hor_icon\"><\/span><\/span><\/h4><div id='toggle-id-2' aria-labelledby='toggle-toggle-id-2' role='region' class='toggle_wrap  av-title-above'  ><div class='toggle_content invers-color ' ><li class=\"page_item page-item-9308\"><a href=\"https:\/\/www.mates.it\/fr\/produits\/materiaux-dame\/mousses\/pet-f\/\">PET<\/a><\/li>\n<li class=\"page_item page-item-9310\"><a href=\"https:\/\/www.mates.it\/fr\/produits\/materiaux-dame\/mousses\/pvc-f\/\">PVC<\/a><\/li>\n<li class=\"page_item page-item-9325\"><a href=\"https:\/\/www.mates.it\/fr\/produits\/materiaux-dame\/mousses\/pe-f\/\">PE<\/a><\/li>\n\n<\/div><\/div><\/div><\/section>\n<\/div><\/div><div  class='hr av-av_hr-91d7ccd583a503147498e120fee2ff9b hr-default  avia-builder-el-7  el_after_av_two_fifth  avia-builder-el-last '><span class='hr-inner '><span class=\"hr-inner-style\"><\/span><\/span><\/div><\/p>\n","protected":false},"excerpt":{"rendered":"<p>Les mousses sont g\u00e9n\u00e9ralement utilis\u00e9es comme structure interne dans la cr\u00e9ation de produits composites n\u00e9cessitant des performances structurelles maximales avec une absorption de r\u00e9sine minimale.<\/p>\n","protected":false},"author":1,"featured_media":7285,"parent":9145,"menu_order":1,"comment_status":"open","ping_status":"open","template":"","meta":{"footnotes":""},"class_list":["post-9236","page","type-page","status-publish","has-post-thumbnail","hentry"],"_links":{"self":[{"href":"https:\/\/www.mates.it\/fr\/wp-json\/wp\/v2\/pages\/9236","targetHints":{"allow":["GET"]}}],"collection":[{"href":"https:\/\/www.mates.it\/fr\/wp-json\/wp\/v2\/pages"}],"about":[{"href":"https:\/\/www.mates.it\/fr\/wp-json\/wp\/v2\/types\/page"}],"author":[{"embeddable":true,"href":"https:\/\/www.mates.it\/fr\/wp-json\/wp\/v2\/users\/1"}],"replies":[{"embeddable":true,"href":"https:\/\/www.mates.it\/fr\/wp-json\/wp\/v2\/comments?post=9236"}],"version-history":[{"count":0,"href":"https:\/\/www.mates.it\/fr\/wp-json\/wp\/v2\/pages\/9236\/revisions"}],"up":[{"embeddable":true,"href":"https:\/\/www.mates.it\/fr\/wp-json\/wp\/v2\/pages\/9145"}],"wp:featuredmedia":[{"embeddable":true,"href":"https:\/\/www.mates.it\/fr\/wp-json\/wp\/v2\/media\/7285"}],"wp:attachment":[{"href":"https:\/\/www.mates.it\/fr\/wp-json\/wp\/v2\/media?parent=9236"}],"curies":[{"name":"wp","href":"https:\/\/api.w.org\/{rel}","templated":true}]}}