{"id":9238,"date":"2015-09-16T15:10:30","date_gmt":"2015-09-16T13:10:30","guid":{"rendered":"https:\/\/www.mates.it\/prodotti\/materiali-anima-core\/needled-f\/"},"modified":"2023-06-28T16:22:13","modified_gmt":"2023-06-28T14:22:13","slug":"aiguilletes","status":"publish","type":"page","link":"https:\/\/www.mates.it\/fr\/produits\/materiaux-dame\/aiguilletes\/","title":{"rendered":"Aiguillet\u00e9s"},"content":{"rendered":"\n<style type=\"text\/css\" data-created_by=\"avia_inline_auto\" id=\"style-css-av-av_image-ad84e5dd7a37549b077c717aba31ff0d\">\n.avia-image-container.av-av_image-ad84e5dd7a37549b077c717aba31ff0d img.avia_image{\nbox-shadow:none;\n}\n.avia-image-container.av-av_image-ad84e5dd7a37549b077c717aba31ff0d .av-image-caption-overlay-center{\ncolor:#ffffff;\n}\n<\/style>\n<div  class='avia-image-container av-av_image-ad84e5dd7a37549b077c717aba31ff0d av-styling- avia-align-center  avia-builder-el-0  el_before_av_hr  avia-builder-el-first '  ><div class=\"avia-image-container-inner\"><div class=\"avia-image-overlay-wrap\"><img decoding=\"async\" fetchpriority=\"high\" class=\"wp-image- avia-img-lazy-loading-not- avia_image \" src=\"https:\/\/www.mates.it\/wp-content\/uploads\/2016\/06\/Coremat.jpg\" alt=\"\" title=\"\"><\/div><\/div><\/div>\n<div  class='hr av-av_hr-91d7ccd583a503147498e120fee2ff9b hr-default  avia-builder-el-1  el_after_av_image  el_before_av_three_fifth '><span class='hr-inner '><span class=\"hr-inner-style\"><\/span><\/span><\/div>\n<div  class='flex_column av-av_three_fifth-7714eba142aeda1f8b5272a3c372b279 av_three_fifth  avia-builder-el-2  el_after_av_hr  el_before_av_two_fifth  first flex_column_div  '     ><p>\n<style type=\"text\/css\" data-created_by=\"avia_inline_auto\" id=\"style-css-av-ljegs2uy-d25d1c1b6cb715fd775afcb87cba2c0a\">\n#top .av-special-heading.av-ljegs2uy-d25d1c1b6cb715fd775afcb87cba2c0a{\npadding-bottom:10px;\n}\nbody .av-special-heading.av-ljegs2uy-d25d1c1b6cb715fd775afcb87cba2c0a .av-special-heading-tag .heading-char{\nfont-size:25px;\n}\n.av-special-heading.av-ljegs2uy-d25d1c1b6cb715fd775afcb87cba2c0a .av-subheading{\nfont-size:15px;\n}\n<\/style>\n<div  class='av-special-heading av-ljegs2uy-d25d1c1b6cb715fd775afcb87cba2c0a av-special-heading-h1  avia-builder-el-3  el_before_av_textblock  avia-builder-el-first  custom-h1-title'><h1 class='av-special-heading-tag '  >Aiguillet\u00e9s<\/h1><div class=\"special-heading-border\"><div class=\"special-heading-inner-border\"><\/div><\/div><\/div><br \/>\n<section  class='av_textblock_section av-ljegrtzz-67ee3a2315786a29cd34ef31815bb58f '  ><div class='avia_textblock' ><p>Les noyaux structurels aiguillet\u00e9s souples sont g\u00e9n\u00e9ralement utilis\u00e9s comme structure interne dans les fabrications composites de petites dimensions ou de formes complexes, qui ne peuvent \u00eatre reproduites avec des feuilles rigides. Contrairement \u00e0 d&rsquo;autres types, ces renforts internes sont capables d&rsquo;absorber une partie de la r\u00e9sine r\u00e9sultant de la stratification, garantissant ainsi la formation d&rsquo;une structure unique totalement int\u00e9gr\u00e9e et li\u00e9e aux fibres et aux tissus de renforcement, sans ajouter de poids substantiel au stratifi\u00e9. Gr\u00e2ce \u00e0 cette caract\u00e9ristique, il est possible de cr\u00e9er des produits tr\u00e8s l\u00e9gers avec des normes m\u00e9caniques tr\u00e8s \u00e9lev\u00e9es.<\/p>\n<\/div><\/section><\/p><\/div>\n<div  class='flex_column av-av_two_fifth-f1c518e9ff58e869f80c8f093487abc9 av_two_fifth  avia-builder-el-5  el_after_av_three_fifth  el_before_av_hr  flex_column_div  '     ><style type=\"text\/css\" data-created_by=\"avia_inline_auto\" id=\"style-css-av-ljft2isk-9a2be7e67b3c94375540e749d3f83fbe\">\n#top .togglecontainer.av-ljft2isk-9a2be7e67b3c94375540e749d3f83fbe h4.toggler{\nfont-size:14px;\n}\n#top .togglecontainer.av-ljft2isk-9a2be7e67b3c94375540e749d3f83fbe h4.toggler.activeTitle{\ncolor:#ffffff;\nborder-color:#ffffff;\nbackground-color:#2682d3;\n}\n<\/style>\n<div  class='togglecontainer av-ljft2isk-9a2be7e67b3c94375540e749d3f83fbe  avia-builder-el-6  avia-builder-el-no-sibling  accordion_product toggle_close_all hasCurrentStyle' >\n<section class='av_toggle_section av-ljft2f1b-eeb8a86fc12636c1dd7ecf1f5273b9ea' ><div role=\"tablist\" class=\"single_toggle\" data-tags=\"{Tout} \"  ><h4 id='toggle-toggle-id-1' data-fake-id='#toggle-id-1' class='toggler  activeTitle av-title-above '  role='tab' tabindex='0' aria-controls='toggle-id-1' data-slide-speed=\"200\" data-title=\"Avantages\" data-title-open=\"\" data-aria_collapsed=\"Cliquez pour \u00e9tendre : Avantages\" data-aria_expanded=\"Cliquez pour r\u00e9duire : Avantages\">Avantages<span class=\"toggle_icon\"><span class=\"vert_icon\"><\/span><span class=\"hor_icon\"><\/span><\/span><\/h4><div id='toggle-id-1' aria-labelledby='toggle-toggle-id-1' role='region' class='toggle_wrap  active_tc av-title-above' style='display:block;' ><div class='toggle_content invers-color ' ><ul class=\"customlist1\">\n<li>R\u00e9duction des co\u00fbts<\/li>\n<li>Rationalisation des processus<\/li>\n<li>R\u00e9sultats uniques dans la cat\u00e9gorie<\/li>\n<li>Nature chimique variable<\/li>\n<li>Structure combin\u00e9e<\/li>\n<\/ul>\n<\/div><\/div><\/div><\/section>\n<section class='av_toggle_section av-ljft2ial-72e1c2c86ec39b64aa9a64adde72ab7a' ><div role=\"tablist\" class=\"single_toggle\" data-tags=\"{Tout} \"  ><h4 id='toggle-toggle-id-2' data-fake-id='#toggle-id-2' class='toggler  av-title-above '  role='tab' tabindex='0' aria-controls='toggle-id-2' data-slide-speed=\"200\" data-title=\"Types de produit\" data-title-open=\"\" data-aria_collapsed=\"Cliquez pour \u00e9tendre : Types de produit\" data-aria_expanded=\"Cliquez pour r\u00e9duire : Types de produit\">Types de produit<span class=\"toggle_icon\"><span class=\"vert_icon\"><\/span><span class=\"hor_icon\"><\/span><\/span><\/h4><div id='toggle-id-2' aria-labelledby='toggle-toggle-id-2' role='region' class='toggle_wrap  av-title-above'  ><div class='toggle_content invers-color ' ><ul class=\"customlist2\">\n<li><a href=\"https:\/\/fileserver.mates.it\/Prodotti\/4_Anime\/TDS\/Mates\/Policore\/PCK160_DS.pdf\" target=\"_blank\" rel=\"noopener noreferrer\">PK 160<\/a><\/li>\n<li><a href=\"https:\/\/fileserver.mates.it\/Prodotti\/4_Anime\/TDS\/Mates\/Policore\/PPP170_DS.pdf\" target=\"_blank\" rel=\"noopener noreferrer\">PP 170<\/a><\/li>\n<li><a href=\"https:\/\/fileserver.mates.it\/Prodotti\/4_Anime\/TDS\/Mates\/Policore\/PCC190_DS.pdf\" target=\"_blank\" rel=\"noopener noreferrer\">CC 190<\/a><\/li>\n<\/ul>\n<\/div><\/div><\/div><\/section>\n<\/div><\/div><div  class='hr av-av_hr-91d7ccd583a503147498e120fee2ff9b hr-default  avia-builder-el-7  el_after_av_two_fifth  avia-builder-el-last '><span class='hr-inner '><span class=\"hr-inner-style\"><\/span><\/span><\/div><\/p>\n","protected":false},"excerpt":{"rendered":"<p>Les noyaux structuraux aiguillet\u00e9s souples sont g\u00e9n\u00e9ralement utilis\u00e9s comme structure interne dans la fabrication de produits composites de petites dimensions ou de formes complexes.<\/p>\n","protected":false},"author":1,"featured_media":7281,"parent":9145,"menu_order":4,"comment_status":"open","ping_status":"open","template":"","meta":{"footnotes":""},"class_list":["post-9238","page","type-page","status-publish","has-post-thumbnail","hentry"],"_links":{"self":[{"href":"https:\/\/www.mates.it\/fr\/wp-json\/wp\/v2\/pages\/9238","targetHints":{"allow":["GET"]}}],"collection":[{"href":"https:\/\/www.mates.it\/fr\/wp-json\/wp\/v2\/pages"}],"about":[{"href":"https:\/\/www.mates.it\/fr\/wp-json\/wp\/v2\/types\/page"}],"author":[{"embeddable":true,"href":"https:\/\/www.mates.it\/fr\/wp-json\/wp\/v2\/users\/1"}],"replies":[{"embeddable":true,"href":"https:\/\/www.mates.it\/fr\/wp-json\/wp\/v2\/comments?post=9238"}],"version-history":[{"count":0,"href":"https:\/\/www.mates.it\/fr\/wp-json\/wp\/v2\/pages\/9238\/revisions"}],"up":[{"embeddable":true,"href":"https:\/\/www.mates.it\/fr\/wp-json\/wp\/v2\/pages\/9145"}],"wp:featuredmedia":[{"embeddable":true,"href":"https:\/\/www.mates.it\/fr\/wp-json\/wp\/v2\/media\/7281"}],"wp:attachment":[{"href":"https:\/\/www.mates.it\/fr\/wp-json\/wp\/v2\/media?parent=9238"}],"curies":[{"name":"wp","href":"https:\/\/api.w.org\/{rel}","templated":true}]}}