{"id":9240,"date":"2015-09-16T16:25:37","date_gmt":"2015-09-16T14:25:37","guid":{"rendered":"https:\/\/www.mates.it\/prodotti\/ausiliari-di-processo\/tissus-darrachage\/"},"modified":"2023-06-28T00:52:16","modified_gmt":"2023-06-27T22:52:16","slug":"tissus-darrachage","status":"publish","type":"page","link":"https:\/\/www.mates.it\/fr\/produits\/materiaux-de-procede\/tissus-darrachage\/","title":{"rendered":"Tissus d\u2019arrachage"},"content":{"rendered":"\n<style type=\"text\/css\" data-created_by=\"avia_inline_auto\" id=\"style-css-av-av_image-d551d45ce80627c3d28527c202dad968\">\n.avia-image-container.av-av_image-d551d45ce80627c3d28527c202dad968 img.avia_image{\nbox-shadow:none;\n}\n.avia-image-container.av-av_image-d551d45ce80627c3d28527c202dad968 .av-image-caption-overlay-center{\ncolor:#ffffff;\n}\n<\/style>\n<div  class='avia-image-container av-av_image-d551d45ce80627c3d28527c202dad968 av-styling- avia-align-center  avia-builder-el-0  el_before_av_hr  avia-builder-el-first '  ><div class=\"avia-image-container-inner\"><div class=\"avia-image-overlay-wrap\"><img decoding=\"async\" fetchpriority=\"high\" class=\"wp-image- avia-img-lazy-loading-not- avia_image \" src=\"https:\/\/www.mates.it\/wp-content\/uploads\/2016\/06\/Peelply.jpg\" alt=\"\" title=\"\"><\/div><\/div><\/div>\n<div  class='hr av-av_hr-91d7ccd583a503147498e120fee2ff9b hr-default  avia-builder-el-1  el_after_av_image  el_before_av_three_fifth '><span class='hr-inner '><span class=\"hr-inner-style\"><\/span><\/span><\/div>\n<div  class='flex_column av-av_three_fifth-7714eba142aeda1f8b5272a3c372b279 av_three_fifth  avia-builder-el-2  el_after_av_hr  el_before_av_two_fifth  first flex_column_div  '     ><p>\n<style type=\"text\/css\" data-created_by=\"avia_inline_auto\" id=\"style-css-av-ljevubzs-07c4914be2ebf647426afac10680c885\">\n#top .av-special-heading.av-ljevubzs-07c4914be2ebf647426afac10680c885{\npadding-bottom:10px;\n}\nbody .av-special-heading.av-ljevubzs-07c4914be2ebf647426afac10680c885 .av-special-heading-tag .heading-char{\nfont-size:25px;\n}\n.av-special-heading.av-ljevubzs-07c4914be2ebf647426afac10680c885 .av-subheading{\nfont-size:15px;\n}\n<\/style>\n<div  class='av-special-heading av-ljevubzs-07c4914be2ebf647426afac10680c885 av-special-heading-h1  avia-builder-el-3  el_before_av_textblock  avia-builder-el-first  custom-h1-title'><h1 class='av-special-heading-tag '  >Tissus d\u2019arrachage<\/h1><div class=\"special-heading-border\"><div class=\"special-heading-inner-border\"><\/div><\/div><\/div><br \/>\n<section  class='av_textblock_section av-ljevth8c-e64db1f5858f9e5a93996bb6aaf4c3b6 '  ><div class='avia_textblock' ><p>Ce type de tissu \u00e0 base de fibres de nylon est capable d&rsquo;\u00e9liminer l&rsquo;exc\u00e8s de r\u00e9sine du stratifi\u00e9, am\u00e9liorant ainsi ses valeurs m\u00e9caniques, ainsi que de pr\u00e9parer la surface interne du produit en le rendant pr\u00eat \u00e0 \u00eatre re-stratifi\u00e9 ou coll\u00e9, en \u00e9vitant la phase pr\u00e9paratoire de pon\u00e7age. Il contribue \u00e9galement \u00e0 la dispersion et \u00e0 l&rsquo;absorption des micro-bulles d&rsquo;air qui se forment souvent entre les fibres lors de la phase de laminage, ainsi qu&rsquo;\u00e0 assurer un d\u00e9tachement parfait apr\u00e8s durcissement. Tous les tissus peelply sont soigneusement s\u00e9lectionn\u00e9s par notre \u00e9quipe technique, et minutieusement test\u00e9s d&rsquo;un point de vue technique mais aussi pratique (production directe des composants en interne ou tests chez certains de nos clients) avant d&rsquo;\u00eatre commercialis\u00e9s. Nous recommandons fortement l&rsquo;utilisation de peelply dans tous les processus principaux, m\u00eame en lamination manuelle.<\/p>\n<\/div><\/section><\/p><\/div><div  class='flex_column av-av_two_fifth-f1c518e9ff58e869f80c8f093487abc9 av_two_fifth  avia-builder-el-5  el_after_av_three_fifth  el_before_av_hr  flex_column_div  '     ><style type=\"text\/css\" data-created_by=\"avia_inline_auto\" id=\"style-css-av-ljevu721-9157166726f6062346866751ccffb4b1\">\n#top .togglecontainer.av-ljevu721-9157166726f6062346866751ccffb4b1 h4.toggler{\nfont-size:14px;\n}\n#top .togglecontainer.av-ljevu721-9157166726f6062346866751ccffb4b1 h4.toggler.activeTitle{\ncolor:#ffffff;\nborder-color:#ffffff;\nbackground-color:#2682d3;\n}\n<\/style>\n<div  class='togglecontainer av-ljevu721-9157166726f6062346866751ccffb4b1  avia-builder-el-6  avia-builder-el-no-sibling  accordion_product toggle_close_all hasCurrentStyle' >\n<section class='av_toggle_section av-ljevu3wa-86e03c4c594f64775686fb245d9dfa2e' ><div role=\"tablist\" class=\"single_toggle\" data-tags=\"{Tout} \"  ><h4 id='toggle-toggle-id-1' data-fake-id='#toggle-id-1' class='toggler  activeTitle av-title-above '  role='tab' tabindex='0' aria-controls='toggle-id-1' data-slide-speed=\"200\" data-title=\"Avantages\" data-title-open=\"\" data-aria_collapsed=\"Cliquez pour \u00e9tendre : Avantages\" data-aria_expanded=\"Cliquez pour r\u00e9duire : Avantages\">Avantages<span class=\"toggle_icon\"><span class=\"vert_icon\"><\/span><span class=\"hor_icon\"><\/span><\/span><\/h4><div id='toggle-id-1' aria-labelledby='toggle-toggle-id-1' role='region' class='toggle_wrap  active_tc av-title-above' style='display:block;' ><div class='toggle_content invers-color ' ><ul class=\"customlist1\">\n<li>R\u00e9duction de l&rsquo;air interlaminaire<\/li>\n<li>Diff\u00e9rents poids<\/li>\n<li>Haut degr\u00e9 de finition<\/li>\n<li>Existe aussi en rubans<\/li>\n<\/ul>\n<\/div><\/div><\/div><\/section>\n<section class='av_toggle_section av-ljevu63b-75bc127eff08ebf4b1b48cfa7c517fb5' ><div role=\"tablist\" class=\"single_toggle\" data-tags=\"{Tout} \"  ><h4 id='toggle-toggle-id-2' data-fake-id='#toggle-id-2' class='toggler  av-title-above '  role='tab' tabindex='0' aria-controls='toggle-id-2' data-slide-speed=\"200\" data-title=\"Types de produit\" data-title-open=\"\" data-aria_collapsed=\"Cliquez pour \u00e9tendre : Types de produit\" data-aria_expanded=\"Cliquez pour r\u00e9duire : Types de produit\">Types de produit<span class=\"toggle_icon\"><span class=\"vert_icon\"><\/span><span class=\"hor_icon\"><\/span><\/span><\/h4><div id='toggle-id-2' aria-labelledby='toggle-toggle-id-2' role='region' class='toggle_wrap  av-title-above'  ><div class='toggle_content invers-color ' ><ul class=\"customlist2\">\n<li><a href=\"https:\/\/fileserver.mates.it\/Prodotti\/5_Ausiliari\/TDS\/Peelply\/PEELPLY68_DS.pdf\" target=\"_blank\" rel=\"noopener\">PP 68<\/a><\/li>\n<li><a href=\"https:\/\/fileserver.mates.it\/Prodotti\/5_Ausiliari\/TDS\/Peelply\/PEELPLY85_DS.pdf\" target=\"_blank\" rel=\"noopener\">PP 85<\/a><\/li>\n<li><a href=\"https:\/\/fileserver.mates.it\/Prodotti\/5_Ausiliari\/TDS\/Peelply\/PEELPLY105_DS.pdf\" target=\"_blank\" rel=\"noopener\">PP 105<\/a><\/li>\n<\/ul>\n<\/div><\/div><\/div><\/section>\n<\/div><\/div><div  class='hr av-av_hr-91d7ccd583a503147498e120fee2ff9b hr-default  avia-builder-el-7  el_after_av_two_fifth  avia-builder-el-last '><span class='hr-inner '><span class=\"hr-inner-style\"><\/span><\/span><\/div><\/p>\n","protected":false},"excerpt":{"rendered":"<p>Ce type de tissu \u00e0 base de fibres de nylon est capable d&rsquo;\u00e9liminer l&rsquo;exc\u00e8s de r\u00e9sine du stratifi\u00e9, am\u00e9liorant ainsi les valeurs m\u00e9caniques du composant fini.<\/p>\n","protected":false},"author":1,"featured_media":7309,"parent":9147,"menu_order":3,"comment_status":"open","ping_status":"open","template":"","meta":{"footnotes":""},"class_list":["post-9240","page","type-page","status-publish","has-post-thumbnail","hentry"],"_links":{"self":[{"href":"https:\/\/www.mates.it\/fr\/wp-json\/wp\/v2\/pages\/9240","targetHints":{"allow":["GET"]}}],"collection":[{"href":"https:\/\/www.mates.it\/fr\/wp-json\/wp\/v2\/pages"}],"about":[{"href":"https:\/\/www.mates.it\/fr\/wp-json\/wp\/v2\/types\/page"}],"author":[{"embeddable":true,"href":"https:\/\/www.mates.it\/fr\/wp-json\/wp\/v2\/users\/1"}],"replies":[{"embeddable":true,"href":"https:\/\/www.mates.it\/fr\/wp-json\/wp\/v2\/comments?post=9240"}],"version-history":[{"count":0,"href":"https:\/\/www.mates.it\/fr\/wp-json\/wp\/v2\/pages\/9240\/revisions"}],"up":[{"embeddable":true,"href":"https:\/\/www.mates.it\/fr\/wp-json\/wp\/v2\/pages\/9147"}],"wp:featuredmedia":[{"embeddable":true,"href":"https:\/\/www.mates.it\/fr\/wp-json\/wp\/v2\/media\/7309"}],"wp:attachment":[{"href":"https:\/\/www.mates.it\/fr\/wp-json\/wp\/v2\/media?parent=9240"}],"curies":[{"name":"wp","href":"https:\/\/api.w.org\/{rel}","templated":true}]}}