{"id":9242,"date":"2015-09-16T16:25:42","date_gmt":"2015-09-16T14:25:42","guid":{"rendered":"https:\/\/www.mates.it\/prodotti\/ausiliari-di-processo\/films-separateurs\/"},"modified":"2023-06-27T23:42:29","modified_gmt":"2023-06-27T21:42:29","slug":"films-separateurs","status":"publish","type":"page","link":"https:\/\/www.mates.it\/fr\/produits\/materiaux-de-procede\/films-separateurs\/","title":{"rendered":"Films s\u00e9parateurs"},"content":{"rendered":"\n<style type=\"text\/css\" data-created_by=\"avia_inline_auto\" id=\"style-css-av-av_image-1a45b964980813f364ca404029828d53\">\n.avia-image-container.av-av_image-1a45b964980813f364ca404029828d53 img.avia_image{\nbox-shadow:none;\n}\n.avia-image-container.av-av_image-1a45b964980813f364ca404029828d53 .av-image-caption-overlay-center{\ncolor:#ffffff;\n}\n<\/style>\n<div  class='avia-image-container av-av_image-1a45b964980813f364ca404029828d53 av-styling- avia-align-center  avia-builder-el-0  el_before_av_hr  avia-builder-el-first '  ><div class=\"avia-image-container-inner\"><div class=\"avia-image-overlay-wrap\"><img decoding=\"async\" fetchpriority=\"high\" class=\"wp-image- avia-img-lazy-loading-not- avia_image \" src=\"https:\/\/www.mates.it\/wp-content\/uploads\/2016\/06\/Film-distaccanti.jpg\" alt=\"\" title=\"\"><\/div><\/div><\/div>\n<div  class='hr av-av_hr-91d7ccd583a503147498e120fee2ff9b hr-default  avia-builder-el-1  el_after_av_image  el_before_av_three_fifth '><span class='hr-inner '><span class=\"hr-inner-style\"><\/span><\/span><\/div>\n<div  class='flex_column av-av_three_fifth-7714eba142aeda1f8b5272a3c372b279 av_three_fifth  avia-builder-el-2  el_after_av_hr  el_before_av_two_fifth  first flex_column_div  '     ><p>\n<style type=\"text\/css\" data-created_by=\"avia_inline_auto\" id=\"style-css-av-ljetcufc-253b77cfcd2ddd030ed894770219d678\">\n#top .av-special-heading.av-ljetcufc-253b77cfcd2ddd030ed894770219d678{\npadding-bottom:10px;\n}\nbody .av-special-heading.av-ljetcufc-253b77cfcd2ddd030ed894770219d678 .av-special-heading-tag .heading-char{\nfont-size:25px;\n}\n.av-special-heading.av-ljetcufc-253b77cfcd2ddd030ed894770219d678 .av-subheading{\nfont-size:15px;\n}\n<\/style>\n<div  class='av-special-heading av-ljetcufc-253b77cfcd2ddd030ed894770219d678 av-special-heading-h1  avia-builder-el-3  el_before_av_textblock  avia-builder-el-first  custom-h1-title'><h1 class='av-special-heading-tag '  >Films s\u00e9parateurs<\/h1><div class=\"special-heading-border\"><div class=\"special-heading-inner-border\"><\/div><\/div><\/div><br \/>\n<section  class='av_textblock_section av-ljetb5je-2345e611d56345fffa3fa2feeb2056e6 '  ><div class='avia_textblock' ><p>Large gamme de films separateurs fabriqu\u00e9s avec des mat\u00e9riaux pr\u00e9trait\u00e9s et donc adapt\u00e9s au d\u00e9tachement de la r\u00e9sine, sp\u00e9cifiques pour le traitement \u00e0 basse, moyenne ou haute temp\u00e9rature. A utiliser comme agent de d\u00e9moulage entre le moule et la premi\u00e8re couche, sur des moules pas trop complexes du fait de leur faible drapabilit\u00e9, et comme film s\u00e9parateur entre le tissu pelable et le feutre a\u00e9rateur pour avoir un d\u00e9tachement confortable de ce dernier (nous pr\u00e9conisons Films perfor\u00e9s P3) dans les laminations sous vide et entre le pli pelable et les m\u00e9dias de propagation d&rsquo;air (nous recommandons le per\u00e7age P1) dans la stratification par infusion. Excellent \u00e9galement dans la production de dalles et de stratifi\u00e9s plats en sandwich. Commodit\u00e9 maximale lorsqu&rsquo;il est utilis\u00e9 entre le stratifi\u00e9 et le contre-moule &#8211; uniquement les \u00e9l\u00e9ments non perfor\u00e9s &#8211; pour \u00e9viter le collage permanent des deux parties.<\/p>\n<\/div><\/section><\/p><\/div><div  class='flex_column av-av_two_fifth-f1c518e9ff58e869f80c8f093487abc9 av_two_fifth  avia-builder-el-5  el_after_av_three_fifth  el_before_av_hr  flex_column_div  '     ><style type=\"text\/css\" data-created_by=\"avia_inline_auto\" id=\"style-css-av-ljetco2d-bf94b19fe42467358e5b4d98f8822bd2\">\n#top .togglecontainer.av-ljetco2d-bf94b19fe42467358e5b4d98f8822bd2 h4.toggler{\nfont-size:14px;\n}\n#top .togglecontainer.av-ljetco2d-bf94b19fe42467358e5b4d98f8822bd2 h4.toggler.activeTitle{\ncolor:#ffffff;\nborder-color:#ffffff;\nbackground-color:#2682d3;\n}\n<\/style>\n<div  class='togglecontainer av-ljetco2d-bf94b19fe42467358e5b4d98f8822bd2  avia-builder-el-6  avia-builder-el-no-sibling  accordion_product toggle_close_all hasCurrentStyle' >\n<section class='av_toggle_section av-ljetckvm-3f906423518e57dac06290a1ec5971cc' ><div role=\"tablist\" class=\"single_toggle\" data-tags=\"{Tout} \"  ><h4 id='toggle-toggle-id-1' data-fake-id='#toggle-id-1' class='toggler  activeTitle av-title-above '  role='tab' tabindex='0' aria-controls='toggle-id-1' data-slide-speed=\"200\" data-title=\"Avantages\" data-title-open=\"\" data-aria_collapsed=\"Cliquez pour \u00e9tendre : Avantages\" data-aria_expanded=\"Cliquez pour r\u00e9duire : Avantages\">Avantages<span class=\"toggle_icon\"><span class=\"vert_icon\"><\/span><span class=\"hor_icon\"><\/span><\/span><\/h4><div id='toggle-id-1' aria-labelledby='toggle-toggle-id-1' role='region' class='toggle_wrap  active_tc av-title-above' style='display:block;' ><div class='toggle_content invers-color ' ><ul class=\"customlist1\">\n<li>Convient \u00e0 toutes les temp\u00e9ratures<\/li>\n<li>Diff\u00e9rentes hauteurs de rouleau<\/li>\n<li>Pr\u00e9cisez l&rsquo;utilisation pr\u00e9vue<\/li>\n<li>R\u00e9utilisable (PTFE)<\/li>\n<li>R\u00e9duction des temps de production<\/li>\n<\/ul>\n<\/div><\/div><\/div><\/section>\n<section class='av_toggle_section av-ljetcnas-3c0f425d5ad5f5d31f32ac637179a115' ><div role=\"tablist\" class=\"single_toggle\" data-tags=\"{Tout} \"  ><h4 id='toggle-toggle-id-2' data-fake-id='#toggle-id-2' class='toggler  av-title-above '  role='tab' tabindex='0' aria-controls='toggle-id-2' data-slide-speed=\"200\" data-title=\"Types de produit\" data-title-open=\"\" data-aria_collapsed=\"Cliquez pour \u00e9tendre : Types de produit\" data-aria_expanded=\"Cliquez pour r\u00e9duire : Types de produit\">Types de produit<span class=\"toggle_icon\"><span class=\"vert_icon\"><\/span><span class=\"hor_icon\"><\/span><\/span><\/h4><div id='toggle-id-2' aria-labelledby='toggle-toggle-id-2' role='region' class='toggle_wrap  av-title-above'  ><div class='toggle_content invers-color ' ><li class=\"page_item page-item-9316\"><a href=\"https:\/\/www.mates.it\/fr\/produits\/materiaux-de-procede\/films-separateurs\/multicouche\/\">Multicouche<\/a><\/li>\n<li class=\"page_item page-item-9317\"><a href=\"https:\/\/www.mates.it\/fr\/produits\/materiaux-de-procede\/films-separateurs\/fluore\/\">Fluor\u00e9<\/a><\/li>\n<li class=\"page_item page-item-9318\"><a href=\"https:\/\/www.mates.it\/fr\/produits\/materiaux-de-procede\/films-separateurs\/auto-adhesifs\/\">Auto-adh\u00e9sifs<\/a><\/li>\n\n<\/div><\/div><\/div><\/section>\n<\/div><\/div><div  class='hr av-av_hr-91d7ccd583a503147498e120fee2ff9b hr-default  avia-builder-el-7  el_after_av_two_fifth  avia-builder-el-last '><span class='hr-inner '><span class=\"hr-inner-style\"><\/span><\/span><\/div><\/p>\n","protected":false},"excerpt":{"rendered":"<p>Large gamme de films separateurs fabriqu\u00e9s avec des mat\u00e9riaux pr\u00e9trait\u00e9s et donc adapt\u00e9s au d\u00e9tachement de la r\u00e9sine, sp\u00e9cifiques pour le traitement \u00e0 basse, moyenne ou haute temp\u00e9rature, fiabilit\u00e9 maximale.<\/p>\n","protected":false},"author":1,"featured_media":7305,"parent":9147,"menu_order":2,"comment_status":"open","ping_status":"open","template":"","meta":{"footnotes":""},"class_list":["post-9242","page","type-page","status-publish","has-post-thumbnail","hentry"],"_links":{"self":[{"href":"https:\/\/www.mates.it\/fr\/wp-json\/wp\/v2\/pages\/9242","targetHints":{"allow":["GET"]}}],"collection":[{"href":"https:\/\/www.mates.it\/fr\/wp-json\/wp\/v2\/pages"}],"about":[{"href":"https:\/\/www.mates.it\/fr\/wp-json\/wp\/v2\/types\/page"}],"author":[{"embeddable":true,"href":"https:\/\/www.mates.it\/fr\/wp-json\/wp\/v2\/users\/1"}],"replies":[{"embeddable":true,"href":"https:\/\/www.mates.it\/fr\/wp-json\/wp\/v2\/comments?post=9242"}],"version-history":[{"count":0,"href":"https:\/\/www.mates.it\/fr\/wp-json\/wp\/v2\/pages\/9242\/revisions"}],"up":[{"embeddable":true,"href":"https:\/\/www.mates.it\/fr\/wp-json\/wp\/v2\/pages\/9147"}],"wp:featuredmedia":[{"embeddable":true,"href":"https:\/\/www.mates.it\/fr\/wp-json\/wp\/v2\/media\/7305"}],"wp:attachment":[{"href":"https:\/\/www.mates.it\/fr\/wp-json\/wp\/v2\/media?parent=9242"}],"curies":[{"name":"wp","href":"https:\/\/api.w.org\/{rel}","templated":true}]}}