{"id":9244,"date":"2015-09-16T16:25:42","date_gmt":"2015-09-16T14:25:42","guid":{"rendered":"https:\/\/www.mates.it\/prodotti\/ausiliari-di-processo\/auxiliaires-de-flux\/"},"modified":"2023-06-28T19:18:49","modified_gmt":"2023-06-28T17:18:49","slug":"moyens-de-flux","status":"publish","type":"page","link":"https:\/\/www.mates.it\/fr\/produits\/materiaux-de-procede\/moyens-de-flux\/","title":{"rendered":"Moyens de flux"},"content":{"rendered":"\n<style type=\"text\/css\" data-created_by=\"avia_inline_auto\" id=\"style-css-av-av_image-7863488916e89dc5907529a926597fb1\">\n.avia-image-container.av-av_image-7863488916e89dc5907529a926597fb1 img.avia_image{\nbox-shadow:none;\n}\n.avia-image-container.av-av_image-7863488916e89dc5907529a926597fb1 .av-image-caption-overlay-center{\ncolor:#ffffff;\n}\n<\/style>\n<div  class='avia-image-container av-av_image-7863488916e89dc5907529a926597fb1 av-styling- avia-align-center  avia-builder-el-0  el_before_av_hr  avia-builder-el-first '  ><div class=\"avia-image-container-inner\"><div class=\"avia-image-overlay-wrap\"><img decoding=\"async\" fetchpriority=\"high\" class=\"wp-image- avia-img-lazy-loading-not- avia_image \" src=\"https:\/\/www.mates.it\/wp-content\/uploads\/2016\/06\/Mezzi-di-flusso.jpg\" alt=\"\" title=\"\"><\/div><\/div><\/div>\n<div  class='hr av-av_hr-91d7ccd583a503147498e120fee2ff9b hr-default  avia-builder-el-1  el_after_av_image  el_before_av_three_fifth '><span class='hr-inner '><span class=\"hr-inner-style\"><\/span><\/span><\/div>\n<div  class='flex_column av-av_three_fifth-7714eba142aeda1f8b5272a3c372b279 av_three_fifth  avia-builder-el-2  el_after_av_hr  el_before_av_two_fifth  first flex_column_div  '     ><p>\n<style type=\"text\/css\" data-created_by=\"avia_inline_auto\" id=\"style-css-av-ljfzditg-8b418631deb6f14ca5b21017593f6f7e\">\n#top .av-special-heading.av-ljfzditg-8b418631deb6f14ca5b21017593f6f7e{\npadding-bottom:10px;\n}\nbody .av-special-heading.av-ljfzditg-8b418631deb6f14ca5b21017593f6f7e .av-special-heading-tag .heading-char{\nfont-size:25px;\n}\n.av-special-heading.av-ljfzditg-8b418631deb6f14ca5b21017593f6f7e .av-subheading{\nfont-size:15px;\n}\n<\/style>\n<div  class='av-special-heading av-ljfzditg-8b418631deb6f14ca5b21017593f6f7e av-special-heading-h1  avia-builder-el-3  el_before_av_textblock  avia-builder-el-first  custom-h1-title'><h1 class='av-special-heading-tag '  >Moyens de flux<\/h1><div class=\"special-heading-border\"><div class=\"special-heading-inner-border\"><\/div><\/div><\/div><br \/>\n<section  class='av_textblock_section av-ljfzcnkg-4ec4a248a0adae63ebba3c3b7f766a9e '  ><div class='avia_textblock' ><p>Une s\u00e9lection de produits sp\u00e9cifiques pour la propagation de fluides \u00e0 viscosit\u00e9 variable dans des moules ferm\u00e9s, aide \u00e0 une impr\u00e9gnation correcte des tissus, g\u00e9n\u00e9ralement appel\u00e9s stratifi\u00e9s, dans des proc\u00e9d\u00e9s tels que l&rsquo;infusion ou dans des proc\u00e9d\u00e9s appel\u00e9s VARTM (Vacuum Assisted Resin Transfer Moulding). Il n&rsquo;est pas toujours n\u00e9cessaire d&rsquo;utiliser cette classe de produits sur toute la surface du produit, ils peuvent en effet \u00eatre positionn\u00e9s de mani\u00e8re s\u00e9lective pour augmenter le flux de r\u00e9sine dans des zones sp\u00e9cifiques du moule, augmentant sa vitesse d&rsquo;\u00e9coulement. Nous avons s\u00e9lectionn\u00e9 les meilleurs m\u00e9dias d&rsquo;\u00e9coulement du march\u00e9 capables d&rsquo;assurer une augmentation de la vitesse d&rsquo;\u00e9coulement, \u00e9galement disponibles coupl\u00e9s \u00e0 nos films perfor\u00e9s. Par cons\u00e9quent, des emballages pr\u00eats \u00e0 l&#8217;emploi qui parviennent \u00e0 garantir une augmentation de la vitesse dans la production d&rsquo;un produit composite.<\/p>\n<\/div><\/section><\/p><\/div><div  class='flex_column av-av_two_fifth-f1c518e9ff58e869f80c8f093487abc9 av_two_fifth  avia-builder-el-5  el_after_av_three_fifth  el_before_av_hr  flex_column_div  '     ><style type=\"text\/css\" data-created_by=\"avia_inline_auto\" id=\"style-css-av-ljfzdcub-f7b53514ae59d0d4f9bd8f50eee79de2\">\n#top .togglecontainer.av-ljfzdcub-f7b53514ae59d0d4f9bd8f50eee79de2 h4.toggler{\nfont-size:14px;\n}\n#top .togglecontainer.av-ljfzdcub-f7b53514ae59d0d4f9bd8f50eee79de2 h4.toggler.activeTitle{\ncolor:#ffffff;\nborder-color:#ffffff;\nbackground-color:#2682d3;\n}\n<\/style>\n<div  class='togglecontainer av-ljfzdcub-f7b53514ae59d0d4f9bd8f50eee79de2  avia-builder-el-6  avia-builder-el-no-sibling  accordion_product toggle_close_all hasCurrentStyle' >\n<section class='av_toggle_section av-ljfzd7s8-8ed1bab0d2159a99317d252fa3ea62f6' ><div role=\"tablist\" class=\"single_toggle\" data-tags=\"{Tout} \"  ><h4 id='toggle-toggle-id-1' data-fake-id='#toggle-id-1' class='toggler  activeTitle av-title-above '  role='tab' tabindex='0' aria-controls='toggle-id-1' data-slide-speed=\"200\" data-title=\"Avantages\" data-title-open=\"\" data-aria_collapsed=\"Cliquez pour \u00e9tendre : Avantages\" data-aria_expanded=\"Cliquez pour r\u00e9duire : Avantages\">Avantages<span class=\"toggle_icon\"><span class=\"vert_icon\"><\/span><span class=\"hor_icon\"><\/span><\/span><\/h4><div id='toggle-id-1' aria-labelledby='toggle-toggle-id-1' role='region' class='toggle_wrap  active_tc av-title-above' style='display:block;' ><div class='toggle_content invers-color ' ><ul class=\"customlist1\">\n<li>Diff\u00e9rentes vitesses de flux<\/li>\n<li>Disponible en plusieurs solutions<\/li>\n<li>Sp\u00e9cificit\u00e9 du processus<\/li>\n<li>Faible perte de r\u00e9sine<\/li>\n<\/ul>\n<\/div><\/div><\/div><\/section>\n<section class='av_toggle_section av-ljfzdc5m-47c34db8a7197db3edacf9b9d431c834' ><div role=\"tablist\" class=\"single_toggle\" data-tags=\"{Tout} \"  ><h4 id='toggle-toggle-id-2' data-fake-id='#toggle-id-2' class='toggler  av-title-above '  role='tab' tabindex='0' aria-controls='toggle-id-2' data-slide-speed=\"200\" data-title=\"Types de produit\" data-title-open=\"\" data-aria_collapsed=\"Cliquez pour \u00e9tendre : Types de produit\" data-aria_expanded=\"Cliquez pour r\u00e9duire : Types de produit\">Types de produit<span class=\"toggle_icon\"><span class=\"vert_icon\"><\/span><span class=\"hor_icon\"><\/span><\/span><\/h4><div id='toggle-id-2' aria-labelledby='toggle-toggle-id-2' role='region' class='toggle_wrap  av-title-above'  ><div class='toggle_content invers-color ' ><li class=\"page_item page-item-9321\"><a href=\"https:\/\/www.mates.it\/fr\/produits\/materiaux-de-procede\/moyens-de-flux\/filets-infusion\/\">Filets drainant<\/a><\/li>\n<li class=\"page_item page-item-21145\"><a href=\"https:\/\/www.mates.it\/fr\/produits\/materiaux-de-procede\/moyens-de-flux\/canaux-barrieres\/\">Canaux \/ Barri\u00e8res<\/a><\/li>\n<li class=\"page_item page-item-9322\"><a href=\"https:\/\/www.mates.it\/fr\/produits\/materiaux-de-procede\/moyens-de-flux\/tresses-de-flux\/\">Tresses de flux<\/a><\/li>\n<li class=\"page_item page-item-9323\"><a href=\"https:\/\/www.mates.it\/fr\/produits\/materiaux-de-procede\/moyens-de-flux\/gaine-spiralee\/\">Gaine spiral\u00e9e<\/a><\/li>\n\n<\/div><\/div><\/div><\/section>\n<\/div><\/div><div  class='hr av-av_hr-91d7ccd583a503147498e120fee2ff9b hr-default  avia-builder-el-7  el_after_av_two_fifth  avia-builder-el-last '><span class='hr-inner '><span class=\"hr-inner-style\"><\/span><\/span><\/div><\/p>\n","protected":false},"excerpt":{"rendered":"<p>S\u00e9lection de produits sp\u00e9cifiques pour la propagation de fluides \u00e0 viscosit\u00e9 variable dans des moules ferm\u00e9s, aidant \u00e0 obtenir une impr\u00e9gnation correcte et compl\u00e8te du stratifi\u00e9.<\/p>\n","protected":false},"author":1,"featured_media":7313,"parent":9147,"menu_order":5,"comment_status":"open","ping_status":"open","template":"","meta":{"footnotes":""},"class_list":["post-9244","page","type-page","status-publish","has-post-thumbnail","hentry"],"_links":{"self":[{"href":"https:\/\/www.mates.it\/fr\/wp-json\/wp\/v2\/pages\/9244","targetHints":{"allow":["GET"]}}],"collection":[{"href":"https:\/\/www.mates.it\/fr\/wp-json\/wp\/v2\/pages"}],"about":[{"href":"https:\/\/www.mates.it\/fr\/wp-json\/wp\/v2\/types\/page"}],"author":[{"embeddable":true,"href":"https:\/\/www.mates.it\/fr\/wp-json\/wp\/v2\/users\/1"}],"replies":[{"embeddable":true,"href":"https:\/\/www.mates.it\/fr\/wp-json\/wp\/v2\/comments?post=9244"}],"version-history":[{"count":0,"href":"https:\/\/www.mates.it\/fr\/wp-json\/wp\/v2\/pages\/9244\/revisions"}],"up":[{"embeddable":true,"href":"https:\/\/www.mates.it\/fr\/wp-json\/wp\/v2\/pages\/9147"}],"wp:featuredmedia":[{"embeddable":true,"href":"https:\/\/www.mates.it\/fr\/wp-json\/wp\/v2\/media\/7313"}],"wp:attachment":[{"href":"https:\/\/www.mates.it\/fr\/wp-json\/wp\/v2\/media?parent=9244"}],"curies":[{"name":"wp","href":"https:\/\/api.w.org\/{rel}","templated":true}]}}