{"id":9246,"date":"2015-09-16T16:25:52","date_gmt":"2015-09-16T14:25:52","guid":{"rendered":"https:\/\/www.mates.it\/prodotti\/ausiliari-di-processo\/feutres-de-drainage\/"},"modified":"2023-06-28T17:21:05","modified_gmt":"2023-06-28T15:21:05","slug":"feutres-drainants","status":"publish","type":"page","link":"https:\/\/www.mates.it\/fr\/produits\/materiaux-de-procede\/feutres-drainants\/","title":{"rendered":"Feutres drainants"},"content":{"rendered":"\n<style type=\"text\/css\" data-created_by=\"avia_inline_auto\" id=\"style-css-av-av_image-2107402bb8cb538943cf417da3a22a99\">\n.avia-image-container.av-av_image-2107402bb8cb538943cf417da3a22a99 img.avia_image{\nbox-shadow:none;\n}\n.avia-image-container.av-av_image-2107402bb8cb538943cf417da3a22a99 .av-image-caption-overlay-center{\ncolor:#ffffff;\n}\n<\/style>\n<div  class='avia-image-container av-av_image-2107402bb8cb538943cf417da3a22a99 av-styling- avia-align-center  avia-builder-el-0  el_before_av_hr  avia-builder-el-first '  ><div class=\"avia-image-container-inner\"><div class=\"avia-image-overlay-wrap\"><img decoding=\"async\" fetchpriority=\"high\" class=\"wp-image- avia-img-lazy-loading-not- avia_image \" src=\"https:\/\/www.mates.it\/wp-content\/uploads\/2016\/06\/Feltri-aeratori.jpg\" alt=\"\" title=\"\"><\/div><\/div><\/div>\n<div  class='hr av-av_hr-91d7ccd583a503147498e120fee2ff9b hr-default  avia-builder-el-1  el_after_av_image  el_before_av_three_fifth '><span class='hr-inner '><span class=\"hr-inner-style\"><\/span><\/span><\/div>\n<div  class='flex_column av-av_three_fifth-7714eba142aeda1f8b5272a3c372b279 av_three_fifth  avia-builder-el-2  el_after_av_hr  el_before_av_two_fifth  first flex_column_div  '     ><p>\n<style type=\"text\/css\" data-created_by=\"avia_inline_auto\" id=\"style-css-av-ljfttim5-b63e924965c4bc70d9f4dc72486e64eb\">\n#top .av-special-heading.av-ljfttim5-b63e924965c4bc70d9f4dc72486e64eb{\npadding-bottom:10px;\n}\nbody .av-special-heading.av-ljfttim5-b63e924965c4bc70d9f4dc72486e64eb .av-special-heading-tag .heading-char{\nfont-size:25px;\n}\n.av-special-heading.av-ljfttim5-b63e924965c4bc70d9f4dc72486e64eb .av-subheading{\nfont-size:15px;\n}\n<\/style>\n<div  class='av-special-heading av-ljfttim5-b63e924965c4bc70d9f4dc72486e64eb av-special-heading-h1  avia-builder-el-3  el_before_av_textblock  avia-builder-el-first  custom-h1-title'><h1 class='av-special-heading-tag '  >Feutres drainants<\/h1><div class=\"special-heading-border\"><div class=\"special-heading-inner-border\"><\/div><\/div><\/div><br \/>\n<section  class='av_textblock_section av-ljftu0eo-fb8ad457b601e28fb2ef10d1c4ecb21e '  ><div class='avia_textblock' ><p>Le feutre drainant est un produit utilis\u00e9 par la majorit\u00e9 de nos clients, indispensable pour un bon traitement sous vide \u00e0 pression ambiante ou en autoclave. Utile pour la fabrication d&rsquo;articles manufactur\u00e9s de toute taille, caract\u00e9ris\u00e9 par un excellent \u00e9quilibre entre la r\u00e9sine et les fibres, il permet le passage de l&rsquo;air \u00e0 l&rsquo;int\u00e9rieur de l&rsquo;article manufactur\u00e9 sous pression qui, en se r\u00e9partissant de mani\u00e8re homog\u00e8ne, favorise l&rsquo;\u00e9vacuation de l&rsquo;exc\u00e8s de r\u00e9sine pour am\u00e9liorer les qualit\u00e9s structurelles et la l\u00e9g\u00e8ret\u00e9 du composant fabriqu\u00e9.<br \/>\nL&rsquo;a\u00e9rateur est \u00e9galement un excellent indicateur de la qualit\u00e9 finale d&rsquo;un produit : si au lieu d&rsquo;\u00eatre tach\u00e9 de r\u00e9sine il est compl\u00e8tement impr\u00e9gn\u00e9, la pi\u00e8ce pourrait avoir une r\u00e9sistance m\u00e9canique moindre. En effet, s&rsquo;il est mouill\u00e9 il perd son \u00e9paisseur sp\u00e9cifique et donc sa capacit\u00e9 \u00e0 favoriser la circulation de l&rsquo;air.<\/p>\n<\/div><\/section><\/p><\/div><div  class='flex_column av-av_two_fifth-f1c518e9ff58e869f80c8f093487abc9 av_two_fifth  avia-builder-el-5  el_after_av_three_fifth  el_before_av_hr  flex_column_div  '     ><style type=\"text\/css\" data-created_by=\"avia_inline_auto\" id=\"style-css-av-ljftuv0u-137d3df54f6cd69a701713a510bf7ab1\">\n#top .togglecontainer.av-ljftuv0u-137d3df54f6cd69a701713a510bf7ab1 h4.toggler{\nfont-size:14px;\n}\n#top .togglecontainer.av-ljftuv0u-137d3df54f6cd69a701713a510bf7ab1 h4.toggler.activeTitle{\ncolor:#ffffff;\nborder-color:#ffffff;\nbackground-color:#2682d3;\n}\n<\/style>\n<div  class='togglecontainer av-ljftuv0u-137d3df54f6cd69a701713a510bf7ab1  avia-builder-el-6  avia-builder-el-no-sibling  accordion_product toggle_close_all hasCurrentStyle' >\n<section class='av_toggle_section av-ljftuq7l-8e1466edb6d1b724c8223ba65b6fca1c' ><div role=\"tablist\" class=\"single_toggle\" data-tags=\"{Tout} \"  ><h4 id='toggle-toggle-id-1' data-fake-id='#toggle-id-1' class='toggler  activeTitle av-title-above '  role='tab' tabindex='0' aria-controls='toggle-id-1' data-slide-speed=\"200\" data-title=\"Avantages\" data-title-open=\"\" data-aria_collapsed=\"Cliquez pour \u00e9tendre : Avantages\" data-aria_expanded=\"Cliquez pour r\u00e9duire : Avantages\">Avantages<span class=\"toggle_icon\"><span class=\"vert_icon\"><\/span><span class=\"hor_icon\"><\/span><\/span><\/h4><div id='toggle-id-1' aria-labelledby='toggle-toggle-id-1' role='region' class='toggle_wrap  active_tc av-title-above' style='display:block;' ><div class='toggle_content invers-color ' ><ul class=\"customlist1\">\n<li>Propagation de la couche vide<\/li>\n<li>Uniformit\u00e9 de la pression<\/li>\n<li>Absorption excessive de r\u00e9sine<\/li>\n<li>Drapabilit\u00e9 diff\u00e9rente<\/li>\n<\/ul>\n<\/div><\/div><\/div><\/section>\n<section class='av_toggle_section av-ljftutpy-a0def4800c0d9d10f2e4394d5651f827' ><div role=\"tablist\" class=\"single_toggle\" data-tags=\"{Tout} \"  ><h4 id='toggle-toggle-id-2' data-fake-id='#toggle-id-2' class='toggler  av-title-above '  role='tab' tabindex='0' aria-controls='toggle-id-2' data-slide-speed=\"200\" data-title=\"Types de produit\" data-title-open=\"\" data-aria_collapsed=\"Cliquez pour \u00e9tendre : Types de produit\" data-aria_expanded=\"Cliquez pour r\u00e9duire : Types de produit\">Types de produit<span class=\"toggle_icon\"><span class=\"vert_icon\"><\/span><span class=\"hor_icon\"><\/span><\/span><\/h4><div id='toggle-id-2' aria-labelledby='toggle-toggle-id-2' role='region' class='toggle_wrap  av-title-above'  ><div class='toggle_content invers-color ' ><li class=\"page_item page-item-9319\"><a href=\"https:\/\/www.mates.it\/fr\/produits\/materiaux-de-procede\/feutres-drainants\/aiguille\/\">Aiguille<\/a><\/li>\n<li class=\"page_item page-item-9320\"><a href=\"https:\/\/www.mates.it\/fr\/produits\/materiaux-de-procede\/feutres-drainants\/compacte\/\">Compact\u00e9<\/a><\/li>\n\n<\/div><\/div><\/div><\/section>\n<\/div><\/div><\/p>\n<div  class='hr av-av_hr-91d7ccd583a503147498e120fee2ff9b hr-default  avia-builder-el-7  el_after_av_two_fifth  avia-builder-el-last '><span class='hr-inner '><span class=\"hr-inner-style\"><\/span><\/span><\/div>\n","protected":false},"excerpt":{"rendered":"<p>Le feutre drainant est un produit utilis\u00e9 par la majorit\u00e9 de nos clients, indispensable pour un bon traitement sous vide \u00e0 pression ambiante ou en autoclave.<\/p>\n","protected":false},"author":1,"featured_media":7293,"parent":9147,"menu_order":4,"comment_status":"open","ping_status":"open","template":"","meta":{"footnotes":""},"class_list":["post-9246","page","type-page","status-publish","has-post-thumbnail","hentry"],"_links":{"self":[{"href":"https:\/\/www.mates.it\/fr\/wp-json\/wp\/v2\/pages\/9246","targetHints":{"allow":["GET"]}}],"collection":[{"href":"https:\/\/www.mates.it\/fr\/wp-json\/wp\/v2\/pages"}],"about":[{"href":"https:\/\/www.mates.it\/fr\/wp-json\/wp\/v2\/types\/page"}],"author":[{"embeddable":true,"href":"https:\/\/www.mates.it\/fr\/wp-json\/wp\/v2\/users\/1"}],"replies":[{"embeddable":true,"href":"https:\/\/www.mates.it\/fr\/wp-json\/wp\/v2\/comments?post=9246"}],"version-history":[{"count":0,"href":"https:\/\/www.mates.it\/fr\/wp-json\/wp\/v2\/pages\/9246\/revisions"}],"up":[{"embeddable":true,"href":"https:\/\/www.mates.it\/fr\/wp-json\/wp\/v2\/pages\/9147"}],"wp:featuredmedia":[{"embeddable":true,"href":"https:\/\/www.mates.it\/fr\/wp-json\/wp\/v2\/media\/7293"}],"wp:attachment":[{"href":"https:\/\/www.mates.it\/fr\/wp-json\/wp\/v2\/media?parent=9246"}],"curies":[{"name":"wp","href":"https:\/\/api.w.org\/{rel}","templated":true}]}}