{"id":9248,"date":"2015-09-16T16:25:56","date_gmt":"2015-09-16T14:25:56","guid":{"rendered":"https:\/\/www.mates.it\/prodotti\/ausiliari-di-processo\/sacs-sous-vide\/"},"modified":"2023-06-28T17:18:43","modified_gmt":"2023-06-28T15:18:43","slug":"sacs-sous-vide","status":"publish","type":"page","link":"https:\/\/www.mates.it\/fr\/produits\/materiaux-de-procede\/sacs-sous-vide\/","title":{"rendered":"Films de mise sous vide"},"content":{"rendered":"\n<style type=\"text\/css\" data-created_by=\"avia_inline_auto\" id=\"style-css-av-av_image-763bd0cd1036852d56ffc4080f9b2a3d\">\n.avia-image-container.av-av_image-763bd0cd1036852d56ffc4080f9b2a3d img.avia_image{\nbox-shadow:none;\n}\n.avia-image-container.av-av_image-763bd0cd1036852d56ffc4080f9b2a3d .av-image-caption-overlay-center{\ncolor:#ffffff;\n}\n<\/style>\n<div  class='avia-image-container av-av_image-763bd0cd1036852d56ffc4080f9b2a3d av-styling- avia-align-center  avia-builder-el-0  el_before_av_hr  avia-builder-el-first '  ><div class=\"avia-image-container-inner\"><div class=\"avia-image-overlay-wrap\"><img decoding=\"async\" fetchpriority=\"high\" class=\"wp-image- avia-img-lazy-loading-not- avia_image \" src=\"https:\/\/www.mates.it\/wp-content\/uploads\/2016\/06\/Sacchi-da-vuoto.jpg\" alt=\"\" title=\"\"><\/div><\/div><\/div>\n<div  class='hr av-av_hr-91d7ccd583a503147498e120fee2ff9b hr-default  avia-builder-el-1  el_after_av_image  el_before_av_three_fifth '><span class='hr-inner '><span class=\"hr-inner-style\"><\/span><\/span><\/div>\n<div  class='flex_column av-av_three_fifth-7714eba142aeda1f8b5272a3c372b279 av_three_fifth  avia-builder-el-2  el_after_av_hr  el_before_av_two_fifth  first flex_column_div  '     ><p>\n<style type=\"text\/css\" data-created_by=\"avia_inline_auto\" id=\"style-css-av-ljei8y1x-0ce94b916b2049ccdc8eb518b3c3c040\">\n#top .av-special-heading.av-ljei8y1x-0ce94b916b2049ccdc8eb518b3c3c040{\npadding-bottom:10px;\n}\nbody .av-special-heading.av-ljei8y1x-0ce94b916b2049ccdc8eb518b3c3c040 .av-special-heading-tag .heading-char{\nfont-size:25px;\n}\n.av-special-heading.av-ljei8y1x-0ce94b916b2049ccdc8eb518b3c3c040 .av-subheading{\nfont-size:15px;\n}\n<\/style>\n<div  class='av-special-heading av-ljei8y1x-0ce94b916b2049ccdc8eb518b3c3c040 av-special-heading-h1  avia-builder-el-3  el_before_av_textblock  avia-builder-el-first  custom-h1-title'><h1 class='av-special-heading-tag '  >Films de mise sous vide<\/h1><div class=\"special-heading-border\"><div class=\"special-heading-inner-border\"><\/div><\/div><\/div><br \/>\n<section  class='av_textblock_section av-ljei1o1n-0247732e6a4f05f04fb67d1ca86ba77a '  ><div class='avia_textblock' ><p>Le films de mise sous vide est tr\u00e8s important pour la production de composants ayant des performances m\u00e9caniques \u00e9lev\u00e9es, une grande r\u00e9sistance \u00e0 la traction et un effet esth\u00e9tique difficile \u00e0 obtenir avec un pelliculage manuel. Les films de mise sous vide peuvent \u00eatre divis\u00e9s en plusieurs macro-cat\u00e9gories: les films plats simples ou \u00e0 pli unique, les films multiples, les films tubulaires et les films r\u00e9utilisables. Les trois premiers doivent \u00eatre fix\u00e9s au moule sur quatre c\u00f4t\u00e9s, le quatri\u00e8me sur deux, tandis que les films r\u00e9utilisables n&rsquo;ont pas besoin d&rsquo;\u00eatre scell\u00e9s, ce qui r\u00e9duit consid\u00e9rablement le temps de production. Tous les sacs sous vide se caract\u00e9risent par une certaine \u00e9lasticit\u00e9, qui peut varier en fonction du mat\u00e9riau utilis\u00e9 pour la production. Nous avons d\u00e9cid\u00e9 de s\u00e9lectionner une s\u00e9rie de films de mise sous vide, dont les caract\u00e9ristiques techniques et les dimensions varient d&rsquo;un produit \u00e0 l&rsquo;autre, afin que l&rsquo;utilisateur final puisse obtenir une bonne technique de transformation, avec peu de pertes d&rsquo;air et de gaspillage de mat\u00e9riau, en garantissant d&rsquo;excellents r\u00e9sultats m\u00e9caniques et esth\u00e9tiques.<\/p>\n<\/div><\/section><\/p><\/div><div  class='flex_column av-av_two_fifth-f1c518e9ff58e869f80c8f093487abc9 av_two_fifth  avia-builder-el-5  el_after_av_three_fifth  el_before_av_hr  flex_column_div  '     ><style type=\"text\/css\" data-created_by=\"avia_inline_auto\" id=\"style-css-av-ljei2ak8-0b0df23c7e647720b3ff0f91d0c49633\">\n#top .togglecontainer.av-ljei2ak8-0b0df23c7e647720b3ff0f91d0c49633 h4.toggler{\nfont-size:14px;\n}\n#top .togglecontainer.av-ljei2ak8-0b0df23c7e647720b3ff0f91d0c49633 h4.toggler.activeTitle{\ncolor:#ffffff;\nborder-color:#ffffff;\nbackground-color:#2682d3;\n}\n<\/style>\n<div  class='togglecontainer av-ljei2ak8-0b0df23c7e647720b3ff0f91d0c49633  avia-builder-el-6  avia-builder-el-no-sibling  accordion_product toggle_close_all hasCurrentStyle' >\n<section class='av_toggle_section av-ljei274f-9ae341e1a51f14a3eb1b5a66fef0e36b' ><div role=\"tablist\" class=\"single_toggle\" data-tags=\"{Tout} \"  ><h4 id='toggle-toggle-id-1' data-fake-id='#toggle-id-1' class='toggler  activeTitle av-title-above '  role='tab' tabindex='0' aria-controls='toggle-id-1' data-slide-speed=\"200\" data-title=\"Avantages\" data-title-open=\"\" data-aria_collapsed=\"Cliquez pour \u00e9tendre : Avantages\" data-aria_expanded=\"Cliquez pour r\u00e9duire : Avantages\">Avantages<span class=\"toggle_icon\"><span class=\"vert_icon\"><\/span><span class=\"hor_icon\"><\/span><\/span><\/h4><div id='toggle-id-1' aria-labelledby='toggle-toggle-id-1' role='region' class='toggle_wrap  active_tc av-title-above' style='display:block;' ><div class='toggle_content invers-color ' ><ul class=\"customlist1\">\n<li>Diff\u00e9rentes dimensions<\/li>\n<li>R\u00e9duction des d\u00e9chets<\/li>\n<li>Utilisation sp\u00e9cifique<\/li>\n<li>Certifications de conformit\u00e9<\/li>\n<li>R\u00e9duction du temps de production<\/li>\n<\/ul>\n<\/div><\/div><\/div><\/section>\n<section class='av_toggle_section av-ljei29u7-c66d8934446f5711cf66232325368572' ><div role=\"tablist\" class=\"single_toggle\" data-tags=\"{Tout} \"  ><h4 id='toggle-toggle-id-2' data-fake-id='#toggle-id-2' class='toggler  av-title-above '  role='tab' tabindex='0' aria-controls='toggle-id-2' data-slide-speed=\"200\" data-title=\"Types de produit\" data-title-open=\"\" data-aria_collapsed=\"Cliquez pour \u00e9tendre : Types de produit\" data-aria_expanded=\"Cliquez pour r\u00e9duire : Types de produit\">Types de produit<span class=\"toggle_icon\"><span class=\"vert_icon\"><\/span><span class=\"hor_icon\"><\/span><\/span><\/h4><div id='toggle-id-2' aria-labelledby='toggle-toggle-id-2' role='region' class='toggle_wrap  av-title-above'  ><div class='toggle_content invers-color ' ><li class=\"page_item page-item-9314\"><a href=\"https:\/\/www.mates.it\/fr\/produits\/materiaux-de-procede\/sacs-sous-vide\/tubulaires\/\">Tubulaires<\/a><\/li>\n<li class=\"page_item page-item-9313\"><a href=\"https:\/\/www.mates.it\/fr\/produits\/materiaux-de-procede\/sacs-sous-vide\/multiplies\/\">Multipli\u00e9s<\/a><\/li>\n<li class=\"page_item page-item-9312\"><a href=\"https:\/\/www.mates.it\/fr\/produits\/materiaux-de-procede\/sacs-sous-vide\/plats-pliage-simple\/\">Plats \/ Pliage simple<\/a><\/li>\n<li class=\"page_item page-item-9315\"><a href=\"https:\/\/www.mates.it\/fr\/produits\/materiaux-de-procede\/sacs-sous-vide\/silicone\/\">Silicone<\/a><\/li>\n\n<\/div><\/div><\/div><\/section>\n<\/div><\/div><\/p>\n<div  class='hr av-av_hr-91d7ccd583a503147498e120fee2ff9b hr-default  avia-builder-el-7  el_after_av_two_fifth  avia-builder-el-last '><span class='hr-inner '><span class=\"hr-inner-style\"><\/span><\/span><\/div>\n","protected":false},"excerpt":{"rendered":"<p>Le formage sous vide du stratifi\u00e9 est tr\u00e8s important pour la production de composants ayant des performances m\u00e9caniques \u00e9lev\u00e9es, une grande r\u00e9sistance \u00e0 la traction et le meilleur effet esth\u00e9tique.<\/p>\n","protected":false},"author":1,"featured_media":7297,"parent":9147,"menu_order":1,"comment_status":"open","ping_status":"open","template":"","meta":{"footnotes":""},"class_list":["post-9248","page","type-page","status-publish","has-post-thumbnail","hentry"],"_links":{"self":[{"href":"https:\/\/www.mates.it\/fr\/wp-json\/wp\/v2\/pages\/9248","targetHints":{"allow":["GET"]}}],"collection":[{"href":"https:\/\/www.mates.it\/fr\/wp-json\/wp\/v2\/pages"}],"about":[{"href":"https:\/\/www.mates.it\/fr\/wp-json\/wp\/v2\/types\/page"}],"author":[{"embeddable":true,"href":"https:\/\/www.mates.it\/fr\/wp-json\/wp\/v2\/users\/1"}],"replies":[{"embeddable":true,"href":"https:\/\/www.mates.it\/fr\/wp-json\/wp\/v2\/comments?post=9248"}],"version-history":[{"count":0,"href":"https:\/\/www.mates.it\/fr\/wp-json\/wp\/v2\/pages\/9248\/revisions"}],"up":[{"embeddable":true,"href":"https:\/\/www.mates.it\/fr\/wp-json\/wp\/v2\/pages\/9147"}],"wp:featuredmedia":[{"embeddable":true,"href":"https:\/\/www.mates.it\/fr\/wp-json\/wp\/v2\/media\/7297"}],"wp:attachment":[{"href":"https:\/\/www.mates.it\/fr\/wp-json\/wp\/v2\/media?parent=9248"}],"curies":[{"name":"wp","href":"https:\/\/api.w.org\/{rel}","templated":true}]}}