{"id":9250,"date":"2015-09-16T16:26:03","date_gmt":"2015-09-16T14:26:03","guid":{"rendered":"https:\/\/www.mates.it\/prodotti\/ausiliari-di-processo\/scellants-rubans\/"},"modified":"2023-06-28T20:59:03","modified_gmt":"2023-06-28T18:59:03","slug":"scellants-rubans","status":"publish","type":"page","link":"https:\/\/www.mates.it\/fr\/produits\/materiaux-de-procede\/scellants-rubans\/","title":{"rendered":"Scellants \/ Rubans"},"content":{"rendered":"\n<style type=\"text\/css\" data-created_by=\"avia_inline_auto\" id=\"style-css-av-av_image-1e64fb3026b7a9ee8b4e4845728c8027\">\n.avia-image-container.av-av_image-1e64fb3026b7a9ee8b4e4845728c8027 img.avia_image{\nbox-shadow:none;\n}\n.avia-image-container.av-av_image-1e64fb3026b7a9ee8b4e4845728c8027 .av-image-caption-overlay-center{\ncolor:#ffffff;\n}\n<\/style>\n<div  class='avia-image-container av-av_image-1e64fb3026b7a9ee8b4e4845728c8027 av-styling- avia-align-center  avia-builder-el-0  el_before_av_hr  avia-builder-el-first '  ><div class=\"avia-image-container-inner\"><div class=\"avia-image-overlay-wrap\"><img decoding=\"async\" fetchpriority=\"high\" class=\"wp-image- avia-img-lazy-loading-not- avia_image \" src=\"https:\/\/www.mates.it\/wp-content\/uploads\/2016\/06\/Sigillanti-Nastri.jpg\" alt=\"\" title=\"\"><\/div><\/div><\/div>\n<div  class='hr av-av_hr-91d7ccd583a503147498e120fee2ff9b hr-default  avia-builder-el-1  el_after_av_image  el_before_av_three_fifth '><span class='hr-inner '><span class=\"hr-inner-style\"><\/span><\/span><\/div>\n<div  class='flex_column av-av_three_fifth-7714eba142aeda1f8b5272a3c372b279 av_three_fifth  avia-builder-el-2  el_after_av_hr  el_before_av_two_fifth  first flex_column_div  '     ><p>\n<style type=\"text\/css\" data-created_by=\"avia_inline_auto\" id=\"style-css-av-ljg2x4ri-1e5dd2ddf83bd2df1660a9f3c32a415c\">\n#top .av-special-heading.av-ljg2x4ri-1e5dd2ddf83bd2df1660a9f3c32a415c{\npadding-bottom:10px;\n}\nbody .av-special-heading.av-ljg2x4ri-1e5dd2ddf83bd2df1660a9f3c32a415c .av-special-heading-tag .heading-char{\nfont-size:25px;\n}\n.av-special-heading.av-ljg2x4ri-1e5dd2ddf83bd2df1660a9f3c32a415c .av-subheading{\nfont-size:15px;\n}\n<\/style>\n<div  class='av-special-heading av-ljg2x4ri-1e5dd2ddf83bd2df1660a9f3c32a415c av-special-heading-h1  avia-builder-el-3  el_before_av_textblock  avia-builder-el-first  custom-h1-title'><h1 class='av-special-heading-tag '  >Scellants \/ Rubans<\/h1><div class=\"special-heading-border\"><div class=\"special-heading-inner-border\"><\/div><\/div><\/div><br \/>\n<section  class='av_textblock_section av-ljg2xmmm-3c46f603ef97e90bbf9cf4818ccf1161 '  ><div class='avia_textblock' ><p>Pour cr\u00e9er des composants \u00e0 fort contenu technologique, il est n\u00e9cessaire d&rsquo;utiliser des produits sp\u00e9cifiques, test\u00e9s de mani\u00e8re cyclique pour garantir une fiabilit\u00e9 maximale. En cas de fuites d&rsquo;air du sac sous vide, il est possible de courir non seulement le risque de produire des stratifi\u00e9s m\u00e9caniquement instables, mais aussi le risque de devoir recommencer tout le processus de production avec donc une augmentation consid\u00e9rable des co\u00fbts et fois. Pour cette raison, nous avons d\u00e9cid\u00e9 d&rsquo;offrir \u00e0 nos clients une gamme de mastics butyle tr\u00e8s fiables, capables de couvrir une vaste gamme de prix et de temp\u00e9ratures d&rsquo;utilisation. Suivant les m\u00eames principes, nous avons \u00e9galement s\u00e9lectionn\u00e9, parmi les diff\u00e9rents articles d\u00e9j\u00e0 sur le march\u00e9, une s\u00e9rie de rubans adh\u00e9sifs simple et double face, indispensables dans la principale transformation des mat\u00e9riaux composites.<\/p>\n<\/div><\/section><\/p><\/div><div  class='flex_column av-av_two_fifth-f1c518e9ff58e869f80c8f093487abc9 av_two_fifth  avia-builder-el-5  el_after_av_three_fifth  el_before_av_hr  flex_column_div  '     ><style type=\"text\/css\" data-created_by=\"avia_inline_auto\" id=\"style-css-av-ljg2yeps-a1a8c9f2ba938f4412ad2eb18c29ac9e\">\n#top .togglecontainer.av-ljg2yeps-a1a8c9f2ba938f4412ad2eb18c29ac9e h4.toggler{\nfont-size:14px;\n}\n#top .togglecontainer.av-ljg2yeps-a1a8c9f2ba938f4412ad2eb18c29ac9e h4.toggler.activeTitle{\ncolor:#ffffff;\nborder-color:#ffffff;\nbackground-color:#2682d3;\n}\n<\/style>\n<div  class='togglecontainer av-ljg2yeps-a1a8c9f2ba938f4412ad2eb18c29ac9e  avia-builder-el-6  avia-builder-el-no-sibling  accordion_product toggle_close_all hasCurrentStyle' >\n<section class='av_toggle_section av-ljg2yaxh-ecb9d96aaa2f457c5ad4b7a2ef2e096a' ><div role=\"tablist\" class=\"single_toggle\" data-tags=\"{Tout} \"  ><h4 id='toggle-toggle-id-1' data-fake-id='#toggle-id-1' class='toggler  activeTitle av-title-above '  role='tab' tabindex='0' aria-controls='toggle-id-1' data-slide-speed=\"200\" data-title=\"Avantages\" data-title-open=\"\" data-aria_collapsed=\"Cliquez pour \u00e9tendre : Avantages\" data-aria_expanded=\"Cliquez pour r\u00e9duire : Avantages\">Avantages<span class=\"toggle_icon\"><span class=\"vert_icon\"><\/span><span class=\"hor_icon\"><\/span><\/span><\/h4><div id='toggle-id-1' aria-labelledby='toggle-toggle-id-1' role='region' class='toggle_wrap  active_tc av-title-above' style='display:block;' ><div class='toggle_content invers-color ' ><ul class=\"customlist1\">\n<li>Normes de qualit\u00e9 \u00e9lev\u00e9es<\/li>\n<li>Disponible en plusieurs tailles<\/li>\n<li>Sp\u00e9cifique \u00e0 chaque processus<\/li>\n<li>Pouvoir adh\u00e9sif diff\u00e9rent<\/li>\n<\/ul>\n<\/div><\/div><\/div><\/section>\n<section class='av_toggle_section av-ljg2yd8e-9c6d3a2c2324d7686542843746769593' ><div role=\"tablist\" class=\"single_toggle\" data-tags=\"{Tout} \"  ><h4 id='toggle-toggle-id-2' data-fake-id='#toggle-id-2' class='toggler  av-title-above '  role='tab' tabindex='0' aria-controls='toggle-id-2' data-slide-speed=\"200\" data-title=\"Types de produit\" data-title-open=\"\" data-aria_collapsed=\"Cliquez pour \u00e9tendre : Types de produit\" data-aria_expanded=\"Cliquez pour r\u00e9duire : Types de produit\">Types de produit<span class=\"toggle_icon\"><span class=\"vert_icon\"><\/span><span class=\"hor_icon\"><\/span><\/span><\/h4><div id='toggle-id-2' aria-labelledby='toggle-toggle-id-2' role='region' class='toggle_wrap  av-title-above'  ><div class='toggle_content invers-color ' ><li class=\"page_item page-item-9324\"><a href=\"https:\/\/www.mates.it\/fr\/produits\/materiaux-de-procede\/scellants-rubans\/mastics-etancheite\/\">Mastics d&rsquo;\u00e9tanch\u00e9it\u00e9<\/a><\/li>\n<li class=\"page_item page-item-9326\"><a href=\"https:\/\/www.mates.it\/fr\/produits\/materiaux-de-procede\/scellants-rubans\/rubans-adhesifs\/\">Rubans adh\u00e9sifs<\/a><\/li>\n\n<\/div><\/div><\/div><\/section>\n<\/div><\/div><div  class='hr av-av_hr-91d7ccd583a503147498e120fee2ff9b hr-default  avia-builder-el-7  el_after_av_two_fifth  avia-builder-el-last '><span class='hr-inner '><span class=\"hr-inner-style\"><\/span><\/span><\/div><\/p>\n","protected":false},"excerpt":{"rendered":"<p>Pour cr\u00e9er des produits \u00e0 fort contenu technologique, nous avons s\u00e9lectionn\u00e9 une gamme de mastics butyle, test\u00e9s cycliquement pour garantir une fiabilit\u00e9 maximale.<\/p>\n","protected":false},"author":1,"featured_media":7301,"parent":9147,"menu_order":6,"comment_status":"open","ping_status":"open","template":"","meta":{"footnotes":""},"class_list":["post-9250","page","type-page","status-publish","has-post-thumbnail","hentry"],"_links":{"self":[{"href":"https:\/\/www.mates.it\/fr\/wp-json\/wp\/v2\/pages\/9250","targetHints":{"allow":["GET"]}}],"collection":[{"href":"https:\/\/www.mates.it\/fr\/wp-json\/wp\/v2\/pages"}],"about":[{"href":"https:\/\/www.mates.it\/fr\/wp-json\/wp\/v2\/types\/page"}],"author":[{"embeddable":true,"href":"https:\/\/www.mates.it\/fr\/wp-json\/wp\/v2\/users\/1"}],"replies":[{"embeddable":true,"href":"https:\/\/www.mates.it\/fr\/wp-json\/wp\/v2\/comments?post=9250"}],"version-history":[{"count":0,"href":"https:\/\/www.mates.it\/fr\/wp-json\/wp\/v2\/pages\/9250\/revisions"}],"up":[{"embeddable":true,"href":"https:\/\/www.mates.it\/fr\/wp-json\/wp\/v2\/pages\/9147"}],"wp:featuredmedia":[{"embeddable":true,"href":"https:\/\/www.mates.it\/fr\/wp-json\/wp\/v2\/media\/7301"}],"wp:attachment":[{"href":"https:\/\/www.mates.it\/fr\/wp-json\/wp\/v2\/media?parent=9250"}],"curies":[{"name":"wp","href":"https:\/\/api.w.org\/{rel}","templated":true}]}}