{"id":9252,"date":"2015-09-16T16:26:02","date_gmt":"2015-09-16T14:26:02","guid":{"rendered":"https:\/\/www.mates.it\/prodotti\/inserti-di-fissaggio\/goujon-clou\/"},"modified":"2023-10-14T14:49:40","modified_gmt":"2023-10-14T12:49:40","slug":"goujons-clous","status":"publish","type":"page","link":"https:\/\/www.mates.it\/fr\/produits\/inserts\/goujons-clous\/","title":{"rendered":"Goujons \/ Clous"},"content":{"rendered":"<\/p>\n\n<style type=\"text\/css\" data-created_by=\"avia_inline_auto\" id=\"style-css-av-av_image-a428f338dc358361a916fea87ddf3088\">\n.avia-image-container.av-av_image-a428f338dc358361a916fea87ddf3088 img.avia_image{\nbox-shadow:none;\n}\n.avia-image-container.av-av_image-a428f338dc358361a916fea87ddf3088 .av-image-caption-overlay-center{\ncolor:#ffffff;\n}\n<\/style>\n<div  class='avia-image-container av-av_image-a428f338dc358361a916fea87ddf3088 av-styling- avia-align-center  avia-builder-el-0  el_before_av_hr  avia-builder-el-first '  ><div class=\"avia-image-container-inner\"><div class=\"avia-image-overlay-wrap\"><img decoding=\"async\" fetchpriority=\"high\" class=\"wp-image- avia-img-lazy-loading-not- avia_image \" src=\"https:\/\/www.mates.it\/wp-content\/uploads\/2016\/06\/Perni-Chiodi.jpg\" alt=\"\" title=\"\"><\/div><\/div><\/div>\n<div  class='hr av-av_hr-91d7ccd583a503147498e120fee2ff9b hr-default  avia-builder-el-1  el_after_av_image  el_before_av_three_fifth '><span class='hr-inner '><span class=\"hr-inner-style\"><\/span><\/span><\/div>\n<div  class='flex_column av-av_three_fifth-7714eba142aeda1f8b5272a3c372b279 av_three_fifth  avia-builder-el-2  el_after_av_hr  el_before_av_two_fifth  first flex_column_div  '     ><p>\n<style type=\"text\/css\" data-created_by=\"avia_inline_auto\" id=\"style-css-av-ljhfq67p-5db241ecfb30ee699e3840bed6fc5cad\">\n#top .av-special-heading.av-ljhfq67p-5db241ecfb30ee699e3840bed6fc5cad{\npadding-bottom:10px;\n}\nbody .av-special-heading.av-ljhfq67p-5db241ecfb30ee699e3840bed6fc5cad .av-special-heading-tag .heading-char{\nfont-size:25px;\n}\n.av-special-heading.av-ljhfq67p-5db241ecfb30ee699e3840bed6fc5cad .av-subheading{\nfont-size:15px;\n}\n<\/style>\n<div  class='av-special-heading av-ljhfq67p-5db241ecfb30ee699e3840bed6fc5cad av-special-heading-h1  avia-builder-el-3  el_before_av_textblock  avia-builder-el-first  custom-h1-title'><h1 class='av-special-heading-tag '  >Goujons \/ Clous<\/h1><div class=\"special-heading-border\"><div class=\"special-heading-inner-border\"><\/div><\/div><\/div><br \/>\n<section  class='av_textblock_section av-ljhfqjx8-63705a07bdf454f2c8e00f4c3aa8b174 '  ><div class='avia_textblock' ><p>Gamme de goujons et de clous filet\u00e9s ou non filet\u00e9s, disponibles dans diff\u00e9rentes combinaisons de diam\u00e8tre et de longueur de goujon, de taille de plaque et de type d&rsquo;acier (doux &#8211; MS ou inoxydable &#8211; SS). Les fixations assurent une liaison solide entre diff\u00e9rents \u00e9l\u00e9ments formant une structure unique. Ils assurent la transmission de la charge entre les diff\u00e9rents composants en les encastrant par moulage complet, puis en les liant \u00e0 l&rsquo;aide d&rsquo;adh\u00e9sifs structurels ou par thermoformage int\u00e9gr\u00e9. Les inserts bigHead\u00ae peuvent \u00eatre soud\u00e9s \u00e0 des surfaces de multiples fa\u00e7ons, ce qui les rend polyvalents et leur permet de r\u00e9pondre \u00e0 n&rsquo;importe quelle exigence. Ils peuvent \u00eatre coll\u00e9s au composant ou directement int\u00e9gr\u00e9s au processus de production.<\/p>\n<\/div><\/section><\/p><\/div><div  class='flex_column av-av_two_fifth-f1c518e9ff58e869f80c8f093487abc9 av_two_fifth  avia-builder-el-5  el_after_av_three_fifth  el_before_av_hr  flex_column_div  '     ><style type=\"text\/css\" data-created_by=\"avia_inline_auto\" id=\"style-css-av-ljhfsi5x-a973c0f39c173facdbbae13effdeb9a1\">\n#top .togglecontainer.av-ljhfsi5x-a973c0f39c173facdbbae13effdeb9a1 h4.toggler{\nfont-size:14px;\n}\n#top .togglecontainer.av-ljhfsi5x-a973c0f39c173facdbbae13effdeb9a1 h4.toggler.activeTitle{\ncolor:#ffffff;\nborder-color:#ffffff;\nbackground-color:#2682d3;\n}\n<\/style>\n<div  class='togglecontainer av-ljhfsi5x-a973c0f39c173facdbbae13effdeb9a1  avia-builder-el-6  avia-builder-el-no-sibling  accordion_product toggle_close_all hasCurrentStyle' >\n<section class='av_toggle_section av-ljhfqxm5-9a7e95d81814a87cbce382488375137f' ><div role=\"tablist\" class=\"single_toggle\" data-tags=\"{Tout} \"  ><h4 id='toggle-toggle-id-1' data-fake-id='#toggle-id-1' class='toggler  activeTitle av-title-above '  role='tab' tabindex='0' aria-controls='toggle-id-1' data-slide-speed=\"200\" data-title=\"Avantages\" data-title-open=\"\" data-aria_collapsed=\"Cliquez pour \u00e9tendre : Avantages\" data-aria_expanded=\"Cliquez pour r\u00e9duire : Avantages\">Avantages<span class=\"toggle_icon\"><span class=\"vert_icon\"><\/span><span class=\"hor_icon\"><\/span><\/span><\/h4><div id='toggle-id-1' aria-labelledby='toggle-toggle-id-1' role='region' class='toggle_wrap  active_tc av-title-above' style='display:block;' ><div class='toggle_content invers-color ' ><ul class=\"customlist1\">\n<li>Combinaisons illimit\u00e9es<\/li>\n<li>Peut \u00eatre int\u00e9gr\u00e9 dans n&rsquo;importe quel processus<\/li>\n<li>Valeurs de charge les plus \u00e9lev\u00e9es<\/li>\n<li>R\u00e9duction des heures de travail<\/li>\n<\/ul>\n<\/div><\/div><\/div><\/section>\n<section class='av_toggle_section av-ljhfsg9q-95e3e227c2e83efb255f5137db894ca8' ><div role=\"tablist\" class=\"single_toggle\" data-tags=\"{Tout} \"  ><h4 id='toggle-toggle-id-2' data-fake-id='#toggle-id-2' class='toggler  av-title-above '  role='tab' tabindex='0' aria-controls='toggle-id-2' data-slide-speed=\"200\" data-title=\"Types de produit\" data-title-open=\"\" data-aria_collapsed=\"Cliquez pour \u00e9tendre : Types de produit\" data-aria_expanded=\"Cliquez pour r\u00e9duire : Types de produit\">Types de produit<span class=\"toggle_icon\"><span class=\"vert_icon\"><\/span><span class=\"hor_icon\"><\/span><\/span><\/h4><div id='toggle-id-2' aria-labelledby='toggle-toggle-id-2' role='region' class='toggle_wrap  av-title-above'  ><div class='toggle_content invers-color ' ><ul class=\"customlist2\">\n<li><a href=\"https:\/\/fileserver.mates.it\/Prodotti\/6_Inserti\/Brochure\/Prodotti\/M1_SERIES_MALE_THREADED_STUDS.pdf\" target=\"_blank\" rel=\"noopener\">Goujons filet\u00e9s<\/a><\/li>\n<li><a href=\"https:\/\/fileserver.mates.it\/Prodotti\/6_Inserti\/Brochure\/Prodotti\/M4_SERIES_MALE_UNTHREADED_STUDS.pdf\" target=\"_blank\" rel=\"noopener\">Tige lisse<\/a><\/li>\n<li><a href=\"https:\/\/fileserver.mates.it\/Prodotti\/6_Inserti\/Brochure\/Prodotti\/M5_SERIES_MALE_UNTHREADED_NAILS.pdf\" target=\"_blank\" rel=\"noopener\">Clous<\/a><\/li>\n<\/ul>\n<\/div><\/div><\/div><\/section>\n<\/div><\/div><div  class='hr av-av_hr-91d7ccd583a503147498e120fee2ff9b hr-default  avia-builder-el-7  el_after_av_two_fifth  avia-builder-el-last '><span class='hr-inner '><span class=\"hr-inner-style\"><\/span><\/span><\/div><\/p>\n","protected":false},"excerpt":{"rendered":"<p>Gamme de goujons et de clous filet\u00e9s ou non filet\u00e9s, disponibles dans diff\u00e9rentes combinaisons de diam\u00e8tre et de longueur de goujon, de taille de plaque et de nuance d&rsquo;acier.<\/p>\n","protected":false},"author":1,"featured_media":7333,"parent":9153,"menu_order":1,"comment_status":"open","ping_status":"open","template":"","meta":{"footnotes":""},"class_list":["post-9252","page","type-page","status-publish","has-post-thumbnail","hentry"],"_links":{"self":[{"href":"https:\/\/www.mates.it\/fr\/wp-json\/wp\/v2\/pages\/9252","targetHints":{"allow":["GET"]}}],"collection":[{"href":"https:\/\/www.mates.it\/fr\/wp-json\/wp\/v2\/pages"}],"about":[{"href":"https:\/\/www.mates.it\/fr\/wp-json\/wp\/v2\/types\/page"}],"author":[{"embeddable":true,"href":"https:\/\/www.mates.it\/fr\/wp-json\/wp\/v2\/users\/1"}],"replies":[{"embeddable":true,"href":"https:\/\/www.mates.it\/fr\/wp-json\/wp\/v2\/comments?post=9252"}],"version-history":[{"count":0,"href":"https:\/\/www.mates.it\/fr\/wp-json\/wp\/v2\/pages\/9252\/revisions"}],"up":[{"embeddable":true,"href":"https:\/\/www.mates.it\/fr\/wp-json\/wp\/v2\/pages\/9153"}],"wp:featuredmedia":[{"embeddable":true,"href":"https:\/\/www.mates.it\/fr\/wp-json\/wp\/v2\/media\/7333"}],"wp:attachment":[{"href":"https:\/\/www.mates.it\/fr\/wp-json\/wp\/v2\/media?parent=9252"}],"curies":[{"name":"wp","href":"https:\/\/api.w.org\/{rel}","templated":true}]}}