{"id":9254,"date":"2015-09-16T16:26:15","date_gmt":"2015-09-16T14:26:15","guid":{"rendered":"https:\/\/www.mates.it\/prodotti\/inserti-di-fissaggio\/poppit-twindisk-f\/"},"modified":"2024-07-09T11:58:51","modified_gmt":"2024-07-09T09:58:51","slug":"poppit-twindisk-f","status":"publish","type":"page","link":"https:\/\/www.mates.it\/fr\/produits\/inserts\/poppit-twindisk-f\/","title":{"rendered":"TwinDisk\u00ae"},"content":{"rendered":"\n<style type=\"text\/css\" data-created_by=\"avia_inline_auto\" id=\"style-css-av-av_image-466cd224b3c4afce783fc28170a20cca\">\n.avia-image-container.av-av_image-466cd224b3c4afce783fc28170a20cca img.avia_image{\nbox-shadow:none;\n}\n.avia-image-container.av-av_image-466cd224b3c4afce783fc28170a20cca .av-image-caption-overlay-center{\ncolor:#ffffff;\n}\n<\/style>\n<div  class='avia-image-container av-av_image-466cd224b3c4afce783fc28170a20cca av-styling- avia-align-center  avia-builder-el-0  el_before_av_hr  avia-builder-el-first '  ><div class=\"avia-image-container-inner\"><div class=\"avia-image-overlay-wrap\"><img decoding=\"async\" fetchpriority=\"high\" class=\"wp-image- avia-img-lazy-loading-not- avia_image \" src=\"https:\/\/www.mates.it\/wp-content\/uploads\/2016\/06\/Poppit-TwinDisk.jpg\" alt=\"\" title=\"\"><\/div><\/div><\/div>\n<div  class='hr av-av_hr-91d7ccd583a503147498e120fee2ff9b hr-default  avia-builder-el-1  el_after_av_image  el_before_av_three_fifth '><span class='hr-inner '><span class=\"hr-inner-style\"><\/span><\/span><\/div>\n<div  class='flex_column av-av_three_fifth-7714eba142aeda1f8b5272a3c372b279 av_three_fifth  avia-builder-el-2  el_after_av_hr  el_before_av_two_fifth  first flex_column_div  '     ><p>\n<style type=\"text\/css\" data-created_by=\"avia_inline_auto\" id=\"style-css-av-lye8nmyi-d3fc472a6026de31f915a1ab6bef4725\">\n#top .av-special-heading.av-lye8nmyi-d3fc472a6026de31f915a1ab6bef4725{\npadding-bottom:10px;\n}\nbody .av-special-heading.av-lye8nmyi-d3fc472a6026de31f915a1ab6bef4725 .av-special-heading-tag .heading-char{\nfont-size:25px;\n}\n.av-special-heading.av-lye8nmyi-d3fc472a6026de31f915a1ab6bef4725 .av-subheading{\nfont-size:15px;\n}\n<\/style>\n<div  class='av-special-heading av-lye8nmyi-d3fc472a6026de31f915a1ab6bef4725 av-special-heading-h1  avia-builder-el-3  el_before_av_textblock  avia-builder-el-first  custom-h1-title'><h1 class='av-special-heading-tag '  >TwinDisk\u00ae<\/h1><div class=\"special-heading-border\"><div class=\"special-heading-inner-border\"><\/div><\/div><\/div><br \/>\n<section  class='av_textblock_section av-ljhiy742-9b64418bfa1ab70a35ab2ac56a21b0b8 '  ><div class='avia_textblock' ><p>Les TwinDisk\u00ae sont des fixations sp\u00e9cifiques pour les panneaux composites \u00e0 structure sandwich, constitu\u00e9es de deux disques soud\u00e9s aux deux extr\u00e9mit\u00e9s d&rsquo;un collier en acier inoxydable \u00e0 filetage interne. Ils sont install\u00e9s en cr\u00e9ant un trou \u00e0 travers la peau sup\u00e9rieure du panneau, suffisamment large pour accepter le diam\u00e8tre de 30 mm du disque inf\u00e9rieur, incorporant le disque sup\u00e9rieur de 40 mm sp\u00e9cialement adapt\u00e9. Cela permet une adh\u00e9rence maximale sur les deux peaux composites, une meilleure adh\u00e9rence \u00e0 la surface ainsi qu&rsquo;une r\u00e9partition plus uniforme des charges de cisaillement et de traction appliqu\u00e9es.<\/p>\n<\/div><\/section><\/p><\/div><div  class='flex_column av-av_two_fifth-f1c518e9ff58e869f80c8f093487abc9 av_two_fifth  avia-builder-el-5  el_after_av_three_fifth  el_before_av_hr  flex_column_div  '     ><style type=\"text\/css\" data-created_by=\"avia_inline_auto\" id=\"style-css-av-ljhiyws5-a985e5d4b4120c302cda88de5ff5009d\">\n#top .togglecontainer.av-ljhiyws5-a985e5d4b4120c302cda88de5ff5009d h4.toggler{\nfont-size:14px;\n}\n#top .togglecontainer.av-ljhiyws5-a985e5d4b4120c302cda88de5ff5009d h4.toggler.activeTitle{\ncolor:#ffffff;\nborder-color:#ffffff;\nbackground-color:#2682d3;\n}\n<\/style>\n<div  class='togglecontainer av-ljhiyws5-a985e5d4b4120c302cda88de5ff5009d  avia-builder-el-6  avia-builder-el-no-sibling  accordion_product toggle_close_all hasCurrentStyle' >\n<section class='av_toggle_section av-ljhiyqss-65be7895becfa1f84969660c172fbd66' ><div role=\"tablist\" class=\"single_toggle\" data-tags=\"{Tout} \"  ><h4 id='toggle-toggle-id-1' data-fake-id='#toggle-id-1' class='toggler  activeTitle av-title-above '  role='tab' tabindex='0' aria-controls='toggle-id-1' data-slide-speed=\"200\" data-title=\"Avantages\" data-title-open=\"\" data-aria_collapsed=\"Cliquez pour \u00e9tendre : Avantages\" data-aria_expanded=\"Cliquez pour r\u00e9duire : Avantages\">Avantages<span class=\"toggle_icon\"><span class=\"vert_icon\"><\/span><span class=\"hor_icon\"><\/span><\/span><\/h4><div id='toggle-id-1' aria-labelledby='toggle-toggle-id-1' role='region' class='toggle_wrap  active_tc av-title-above' style='display:block;' ><div class='toggle_content invers-color ' ><ul class=\"customlist1\">\n<li>Combinaisons illimit\u00e9es<\/li>\n<li>Peut \u00eatre int\u00e9gr\u00e9 dans n&rsquo;importe quel processus<\/li>\n<li>Valeurs de charge les plus \u00e9lev\u00e9es<\/li>\n<li>R\u00e9duction des heures de travail<\/li>\n<\/ul>\n<\/div><\/div><\/div><\/section>\n<section class='av_toggle_section av-ljhiyvyf-edb784de7085ecc072221852a4687d71' ><div role=\"tablist\" class=\"single_toggle\" data-tags=\"{Tout} \"  ><h4 id='toggle-toggle-id-2' data-fake-id='#toggle-id-2' class='toggler  av-title-above '  role='tab' tabindex='0' aria-controls='toggle-id-2' data-slide-speed=\"200\" data-title=\"Types des produit\" data-title-open=\"\" data-aria_collapsed=\"Cliquez pour \u00e9tendre : Types des produit\" data-aria_expanded=\"Cliquez pour r\u00e9duire : Types des produit\">Types des produit<span class=\"toggle_icon\"><span class=\"vert_icon\"><\/span><span class=\"hor_icon\"><\/span><\/span><\/h4><div id='toggle-id-2' aria-labelledby='toggle-toggle-id-2' role='region' class='toggle_wrap  av-title-above'  ><div class='toggle_content invers-color ' ><ul class=\"customlist2\">\n<li><a href=\"https:\/\/fileserver.mates.it\/Prodotti\/6_Inserti\/Brochure\/Prodotti\/Twindisk.pdf\" target=\"_blank\" rel=\"noopener\">TwinDisk\u00ae<\/a><\/li>\n<\/ul>\n<\/div><\/div><\/div><\/section>\n<\/div><\/div><div  class='hr av-av_hr-91d7ccd583a503147498e120fee2ff9b hr-default  avia-builder-el-7  el_after_av_two_fifth  avia-builder-el-last '><span class='hr-inner '><span class=\"hr-inner-style\"><\/span><\/span><\/div><\/p>\n","protected":false},"excerpt":{"rendered":"<p>Sp\u00e9cialement con\u00e7u pour la fixation sur des panneaux composites \u00e0 structure alv\u00e9olaire, TwinDisks\u00ae est constitu\u00e9 de deux disques soud\u00e9s aux deux extr\u00e9mit\u00e9s d&rsquo;un collier en acier inoxydable.<\/p>\n","protected":false},"author":1,"featured_media":7337,"parent":9153,"menu_order":4,"comment_status":"open","ping_status":"open","template":"","meta":{"footnotes":""},"class_list":["post-9254","page","type-page","status-publish","has-post-thumbnail","hentry"],"_links":{"self":[{"href":"https:\/\/www.mates.it\/fr\/wp-json\/wp\/v2\/pages\/9254","targetHints":{"allow":["GET"]}}],"collection":[{"href":"https:\/\/www.mates.it\/fr\/wp-json\/wp\/v2\/pages"}],"about":[{"href":"https:\/\/www.mates.it\/fr\/wp-json\/wp\/v2\/types\/page"}],"author":[{"embeddable":true,"href":"https:\/\/www.mates.it\/fr\/wp-json\/wp\/v2\/users\/1"}],"replies":[{"embeddable":true,"href":"https:\/\/www.mates.it\/fr\/wp-json\/wp\/v2\/comments?post=9254"}],"version-history":[{"count":0,"href":"https:\/\/www.mates.it\/fr\/wp-json\/wp\/v2\/pages\/9254\/revisions"}],"up":[{"embeddable":true,"href":"https:\/\/www.mates.it\/fr\/wp-json\/wp\/v2\/pages\/9153"}],"wp:featuredmedia":[{"embeddable":true,"href":"https:\/\/www.mates.it\/fr\/wp-json\/wp\/v2\/media\/7337"}],"wp:attachment":[{"href":"https:\/\/www.mates.it\/fr\/wp-json\/wp\/v2\/media?parent=9254"}],"curies":[{"name":"wp","href":"https:\/\/api.w.org\/{rel}","templated":true}]}}