{"id":9256,"date":"2015-09-16T16:26:14","date_gmt":"2015-09-16T14:26:14","guid":{"rendered":"https:\/\/www.mates.it\/prodotti\/inserti-di-fissaggio\/boucle-crochet\/"},"modified":"2023-10-14T14:49:26","modified_gmt":"2023-10-14T12:49:26","slug":"porte-cables-boucles","status":"publish","type":"page","link":"https:\/\/www.mates.it\/fr\/produits\/inserts\/porte-cables-boucles\/","title":{"rendered":"Porte-c\u00e2bles \/ Boucles"},"content":{"rendered":"<\/p>\n\n<style type=\"text\/css\" data-created_by=\"avia_inline_auto\" id=\"style-css-av-av_image-c48e74ff6a74b14a8d86a117920aa830\">\n.avia-image-container.av-av_image-c48e74ff6a74b14a8d86a117920aa830 img.avia_image{\nbox-shadow:none;\n}\n.avia-image-container.av-av_image-c48e74ff6a74b14a8d86a117920aa830 .av-image-caption-overlay-center{\ncolor:#ffffff;\n}\n<\/style>\n<div  class='avia-image-container av-av_image-c48e74ff6a74b14a8d86a117920aa830 av-styling- avia-align-center  avia-builder-el-0  el_before_av_hr  avia-builder-el-first '  ><div class=\"avia-image-container-inner\"><div class=\"avia-image-overlay-wrap\"><img decoding=\"async\" fetchpriority=\"high\" class=\"wp-image- avia-img-lazy-loading-not- avia_image \" src=\"https:\/\/www.mates.it\/wp-content\/uploads\/2016\/06\/Dadi-Collari.jpg\" alt=\"\" title=\"\"><\/div><\/div><\/div>\n<div  class='hr av-av_hr-91d7ccd583a503147498e120fee2ff9b hr-default  avia-builder-el-1  el_after_av_image  el_before_av_three_fifth '><span class='hr-inner '><span class=\"hr-inner-style\"><\/span><\/span><\/div>\n<div  class='flex_column av-av_three_fifth-7714eba142aeda1f8b5272a3c372b279 av_three_fifth  avia-builder-el-2  el_after_av_hr  el_before_av_two_fifth  first flex_column_div  '     ><p>\n<style type=\"text\/css\" data-created_by=\"avia_inline_auto\" id=\"style-css-av-ljhi98pj-99ed8259dbe91fc19a715d537b0d3161\">\n#top .av-special-heading.av-ljhi98pj-99ed8259dbe91fc19a715d537b0d3161{\npadding-bottom:10px;\n}\nbody .av-special-heading.av-ljhi98pj-99ed8259dbe91fc19a715d537b0d3161 .av-special-heading-tag .heading-char{\nfont-size:25px;\n}\n.av-special-heading.av-ljhi98pj-99ed8259dbe91fc19a715d537b0d3161 .av-subheading{\nfont-size:15px;\n}\n<\/style>\n<div  class='av-special-heading av-ljhi98pj-99ed8259dbe91fc19a715d537b0d3161 av-special-heading-h1  avia-builder-el-3  el_before_av_textblock  avia-builder-el-first  custom-h1-title'><h1 class='av-special-heading-tag '  >Porte-c\u00e2bles \/ Boucles<\/h1><div class=\"special-heading-border\"><div class=\"special-heading-inner-border\"><\/div><\/div><\/div><br \/>\n<section  class='av_textblock_section av-ljhi6rx7-e19d46d23d4fde585f8b43c054f2f7d7 '  ><div class='avia_textblock' ><p>Les porte-c\u00e2bles \/ boucles sont disponibles en diff\u00e9rentes combinaisons, qui varient en fonction de l&rsquo;\u00e9paisseur et de l&rsquo;inclinaison de l&rsquo;\u0153illet, du diam\u00e8tre et de la longueur du passage, ainsi que de la taille de la plaque et du type d&rsquo;acier (doux &#8211; MS ou inoxydable &#8211; SS). Les fixations assurent une liaison solide entre les diff\u00e9rents \u00e9l\u00e9ments qui composent une structure unique ; elles sont en mesure de garantir la transmission de la charge entre les diff\u00e9rents composants gr\u00e2ce \u00e0 leur incorporation par moulage complet, puis \u00e0 leur liaison par l&rsquo;utilisation d&rsquo;adh\u00e9sifs structurels ou par thermoformage int\u00e9gr\u00e9. Les inserts bigHead\u00ae peuvent \u00eatre soud\u00e9s \u00e0 des surfaces de multiples fa\u00e7ons, ce qui les rend polyvalents et capables de r\u00e9pondre \u00e0 n&rsquo;importe quelle exigence. Ils peuvent \u00eatre coll\u00e9s au composant ou directement int\u00e9gr\u00e9s au processus de production.<\/p>\n<\/div><\/section><\/p><\/div><div  class='flex_column av-av_two_fifth-f1c518e9ff58e869f80c8f093487abc9 av_two_fifth  avia-builder-el-5  el_after_av_three_fifth  el_before_av_hr  flex_column_div  '     ><style type=\"text\/css\" data-created_by=\"avia_inline_auto\" id=\"style-css-av-ljhi8u8q-893b26fd4a402bdf4ac0570d4dee3e9b\">\n#top .togglecontainer.av-ljhi8u8q-893b26fd4a402bdf4ac0570d4dee3e9b h4.toggler{\nfont-size:14px;\n}\n#top .togglecontainer.av-ljhi8u8q-893b26fd4a402bdf4ac0570d4dee3e9b h4.toggler.activeTitle{\ncolor:#ffffff;\nborder-color:#ffffff;\nbackground-color:#2682d3;\n}\n<\/style>\n<div  class='togglecontainer av-ljhi8u8q-893b26fd4a402bdf4ac0570d4dee3e9b  avia-builder-el-6  avia-builder-el-no-sibling  accordion_product toggle_close_all hasCurrentStyle' >\n<section class='av_toggle_section av-ljhi74kq-165666d5db756bbc620696d072f29eb6' ><div role=\"tablist\" class=\"single_toggle\" data-tags=\"{Tout} \"  ><h4 id='toggle-toggle-id-1' data-fake-id='#toggle-id-1' class='toggler  activeTitle av-title-above '  role='tab' tabindex='0' aria-controls='toggle-id-1' data-slide-speed=\"200\" data-title=\"Avantages\" data-title-open=\"\" data-aria_collapsed=\"Cliquez pour \u00e9tendre : Avantages\" data-aria_expanded=\"Cliquez pour r\u00e9duire : Avantages\">Avantages<span class=\"toggle_icon\"><span class=\"vert_icon\"><\/span><span class=\"hor_icon\"><\/span><\/span><\/h4><div id='toggle-id-1' aria-labelledby='toggle-toggle-id-1' role='region' class='toggle_wrap  active_tc av-title-above' style='display:block;' ><div class='toggle_content invers-color ' ><ul class=\"customlist1\">\n<li>Combinaisons illimit\u00e9es<\/li>\n<li>Peut \u00eatre int\u00e9gr\u00e9 dans n&rsquo;importe quel processus<\/li>\n<li>Valeurs de charge les plus \u00e9lev\u00e9es<\/li>\n<li>R\u00e9duction des heures de travail<\/li>\n<\/ul>\n<\/div><\/div><\/div><\/section>\n<section class='av_toggle_section av-ljhi84m2-90ff481b810607ef43990a6cd072fcf8' ><div role=\"tablist\" class=\"single_toggle\" data-tags=\"{Tout} \"  ><h4 id='toggle-toggle-id-2' data-fake-id='#toggle-id-2' class='toggler  av-title-above '  role='tab' tabindex='0' aria-controls='toggle-id-2' data-slide-speed=\"200\" data-title=\"Types de produit\" data-title-open=\"\" data-aria_collapsed=\"Cliquez pour \u00e9tendre : Types de produit\" data-aria_expanded=\"Cliquez pour r\u00e9duire : Types de produit\">Types de produit<span class=\"toggle_icon\"><span class=\"vert_icon\"><\/span><span class=\"hor_icon\"><\/span><\/span><\/h4><div id='toggle-id-2' aria-labelledby='toggle-toggle-id-2' role='region' class='toggle_wrap  av-title-above'  ><div class='toggle_content invers-color ' ><ul class=\"customlist2\">\n<li><a href=\"https:\/\/fileserver.mates.it\/Prodotti\/6_Inserti\/Brochure\/Prodotti\/M6_7_8_SERIES_HOOKS_LOOPS.pdf\" target=\"_blank\" rel=\"noopener noreferrer\">Boucles<\/a><\/li>\n<li><a href=\"https:\/\/fileserver.mates.it\/Prodotti\/6_Inserti\/Brochure\/Prodotti\/CABLE_TYRAPS.pdf\" target=\"_blank\" rel=\"noopener noreferrer\">C\u00e2ble Tyrap acier<\/a><\/li>\n<li><a href=\"https:\/\/fileserver.mates.it\/Prodotti\/6_Inserti\/TDS\/CABLE_TIE_SADDLE.pdf\" target=\"_blank\" rel=\"noopener\">Cable-tie \u00ae &#8211; ABS<\/a><\/li>\n<li><a href=\"https:\/\/fileserver.mates.it\/Prodotti\/6_Inserti\/TDS\/CABLE_TIE_SADDLE_M.pdf\" target=\"_blank\" rel=\"noopener\">Cable-tie M \u00ae &#8211; ABS<\/a><\/li>\n<\/ul>\n<\/div><\/div><\/div><\/section>\n<\/div><\/div><div  class='hr av-av_hr-91d7ccd583a503147498e120fee2ff9b hr-default  avia-builder-el-7  el_after_av_two_fifth  avia-builder-el-last '><span class='hr-inner '><span class=\"hr-inner-style\"><\/span><\/span><\/div><\/p>\n","protected":false},"excerpt":{"rendered":"<p>Les porte-c\u00e2bles \/ boucles sont disponibles dans diff\u00e9rentes combinaisons, en fonction de l&rsquo;\u00e9paisseur et de l&rsquo;inclinaison de l&rsquo;\u0153illet, du diam\u00e8tre et de la longueur du passage et du type d&rsquo;acier.<\/p>\n","protected":false},"author":1,"featured_media":8029,"parent":9153,"menu_order":3,"comment_status":"open","ping_status":"open","template":"","meta":{"footnotes":""},"class_list":["post-9256","page","type-page","status-publish","has-post-thumbnail","hentry"],"_links":{"self":[{"href":"https:\/\/www.mates.it\/fr\/wp-json\/wp\/v2\/pages\/9256","targetHints":{"allow":["GET"]}}],"collection":[{"href":"https:\/\/www.mates.it\/fr\/wp-json\/wp\/v2\/pages"}],"about":[{"href":"https:\/\/www.mates.it\/fr\/wp-json\/wp\/v2\/types\/page"}],"author":[{"embeddable":true,"href":"https:\/\/www.mates.it\/fr\/wp-json\/wp\/v2\/users\/1"}],"replies":[{"embeddable":true,"href":"https:\/\/www.mates.it\/fr\/wp-json\/wp\/v2\/comments?post=9256"}],"version-history":[{"count":0,"href":"https:\/\/www.mates.it\/fr\/wp-json\/wp\/v2\/pages\/9256\/revisions"}],"up":[{"embeddable":true,"href":"https:\/\/www.mates.it\/fr\/wp-json\/wp\/v2\/pages\/9153"}],"wp:featuredmedia":[{"embeddable":true,"href":"https:\/\/www.mates.it\/fr\/wp-json\/wp\/v2\/media\/8029"}],"wp:attachment":[{"href":"https:\/\/www.mates.it\/fr\/wp-json\/wp\/v2\/media?parent=9256"}],"curies":[{"name":"wp","href":"https:\/\/api.w.org\/{rel}","templated":true}]}}