{"id":9260,"date":"2015-09-16T16:26:24","date_gmt":"2015-09-16T14:26:24","guid":{"rendered":"https:\/\/www.mates.it\/prodotti\/inserti-di-fissaggio\/produits-speciaux\/"},"modified":"2023-06-29T21:25:20","modified_gmt":"2023-06-29T19:25:20","slug":"produits-speciaux","status":"publish","type":"page","link":"https:\/\/www.mates.it\/fr\/produits\/inserts\/produits-speciaux\/","title":{"rendered":"Produits sp\u00e9ciaux"},"content":{"rendered":"\n<style type=\"text\/css\" data-created_by=\"avia_inline_auto\" id=\"style-css-av-av_image-93869d6d6f16b5e513ed55d10dbc15a9\">\n.avia-image-container.av-av_image-93869d6d6f16b5e513ed55d10dbc15a9 img.avia_image{\nbox-shadow:none;\n}\n.avia-image-container.av-av_image-93869d6d6f16b5e513ed55d10dbc15a9 .av-image-caption-overlay-center{\ncolor:#ffffff;\n}\n<\/style>\n<div  class='avia-image-container av-av_image-93869d6d6f16b5e513ed55d10dbc15a9 av-styling- avia-align-center  avia-builder-el-0  el_before_av_hr  avia-builder-el-first '  ><div class=\"avia-image-container-inner\"><div class=\"avia-image-overlay-wrap\"><img decoding=\"async\" fetchpriority=\"high\" class=\"wp-image- avia-img-lazy-loading-not- avia_image \" src=\"https:\/\/www.mates.it\/wp-content\/uploads\/2016\/06\/Prodotti-speciali.jpg\" alt=\"\" title=\"\"><\/div><\/div><\/div>\n<div  class='hr av-av_hr-91d7ccd583a503147498e120fee2ff9b hr-default  avia-builder-el-1  el_after_av_image  el_before_av_three_fifth '><span class='hr-inner '><span class=\"hr-inner-style\"><\/span><\/span><\/div>\n<div  class='flex_column av-av_three_fifth-7714eba142aeda1f8b5272a3c372b279 av_three_fifth  avia-builder-el-2  el_after_av_hr  el_before_av_two_fifth  first flex_column_div  '     ><p>\n<style type=\"text\/css\" data-created_by=\"avia_inline_auto\" id=\"style-css-av-ljhjc0jz-e165be424acef9e9ae42cebf0acfbad5\">\n#top .av-special-heading.av-ljhjc0jz-e165be424acef9e9ae42cebf0acfbad5{\npadding-bottom:10px;\n}\nbody .av-special-heading.av-ljhjc0jz-e165be424acef9e9ae42cebf0acfbad5 .av-special-heading-tag .heading-char{\nfont-size:25px;\n}\n.av-special-heading.av-ljhjc0jz-e165be424acef9e9ae42cebf0acfbad5 .av-subheading{\nfont-size:15px;\n}\n<\/style>\n<div  class='av-special-heading av-ljhjc0jz-e165be424acef9e9ae42cebf0acfbad5 av-special-heading-h1  avia-builder-el-3  el_before_av_textblock  avia-builder-el-first  custom-h1-title'><h1 class='av-special-heading-tag '  >Produits sp\u00e9ciaux<\/h1><div class=\"special-heading-border\"><div class=\"special-heading-inner-border\"><\/div><\/div><\/div><br \/>\n<section  class='av_textblock_section av-ljhjatlu-a504f63bacd32e7671a59d4325086af4 '  ><div class='avia_textblock' ><p>Cr\u00e9er la meilleure solution pour chaque d\u00e9fi de conception avec la certitude que la fixation ne sera pas un probl\u00e8me. Lorsque l&rsquo;on travaille avec de nouveaux mat\u00e9riaux composites, chaque d\u00e9tail doit \u00eatre le meilleur, tant sur le plan structurel qu&rsquo;esth\u00e9tique. C&rsquo;est l\u00e0 que les produits sp\u00e9ciaux, cr\u00e9\u00e9s par bigHead\u00ae selon les sp\u00e9cifications uniques du client, entrent en jeu lorsque vous repoussez les limites du possible. \u00c0 ce jour, plus de 80 000 produits sp\u00e9ciaux ont \u00e9t\u00e9 fabriqu\u00e9s pour des clients. En concevant et en produisant tout en un seul endroit, il est possible d&rsquo;avoir un contr\u00f4le total sur l&rsquo;ensemble de la ligne, avec un d\u00e9lai d&rsquo;ex\u00e9cution tr\u00e8s rapide et la possibilit\u00e9 de g\u00e9n\u00e9rer des dessins et des prototypes. La quantit\u00e9 minimale de commande pour la plupart des produits sp\u00e9ciaux bigHead\u00ae est tr\u00e8s faible, puisqu&rsquo;elle n&rsquo;est que de 500 pi\u00e8ces.<\/p>\n<\/div><\/section><\/p><\/div><div  class='flex_column av-av_two_fifth-f1c518e9ff58e869f80c8f093487abc9 av_two_fifth  avia-builder-el-5  el_after_av_three_fifth  el_before_av_hr  flex_column_div  '     ><style type=\"text\/css\" data-created_by=\"avia_inline_auto\" id=\"style-css-av-ljhjbvs9-60c9ef2d7afe5593edd438a249f24c62\">\n#top .togglecontainer.av-ljhjbvs9-60c9ef2d7afe5593edd438a249f24c62 h4.toggler{\nfont-size:14px;\n}\n#top .togglecontainer.av-ljhjbvs9-60c9ef2d7afe5593edd438a249f24c62 h4.toggler.activeTitle{\ncolor:#ffffff;\nborder-color:#ffffff;\nbackground-color:#2682d3;\n}\n<\/style>\n<div  class='togglecontainer av-ljhjbvs9-60c9ef2d7afe5593edd438a249f24c62  avia-builder-el-6  avia-builder-el-no-sibling  accordion_product toggle_close_all hasCurrentStyle' >\n<section class='av_toggle_section av-ljhjba32-37069d737aa54b7f091a50ae7cac0065' ><div role=\"tablist\" class=\"single_toggle\" data-tags=\"{Tout} \"  ><h4 id='toggle-toggle-id-1' data-fake-id='#toggle-id-1' class='toggler  activeTitle av-title-above '  role='tab' tabindex='0' aria-controls='toggle-id-1' data-slide-speed=\"200\" data-title=\"Avantages\" data-title-open=\"\" data-aria_collapsed=\"Cliquez pour \u00e9tendre : Avantages\" data-aria_expanded=\"Cliquez pour r\u00e9duire : Avantages\">Avantages<span class=\"toggle_icon\"><span class=\"vert_icon\"><\/span><span class=\"hor_icon\"><\/span><\/span><\/h4><div id='toggle-id-1' aria-labelledby='toggle-toggle-id-1' role='region' class='toggle_wrap  active_tc av-title-above' style='display:block;' ><div class='toggle_content invers-color ' ><ul class=\"customlist1\">\n<li>Combinaisons illimit\u00e9es<\/li>\n<li>Peut \u00eatre int\u00e9gr\u00e9 dans n&rsquo;importe quel processus<\/li>\n<li>Valeurs de charge les plus \u00e9lev\u00e9es<\/li>\n<li>R\u00e9duction des heures de travail<\/li>\n<\/ul>\n<\/div><\/div><\/div><\/section>\n<section class='av_toggle_section av-ljhjbudt-3dc77fc59e12747449b4f0c97864a4c5' ><div role=\"tablist\" class=\"single_toggle\" data-tags=\"{Tout} \"  ><h4 id='toggle-toggle-id-2' data-fake-id='#toggle-id-2' class='toggler  av-title-above '  role='tab' tabindex='0' aria-controls='toggle-id-2' data-slide-speed=\"200\" data-title=\"Types de produit\" data-title-open=\"\" data-aria_collapsed=\"Cliquez pour \u00e9tendre : Types de produit\" data-aria_expanded=\"Cliquez pour r\u00e9duire : Types de produit\">Types de produit<span class=\"toggle_icon\"><span class=\"vert_icon\"><\/span><span class=\"hor_icon\"><\/span><\/span><\/h4><div id='toggle-id-2' aria-labelledby='toggle-toggle-id-2' role='region' class='toggle_wrap  av-title-above'  ><div class='toggle_content invers-color ' ><ul class=\"customlist2\">\n<li><a href=\"https:\/\/fileserver.mates.it\/Prodotti\/6_Inserti\/Brochure\/special_bighead_eng.pdf\" target=\"_blank\" rel=\"noopener\">Inserts sp\u00e9ciaux<\/a><\/li>\n<li><a href=\"https:\/\/fileserver.mates.it\/Prodotti\/6_Inserti\/Brochure\/Prodotti\/Accessories.pdf\" target=\"_blank\" rel=\"noopener\">Accessoires<\/a><\/li>\n<\/ul>\n<\/div><\/div><\/div><\/section>\n<\/div><\/div><div  class='hr av-av_hr-91d7ccd583a503147498e120fee2ff9b hr-default  avia-builder-el-7  el_after_av_two_fifth  avia-builder-el-last '><span class='hr-inner '><span class=\"hr-inner-style\"><\/span><\/span><\/div><\/p>\n","protected":false},"excerpt":{"rendered":"<p>Cr\u00e9ez la meilleure solution pour chaque d\u00e9fi avec la certitude que la fixation ne sera pas un probl\u00e8me. Lorsque l&rsquo;on travaille avec de nouveaux mat\u00e9riaux composites, chaque d\u00e9tail doit \u00eatre le meilleur.<\/p>\n","protected":false},"author":1,"featured_media":7325,"parent":9153,"menu_order":5,"comment_status":"open","ping_status":"open","template":"","meta":{"footnotes":""},"class_list":["post-9260","page","type-page","status-publish","has-post-thumbnail","hentry"],"_links":{"self":[{"href":"https:\/\/www.mates.it\/fr\/wp-json\/wp\/v2\/pages\/9260","targetHints":{"allow":["GET"]}}],"collection":[{"href":"https:\/\/www.mates.it\/fr\/wp-json\/wp\/v2\/pages"}],"about":[{"href":"https:\/\/www.mates.it\/fr\/wp-json\/wp\/v2\/types\/page"}],"author":[{"embeddable":true,"href":"https:\/\/www.mates.it\/fr\/wp-json\/wp\/v2\/users\/1"}],"replies":[{"embeddable":true,"href":"https:\/\/www.mates.it\/fr\/wp-json\/wp\/v2\/comments?post=9260"}],"version-history":[{"count":0,"href":"https:\/\/www.mates.it\/fr\/wp-json\/wp\/v2\/pages\/9260\/revisions"}],"up":[{"embeddable":true,"href":"https:\/\/www.mates.it\/fr\/wp-json\/wp\/v2\/pages\/9153"}],"wp:featuredmedia":[{"embeddable":true,"href":"https:\/\/www.mates.it\/fr\/wp-json\/wp\/v2\/media\/7325"}],"wp:attachment":[{"href":"https:\/\/www.mates.it\/fr\/wp-json\/wp\/v2\/media?parent=9260"}],"curies":[{"name":"wp","href":"https:\/\/api.w.org\/{rel}","templated":true}]}}