{"id":9262,"date":"2015-09-16T16:26:23","date_gmt":"2015-09-16T14:26:23","guid":{"rendered":"https:\/\/www.mates.it\/prodotti\/strumenti-attrezzature\/mesure-controle\/"},"modified":"2023-10-03T23:37:33","modified_gmt":"2023-10-03T21:37:33","slug":"mesure-controle","status":"publish","type":"page","link":"https:\/\/www.mates.it\/fr\/produits\/outillage-accessoires\/mesure-controle\/","title":{"rendered":"Mesure \/ Contr\u00f4le"},"content":{"rendered":"\n<style type=\"text\/css\" data-created_by=\"avia_inline_auto\" id=\"style-css-av-av_image-365c6b6350967d80fa09f7a0b6c039e8\">\n.avia-image-container.av-av_image-365c6b6350967d80fa09f7a0b6c039e8 img.avia_image{\nbox-shadow:none;\n}\n.avia-image-container.av-av_image-365c6b6350967d80fa09f7a0b6c039e8 .av-image-caption-overlay-center{\ncolor:#ffffff;\n}\n<\/style>\n<div  class='avia-image-container av-av_image-365c6b6350967d80fa09f7a0b6c039e8 av-styling- avia-align-center  avia-builder-el-0  el_before_av_hr  avia-builder-el-first '  ><div class=\"avia-image-container-inner\"><div class=\"avia-image-overlay-wrap\"><img decoding=\"async\" fetchpriority=\"high\" class=\"wp-image- avia-img-lazy-loading-not- avia_image \" src=\"https:\/\/www.mates.it\/wp-content\/uploads\/2016\/06\/Misura-Controllo.jpg\" alt=\"\" title=\"\"><\/div><\/div><\/div>\n<div  class='hr av-av_hr-91d7ccd583a503147498e120fee2ff9b hr-default  avia-builder-el-1  el_after_av_image  el_before_av_three_fifth '><span class='hr-inner '><span class=\"hr-inner-style\"><\/span><\/span><\/div>\n<div  class='flex_column av-av_three_fifth-7714eba142aeda1f8b5272a3c372b279 av_three_fifth  avia-builder-el-2  el_after_av_hr  el_before_av_two_fifth  first flex_column_div  '     ><p>\n<style type=\"text\/css\" data-created_by=\"avia_inline_auto\" id=\"style-css-av-ljhlcyhb-9854542f8b1e524b53bb8842bf812fae\">\n#top .av-special-heading.av-ljhlcyhb-9854542f8b1e524b53bb8842bf812fae{\npadding-bottom:10px;\n}\nbody .av-special-heading.av-ljhlcyhb-9854542f8b1e524b53bb8842bf812fae .av-special-heading-tag .heading-char{\nfont-size:25px;\n}\n.av-special-heading.av-ljhlcyhb-9854542f8b1e524b53bb8842bf812fae .av-subheading{\nfont-size:15px;\n}\n<\/style>\n<div  class='av-special-heading av-ljhlcyhb-9854542f8b1e524b53bb8842bf812fae av-special-heading-h1  avia-builder-el-3  el_before_av_textblock  avia-builder-el-first  custom-h1-title'><h1 class='av-special-heading-tag '  >Mesure \/ Contr\u00f4le<\/h1><div class=\"special-heading-border\"><div class=\"special-heading-inner-border\"><\/div><\/div><\/div><br \/>\n<section  class='av_textblock_section av-ljhlbtxw-c56811196ba57dfbcf36d89874295c46 '  ><div class='avia_textblock' ><p>Dans une production de haute technologie, il est essentiel de surveiller de pr\u00e8s certains param\u00e8tres qui peuvent varier, du rapport de m\u00e9lange de la matrice \u00e0 la temp\u00e9rature de post-cuisson du moule. Nous avons toujours commercialis\u00e9 les meilleurs instruments de contr\u00f4le du march\u00e9, soigneusement s\u00e9lectionn\u00e9s et plac\u00e9s dans cette cat\u00e9gorie, qui est en constante expansion et \u00e9volution. Tous les produits de cette cat\u00e9gorie sont soumis \u00e0 des contr\u00f4les ponctuels p\u00e9riodiques et constants dans notre laboratoire afin de v\u00e9rifier qu&rsquo;ils sont conformes aux caract\u00e9ristiques techniques garanties par le fabricant. Ce n&rsquo;est qu&rsquo;ainsi que nous pouvons maintenir nos niveaux actuels de s\u00e9curit\u00e9 et de fiabilit\u00e9, pour le plus grand b\u00e9n\u00e9fice de l&rsquo;utilisateur final.<\/p>\n<\/div><\/section><\/p><\/div>\n<div  class='flex_column av-av_two_fifth-f1c518e9ff58e869f80c8f093487abc9 av_two_fifth  avia-builder-el-5  el_after_av_three_fifth  el_before_av_hr  flex_column_div  '     ><style type=\"text\/css\" data-created_by=\"avia_inline_auto\" id=\"style-css-av-ljhlcrip-2ab640b0491a4d41e405be501c946e53\">\n#top .togglecontainer.av-ljhlcrip-2ab640b0491a4d41e405be501c946e53 h4.toggler{\nfont-size:14px;\n}\n#top .togglecontainer.av-ljhlcrip-2ab640b0491a4d41e405be501c946e53 h4.toggler.activeTitle{\ncolor:#ffffff;\nborder-color:#ffffff;\nbackground-color:#2682d3;\n}\n<\/style>\n<div  class='togglecontainer av-ljhlcrip-2ab640b0491a4d41e405be501c946e53  avia-builder-el-6  avia-builder-el-no-sibling  accordion_product toggle_close_all hasCurrentStyle' >\n<section class='av_toggle_section av-ljhlc5lr-67cae54ec7b75f5dec85c162b648f4f2' ><div role=\"tablist\" class=\"single_toggle\" data-tags=\"{Tout} \"  ><h4 id='toggle-toggle-id-1' data-fake-id='#toggle-id-1' class='toggler  activeTitle av-title-above '  role='tab' tabindex='0' aria-controls='toggle-id-1' data-slide-speed=\"200\" data-title=\"Avantages\" data-title-open=\"\" data-aria_collapsed=\"Cliquez pour \u00e9tendre : Avantages\" data-aria_expanded=\"Cliquez pour r\u00e9duire : Avantages\">Avantages<span class=\"toggle_icon\"><span class=\"vert_icon\"><\/span><span class=\"hor_icon\"><\/span><\/span><\/h4><div id='toggle-id-1' aria-labelledby='toggle-toggle-id-1' role='region' class='toggle_wrap  active_tc av-title-above' style='display:block;' ><div class='toggle_content invers-color ' ><ul class=\"customlist1\">\n<li>Fiabilit\u00e9 maximale<\/li>\n<li>Pr\u00e9cision garantie<\/li>\n<li>Articles s\u00e9lectionn\u00e9s<\/li>\n<li>Sp\u00e9cifique \u00e0 chaque proc\u00e9d\u00e9<\/li>\n<\/ul>\n<\/div><\/div><\/div><\/section>\n<section class='av_toggle_section av-ljhlcq7x-feb03dbe7ef515bf1fefb8ff5f5e4d97' ><div role=\"tablist\" class=\"single_toggle\" data-tags=\"{Tout} \"  ><h4 id='toggle-toggle-id-2' data-fake-id='#toggle-id-2' class='toggler  av-title-above '  role='tab' tabindex='0' aria-controls='toggle-id-2' data-slide-speed=\"200\" data-title=\"Types de produit\" data-title-open=\"\" data-aria_collapsed=\"Cliquez pour \u00e9tendre : Types de produit\" data-aria_expanded=\"Cliquez pour r\u00e9duire : Types de produit\">Types de produit<span class=\"toggle_icon\"><span class=\"vert_icon\"><\/span><span class=\"hor_icon\"><\/span><\/span><\/h4><div id='toggle-id-2' aria-labelledby='toggle-toggle-id-2' role='region' class='toggle_wrap  av-title-above'  ><div class='toggle_content invers-color ' ><ul class=\"customlist2\">\n<li><a href=\"https:\/\/fileserver.mates.it\/Prodotti\/7_Attrezzature\/TDS\/Mates\/Misura_Controllo\/DN63_VUOTO_DS.pdf\" target=\"_blank\" rel=\"noopener\">Jauge \u00e0 vide DN 63<\/a><\/li>\n<li><a href=\"https:\/\/fileserver.mates.it\/Prodotti\/7_Attrezzature\/TDS\/Mates\/Misura_Controllo\/DN150_VUOTO_DS.pdf\" target=\"_blank\" rel=\"noopener\">Jauge \u00e0 vide DN 150<\/a><\/li>\n<li><a href=\"https:\/\/fileserver.mates.it\/Prodotti\/7_Attrezzature\/TDS\/DVP\/VRF-VRV.pdf\" target=\"_blank\" rel=\"noopener\">R\u00e9gulateurs de pression<\/a><\/li>\n<li>Collecteurs d&rsquo;admission<\/li>\n<li>Thermom\u00e8tres<\/li>\n<\/ul>\n<\/div><\/div><\/div><\/section>\n<\/div><\/div><div  class='hr av-av_hr-91d7ccd583a503147498e120fee2ff9b hr-default  avia-builder-el-7  el_after_av_two_fifth  avia-builder-el-last '><span class='hr-inner '><span class=\"hr-inner-style\"><\/span><\/span><\/div><\/p>\n","protected":false},"excerpt":{"rendered":"<p>Dans le cadre d&rsquo;un traitement de haute technologie, il est essentiel de surveiller de pr\u00e8s certains param\u00e8tres, qui peuvent varier du rapport de m\u00e9lange \u00e0 la temp\u00e9rature.<\/p>\n","protected":false},"author":1,"featured_media":7349,"parent":9149,"menu_order":1,"comment_status":"open","ping_status":"open","template":"","meta":{"footnotes":""},"class_list":["post-9262","page","type-page","status-publish","has-post-thumbnail","hentry"],"_links":{"self":[{"href":"https:\/\/www.mates.it\/fr\/wp-json\/wp\/v2\/pages\/9262","targetHints":{"allow":["GET"]}}],"collection":[{"href":"https:\/\/www.mates.it\/fr\/wp-json\/wp\/v2\/pages"}],"about":[{"href":"https:\/\/www.mates.it\/fr\/wp-json\/wp\/v2\/types\/page"}],"author":[{"embeddable":true,"href":"https:\/\/www.mates.it\/fr\/wp-json\/wp\/v2\/users\/1"}],"replies":[{"embeddable":true,"href":"https:\/\/www.mates.it\/fr\/wp-json\/wp\/v2\/comments?post=9262"}],"version-history":[{"count":0,"href":"https:\/\/www.mates.it\/fr\/wp-json\/wp\/v2\/pages\/9262\/revisions"}],"up":[{"embeddable":true,"href":"https:\/\/www.mates.it\/fr\/wp-json\/wp\/v2\/pages\/9149"}],"wp:featuredmedia":[{"embeddable":true,"href":"https:\/\/www.mates.it\/fr\/wp-json\/wp\/v2\/media\/7349"}],"wp:attachment":[{"href":"https:\/\/www.mates.it\/fr\/wp-json\/wp\/v2\/media?parent=9262"}],"curies":[{"name":"wp","href":"https:\/\/api.w.org\/{rel}","templated":true}]}}