{"id":9264,"date":"2015-09-16T16:26:37","date_gmt":"2015-09-16T14:26:37","guid":{"rendered":"https:\/\/www.mates.it\/prodotti\/strumenti-attrezzature\/macchinari-impianti\/autoclaves-fours\/"},"modified":"2023-07-01T14:47:26","modified_gmt":"2023-07-01T12:47:26","slug":"autoclaves-fours","status":"publish","type":"page","link":"https:\/\/www.mates.it\/fr\/produits\/outillage-accessoires\/machines-equipements\/autoclaves-fours\/","title":{"rendered":"Autoclaves \/ Fours"},"content":{"rendered":"<div  class='flex_column av-av_three_fifth-7714eba142aeda1f8b5272a3c372b279 av_three_fifth  avia-builder-el-0  el_before_av_two_fifth  avia-builder-el-first  first flex_column_div  '     ><p>\n<style type=\"text\/css\" data-created_by=\"avia_inline_auto\" id=\"style-css-av-ljk004v6-4f0706a37f083b4f5c91b7b9d949ae60\">\n#top .av-special-heading.av-ljk004v6-4f0706a37f083b4f5c91b7b9d949ae60{\npadding-bottom:10px;\n}\nbody .av-special-heading.av-ljk004v6-4f0706a37f083b4f5c91b7b9d949ae60 .av-special-heading-tag .heading-char{\nfont-size:25px;\n}\n.av-special-heading.av-ljk004v6-4f0706a37f083b4f5c91b7b9d949ae60 .av-subheading{\nfont-size:15px;\n}\n<\/style>\n<div  class='av-special-heading av-ljk004v6-4f0706a37f083b4f5c91b7b9d949ae60 av-special-heading-h1  avia-builder-el-1  el_before_av_textblock  avia-builder-el-first  custom-h1-title'><h1 class='av-special-heading-tag '  >Autoclaves \/ Fours<\/h1><div class=\"special-heading-border\"><div class=\"special-heading-inner-border\"><\/div><\/div><\/div><br \/>\n<section  class='av_textblock_section av-ljjzycuv-66e15fe2edf36567f2166ec3593685d8 '  ><div class='avia_textblock' ><p>Notre collaboration historique avec les plus importants fabricants d&rsquo;autoclaves et de fours industriels, et le volume des contrats d&rsquo;installation conclus mensuellement avec ces fabricants, nous permet d&rsquo;acc\u00e9der \u00e0 des listes de prix qu&rsquo;il est difficile d&rsquo;offrir pour des demandes standard. Les autoclaves sont un outil sp\u00e9cifique pour la polym\u00e9risation des mat\u00e9riaux thermoplastiques ; ce processus permet d&rsquo;augmenter les caract\u00e9ristiques m\u00e9caniques et la qualit\u00e9 esth\u00e9tique des composants en plastique de plus de 30-40% par rapport aux mat\u00e9riaux soumis \u00e0 des m\u00e9thodes de polym\u00e9risation traditionnelles. Gr\u00e2ce aux fours industriels, il est possible d&rsquo;effectuer correctement les cycles de post-cuisson d\u00e9finis par le fabricant de r\u00e9sine, en obtenant les meilleures caract\u00e9ristiques m\u00e9caniques et esth\u00e9tiques de chaque composant.<\/p>\n<div style=\"width: 100%;\"><\/div>\n<\/div><\/section><\/p><\/div><div  class='flex_column av-av_two_fifth-f1c518e9ff58e869f80c8f093487abc9 av_two_fifth  avia-builder-el-3  el_after_av_three_fifth  el_before_av_hr  flex_column_div  '     ><style type=\"text\/css\" data-created_by=\"avia_inline_auto\" id=\"style-css-av-ljjzznkl-1b6441a6f3e9d981e7568255ea8ff81b\">\n#top .togglecontainer.av-ljjzznkl-1b6441a6f3e9d981e7568255ea8ff81b h4.toggler{\nfont-size:14px;\n}\n#top .togglecontainer.av-ljjzznkl-1b6441a6f3e9d981e7568255ea8ff81b h4.toggler.activeTitle{\ncolor:#ffffff;\nborder-color:#ffffff;\nbackground-color:#2682d3;\n}\n<\/style>\n<div  class='togglecontainer av-ljjzznkl-1b6441a6f3e9d981e7568255ea8ff81b  avia-builder-el-4  avia-builder-el-no-sibling  accordion_product toggle_close_all hasCurrentStyle' >\n<section class='av_toggle_section av-ljjzz94h-41fdb33a4e46a50c9a7e381500058f25' ><div role=\"tablist\" class=\"single_toggle\" data-tags=\"{Tout} \"  ><h4 id='toggle-toggle-id-1' data-fake-id='#toggle-id-1' class='toggler  activeTitle av-title-above '  role='tab' tabindex='0' aria-controls='toggle-id-1' data-slide-speed=\"200\" data-title=\"Avantages\" data-title-open=\"\" data-aria_collapsed=\"Cliquez pour \u00e9tendre : Avantages\" data-aria_expanded=\"Cliquez pour r\u00e9duire : Avantages\">Avantages<span class=\"toggle_icon\"><span class=\"vert_icon\"><\/span><span class=\"hor_icon\"><\/span><\/span><\/h4><div id='toggle-id-1' aria-labelledby='toggle-toggle-id-1' role='region' class='toggle_wrap  active_tc av-title-above' style='display:block;' ><div class='toggle_content invers-color ' ><ul>\n<li>Acc\u00e8s \u00e0 des tarifs avantageux<\/li>\n<li>Garantie du produit<\/li>\n<li>Entretien programm\u00e9<\/li>\n<\/ul>\n<\/div><\/div><\/div><\/section>\n<section class='av_toggle_section av-ljjzzm4f-83765dcffd7c0d5b5b562e20a32eecc0' ><div role=\"tablist\" class=\"single_toggle\" data-tags=\"{Tout} \"  ><h4 id='toggle-toggle-id-2' data-fake-id='#toggle-id-2' class='toggler  av-title-above '  role='tab' tabindex='0' aria-controls='toggle-id-2' data-slide-speed=\"200\" data-title=\"Types de produit\" data-title-open=\"\" data-aria_collapsed=\"Cliquez pour \u00e9tendre : Types de produit\" data-aria_expanded=\"Cliquez pour r\u00e9duire : Types de produit\">Types de produit<span class=\"toggle_icon\"><span class=\"vert_icon\"><\/span><span class=\"hor_icon\"><\/span><\/span><\/h4><div id='toggle-id-2' aria-labelledby='toggle-toggle-id-2' role='region' class='toggle_wrap  av-title-above'  ><div class='toggle_content invers-color ' ><ul class=\"customlist2\">\n<li>Autoclaves<\/li>\n<li>Fours industriels<\/li>\n<\/ul>\n<\/div><\/div><\/div><\/section>\n<\/div><\/div><div  class='hr av-av_hr-91d7ccd583a503147498e120fee2ff9b hr-default  avia-builder-el-5  el_after_av_two_fifth  avia-builder-el-last '><span class='hr-inner '><span class=\"hr-inner-style\"><\/span><\/span><\/div><\/p>\n","protected":false},"excerpt":{"rendered":"<p>Notre longue collaboration avec les plus importants fabricants d&rsquo;autoclaves et de fours industriels nous permet d&rsquo;acc\u00e9der \u00e0 des listes de prix difficiles \u00e0 offrir pour des demandes standard.<\/p>\n","protected":false},"author":1,"featured_media":0,"parent":9338,"menu_order":2,"comment_status":"open","ping_status":"open","template":"","meta":{"footnotes":""},"class_list":["post-9264","page","type-page","status-publish","hentry"],"_links":{"self":[{"href":"https:\/\/www.mates.it\/fr\/wp-json\/wp\/v2\/pages\/9264","targetHints":{"allow":["GET"]}}],"collection":[{"href":"https:\/\/www.mates.it\/fr\/wp-json\/wp\/v2\/pages"}],"about":[{"href":"https:\/\/www.mates.it\/fr\/wp-json\/wp\/v2\/types\/page"}],"author":[{"embeddable":true,"href":"https:\/\/www.mates.it\/fr\/wp-json\/wp\/v2\/users\/1"}],"replies":[{"embeddable":true,"href":"https:\/\/www.mates.it\/fr\/wp-json\/wp\/v2\/comments?post=9264"}],"version-history":[{"count":0,"href":"https:\/\/www.mates.it\/fr\/wp-json\/wp\/v2\/pages\/9264\/revisions"}],"up":[{"embeddable":true,"href":"https:\/\/www.mates.it\/fr\/wp-json\/wp\/v2\/pages\/9338"}],"wp:attachment":[{"href":"https:\/\/www.mates.it\/fr\/wp-json\/wp\/v2\/media?parent=9264"}],"curies":[{"name":"wp","href":"https:\/\/api.w.org\/{rel}","templated":true}]}}