{"id":9265,"date":"2015-09-16T16:26:33","date_gmt":"2015-09-16T14:26:33","guid":{"rendered":"https:\/\/www.mates.it\/prodotti\/strumenti-attrezzature\/macchinari-impianti\/technologies-du-vide\/"},"modified":"2023-07-01T00:24:43","modified_gmt":"2023-06-30T22:24:43","slug":"technologies-du-vide","status":"publish","type":"page","link":"https:\/\/www.mates.it\/fr\/produits\/outillage-accessoires\/machines-equipements\/technologies-du-vide\/","title":{"rendered":"Technologies du vide"},"content":{"rendered":"<div  class='flex_column av-av_one_full-7714eba142aeda1f8b5272a3c372b279 av_one_full  avia-builder-el-0  el_before_av_hr  avia-builder-el-first  first flex_column_div  '     ><p>\n<style type=\"text\/css\" data-created_by=\"avia_inline_auto\" id=\"style-css-av-ljj542ci-781be9996a1c8d68c0d2ee09666b13fd\">\n#top .av-special-heading.av-ljj542ci-781be9996a1c8d68c0d2ee09666b13fd{\npadding-bottom:10px;\n}\nbody .av-special-heading.av-ljj542ci-781be9996a1c8d68c0d2ee09666b13fd .av-special-heading-tag .heading-char{\nfont-size:25px;\n}\n.av-special-heading.av-ljj542ci-781be9996a1c8d68c0d2ee09666b13fd .av-subheading{\nfont-size:15px;\n}\n<\/style>\n<div  class='av-special-heading av-ljj542ci-781be9996a1c8d68c0d2ee09666b13fd av-special-heading-h1  avia-builder-el-1  el_before_av_textblock  avia-builder-el-first  custom-h1-title'><h1 class='av-special-heading-tag '  >Technologies du vide<\/h1><div class=\"special-heading-border\"><div class=\"special-heading-inner-border\"><\/div><\/div><\/div><br \/>\n<section  class='av_textblock_section av-ljj53unw-6e6a94f900298da8ab3d1b357fdcdbf0 '  ><div class='avia_textblock' ><p>Pour obtenir des pi\u00e8ces composites \u00e0 forte charge, on adopte g\u00e9n\u00e9ralement des proc\u00e9d\u00e9s qui n\u00e9cessitent un vide constant et de longue dur\u00e9e. La pompe \u00e0 vide doit garantir un niveau de vide \u00e9lev\u00e9 afin d&rsquo;obtenir une pression superficielle correcte sur le stratifi\u00e9. C&rsquo;est pour cette raison que nous avons d\u00e9velopp\u00e9, en collaboration avec l&rsquo;entreprise leader du secteur, DVP, une s\u00e9rie de pompes con\u00e7ues pour le secteur des composites, utiles pour cr\u00e9er un circuit de vide valable, sans pertes et avec des pressions contr\u00f4l\u00e9es et constantes. En plus de la ligne de pompes \u00e0 vide, nous avons d\u00e9cid\u00e9 d&rsquo;ajouter une ligne de groupes de pompage compos\u00e9s d&rsquo;une ou plusieurs pompes \u00e0 vide lubrifi\u00e9es, \u00e9quip\u00e9es d&rsquo;un moteur \u00e9lectrique et d&rsquo;un filtre s\u00e9parateur d&rsquo;huile d&rsquo;\u00e9chappement, et d&rsquo;un r\u00e9servoir horizontal en acier soud\u00e9 et \u00e9tanche au vide, \u00e9quip\u00e9 d&rsquo;une vanne d&rsquo;\u00e9vacuation des condensats.<\/p>\n<div style=\"width: 100%;\"><\/div>\n<\/div><\/section><\/p><\/div><div  class='hr av-av_hr-91d7ccd583a503147498e120fee2ff9b hr-default  avia-builder-el-3  el_after_av_one_full  el_before_av_three_fifth '><span class='hr-inner '><span class=\"hr-inner-style\"><\/span><\/span><\/div><\/p>\n<div  class='flex_column av-av_three_fifth-7714eba142aeda1f8b5272a3c372b279 av_three_fifth  avia-builder-el-4  el_after_av_hr  el_before_av_two_fifth  first flex_column_div  '     ><section  class='av_textblock_section av-ljj54hny-7e62053b9c3c0e5fbbafe6ff4948f4f3 '  ><div class='avia_textblock' ><h6>POMPES \u00c0 VIDE<\/h6>\n<p>Les pompes \u00e0 vide de la s\u00e9rie LC-C, sp\u00e9cifiques \u00e0 la production de composites avanc\u00e9s, sont utilis\u00e9es lorsqu&rsquo;une pression finale plus \u00e9lev\u00e9e est requise et que les parties internes peuvent entrer en contact avec des vapeurs de solvants agressifs. Elles peuvent fonctionner en continu, dans certaines plages de pression, ou \u00eatre raccord\u00e9es \u00e0 des r\u00e9cipients \u00e0 \u00e9vacuer, dont le volume est proportionnel \u00e0 la capacit\u00e9 de la pompe. L&rsquo;utilisation \u00e0 long terme \u00e0 la pression atmosph\u00e9rique n&rsquo;est pas recommand\u00e9e. La lubrification permet d&rsquo;aspirer de la vapeur d&rsquo;eau ; pour \u00e9viter sa condensation, il existe un dispositif appel\u00e9 \u00ab\u00a0ballast\u00a0\u00bb, qui introduit de l&rsquo;air pendant la phase de compression et modifie la pression de saturation de la vapeur, emp\u00eachant ainsi la condensation.<\/p>\n<\/div><\/section><\/div><div  class='flex_column av-av_two_fifth-f1c518e9ff58e869f80c8f093487abc9 av_two_fifth  avia-builder-el-6  el_after_av_three_fifth  el_before_av_hr  flex_column_div  '     ><style type=\"text\/css\" data-created_by=\"avia_inline_auto\" id=\"style-css-av-ljj556ih-76ea2a131f011cc297d23c87be99c136\">\n#top .togglecontainer.av-ljj556ih-76ea2a131f011cc297d23c87be99c136 h4.toggler{\nfont-size:14px;\n}\n#top .togglecontainer.av-ljj556ih-76ea2a131f011cc297d23c87be99c136 h4.toggler.activeTitle{\ncolor:#ffffff;\nborder-color:#ffffff;\nbackground-color:#2682d3;\n}\n<\/style>\n<div  class='togglecontainer av-ljj556ih-76ea2a131f011cc297d23c87be99c136  avia-builder-el-7  avia-builder-el-no-sibling  accordion_product toggle_close_all hasCurrentStyle' >\n<section class='av_toggle_section av-ljj552iw-a6f58a9e0e0167011caa068f972065ca' ><div role=\"tablist\" class=\"single_toggle\" data-tags=\"{Tout} \"  ><h4 id='toggle-toggle-id-1' data-fake-id='#toggle-id-1' class='toggler  activeTitle av-title-above '  role='tab' tabindex='0' aria-controls='toggle-id-1' data-slide-speed=\"200\" data-title=\"Avantages\" data-title-open=\"\" data-aria_collapsed=\"Cliquez pour \u00e9tendre : Avantages\" data-aria_expanded=\"Cliquez pour r\u00e9duire : Avantages\">Avantages<span class=\"toggle_icon\"><span class=\"vert_icon\"><\/span><span class=\"hor_icon\"><\/span><\/span><\/h4><div id='toggle-id-1' aria-labelledby='toggle-toggle-id-1' role='region' class='toggle_wrap  active_tc av-title-above' style='display:block;' ><div class='toggle_content invers-color ' ><ul class=\"customlist1\">\n<li>Qualit\u00e9 sup\u00e9rieure<\/li>\n<li>Grand choix<\/li>\n<li>Compatibilit\u00e9 des produits<\/li>\n<li>Articles s\u00e9lectionn\u00e9s<\/li>\n<li>Haute technologie<\/li>\n<\/ul>\n<\/div><\/div><\/div><\/section>\n<section class='av_toggle_section av-ljj555n2-b738299c3d8948cfe9bf0b36ad981f8a' ><div role=\"tablist\" class=\"single_toggle\" data-tags=\"{Tout} \"  ><h4 id='toggle-toggle-id-2' data-fake-id='#toggle-id-2' class='toggler  av-title-above '  role='tab' tabindex='0' aria-controls='toggle-id-2' data-slide-speed=\"200\" data-title=\"Types de produit\" data-title-open=\"\" data-aria_collapsed=\"Cliquez pour \u00e9tendre : Types de produit\" data-aria_expanded=\"Cliquez pour r\u00e9duire : Types de produit\">Types de produit<span class=\"toggle_icon\"><span class=\"vert_icon\"><\/span><span class=\"hor_icon\"><\/span><\/span><\/h4><div id='toggle-id-2' aria-labelledby='toggle-toggle-id-2' role='region' class='toggle_wrap  av-title-above'  ><div class='toggle_content invers-color ' ><ul>\n<li><a href=\"https:\/\/fileserver.mates.it\/Prodotti\/7_Attrezzature\/TDS\/DVP\/Pompe%20da%20vuoto\/LC20-C.pdf\" target=\"_blank\" rel=\"noopener\">LC20-C<\/a><\/li>\n<li><a href=\"https:\/\/fileserver.mates.it\/Prodotti\/7_Attrezzature\/TDS\/DVP\/Pompe%20da%20vuoto\/LC25-C.pdf\" target=\"_blank\" rel=\"noopener\">LC25-C<\/a><\/li>\n<li><a href=\"https:\/\/fileserver.mates.it\/Prodotti\/7_Attrezzature\/TDS\/DVP\/Pompe%20da%20vuoto\/LC40-C_LC60-C.pdf\" target=\"_blank\" rel=\"noopener\">LC40\/60-C<\/a><\/li>\n<li><a href=\"https:\/\/fileserver.mates.it\/Prodotti\/7_Attrezzature\/TDS\/DVP\/Pompe%20da%20vuoto\/LC106-C_LC151-C.pdf\" target=\"_blank\" rel=\"noopener\">LC106\/151-C<\/a><\/li>\n<\/ul>\n<\/div><\/div><\/div><\/section>\n<\/div><\/div><div  class='hr av-av_hr-91d7ccd583a503147498e120fee2ff9b hr-default  avia-builder-el-8  el_after_av_two_fifth  el_before_av_three_fifth '><span class='hr-inner '><span class=\"hr-inner-style\"><\/span><\/span><\/div><\/p>\n<div  class='flex_column av-av_three_fifth-62182491de0c8640dccef865bfe8b366 av_three_fifth  avia-builder-el-9  el_after_av_hr  el_before_av_two_fifth  first flex_column_div  '     ><section  class='av_textblock_section av-ljj56li7-34ed9d8e1710d15941179604d8edc10a '  ><div class='avia_textblock' ><h6>SYST\u00c8MES D&rsquo;ASPIRATION<\/h6>\n<p>Les groupes de pompage \u00e0 vide CPA sont principalement utilis\u00e9s dans les installations centralis\u00e9es comme sources de vide o\u00f9 le r\u00e9servoir a une fonction de s\u00e9curit\u00e9 en cas de panne de courant. Ces unit\u00e9s sont constitu\u00e9es de divers composants, dont une ou plusieurs pompes \u00e0 vide lubrifi\u00e9es, \u00e9quip\u00e9es d&rsquo;un moteur \u00e9lectrique et d&rsquo;un filtre de d\u00e9shuilage des gaz d&rsquo;\u00e9chappement ; un r\u00e9servoir \u00e0 vide horizontal en acier soud\u00e9, \u00e9quip\u00e9 d&rsquo;une vanne d&rsquo;\u00e9vacuation des condensats ; un filtre \u00e0 cartouche de type FCM pour prot\u00e9ger la pompe des impuret\u00e9s pr\u00e9sentes dans le syst\u00e8me ; un panneau de commande \u00e9lectrique (alimentation standard 400V 50-60Hz) \u00e9quip\u00e9 d&rsquo;un interrupteur principal de verrouillage, d&rsquo;un bouton d&rsquo;urgence, d&rsquo;une protection amp\u00e8rem\u00e9trique, d&rsquo;un capteur de pression et d&rsquo;un PLC, qui permet de d\u00e9marrer et de faire fonctionner la pompe en mode manuel ou automatique, en g\u00e9rant toutes les op\u00e9rations de r\u00e9glage et de contr\u00f4le des param\u00e8tres de fonctionnement.<\/p>\n<\/div><\/section><\/div><div  class='flex_column av-av_two_fifth-f1c518e9ff58e869f80c8f093487abc9 av_two_fifth  avia-builder-el-11  el_after_av_three_fifth  el_before_av_hr  flex_column_div  '     ><style type=\"text\/css\" data-created_by=\"avia_inline_auto\" id=\"style-css-av-ljj55wgu-26eef818470b0a33b87fd6776fe81ea8\">\n#top .togglecontainer.av-ljj55wgu-26eef818470b0a33b87fd6776fe81ea8 h4.toggler{\nfont-size:14px;\n}\n#top .togglecontainer.av-ljj55wgu-26eef818470b0a33b87fd6776fe81ea8 h4.toggler.activeTitle{\ncolor:#ffffff;\nborder-color:#ffffff;\nbackground-color:#2682d3;\n}\n<\/style>\n<div  class='togglecontainer av-ljj55wgu-26eef818470b0a33b87fd6776fe81ea8  avia-builder-el-12  avia-builder-el-no-sibling  accordion_product toggle_close_all hasCurrentStyle' >\n<section class='av_toggle_section av-ljj55vwh-6a44d9ff37a143d933a6bd216ed40d4d' ><div role=\"tablist\" class=\"single_toggle\" data-tags=\"{Tout} \"  ><h4 id='toggle-toggle-id-3' data-fake-id='#toggle-id-3' class='toggler  activeTitle av-title-above '  role='tab' tabindex='0' aria-controls='toggle-id-3' data-slide-speed=\"200\" data-title=\"Avantages\" data-title-open=\"\" data-aria_collapsed=\"Cliquez pour \u00e9tendre : Avantages\" data-aria_expanded=\"Cliquez pour r\u00e9duire : Avantages\">Avantages<span class=\"toggle_icon\"><span class=\"vert_icon\"><\/span><span class=\"hor_icon\"><\/span><\/span><\/h4><div id='toggle-id-3' aria-labelledby='toggle-toggle-id-3' role='region' class='toggle_wrap  active_tc av-title-above' style='display:block;' ><div class='toggle_content invers-color ' ><ul class=\"customlist1\">\n<li>Grande polyvalence<\/li>\n<li>Diff\u00e9rentes combinaisons possibles<\/li>\n<li>Compatibilit\u00e9 des produits<\/li>\n<li>Composants toujours en stock<\/li>\n<li>Contenu technologique \u00e9lev\u00e9<\/li>\n<\/ul>\n<\/div><\/div><\/div><\/section>\n<section class='av_toggle_section av-ljj55ah7-f65315e3ca1afcdd47b2d5032e1896d2' ><div role=\"tablist\" class=\"single_toggle\" data-tags=\"{Tout} \"  ><h4 id='toggle-toggle-id-4' data-fake-id='#toggle-id-4' class='toggler  av-title-above '  role='tab' tabindex='0' aria-controls='toggle-id-4' data-slide-speed=\"200\" data-title=\"Types de produit\" data-title-open=\"\" data-aria_collapsed=\"Cliquez pour \u00e9tendre : Types de produit\" data-aria_expanded=\"Cliquez pour r\u00e9duire : Types de produit\">Types de produit<span class=\"toggle_icon\"><span class=\"vert_icon\"><\/span><span class=\"hor_icon\"><\/span><\/span><\/h4><div id='toggle-id-4' aria-labelledby='toggle-toggle-id-4' role='region' class='toggle_wrap  av-title-above'  ><div class='toggle_content invers-color ' ><ul>\n<li><a href=\"https:\/\/fileserver.mates.it\/Prodotti\/7_Attrezzature\/TDS\/DVP\/Gruppi%20pompanti\/cpa_simplex.pdf\" target=\"_blank\" rel=\"noopener\">CPA \u2013 Simplex<\/a><\/li>\n<li><a href=\"https:\/\/fileserver.mates.it\/Prodotti\/7_Attrezzature\/TDS\/DVP\/Gruppi%20pompanti\/cpa_duplex.pdf\" target=\"_blank\" rel=\"noopener\">CPA \u2013 Duplex<\/a><\/li>\n<li><a href=\"https:\/\/fileserver.mates.it\/Prodotti\/7_Attrezzature\/TDS\/DVP\/Gruppi%20pompanti\/cpa_triplex.pdf\" target=\"_blank\" rel=\"noopener\">CPA \u2013 Triplex<\/a><\/li>\n<\/ul>\n<\/div><\/div><\/div><\/section>\n<\/div><\/div><div  class='hr av-av_hr-91d7ccd583a503147498e120fee2ff9b hr-default  avia-builder-el-13  el_after_av_two_fifth  el_before_av_one_full '><span class='hr-inner '><span class=\"hr-inner-style\"><\/span><\/span><\/div><\/p>\n<div  class='flex_column av-av_one_full-7714eba142aeda1f8b5272a3c372b279 av_one_full  avia-builder-el-14  el_after_av_hr  avia-builder-el-last  first flex_column_div  '     ><p><div  class='avia-button-wrap av-av_button-872ae3bcf02ad664fc58d8cc8e0bd901-wrap avia-button-left  avia-builder-el-15  el_before_av_button  avia-builder-el-first '><a href=\"https:\/\/fileserver.mates.it\/Prodotti\/7_Attrezzature\/Brochure\/DVP\/EXE_folder_prodotti_DVP_ITA.pdf\" class=\"avia-button av-av_button-872ae3bcf02ad664fc58d8cc8e0bd901 av-link-btn avia-icon_select-yes-left-icon avia-size-small avia-position-left avia-color-theme-color\" target=\"_blank\" rel=\"noopener noreferrer\" aria-label=\"  DVP \u00ae Product selector\"><span class='avia_button_icon avia_button_icon_left avia-iconfont avia-font-entypo-fontello' data-av_icon='\ue82d' data-av_iconfont='entypo-fontello' ><\/span><span class='avia_iconbox_title' >  DVP \u00ae Product selector<\/span><\/a><\/div><br \/>\n<div  class='avia-button-wrap av-av_button-38de061ebbbd87351447892cf78fa022-wrap avia-button-left  avia-builder-el-16  el_after_av_button  avia-builder-el-last '><a href=\"https:\/\/fileserver.mates.it\/Prodotti\/7_Attrezzature\/Brochure\/DVP\/tecnologie_DVP.pdf\" class=\"avia-button av-av_button-38de061ebbbd87351447892cf78fa022 av-link-btn avia-icon_select-yes-left-icon avia-size-small avia-position-left avia-color-theme-color\" target=\"_blank\" rel=\"noopener noreferrer\" aria-label=\"  DVP \u00ae Technologies\"><span class='avia_button_icon avia_button_icon_left avia-iconfont avia-font-entypo-fontello' data-av_icon='\ue82d' data-av_iconfont='entypo-fontello' ><\/span><span class='avia_iconbox_title' >  DVP \u00ae Technologies<\/span><\/a><\/div><\/p><\/div>\n","protected":false},"excerpt":{"rendered":"<p>Pour obtenir des produits composites \u00e0 forte charge, on adopte g\u00e9n\u00e9ralement des proc\u00e9d\u00e9s qui exigent un vide constant et durable, sans la moindre perte.<\/p>\n","protected":false},"author":1,"featured_media":0,"parent":9338,"menu_order":1,"comment_status":"open","ping_status":"open","template":"","meta":{"footnotes":""},"class_list":["post-9265","page","type-page","status-publish","hentry"],"_links":{"self":[{"href":"https:\/\/www.mates.it\/fr\/wp-json\/wp\/v2\/pages\/9265","targetHints":{"allow":["GET"]}}],"collection":[{"href":"https:\/\/www.mates.it\/fr\/wp-json\/wp\/v2\/pages"}],"about":[{"href":"https:\/\/www.mates.it\/fr\/wp-json\/wp\/v2\/types\/page"}],"author":[{"embeddable":true,"href":"https:\/\/www.mates.it\/fr\/wp-json\/wp\/v2\/users\/1"}],"replies":[{"embeddable":true,"href":"https:\/\/www.mates.it\/fr\/wp-json\/wp\/v2\/comments?post=9265"}],"version-history":[{"count":0,"href":"https:\/\/www.mates.it\/fr\/wp-json\/wp\/v2\/pages\/9265\/revisions"}],"up":[{"embeddable":true,"href":"https:\/\/www.mates.it\/fr\/wp-json\/wp\/v2\/pages\/9338"}],"wp:attachment":[{"href":"https:\/\/www.mates.it\/fr\/wp-json\/wp\/v2\/media?parent=9265"}],"curies":[{"name":"wp","href":"https:\/\/api.w.org\/{rel}","templated":true}]}}