{"id":9266,"date":"2015-09-16T15:26:24","date_gmt":"2015-09-16T13:26:24","guid":{"rendered":"https:\/\/www.mates.it\/prodotti\/resine-adesivi-chimici\/auxiliaires-resines\/"},"modified":"2023-06-26T16:28:17","modified_gmt":"2023-06-26T14:28:17","slug":"auxiliaires-resines","status":"publish","type":"page","link":"https:\/\/www.mates.it\/fr\/produits\/resines-adhesifs-chimiques\/auxiliaires-resines\/","title":{"rendered":"Auxiliaires &#8211; Resines"},"content":{"rendered":"\n<style type=\"text\/css\" data-created_by=\"avia_inline_auto\" id=\"style-css-av-av_image-17415c1989a9c74f674df224b5ceb4e8\">\n.avia-image-container.av-av_image-17415c1989a9c74f674df224b5ceb4e8 img.avia_image{\nbox-shadow:none;\n}\n.avia-image-container.av-av_image-17415c1989a9c74f674df224b5ceb4e8 .av-image-caption-overlay-center{\ncolor:#ffffff;\n}\n<\/style>\n<div  class='avia-image-container av-av_image-17415c1989a9c74f674df224b5ceb4e8 av-styling- avia-align-center  avia-builder-el-0  el_before_av_hr  avia-builder-el-first '  ><div class=\"avia-image-container-inner\"><div class=\"avia-image-overlay-wrap\"><img decoding=\"async\" fetchpriority=\"high\" class=\"wp-image- avia-img-lazy-loading-not- avia_image \" src=\"https:\/\/www.mates.it\/wp-content\/uploads\/2016\/09\/Lay-up-manuale.jpg\" alt=\"\" title=\"\"><\/div><\/div><\/div>\n<div  class='hr av-av_hr-91d7ccd583a503147498e120fee2ff9b hr-default  avia-builder-el-1  el_after_av_image  el_before_av_three_fifth '><span class='hr-inner '><span class=\"hr-inner-style\"><\/span><\/span><\/div>\n<div  class='flex_column av-av_three_fifth-7714eba142aeda1f8b5272a3c372b279 av_three_fifth  avia-builder-el-2  el_after_av_hr  el_before_av_two_fifth  first flex_column_div  '     ><p>\n<style type=\"text\/css\" data-created_by=\"avia_inline_auto\" id=\"style-css-av-ljcycquv-4bde2a2dfcf45fc499d772fb65d408f6\">\n#top .av-special-heading.av-ljcycquv-4bde2a2dfcf45fc499d772fb65d408f6{\npadding-bottom:10px;\n}\nbody .av-special-heading.av-ljcycquv-4bde2a2dfcf45fc499d772fb65d408f6 .av-special-heading-tag .heading-char{\nfont-size:25px;\n}\n.av-special-heading.av-ljcycquv-4bde2a2dfcf45fc499d772fb65d408f6 .av-subheading{\nfont-size:15px;\n}\n<\/style>\n<div  class='av-special-heading av-ljcycquv-4bde2a2dfcf45fc499d772fb65d408f6 av-special-heading-h1  avia-builder-el-3  el_before_av_textblock  avia-builder-el-first  custom-h1-title'><h1 class='av-special-heading-tag '  >Auxiliaires &#8211; Resines<\/h1><div class=\"special-heading-border\"><div class=\"special-heading-inner-border\"><\/div><\/div><\/div><br \/>\n<section  class='av_textblock_section av-ljcycchf-602723cb5250edb56631ffffcfc3c30a '  ><div class='avia_textblock' ><p>Une gamme compl\u00e8te d&rsquo;outils s\u00e9lectionn\u00e9s pour l&rsquo;impr\u00e9gnation des tissus techniques \u00e0 faible, moyen ou haut grammage tels que spatules, brosses, rouleaux et brise-bulles. L&rsquo;impr\u00e9gnation correcte d&rsquo;un tissu peut garantir l&rsquo;absence de bulles d&rsquo;air interlaminaires, qui pourraient ensuite compromettre la stabilit\u00e9 du produit. Convient \u00e9galement pour l&rsquo;application de peintures et de gelcoats. Les meilleurs outils d&rsquo;impr\u00e9gnation du march\u00e9 sont \u00e0 la disposition de nos clients, soigneusement s\u00e9lectionn\u00e9s et plac\u00e9s dans cette cat\u00e9gorie en constante expansion et \u00e9volution.<\/p>\n<\/div><\/section><\/p><\/div><div  class='flex_column av-av_two_fifth-f1c518e9ff58e869f80c8f093487abc9 av_two_fifth  avia-builder-el-5  el_after_av_three_fifth  el_before_av_hr  flex_column_div  '     ><style type=\"text\/css\" data-created_by=\"avia_inline_auto\" id=\"style-css-av-ljcyeia7-523195430c9f0ddad149490b0f092462\">\n#top .togglecontainer.av-ljcyeia7-523195430c9f0ddad149490b0f092462 h4.toggler{\nfont-size:14px;\n}\n#top .togglecontainer.av-ljcyeia7-523195430c9f0ddad149490b0f092462 h4.toggler.activeTitle{\ncolor:#ffffff;\nborder-color:#ffffff;\nbackground-color:#2682d3;\n}\n<\/style>\n<div  class='togglecontainer av-ljcyeia7-523195430c9f0ddad149490b0f092462  avia-builder-el-6  avia-builder-el-no-sibling  accordion_product toggle_close_all hasCurrentStyle' >\n<section class='av_toggle_section av-ljcyd27q-12e2bb3435ab4525f56d82b6c0e76258' ><div role=\"tablist\" class=\"single_toggle\" data-tags=\"{Tout} \"  ><h4 id='toggle-toggle-id-1' data-fake-id='#toggle-id-1' class='toggler  activeTitle av-title-above '  role='tab' tabindex='0' aria-controls='toggle-id-1' data-slide-speed=\"200\" data-title=\"Avantages\" data-title-open=\"\" data-aria_collapsed=\"Cliquez pour \u00e9tendre : Avantages\" data-aria_expanded=\"Cliquez pour r\u00e9duire : Avantages\">Avantages<span class=\"toggle_icon\"><span class=\"vert_icon\"><\/span><span class=\"hor_icon\"><\/span><\/span><\/h4><div id='toggle-id-1' aria-labelledby='toggle-toggle-id-1' role='region' class='toggle_wrap  active_tc av-title-above' style='display:block;' ><div class='toggle_content invers-color ' ><ul class=\"customlist1\">\n<li>Sp\u00e9cifique \u00e0 chaque processus<\/li>\n<li>Des prix extr\u00eamement comp\u00e9titifs<\/li>\n<li>Approvisionnement rapide<\/li>\n<li>Articles s\u00e9lectionn\u00e9s<\/li>\n<\/ul>\n<\/div><\/div><\/div><\/section>\n<section class='av_toggle_section av-ljcyeecz-a40f30b98555334fa9ba19c7beef0690' ><div role=\"tablist\" class=\"single_toggle\" data-tags=\"{Tout} \"  ><h4 id='toggle-toggle-id-2' data-fake-id='#toggle-id-2' class='toggler  av-title-above '  role='tab' tabindex='0' aria-controls='toggle-id-2' data-slide-speed=\"200\" data-title=\"Types de produit\" data-title-open=\"\" data-aria_collapsed=\"Cliquez pour \u00e9tendre : Types de produit\" data-aria_expanded=\"Cliquez pour r\u00e9duire : Types de produit\">Types de produit<span class=\"toggle_icon\"><span class=\"vert_icon\"><\/span><span class=\"hor_icon\"><\/span><\/span><\/h4><div id='toggle-id-2' aria-labelledby='toggle-toggle-id-2' role='region' class='toggle_wrap  av-title-above'  ><div class='toggle_content invers-color ' ><ul class=\"customlist2\">\n<li><a href=\"https:\/\/fileserver.mates.it\/Prodotti\/2_Matrici\/Brochure\/Mates\/Ausiliari_Resine\/Spatole.pdf\" target=\"_blank\" rel=\"noopener\">Spatules<\/a><\/li>\n<li><a href=\"https:\/\/fileserver.mates.it\/Prodotti\/2_Matrici\/Brochure\/Mates\/Ausiliari_Resine\/Frangibolle.pdf\" target=\"_blank\" rel=\"noopener\">Brise-bulles<\/a><\/li>\n<li><a href=\"https:\/\/fileserver.mates.it\/Prodotti\/2_Matrici\/Brochure\/Mates\/Ausiliari_Resine\/Rulli.pdf\" target=\"_blank\" rel=\"noopener\">Patin \u00e0 roulettes<\/a><\/li>\n<li><a href=\"https:\/\/fileserver.mates.it\/Prodotti\/2_Matrici\/Brochure\/Mates\/Ausiliari_Resine\/Pennelli.pdf\" target=\"_blank\" rel=\"noopener\">Pinceaux<\/a><\/li>\n<\/ul>\n<\/div><\/div><\/div><\/section>\n<\/div><\/div><div  class='hr av-av_hr-91d7ccd583a503147498e120fee2ff9b hr-default  avia-builder-el-7  el_after_av_two_fifth  avia-builder-el-last '><span class='hr-inner '><span class=\"hr-inner-style\"><\/span><\/span><\/div><\/p>\n","protected":false},"excerpt":{"rendered":"<p>Une gamme compl\u00e8te d&rsquo;outils s\u00e9lectionn\u00e9s pour l&rsquo;impr\u00e9gnation des tissus techniques \u00e0 faible, moyen ou haut grammage tels que spatules, brosses, rouleaux et brise-bulles.<\/p>\n","protected":false},"author":1,"featured_media":7397,"parent":9141,"menu_order":5,"comment_status":"open","ping_status":"open","template":"","meta":{"footnotes":""},"class_list":["post-9266","page","type-page","status-publish","has-post-thumbnail","hentry"],"_links":{"self":[{"href":"https:\/\/www.mates.it\/fr\/wp-json\/wp\/v2\/pages\/9266","targetHints":{"allow":["GET"]}}],"collection":[{"href":"https:\/\/www.mates.it\/fr\/wp-json\/wp\/v2\/pages"}],"about":[{"href":"https:\/\/www.mates.it\/fr\/wp-json\/wp\/v2\/types\/page"}],"author":[{"embeddable":true,"href":"https:\/\/www.mates.it\/fr\/wp-json\/wp\/v2\/users\/1"}],"replies":[{"embeddable":true,"href":"https:\/\/www.mates.it\/fr\/wp-json\/wp\/v2\/comments?post=9266"}],"version-history":[{"count":0,"href":"https:\/\/www.mates.it\/fr\/wp-json\/wp\/v2\/pages\/9266\/revisions"}],"up":[{"embeddable":true,"href":"https:\/\/www.mates.it\/fr\/wp-json\/wp\/v2\/pages\/9141"}],"wp:featuredmedia":[{"embeddable":true,"href":"https:\/\/www.mates.it\/fr\/wp-json\/wp\/v2\/media\/7397"}],"wp:attachment":[{"href":"https:\/\/www.mates.it\/fr\/wp-json\/wp\/v2\/media?parent=9266"}],"curies":[{"name":"wp","href":"https:\/\/api.w.org\/{rel}","templated":true}]}}