{"id":9269,"date":"2015-09-16T16:26:30","date_gmt":"2015-09-16T14:26:30","guid":{"rendered":"https:\/\/www.mates.it\/prodotti\/strumenti-attrezzature\/tubes-attaques\/"},"modified":"2023-12-13T23:50:50","modified_gmt":"2023-12-13T22:50:50","slug":"tubes-raccords-connexions","status":"publish","type":"page","link":"https:\/\/www.mates.it\/fr\/produits\/outillage-accessoires\/tubes-raccords-connexions\/","title":{"rendered":"Tubes \/ Raccords \/ Connexions"},"content":{"rendered":"\n<style type=\"text\/css\" data-created_by=\"avia_inline_auto\" id=\"style-css-av-lq4d710i-ca185e7111adee394c3ab37a8d3d3945\">\n.avia-image-container.av-lq4d710i-ca185e7111adee394c3ab37a8d3d3945 img.avia_image{\nbox-shadow:none;\n}\n.avia-image-container.av-lq4d710i-ca185e7111adee394c3ab37a8d3d3945 .av-image-caption-overlay-center{\ncolor:#ffffff;\n}\n<\/style>\n<div  class='avia-image-container av-lq4d710i-ca185e7111adee394c3ab37a8d3d3945 av-styling- avia-align-center  avia-builder-el-0  el_before_av_hr  avia-builder-el-first '  ><div class=\"avia-image-container-inner\"><div class=\"avia-image-overlay-wrap\"><img decoding=\"async\" fetchpriority=\"high\" class='wp-image-20443 avia-img-lazy-loading-not-20443 avia_image ' src=\"https:\/\/www.mates.it\/wp-content\/uploads\/Tubi-Raccordi-Attacchi-2.jpg\" alt='Tubi-Raccordi-Attacchi' title='Tubi-Raccordi-Attacchi'  height=\"190\" width=\"1000\" srcset=\"https:\/\/www.mates.it\/wp-content\/uploads\/Tubi-Raccordi-Attacchi-2.jpg 1000w, https:\/\/www.mates.it\/wp-content\/uploads\/Tubi-Raccordi-Attacchi-2-300x57.jpg 300w, https:\/\/www.mates.it\/wp-content\/uploads\/Tubi-Raccordi-Attacchi-2-768x146.jpg 768w, https:\/\/www.mates.it\/wp-content\/uploads\/Tubi-Raccordi-Attacchi-2-705x134.jpg 705w\" sizes=\"(max-width: 1000px) 100vw, 1000px\" \/><\/div><\/div><\/div>\n<div  class='hr av-av_hr-91d7ccd583a503147498e120fee2ff9b hr-default  avia-builder-el-1  el_after_av_image  el_before_av_three_fifth '><span class='hr-inner '><span class=\"hr-inner-style\"><\/span><\/span><\/div>\n<div  class='flex_column av-av_three_fifth-7714eba142aeda1f8b5272a3c372b279 av_three_fifth  avia-builder-el-2  el_after_av_hr  el_before_av_two_fifth  first flex_column_div  '     ><p>\n<style type=\"text\/css\" data-created_by=\"avia_inline_auto\" id=\"style-css-av-ljhlqmqa-18f6b34642b70dcad2fed9c019481b8a\">\n#top .av-special-heading.av-ljhlqmqa-18f6b34642b70dcad2fed9c019481b8a{\npadding-bottom:10px;\n}\nbody .av-special-heading.av-ljhlqmqa-18f6b34642b70dcad2fed9c019481b8a .av-special-heading-tag .heading-char{\nfont-size:25px;\n}\n.av-special-heading.av-ljhlqmqa-18f6b34642b70dcad2fed9c019481b8a .av-subheading{\nfont-size:15px;\n}\n<\/style>\n<div  class='av-special-heading av-ljhlqmqa-18f6b34642b70dcad2fed9c019481b8a av-special-heading-h1  avia-builder-el-3  el_before_av_textblock  avia-builder-el-first  custom-h1-title'><h1 class='av-special-heading-tag '  >Tubes \/ Raccords \/ Connexions<\/h1><div class=\"special-heading-border\"><div class=\"special-heading-inner-border\"><\/div><\/div><\/div><br \/>\n<section  class='av_textblock_section av-ljhlr85b-922b2bf7a0bb4c4b98f9596cd2eeb273 '  ><div class='avia_textblock' ><p>Grand choix de tubes pr\u00e9-assembl\u00e9s ou simples, de tailles standards et de diff\u00e9rents mat\u00e9riaux. Utile pour la cr\u00e9ation d&rsquo;un circuit de vide ou pour la propagation de fluides, r\u00e9sistant \u00e0 diff\u00e9rentes pressions et temp\u00e9ratures, utilisable dans les proc\u00e9d\u00e9s les plus courants pour la production de composites avanc\u00e9s. Sont \u00e9galement inclus dans cette cat\u00e9gorie tous les raccords tube &#8211; tube, tube &#8211; poche et tube &#8211; pompe ; une s\u00e9rie de raccords rapides, de raccords filet\u00e9s, de raccords d&rsquo;aspiration et de raccords g\u00e9n\u00e9raux, de connecteurs et de robinets parfaitement compatibles entre eux. Pour la cr\u00e9ation d&rsquo;un circuit de vide valide, nous avons choisi la derni\u00e8re technologie pour permettre une connexion (et une d\u00e9connexion) facile entre la source de vide et le sac. Sont \u00e9galement disponibles des raccords, des connecteurs et des robinets pour la diffusion de r\u00e9sine dans les processus de moulage par injection ou en moule ferm\u00e9.<\/p>\n<\/div><\/section><\/p><\/div>\n<div  class='flex_column av-av_two_fifth-f1c518e9ff58e869f80c8f093487abc9 av_two_fifth  avia-builder-el-5  el_after_av_three_fifth  el_before_av_hr  flex_column_div  '     ><style type=\"text\/css\" data-created_by=\"avia_inline_auto\" id=\"style-css-av-ljhlryhr-fa84c68d3b60ab00c252f77d665878e3\">\n#top .togglecontainer.av-ljhlryhr-fa84c68d3b60ab00c252f77d665878e3 h4.toggler{\nfont-size:14px;\n}\n#top .togglecontainer.av-ljhlryhr-fa84c68d3b60ab00c252f77d665878e3 h4.toggler.activeTitle{\ncolor:#ffffff;\nborder-color:#ffffff;\nbackground-color:#2682d3;\n}\n<\/style>\n<div  class='togglecontainer av-ljhlryhr-fa84c68d3b60ab00c252f77d665878e3  avia-builder-el-6  avia-builder-el-no-sibling  accordion_product toggle_close_all hasCurrentStyle' >\n<section class='av_toggle_section av-ljhlrtqe-f641b9df325ee25e85943c37cf8e81aa' ><div role=\"tablist\" class=\"single_toggle\" data-tags=\"{Tout} \"  ><h4 id='toggle-toggle-id-1' data-fake-id='#toggle-id-1' class='toggler  activeTitle av-title-above '  role='tab' tabindex='0' aria-controls='toggle-id-1' data-slide-speed=\"200\" data-title=\"Avantages\" data-title-open=\"\" data-aria_collapsed=\"Cliquez pour \u00e9tendre : Avantages\" data-aria_expanded=\"Cliquez pour r\u00e9duire : Avantages\">Avantages<span class=\"toggle_icon\"><span class=\"vert_icon\"><\/span><span class=\"hor_icon\"><\/span><\/span><\/h4><div id='toggle-id-1' aria-labelledby='toggle-toggle-id-1' role='region' class='toggle_wrap  active_tc av-title-above' style='display:block;' ><div class='toggle_content invers-color ' ><ul class=\"customlist1\">\n<li>Toujours en stock<\/li>\n<li>Compatibilit\u00e9 du produit<\/li>\n<li>Contr\u00f4le qualit\u00e9 IEO<\/li>\n<li>Articles test\u00e9s<\/li>\n<\/ul>\n<\/div><\/div><\/div><\/section>\n<section class='av_toggle_section av-ljhlrwx4-45c210ff96126228e2db94f9f76ea9d3' ><div role=\"tablist\" class=\"single_toggle\" data-tags=\"{Tout} \"  ><h4 id='toggle-toggle-id-2' data-fake-id='#toggle-id-2' class='toggler  av-title-above '  role='tab' tabindex='0' aria-controls='toggle-id-2' data-slide-speed=\"200\" data-title=\"Types de produit\" data-title-open=\"\" data-aria_collapsed=\"Cliquez pour \u00e9tendre : Types de produit\" data-aria_expanded=\"Cliquez pour r\u00e9duire : Types de produit\">Types de produit<span class=\"toggle_icon\"><span class=\"vert_icon\"><\/span><span class=\"hor_icon\"><\/span><\/span><\/h4><div id='toggle-id-2' aria-labelledby='toggle-toggle-id-2' role='region' class='toggle_wrap  av-title-above'  ><div class='toggle_content invers-color ' ><li class=\"page_item page-item-9328\"><a href=\"https:\/\/www.mates.it\/fr\/produits\/outillage-accessoires\/tubes-raccords-connexions\/tubes\/\">Tubes<\/a><\/li>\n<li class=\"page_item page-item-9330\"><a href=\"https:\/\/www.mates.it\/fr\/produits\/outillage-accessoires\/tubes-raccords-connexions\/raccords-connecteurs\/\">Raccords \/ Connecteurs<\/a><\/li>\n<li class=\"page_item page-item-9329\"><a href=\"https:\/\/www.mates.it\/fr\/produits\/outillage-accessoires\/tubes-raccords-connexions\/coupleurs-robinets\/\">Coupleurs \/ Robinets<\/a><\/li>\n\n<\/div><\/div><\/div><\/section>\n<\/div><\/div>\n<div  class='hr av-av_hr-91d7ccd583a503147498e120fee2ff9b hr-default  avia-builder-el-7  el_after_av_two_fifth  avia-builder-el-last '><span class='hr-inner '><span class=\"hr-inner-style\"><\/span><\/span><\/div>\n","protected":false},"excerpt":{"rendered":"<p>Un large choix de flexibles utiles pour la cr\u00e9ation d&rsquo;un circuit de vide ou pour la propagation de fluides, pouvant \u00eatre utilis\u00e9s dans les proc\u00e9d\u00e9s les plus courants de production de composites avanc\u00e9s.<\/p>\n","protected":false},"author":1,"featured_media":7345,"parent":9149,"menu_order":2,"comment_status":"open","ping_status":"open","template":"","meta":{"footnotes":""},"class_list":["post-9269","page","type-page","status-publish","has-post-thumbnail","hentry"],"_links":{"self":[{"href":"https:\/\/www.mates.it\/fr\/wp-json\/wp\/v2\/pages\/9269","targetHints":{"allow":["GET"]}}],"collection":[{"href":"https:\/\/www.mates.it\/fr\/wp-json\/wp\/v2\/pages"}],"about":[{"href":"https:\/\/www.mates.it\/fr\/wp-json\/wp\/v2\/types\/page"}],"author":[{"embeddable":true,"href":"https:\/\/www.mates.it\/fr\/wp-json\/wp\/v2\/users\/1"}],"replies":[{"embeddable":true,"href":"https:\/\/www.mates.it\/fr\/wp-json\/wp\/v2\/comments?post=9269"}],"version-history":[{"count":0,"href":"https:\/\/www.mates.it\/fr\/wp-json\/wp\/v2\/pages\/9269\/revisions"}],"up":[{"embeddable":true,"href":"https:\/\/www.mates.it\/fr\/wp-json\/wp\/v2\/pages\/9149"}],"wp:featuredmedia":[{"embeddable":true,"href":"https:\/\/www.mates.it\/fr\/wp-json\/wp\/v2\/media\/7345"}],"wp:attachment":[{"href":"https:\/\/www.mates.it\/fr\/wp-json\/wp\/v2\/media?parent=9269"}],"curies":[{"name":"wp","href":"https:\/\/api.w.org\/{rel}","templated":true}]}}