{"id":9278,"date":"2016-07-31T18:38:33","date_gmt":"2016-07-31T16:38:33","guid":{"rendered":"https:\/\/www.mates.it\/prodotti\/tessuti-rinforzi\/fibra-di-vetro\/rubans-tresses-v\/"},"modified":"2023-06-25T03:29:41","modified_gmt":"2023-06-25T01:29:41","slug":"rubans-tresses-v","status":"publish","type":"page","link":"https:\/\/www.mates.it\/fr\/produits\/tissus-renforts\/fibre-de-verre\/rubans-tresses-v\/","title":{"rendered":"Rubans \/ Tresses"},"content":{"rendered":"<div  class='flex_column av-av_three_fifth-7714eba142aeda1f8b5272a3c372b279 av_three_fifth  avia-builder-el-0  el_before_av_two_fifth  avia-builder-el-first  first flex_column_div  '     ><p>\n<style type=\"text\/css\" data-created_by=\"avia_inline_auto\" id=\"style-css-av-ljanct7p-3834ca13b34215bee1f99d0a5f67b076\">\n#top .av-special-heading.av-ljanct7p-3834ca13b34215bee1f99d0a5f67b076{\npadding-bottom:10px;\n}\nbody .av-special-heading.av-ljanct7p-3834ca13b34215bee1f99d0a5f67b076 .av-special-heading-tag .heading-char{\nfont-size:25px;\n}\n.av-special-heading.av-ljanct7p-3834ca13b34215bee1f99d0a5f67b076 .av-subheading{\nfont-size:15px;\n}\n<\/style>\n<div  class='av-special-heading av-ljanct7p-3834ca13b34215bee1f99d0a5f67b076 av-special-heading-h1  avia-builder-el-1  el_before_av_textblock  avia-builder-el-first  custom-h1-title'><h1 class='av-special-heading-tag '  >Rubans \/ Tresses<\/h1><div class=\"special-heading-border\"><div class=\"special-heading-inner-border\"><\/div><\/div><\/div><br \/>\n<section  class='av_textblock_section av-ljanceeh-f47b296905cbb821b09ed47f2b78d713 '  ><div class='avia_textblock' ><p>La fibre de verre peut \u00e9galement \u00eatre utilis\u00e9e pour trouver des solutions aux exigences les plus \u00e9lev\u00e9es, et nous disposons de rubans et de tresses pour des processus sp\u00e9cifiques. Les tresses en fibre de carbone sont adapt\u00e9es aux tubulaires structurels et non structurels ; elles sont utilis\u00e9es dans les secteurs les plus avanc\u00e9s des composites (nautique, automobile, loisirs, etc.) o\u00f9 l&rsquo;on a besoin d&rsquo;un tube ou d&rsquo;un tubulaire produit \u00e0 partir de fibre de carbone. Les rubans en fibre de carbone ont des modules d&rsquo;\u00e9lasticit\u00e9 variable, utiles pour tout type de projet. Ceux-ci, d&rsquo;une grande r\u00e9sistance, garantissent une augmentation des charges dynamiques afin de donner naissance \u00e0 un produit aux caract\u00e9ristiques m\u00e9caniques tr\u00e8s \u00e9lev\u00e9es.<\/p>\n<\/div><\/section><\/p><\/div>\n<div  class='flex_column av-av_two_fifth-f1c518e9ff58e869f80c8f093487abc9 av_two_fifth  avia-builder-el-3  el_after_av_three_fifth  el_before_av_hr  flex_column_div  '     ><style type=\"text\/css\" data-created_by=\"avia_inline_auto\" id=\"style-css-av-ljanep12-b38595e3bdbe74340b19aec6981e9972\">\n#top .togglecontainer.av-ljanep12-b38595e3bdbe74340b19aec6981e9972 h4.toggler{\nfont-size:14px;\n}\n#top .togglecontainer.av-ljanep12-b38595e3bdbe74340b19aec6981e9972 h4.toggler.activeTitle{\ncolor:#ffffff;\nborder-color:#ffffff;\nbackground-color:#2682d3;\n}\n<\/style>\n<div  class='togglecontainer av-ljanep12-b38595e3bdbe74340b19aec6981e9972  avia-builder-el-4  avia-builder-el-no-sibling  accordion_product toggle_close_all hasCurrentStyle' >\n<section class='av_toggle_section av-ljanenzr-5a6cc129547ff822d0e29959a130365b' ><div role=\"tablist\" class=\"single_toggle\" data-tags=\"{Tout} \"  ><h4 id='toggle-toggle-id-1' data-fake-id='#toggle-id-1' class='toggler  activeTitle av-title-above '  role='tab' tabindex='0' aria-controls='toggle-id-1' data-slide-speed=\"200\" data-title=\"Avantages\" data-title-open=\"\" data-aria_collapsed=\"Cliquez pour \u00e9tendre : Avantages\" data-aria_expanded=\"Cliquez pour r\u00e9duire : Avantages\">Avantages<span class=\"toggle_icon\"><span class=\"vert_icon\"><\/span><span class=\"hor_icon\"><\/span><\/span><\/h4><div id='toggle-id-1' aria-labelledby='toggle-toggle-id-1' role='region' class='toggle_wrap  active_tc av-title-above' style='display:block;' ><div class='toggle_content invers-color ' ><ul>\n<li>Diff\u00e9rentes applications<\/li>\n<li>Large gamme de dimensions<\/li>\n<li>Grande vitesse d&rsquo;approvisionnement<\/li>\n<li>Sp\u00e9cifications pour usinage sp\u00e9cial<\/li>\n<\/ul>\n<\/div><\/div><\/div><\/section>\n<section class='av_toggle_section av-ljane4hu-041c4ba5d550e40642da12b7f692c573' ><div role=\"tablist\" class=\"single_toggle\" data-tags=\"{Tout} \"  ><h4 id='toggle-toggle-id-2' data-fake-id='#toggle-id-2' class='toggler  av-title-above '  role='tab' tabindex='0' aria-controls='toggle-id-2' data-slide-speed=\"200\" data-title=\"Type de produit\" data-title-open=\"\" data-aria_collapsed=\"Cliquez pour \u00e9tendre : Type de produit\" data-aria_expanded=\"Cliquez pour r\u00e9duire : Type de produit\">Type de produit<span class=\"toggle_icon\"><span class=\"vert_icon\"><\/span><span class=\"hor_icon\"><\/span><\/span><\/h4><div id='toggle-id-2' aria-labelledby='toggle-toggle-id-2' role='region' class='toggle_wrap  av-title-above'  ><div class='toggle_content invers-color ' ><ul class=\"customlist2\">\n<li><a href=\"https:\/\/fileserver.mates.it\/Prodotti\/1_Rinforzi\/Brochure\/Eurocarbon\/Standard%20Program%20Woven%20Tapes.pdf\" target=\"_blank\" rel=\"noopener\">Rubans<\/a><\/li>\n<li><a href=\"https:\/\/fileserver.mates.it\/Prodotti\/1_Rinforzi\/Brochure\/Eurocarbon\/Standard%20Program%20glass%20fiber%20braids.pdf\" target=\"_blank\" rel=\"noopener\">Tresses<\/a><\/li>\n<\/ul>\n<\/div><\/div><\/div><\/section>\n<\/div><\/div>\n<div  class='hr av-av_hr-91d7ccd583a503147498e120fee2ff9b hr-default  avia-builder-el-5  el_after_av_two_fifth  el_before_av_one_full '><span class='hr-inner '><span class=\"hr-inner-style\"><\/span><\/span><\/div>\n<div  class='flex_column av-av_one_full-7714eba142aeda1f8b5272a3c372b279 av_one_full  avia-builder-el-6  el_after_av_hr  avia-builder-el-last  first flex_column_div  '     ><div  class='avia-button-wrap av-av_button-f2ff8a0a1448aa9f36fa0211f57fea0c-wrap avia-button-left  avia-builder-el-7  avia-builder-el-no-sibling '><a href=\"https:\/\/fileserver.mates.it\/Prodotti\/1_Rinforzi\/Brochure\/Eurocarbon\/Eurocarbon-Brochure.pdf\" class=\"avia-button av-av_button-f2ff8a0a1448aa9f36fa0211f57fea0c av-link-btn avia-icon_select-yes-left-icon avia-size-small avia-position-left avia-color-theme-color\" target=\"_blank\" rel=\"noopener noreferrer\" aria-label=\"Eurocarbon - Standard\"><span class='avia_button_icon avia_button_icon_left avia-iconfont avia-font-entypo-fontello' data-av_icon='\ue82d' data-av_iconfont='entypo-fontello' ><\/span><span class='avia_iconbox_title' >Eurocarbon - Standard<\/span><\/a><\/div><\/div>\n","protected":false},"excerpt":{"rendered":"<p>La fibre de verre peut \u00e9galement \u00eatre utilis\u00e9e pour trouver des solutions aux exigences les plus \u00e9lev\u00e9es, et nous disposons de rubans et de tresses pour des processus sp\u00e9cifiques.<\/p>\n","protected":false},"author":2,"featured_media":0,"parent":9218,"menu_order":4,"comment_status":"open","ping_status":"closed","template":"","meta":{"footnotes":""},"class_list":["post-9278","page","type-page","status-publish","hentry"],"_links":{"self":[{"href":"https:\/\/www.mates.it\/fr\/wp-json\/wp\/v2\/pages\/9278","targetHints":{"allow":["GET"]}}],"collection":[{"href":"https:\/\/www.mates.it\/fr\/wp-json\/wp\/v2\/pages"}],"about":[{"href":"https:\/\/www.mates.it\/fr\/wp-json\/wp\/v2\/types\/page"}],"author":[{"embeddable":true,"href":"https:\/\/www.mates.it\/fr\/wp-json\/wp\/v2\/users\/2"}],"replies":[{"embeddable":true,"href":"https:\/\/www.mates.it\/fr\/wp-json\/wp\/v2\/comments?post=9278"}],"version-history":[{"count":0,"href":"https:\/\/www.mates.it\/fr\/wp-json\/wp\/v2\/pages\/9278\/revisions"}],"up":[{"embeddable":true,"href":"https:\/\/www.mates.it\/fr\/wp-json\/wp\/v2\/pages\/9218"}],"wp:attachment":[{"href":"https:\/\/www.mates.it\/fr\/wp-json\/wp\/v2\/media?parent=9278"}],"curies":[{"name":"wp","href":"https:\/\/api.w.org\/{rel}","templated":true}]}}