{"id":9282,"date":"2016-07-31T21:43:47","date_gmt":"2016-07-31T19:43:47","guid":{"rendered":"https:\/\/www.mates.it\/prodotti\/tessuti-rinforzi\/fibra-aramidica\/unidirectionnels-multiaxiaux-a\/"},"modified":"2023-06-25T03:20:17","modified_gmt":"2023-06-25T01:20:17","slug":"unidirectionnels-multiaxiaux-a","status":"publish","type":"page","link":"https:\/\/www.mates.it\/fr\/produits\/tissus-renforts\/fibre-aramide\/unidirectionnels-multiaxiaux-a\/","title":{"rendered":"Unidirectionnels \/ Multiaxiaux"},"content":{"rendered":"<div  class='flex_column av-av_three_fifth-7714eba142aeda1f8b5272a3c372b279 av_three_fifth  avia-builder-el-0  el_before_av_two_fifth  avia-builder-el-first  first flex_column_div  '     ><p>\n<style type=\"text\/css\" data-created_by=\"avia_inline_auto\" id=\"style-css-av-ljaqs6xe-8c93ac6df92a4361bd082db04a751e2d\">\n#top .av-special-heading.av-ljaqs6xe-8c93ac6df92a4361bd082db04a751e2d{\npadding-bottom:10px;\n}\nbody .av-special-heading.av-ljaqs6xe-8c93ac6df92a4361bd082db04a751e2d .av-special-heading-tag .heading-char{\nfont-size:25px;\n}\n.av-special-heading.av-ljaqs6xe-8c93ac6df92a4361bd082db04a751e2d .av-subheading{\nfont-size:15px;\n}\n<\/style>\n<div  class='av-special-heading av-ljaqs6xe-8c93ac6df92a4361bd082db04a751e2d av-special-heading-h1  avia-builder-el-1  el_before_av_textblock  avia-builder-el-first  custom-h1-title'><h1 class='av-special-heading-tag '  >Unidirectionnels \/ Multiaxiaux<\/h1><div class=\"special-heading-border\"><div class=\"special-heading-inner-border\"><\/div><\/div><\/div><br \/>\n<section  class='av_textblock_section av-ljaqrrw8-c70a4f3b3d05c099b4aa672e698064de '  ><div class='avia_textblock' ><p>Les tissus unidirectionnels en aramide sont compos\u00e9s de fibres orient\u00e9es dans une seule direction et travaillent donc dans une seule direction. Ils se distinguent par leur grammage, qui correspond au poids sp\u00e9cifique d&rsquo;un m\u00e8tre carr\u00e9 de ce tissu particulier, par le nombre de filaments qui composent les fibres du tissu et par la nature du fil de liage dans la cha\u00eene, qui peut varier entre le polyester, la colle, la fibre de verre et le coton (\u00e0 l&rsquo;exception des UD pr\u00e9-impr\u00e9gn\u00e9s, qui n&rsquo;ont pas de fil de liage dans la cha\u00eene). Dans les tissus multiaxiaux, les fibres sont dispos\u00e9es en couches parall\u00e8les, orient\u00e9es dans les diff\u00e9rentes directions, puis cousues avec de minces filaments pour les maintenir ensemble. Ces tissus sont disponibles dans des structures simples \u00e0 double orientation (biaxiales) ou plus complexes (quadriaxiales).<\/p>\n<\/div><\/section><\/p><\/div><div  class='flex_column av-av_two_fifth-f1c518e9ff58e869f80c8f093487abc9 av_two_fifth  avia-builder-el-3  el_after_av_three_fifth  el_before_av_hr  flex_column_div  '     ><style type=\"text\/css\" data-created_by=\"avia_inline_auto\" id=\"style-css-av-ljaqtbdl-e19f737c04b4d9dccd9d7a1eb670a989\">\n#top .togglecontainer.av-ljaqtbdl-e19f737c04b4d9dccd9d7a1eb670a989 h4.toggler{\nfont-size:14px;\n}\n#top .togglecontainer.av-ljaqtbdl-e19f737c04b4d9dccd9d7a1eb670a989 h4.toggler.activeTitle{\ncolor:#ffffff;\nborder-color:#ffffff;\nbackground-color:#2682d3;\n}\n<\/style>\n<div  class='togglecontainer av-ljaqtbdl-e19f737c04b4d9dccd9d7a1eb670a989  avia-builder-el-4  avia-builder-el-no-sibling  accordion_product toggle_close_all hasCurrentStyle' >\n<section class='av_toggle_section av-ljaqsrlu-0fab0c2599ca26ef716f7ae96c817b56' ><div role=\"tablist\" class=\"single_toggle\" data-tags=\"{Tout} \"  ><h4 id='toggle-toggle-id-1' data-fake-id='#toggle-id-1' class='toggler  activeTitle av-title-above '  role='tab' tabindex='0' aria-controls='toggle-id-1' data-slide-speed=\"200\" data-title=\"Avantages\" data-title-open=\"\" data-aria_collapsed=\"Cliquez pour \u00e9tendre : Avantages\" data-aria_expanded=\"Cliquez pour r\u00e9duire : Avantages\">Avantages<span class=\"toggle_icon\"><span class=\"vert_icon\"><\/span><span class=\"hor_icon\"><\/span><\/span><\/h4><div id='toggle-id-1' aria-labelledby='toggle-toggle-id-1' role='region' class='toggle_wrap  active_tc av-title-above' style='display:block;' ><div class='toggle_content invers-color ' ><ul>\n<li>Fibres orient\u00e9es<\/li>\n<li>R\u00e9partition optimale de la charge<\/li>\n<li>Points de rupture r\u00e9duits<\/li>\n<li>Lin\u00e9arit\u00e9 de la caract\u00e9risation m\u00e9canique<\/li>\n<li>Productions sur mesure<\/li>\n<\/ul>\n<\/div><\/div><\/div><\/section>\n<section class='av_toggle_section av-ljaqta76-699f43748d2acbe83aaefdfc4f0a84b0' ><div role=\"tablist\" class=\"single_toggle\" data-tags=\"{Tout} \"  ><h4 id='toggle-toggle-id-2' data-fake-id='#toggle-id-2' class='toggler  av-title-above '  role='tab' tabindex='0' aria-controls='toggle-id-2' data-slide-speed=\"200\" data-title=\"Types de produits\" data-title-open=\"\" data-aria_collapsed=\"Cliquez pour \u00e9tendre : Types de produits\" data-aria_expanded=\"Cliquez pour r\u00e9duire : Types de produits\">Types de produits<span class=\"toggle_icon\"><span class=\"vert_icon\"><\/span><span class=\"hor_icon\"><\/span><\/span><\/h4><div id='toggle-id-2' aria-labelledby='toggle-toggle-id-2' role='region' class='toggle_wrap  av-title-above'  ><div class='toggle_content invers-color ' ><ul>\n<li>Unidirectionnel<\/li>\n<li>Multiaxial<\/li>\n<\/ul>\n<\/div><\/div><\/div><\/section>\n<\/div><\/div><div  class='hr av-av_hr-91d7ccd583a503147498e120fee2ff9b hr-default  avia-builder-el-5  el_after_av_two_fifth  avia-builder-el-last '><span class='hr-inner '><span class=\"hr-inner-style\"><\/span><\/span><\/div><\/p>\n","protected":false},"excerpt":{"rendered":"<p>Les tissus unidirectionnels en aramide sont compos\u00e9s de fibres orient\u00e9es dans une seule direction et travaillent donc dans une seule direction. Ils se distinguent par leur grammage, qui correspond au poids sp\u00e9cifique d&rsquo;un m\u00e8tre carr\u00e9 de ce tissu particulier.<\/p>\n","protected":false},"author":2,"featured_media":0,"parent":9214,"menu_order":2,"comment_status":"open","ping_status":"closed","template":"","meta":{"footnotes":""},"class_list":["post-9282","page","type-page","status-publish","hentry"],"_links":{"self":[{"href":"https:\/\/www.mates.it\/fr\/wp-json\/wp\/v2\/pages\/9282","targetHints":{"allow":["GET"]}}],"collection":[{"href":"https:\/\/www.mates.it\/fr\/wp-json\/wp\/v2\/pages"}],"about":[{"href":"https:\/\/www.mates.it\/fr\/wp-json\/wp\/v2\/types\/page"}],"author":[{"embeddable":true,"href":"https:\/\/www.mates.it\/fr\/wp-json\/wp\/v2\/users\/2"}],"replies":[{"embeddable":true,"href":"https:\/\/www.mates.it\/fr\/wp-json\/wp\/v2\/comments?post=9282"}],"version-history":[{"count":0,"href":"https:\/\/www.mates.it\/fr\/wp-json\/wp\/v2\/pages\/9282\/revisions"}],"up":[{"embeddable":true,"href":"https:\/\/www.mates.it\/fr\/wp-json\/wp\/v2\/pages\/9214"}],"wp:attachment":[{"href":"https:\/\/www.mates.it\/fr\/wp-json\/wp\/v2\/media?parent=9282"}],"curies":[{"name":"wp","href":"https:\/\/api.w.org\/{rel}","templated":true}]}}