{"id":9284,"date":"2016-07-31T21:49:21","date_gmt":"2016-07-31T19:49:21","guid":{"rendered":"https:\/\/www.mates.it\/prodotti\/tessuti-rinforzi\/fibra-aramidica\/preimpregnes-a\/"},"modified":"2023-06-25T03:47:20","modified_gmt":"2023-06-25T01:47:20","slug":"preimpregnes-a","status":"publish","type":"page","link":"https:\/\/www.mates.it\/fr\/produits\/tissus-renforts\/fibre-aramide\/preimpregnes-a\/","title":{"rendered":"Pr\u00e9 impr\u00e9gn\u00e9s"},"content":{"rendered":"<div  class='flex_column av-av_three_fifth-7714eba142aeda1f8b5272a3c372b279 av_three_fifth  avia-builder-el-0  el_before_av_two_fifth  avia-builder-el-first  first flex_column_div  '     ><p>\n<style type=\"text\/css\" data-created_by=\"avia_inline_auto\" id=\"style-css-av-ljarryda-1b9ab7878219c0de76dfaff13aab9a41\">\n#top .av-special-heading.av-ljarryda-1b9ab7878219c0de76dfaff13aab9a41{\npadding-bottom:10px;\n}\nbody .av-special-heading.av-ljarryda-1b9ab7878219c0de76dfaff13aab9a41 .av-special-heading-tag .heading-char{\nfont-size:25px;\n}\n.av-special-heading.av-ljarryda-1b9ab7878219c0de76dfaff13aab9a41 .av-subheading{\nfont-size:15px;\n}\n<\/style>\n<div  class='av-special-heading av-ljarryda-1b9ab7878219c0de76dfaff13aab9a41 av-special-heading-h1  avia-builder-el-1  el_before_av_textblock  avia-builder-el-first  custom-h1-title'><h1 class='av-special-heading-tag '  >Pr\u00e9 impr\u00e9gn\u00e9s<\/h1><div class=\"special-heading-border\"><div class=\"special-heading-inner-border\"><\/div><\/div><\/div><br \/>\n<section  class='av_textblock_section av-ljarrstm-eb71507a744e0cd38ea42fa63affdb7b '  ><div class='avia_textblock' ><p>Les pr\u00e9impr\u00e9gn\u00e9s d&rsquo;aramide sont des tissus de renforcement ou des fibres impr\u00e9gn\u00e9es en machine avec un syst\u00e8me de r\u00e9sine pr\u00e9catalys\u00e9. Le renfort est pr\u00eat \u00e0 \u00eatre d\u00e9pos\u00e9 dans un moule sans ajout de r\u00e9sine au moyen de proc\u00e9d\u00e9s de production classiques (laminage manuel, infusion, injection). Une fois le pr\u00e9-impr\u00e9gn\u00e9 plac\u00e9 dans le moule, la r\u00e9sine qu&rsquo;il contient se r\u00e9ticule compl\u00e8tement en le chauffant \u00e0 la temp\u00e9rature prescrite, suivant ainsi le cycle de polym\u00e9risation indiqu\u00e9 dans la fiche technique. La quantit\u00e9 de r\u00e9sine dans les fibres est d\u00e9clar\u00e9e directement par le fabricant, de m\u00eame que les caract\u00e9ristiques finales du stratifi\u00e9 composite. L&rsquo;utilisation de pr\u00e9impr\u00e9gn\u00e9s r\u00e9duit consid\u00e9rablement le temps de traitement et les co\u00fbts de production des produits composites de haute performance.<\/p>\n<div style=\"width: 100%;\"><\/div>\n<\/div><\/section><\/p><\/div><div  class='flex_column av-av_two_fifth-f1c518e9ff58e869f80c8f093487abc9 av_two_fifth  avia-builder-el-3  el_after_av_three_fifth  el_before_av_hr  flex_column_div  '     ><style type=\"text\/css\" data-created_by=\"avia_inline_auto\" id=\"style-css-av-av_toggle_container-aa303faae9b53071bb573d27bc7412b5\">\n#top .togglecontainer.av-av_toggle_container-aa303faae9b53071bb573d27bc7412b5 h4.toggler{\nfont-size:14px;\n}\n#top .togglecontainer.av-av_toggle_container-aa303faae9b53071bb573d27bc7412b5 h4.toggler.activeTitle{\ncolor:#ffffff;\nborder-color:#ffffff;\nbackground-color:#2682d3;\n}\n<\/style>\n<div  class='togglecontainer av-av_toggle_container-aa303faae9b53071bb573d27bc7412b5  avia-builder-el-4  avia-builder-el-no-sibling  accordion_product toggle_close_all hasCurrentStyle' >\n<section class='av_toggle_section av-av_toggle-dd5490da29f5c2ce08321e61fbf1c4ed' ><div role=\"tablist\" class=\"single_toggle\" data-tags=\"{Tout} \"  ><h4 id='toggle-toggle-id-1' data-fake-id='#toggle-id-1' class='toggler  activeTitle av-title-above '  role='tab' tabindex='0' aria-controls='toggle-id-1' data-slide-speed=\"200\" data-title=\"Hexply \u00ae\" data-title-open=\"\" data-aria_collapsed=\"Cliquez pour \u00e9tendre : Hexply \u00ae\" data-aria_expanded=\"Cliquez pour r\u00e9duire : Hexply \u00ae\">Hexply \u00ae<span class=\"toggle_icon\"><span class=\"vert_icon\"><\/span><span class=\"hor_icon\"><\/span><\/span><\/h4><div id='toggle-id-1' aria-labelledby='toggle-toggle-id-1' role='region' class='toggle_wrap  active_tc av-title-above' style='display:block;' ><div class='toggle_content invers-color ' ><ul class=\"customlist1\">\n<li><a href=\"https:\/\/fileserver.mates.it\/Prodotti\/1_Rinforzi\/TDS\/_Prepreg\/HexPly\/HexPly_M9.6H_DataSheet.pdf\" target=\"_blank\" rel=\"noopener noreferrer\">M9.6<\/a><\/li>\n<li><a href=\"https:\/\/fileserver.mates.it\/Prodotti\/1_Rinforzi\/TDS\/_Prepreg\/HexPly\/HexPly_M10R_eu_DataSheet.pdf\" target=\"_blank\" rel=\"noopener noreferrer\">M10R<\/a><\/li>\n<li><a href=\"https:\/\/fileserver.mates.it\/Prodotti\/1_Rinforzi\/TDS\/_Prepreg\/HexPly\/HexPly_M34_eu_DataSheet.pdf\" target=\"_blank\" rel=\"noopener noreferrer\">M34<\/a><\/li>\n<li><a href=\"https:\/\/fileserver.mates.it\/Prodotti\/1_Rinforzi\/TDS\/_Prepreg\/HexPly\/HexPly_M49_eu_DataSheet.pdf\" target=\"_blank\" rel=\"noopener noreferrer\">M49<\/a><\/li>\n<li><a href=\"https:\/\/fileserver.mates.it\/Prodotti\/1_Rinforzi\/TDS\/_Prepreg\/HexPly\/HexPly_M77_EpoxyResin_DataSheet.pdf\" target=\"_blank\" rel=\"noopener noreferrer\">M77<\/a><\/li>\n<li><a href=\"https:\/\/fileserver.mates.it\/Prodotti\/1_Rinforzi\/TDS\/_Prepreg\/HexPly\/HexPly_M78.1_EpoxyResin_DataSheet.pdf\" target=\"_blank\" rel=\"noopener noreferrer\">M78.1<\/a><\/li>\n<li><a href=\"https:\/\/fileserver.mates.it\/Prodotti\/1_Rinforzi\/TDS\/_Prepreg\/HexPly\/HexPly_M79M79LT_DataSheet.pdf\" target=\"_blank\" rel=\"noopener\">M79<\/a><\/li>\n<\/ul>\n<\/div><\/div><\/div><\/section>\n<\/div><\/div><\/p>\n<div  class='hr av-av_hr-91d7ccd583a503147498e120fee2ff9b hr-default  avia-builder-el-5  el_after_av_two_fifth  el_before_av_one_full '><span class='hr-inner '><span class=\"hr-inner-style\"><\/span><\/span><\/div>\n<div  class='flex_column av-av_one_full-7714eba142aeda1f8b5272a3c372b279 av_one_full  avia-builder-el-6  el_after_av_hr  avia-builder-el-last  first flex_column_div  '     ><p><div  class='avia-button-wrap av-av_button-a501af3c50c7ddec33f64edde5ee00be-wrap avia-button-left  avia-builder-el-7  el_before_av_button  avia-builder-el-first '><a href=\"http:\/\/www.hexcel.com\/Resources\/prepreg-data-sheets\" class=\"avia-button av-av_button-a501af3c50c7ddec33f64edde5ee00be av-link-btn avia-icon_select-yes-left-icon avia-size-small avia-position-left avia-color-theme-color\" target=\"_blank\" rel=\"noopener noreferrer\" aria-label=\"   Hexcel \u00ae Prepreg data sheets\"><span class='avia_button_icon avia_button_icon_left avia-iconfont avia-font-entypo-fontello' data-av_icon='\ue8ab' data-av_iconfont='entypo-fontello' ><\/span><span class='avia_iconbox_title' >   Hexcel \u00ae Prepreg data sheets<\/span><\/a><\/div><br \/>\n<div  class='avia-button-wrap av-av_button-dfae2bc1452797c2b40da45c45d1b5b7-wrap avia-button-left  avia-builder-el-8  el_after_av_button  avia-builder-el-last '><a href=\"https:\/\/fileserver.mates.it\/Prodotti\/1_Rinforzi\/Brochure\/Hexcel\/Selector_Guide\/IndustrialSelectorGuide_2018.pdf\" class=\"avia-button av-av_button-dfae2bc1452797c2b40da45c45d1b5b7 av-link-btn avia-icon_select-yes-left-icon avia-size-small avia-position-left avia-color-theme-color\" target=\"_blank\" rel=\"noopener noreferrer\" aria-label=\"  Hexcel \u00ae Industrial Selector Guide\"><span class='avia_button_icon avia_button_icon_left avia-iconfont avia-font-entypo-fontello' data-av_icon='\ue82d' data-av_iconfont='entypo-fontello' ><\/span><span class='avia_iconbox_title' >  Hexcel \u00ae Industrial Selector Guide<\/span><\/a><\/div><\/p><\/div>\n","protected":false},"excerpt":{"rendered":"<p>Les pr\u00e9impr\u00e9gn\u00e9s d&rsquo;aramide sont des tissus de renforcement ou des fibres impr\u00e9gn\u00e9es en machine avec un syst\u00e8me de r\u00e9sine pr\u00e9catalys\u00e9. Le renfort est pr\u00eat \u00e0 \u00eatre d\u00e9pos\u00e9 dans un moule sans ajout de r\u00e9sine au moyen de proc\u00e9d\u00e9s de production classiques.<\/p>\n","protected":false},"author":2,"featured_media":0,"parent":9214,"menu_order":4,"comment_status":"open","ping_status":"closed","template":"","meta":{"footnotes":""},"class_list":["post-9284","page","type-page","status-publish","hentry"],"_links":{"self":[{"href":"https:\/\/www.mates.it\/fr\/wp-json\/wp\/v2\/pages\/9284","targetHints":{"allow":["GET"]}}],"collection":[{"href":"https:\/\/www.mates.it\/fr\/wp-json\/wp\/v2\/pages"}],"about":[{"href":"https:\/\/www.mates.it\/fr\/wp-json\/wp\/v2\/types\/page"}],"author":[{"embeddable":true,"href":"https:\/\/www.mates.it\/fr\/wp-json\/wp\/v2\/users\/2"}],"replies":[{"embeddable":true,"href":"https:\/\/www.mates.it\/fr\/wp-json\/wp\/v2\/comments?post=9284"}],"version-history":[{"count":0,"href":"https:\/\/www.mates.it\/fr\/wp-json\/wp\/v2\/pages\/9284\/revisions"}],"up":[{"embeddable":true,"href":"https:\/\/www.mates.it\/fr\/wp-json\/wp\/v2\/pages\/9214"}],"wp:attachment":[{"href":"https:\/\/www.mates.it\/fr\/wp-json\/wp\/v2\/media?parent=9284"}],"curies":[{"name":"wp","href":"https:\/\/api.w.org\/{rel}","templated":true}]}}