{"id":9287,"date":"2016-07-31T22:22:28","date_gmt":"2016-07-31T20:22:28","guid":{"rendered":"https:\/\/www.mates.it\/prodotti\/tessuti-rinforzi\/fibre-ibride\/unidirectionnels-multiaxiaux-i\/"},"modified":"2025-02-26T20:08:08","modified_gmt":"2025-02-26T19:08:08","slug":"multiaxiale-i","status":"publish","type":"page","link":"https:\/\/www.mates.it\/fr\/produits\/tissus-renforts\/fibres-hybrides\/multiaxiale-i\/","title":{"rendered":"Multiaxiale"},"content":{"rendered":"<div  class='flex_column av-av_three_fifth-7714eba142aeda1f8b5272a3c372b279 av_three_fifth  avia-builder-el-0  el_before_av_two_fifth  avia-builder-el-first  first flex_column_div  '     ><p>\n<style type=\"text\/css\" data-created_by=\"avia_inline_auto\" id=\"style-css-av-lmvtoo3s-c6256a02117141450d76e5db8b2a96ab\">\n#top .av-special-heading.av-lmvtoo3s-c6256a02117141450d76e5db8b2a96ab{\npadding-bottom:10px;\n}\nbody .av-special-heading.av-lmvtoo3s-c6256a02117141450d76e5db8b2a96ab .av-special-heading-tag .heading-char{\nfont-size:25px;\n}\n.av-special-heading.av-lmvtoo3s-c6256a02117141450d76e5db8b2a96ab .av-subheading{\nfont-size:15px;\n}\n<\/style>\n<div  class='av-special-heading av-lmvtoo3s-c6256a02117141450d76e5db8b2a96ab av-special-heading-h1  avia-builder-el-1  el_before_av_textblock  avia-builder-el-first  custom-h1-title'><h1 class='av-special-heading-tag '  >Multiaxiale<\/h1><div class=\"special-heading-border\"><div class=\"special-heading-inner-border\"><\/div><\/div><\/div><br \/>\n<section  class='av_textblock_section av-lmvtpgp2-b8f907793aa460cffa75d85f836325a1 '  ><div class='avia_textblock' ><p>Dans les multiaxiaux en fibres hybrides, les fibres, sous forme de m\u00e8ches, sont dispos\u00e9es parall\u00e8lement en couches superpos\u00e9es, orient\u00e9es dans les diff\u00e9rentes directions, puis cousues avec de minces filaments pour les maintenir ensemble. Ces renforts sont disponibles dans diff\u00e9rentes orientations, du simple biaxial \u00e0 +\/- 45\u00b0 et \u00e0 0\/90\u00b0, au plus complexe quadriaxial avec des fibres orient\u00e9es vers les quatre axes principaux.<\/p>\n<\/div><\/section><\/p><\/div>\n<div  class='flex_column av-av_two_fifth-f1c518e9ff58e869f80c8f093487abc9 av_two_fifth  avia-builder-el-3  el_after_av_three_fifth  el_before_av_hr  flex_column_div  '     ><style type=\"text\/css\" data-created_by=\"avia_inline_auto\" id=\"style-css-av-m7mag0qw-23eee50c279c202ead15ce06e4099f9a\">\n#top .togglecontainer.av-m7mag0qw-23eee50c279c202ead15ce06e4099f9a h4.toggler{\nfont-size:14px;\n}\n#top .togglecontainer.av-m7mag0qw-23eee50c279c202ead15ce06e4099f9a h4.toggler.activeTitle{\ncolor:#ffffff;\nborder-color:#ffffff;\nbackground-color:#2682d3;\n}\n<\/style>\n<div  class='togglecontainer av-m7mag0qw-23eee50c279c202ead15ce06e4099f9a  avia-builder-el-4  avia-builder-el-no-sibling  accordion_product toggle_close_all hasCurrentStyle' >\n<section class='av_toggle_section av-m7mag00w-0463a3e8cba88d9e919cb1934ac3059e' ><div role=\"tablist\" class=\"single_toggle\" data-tags=\"{Tout} \"  ><h4 id='toggle-toggle-id-1' data-fake-id='#toggle-id-1' class='toggler  activeTitle av-title-above '  role='tab' tabindex='0' aria-controls='toggle-id-1' data-slide-speed=\"200\" data-title=\"Mates \u00ae\" data-title-open=\"\" data-aria_collapsed=\"Cliquez pour \u00e9tendre : Mates \u00ae\" data-aria_expanded=\"Cliquez pour r\u00e9duire : Mates \u00ae\">Mates \u00ae<span class=\"toggle_icon\"><span class=\"vert_icon\"><\/span><span class=\"hor_icon\"><\/span><\/span><\/h4><div id='toggle-id-1' aria-labelledby='toggle-toggle-id-1' role='region' class='toggle_wrap  active_tc av-title-above' style='display:block;' ><div class='toggle_content invers-color ' ><table>\n<tbody>\n<tr>\n<td>\n<ul>\n<li><a href=\"https:\/\/fileserver.mates.it\/Prodotti\/1_Rinforzi\/TDS\/Ibridi\/Multiassiali\/SKY\/SKY600HB2-127DTP5T.pdf\" target=\"_blank\" rel=\"noopener\">BXCE600<\/a><\/li>\n<li><a href=\"https:\/\/fileserver.mates.it\/Prodotti\/1_Rinforzi\/TDS\/Ibridi\/Multiassiali\/SKY\/SKY800HB2-127DTP5T.pdf\" target=\"_blank\" rel=\"noopener\">BXCES800<\/a><\/li>\n<\/ul>\n<\/td>\n<td>\n<ul>\n<li><a href=\"https:\/\/fileserver.mates.it\/Prodotti\/1_Rinforzi\/TDS\/Ibridi\/Multiassiali\/SKY\/SKY600HQ1-127T5T.pdf\" target=\"_blank\" rel=\"noopener\">QXCE600<\/a><\/li>\n<li><a href=\"https:\/\/fileserver.mates.it\/Prodotti\/1_Rinforzi\/TDS\/Ibridi\/Multiassiali\/SKY\/SKY800HQ1-127T5T.pdf\" target=\"_blank\" rel=\"noopener\">QXCE800<\/a><\/li>\n<\/ul>\n<\/td>\n<\/tr>\n<\/tbody>\n<\/table>\n<\/div><\/div><\/div><\/section>\n<section class='av_toggle_section av-av_toggle-77f39f1da3543b0feff86f9b3da05c20' ><div role=\"tablist\" class=\"single_toggle\" data-tags=\"{Tout} \"  ><h4 id='toggle-toggle-id-2' data-fake-id='#toggle-id-2' class='toggler  av-title-above '  role='tab' tabindex='0' aria-controls='toggle-id-2' data-slide-speed=\"200\" data-title=\"Selcom\" data-title-open=\"\" data-aria_collapsed=\"Cliquez pour \u00e9tendre : Selcom\" data-aria_expanded=\"Cliquez pour r\u00e9duire : Selcom\">Selcom<span class=\"toggle_icon\"><span class=\"vert_icon\"><\/span><span class=\"hor_icon\"><\/span><\/span><\/h4><div id='toggle-id-2' aria-labelledby='toggle-toggle-id-2' role='region' class='toggle_wrap  av-title-above'  ><div class='toggle_content invers-color ' ><table>\n<tbody>\n<tr>\n<td>\n<ul>\n<li><a href=\"https:\/\/fileserver.mates.it\/Prodotti\/1_Rinforzi\/TDS\/Ibridi\/Multiassiali\/Selcom\/CEBX600.pdf\" target=\"_blank\" rel=\"noopener\">CEBX600<\/a><\/li>\n<li><a href=\"https:\/\/fileserver.mates.it\/Prodotti\/1_Rinforzi\/TDS\/Ibridi\/Multiassiali\/Selcom\/CEBXS800.pdf\" target=\"_blank\" rel=\"noopener\">CEBXS800<\/a><\/li>\n<\/ul>\n<\/td>\n<td>\n<ul>\n<li><a href=\"https:\/\/fileserver.mates.it\/Prodotti\/1_Rinforzi\/TDS\/Ibridi\/Multiassiali\/Selcom\/KEBXS400M200.pdf\" target=\"_blank\" rel=\"noopener\">KEBXS400M200<\/a><\/li>\n<li><a href=\"https:\/\/fileserver.mates.it\/Prodotti\/1_Rinforzi\/TDS\/Ibridi\/Multiassiali\/Selcom\/KEBXS600M200.pdf\" target=\"_blank\" rel=\"noopener\">KEBXS600M200<\/a><\/li>\n<li><a href=\"https:\/\/fileserver.mates.it\/Prodotti\/1_Rinforzi\/TDS\/Ibridi\/Multiassiali\/Selcom\/KETXL1200M150.pdf\" target=\"_blank\" rel=\"noopener\">KETXL1200M150 <\/a><\/li>\n<li><a href=\"https:\/\/fileserver.mates.it\/Prodotti\/1_Rinforzi\/TDS\/Vetro\/Multiassiali\/Selcom\/EBXS850M225.pdf\" target=\"_blank\" rel=\"noopener\">EBXS850M225<\/a><\/li>\n<\/ul>\n<\/td>\n<\/tr>\n<\/tbody>\n<\/table>\n<\/div><\/div><\/div><\/section>\n<\/div><\/div><div  class='hr av-av_hr-91d7ccd583a503147498e120fee2ff9b hr-default  avia-builder-el-5  el_after_av_two_fifth  avia-builder-el-last '><span class='hr-inner '><span class=\"hr-inner-style\"><\/span><\/span><\/div><\/p>\n","protected":false},"excerpt":{"rendered":"<p>Dans les multiaxiaux en fibres hybride, les fibres, sous forme de rovings, sont dispos\u00e9es parall\u00e8lement en couches superpos\u00e9es, orient\u00e9es dans les diff\u00e9rentes directions, puis cousues avec de minces filaments pour les maintenir ensemble.<\/p>\n","protected":false},"author":2,"featured_media":0,"parent":9210,"menu_order":2,"comment_status":"open","ping_status":"closed","template":"","meta":{"footnotes":""},"class_list":["post-9287","page","type-page","status-publish","hentry"],"_links":{"self":[{"href":"https:\/\/www.mates.it\/fr\/wp-json\/wp\/v2\/pages\/9287","targetHints":{"allow":["GET"]}}],"collection":[{"href":"https:\/\/www.mates.it\/fr\/wp-json\/wp\/v2\/pages"}],"about":[{"href":"https:\/\/www.mates.it\/fr\/wp-json\/wp\/v2\/types\/page"}],"author":[{"embeddable":true,"href":"https:\/\/www.mates.it\/fr\/wp-json\/wp\/v2\/users\/2"}],"replies":[{"embeddable":true,"href":"https:\/\/www.mates.it\/fr\/wp-json\/wp\/v2\/comments?post=9287"}],"version-history":[{"count":0,"href":"https:\/\/www.mates.it\/fr\/wp-json\/wp\/v2\/pages\/9287\/revisions"}],"up":[{"embeddable":true,"href":"https:\/\/www.mates.it\/fr\/wp-json\/wp\/v2\/pages\/9210"}],"wp:attachment":[{"href":"https:\/\/www.mates.it\/fr\/wp-json\/wp\/v2\/media?parent=9287"}],"curies":[{"name":"wp","href":"https:\/\/api.w.org\/{rel}","templated":true}]}}