{"id":9289,"date":"2016-08-01T10:23:46","date_gmt":"2016-08-01T08:23:46","guid":{"rendered":"https:\/\/www.mates.it\/prodotti\/resine-adesivi-chimici\/resine\/epoxy-f-r\/"},"modified":"2026-03-07T10:30:46","modified_gmt":"2026-03-07T09:30:46","slug":"epoxy-f-r","status":"publish","type":"page","link":"https:\/\/www.mates.it\/fr\/produits\/resines-adhesifs-chimiques\/resines\/epoxy-f-r\/","title":{"rendered":"Epoxy"},"content":{"rendered":"<div  class='flex_column av-av_one_full-7714eba142aeda1f8b5272a3c372b279 av_one_full  avia-builder-el-0  el_before_av_hr  avia-builder-el-first  first flex_column_div  '     ><p>\n<style type=\"text\/css\" data-created_by=\"avia_inline_auto\" id=\"style-css-av-ljbm66s4-2e994763521a27eecbee22ac5d75e8aa\">\n#top .av-special-heading.av-ljbm66s4-2e994763521a27eecbee22ac5d75e8aa{\npadding-bottom:10px;\n}\nbody .av-special-heading.av-ljbm66s4-2e994763521a27eecbee22ac5d75e8aa .av-special-heading-tag .heading-char{\nfont-size:25px;\n}\n.av-special-heading.av-ljbm66s4-2e994763521a27eecbee22ac5d75e8aa .av-subheading{\nfont-size:15px;\n}\n<\/style>\n<div  class='av-special-heading av-ljbm66s4-2e994763521a27eecbee22ac5d75e8aa av-special-heading-h1  avia-builder-el-1  el_before_av_textblock  avia-builder-el-first  custom-h1-title'><h1 class='av-special-heading-tag '  >Epoxy<\/h1><div class=\"special-heading-border\"><div class=\"special-heading-inner-border\"><\/div><\/div><\/div><br \/>\n<section  class='av_textblock_section av-ljbm6ke5-02a1690fadfe6c896e0a4d91643c269f '  ><div class='avia_textblock' ><p>Le syst\u00e8me \u00e9poxy est un polym\u00e8re form\u00e9 par la r\u00e9action entre une r\u00e9sine \u00e9poxy et un durcisseur polyamine. Dans le domaine des mat\u00e9riaux composites, les syst\u00e8mes de r\u00e9sine \u00e9poxy sont largement consid\u00e9r\u00e9s comme sup\u00e9rieurs \u00e0 tous les autres syst\u00e8mes, tant du point de vue de la r\u00e9sistance m\u00e9canique que du degr\u00e9 de finition de la surface qu&rsquo;ils permettent d&rsquo;obtenir. Comme les r\u00e9sines \u00e9poxy ne contiennent pas de solvants, elles ne sont pas tr\u00e8s agressives pour les mat\u00e9riaux sur lesquels elles sont appliqu\u00e9es. Il convient \u00e9galement de mentionner leur tr\u00e8s grande force d&rsquo;adh\u00e9sion, leur r\u00e9sistance m\u00e9canique et leur r\u00e9sistance \u00e0 la r\u00e9action d&rsquo;hydrolyse, capable de prot\u00e9ger une coque du processus normal d&rsquo;osmose. En r\u00e9alisant le m\u00eame moule en \u00e9poxy, on obtient un d\u00e9moulage parfait, une \u00e9longation pratiquement nulle, m\u00eame en cas de moulage \u00e0 haute temp\u00e9rature, et une dur\u00e9e de vie tr\u00e8s longue.<\/p>\n<div style=\"width: 100%;\"><\/div>\n<\/div><\/section><\/p><\/div>\n<div  class='hr av-av_hr-91d7ccd583a503147498e120fee2ff9b hr-default  avia-builder-el-3  el_after_av_one_full  el_before_av_three_fifth '><span class='hr-inner '><span class=\"hr-inner-style\"><\/span><\/span><\/div>\n<div  class='flex_column av-av_three_fifth-62182491de0c8640dccef865bfe8b366 av_three_fifth  avia-builder-el-4  el_after_av_hr  el_before_av_two_fifth  first flex_column_div  '     ><section  class='av_textblock_section av-ljbm6wwy-356b1534640a6280accd845cc62e034a '  ><div class='avia_textblock' ><h6>LIQUIDE<\/h6>\n<p>Une s\u00e9lection de syst\u00e8mes de stratification \u00e9poxy \u00e0 temp\u00e9rature ambiante, \u00e0 faible viscosit\u00e9 et \u00e0 large spectre d&rsquo;application. Excellent pour la stratification d&rsquo;articles renforc\u00e9s de fibres de verre, de carbone, d&rsquo;aramide et de poly\u00e9thyl\u00e8ne. A utiliser \u00e0 temp\u00e9rature ambiante ou \u00e0 des temp\u00e9ratures mod\u00e9r\u00e9es \u00e0 \u00e9lev\u00e9es pour la stratification manuelle, le moulage par injection ou sous vide et l&rsquo;infusion de surface. Peut \u00e9galement \u00eatre utilis\u00e9 pour le moulage sous presse et en autoclave.<\/p>\n<\/div><\/section><\/div>\n<div  class='flex_column av-av_two_fifth-f1c518e9ff58e869f80c8f093487abc9 av_two_fifth  avia-builder-el-6  el_after_av_three_fifth  el_before_av_hr  flex_column_div  '     ><style type=\"text\/css\" data-created_by=\"avia_inline_auto\" id=\"style-css-av-ljd06nzl-d3348f236cf47d7405bc51273debcb4e\">\n#top .togglecontainer.av-ljd06nzl-d3348f236cf47d7405bc51273debcb4e h4.toggler{\nfont-size:14px;\n}\n#top .togglecontainer.av-ljd06nzl-d3348f236cf47d7405bc51273debcb4e h4.toggler.activeTitle{\ncolor:#ffffff;\nborder-color:#ffffff;\nbackground-color:#2682d3;\n}\n<\/style>\n<div  class='togglecontainer av-ljd06nzl-d3348f236cf47d7405bc51273debcb4e  avia-builder-el-7  avia-builder-el-no-sibling  accordion_product toggle_close_all hasCurrentStyle' >\n<section class='av_toggle_section av-av_toggle-a222a71443ba3e03a04a52518c23bc1e' ><div role=\"tablist\" class=\"single_toggle\" data-tags=\"{Tout} \"  ><h4 id='toggle-toggle-id-1' data-fake-id='#toggle-id-1' class='toggler  activeTitle av-title-above '  role='tab' tabindex='0' aria-controls='toggle-id-1' data-slide-speed=\"200\" data-title=\"Mates \u00ae\" data-title-open=\"\" data-aria_collapsed=\"Cliquez pour \u00e9tendre : Mates \u00ae\" data-aria_expanded=\"Cliquez pour r\u00e9duire : Mates \u00ae\">Mates \u00ae<span class=\"toggle_icon\"><span class=\"vert_icon\"><\/span><span class=\"hor_icon\"><\/span><\/span><\/h4><div id='toggle-id-1' aria-labelledby='toggle-toggle-id-1' role='region' class='toggle_wrap  active_tc av-title-above' style='display:block;' ><div class='toggle_content invers-color ' ><ul class=\"customlist1\">\n<li><a href=\"https:\/\/fileserver.mates.it\/Prodotti\/2_Matrici\/TDS\/Resine\/Mates\/SX10_DS.pdf\" target=\"_blank\" rel=\"noopener noreferrer\">SX10<\/a><\/li>\n<li><a href=\"https:\/\/fileserver.mates.it\/Prodotti\/2_Matrici\/TDS\/Resine\/Mates\/SX8_EVO_DS.pdf\" target=\"_blank\" rel=\"noopener noreferrer\">SX8 EVO<\/a><\/li>\n<li><a href=\"https:\/\/fileserver.mates.it\/Prodotti\/2_Matrici\/TDS\/Resine\/Mates\/SX38_DS.pdf\" target=\"_blank\" rel=\"noopener noreferrer\">SX38 HT<\/a><\/li>\n<\/ul>\n<\/div><\/div><\/div><\/section>\n<section class='av_toggle_section av-ljd06mu8-f627c85f3adc2887aeed4bedea7e602b' ><div role=\"tablist\" class=\"single_toggle\" data-tags=\"{Tout} \"  ><h4 id='toggle-toggle-id-2' data-fake-id='#toggle-id-2' class='toggler  av-title-above '  role='tab' tabindex='0' aria-controls='toggle-id-2' data-slide-speed=\"200\" data-title=\"Elan-tech \u00ae\" data-title-open=\"\" data-aria_collapsed=\"Cliquez pour \u00e9tendre : Elan-tech \u00ae\" data-aria_expanded=\"Cliquez pour r\u00e9duire : Elan-tech \u00ae\">Elan-tech \u00ae<span class=\"toggle_icon\"><span class=\"vert_icon\"><\/span><span class=\"hor_icon\"><\/span><\/span><\/h4><div id='toggle-id-2' aria-labelledby='toggle-toggle-id-2' role='region' class='toggle_wrap  av-title-above'  ><div class='toggle_content invers-color ' ><ul>\n<li><a href=\"https:\/\/fileserver.mates.it\/Prodotti\/2_Matrici\/TDS\/Resine\/Elantas\/_EN\/ELAN_TECH_EC_157_1-W_152_XLR-HT_R2_EN_498.pdf\" target=\"_blank\" rel=\"noopener noreferrer\">EC 157.1<\/a><\/li>\n<li><a href=\"https:\/\/fileserver.mates.it\/Prodotti\/2_Matrici\/TDS\/Resine\/Elantas\/_EN\/ELAN_TECH_EC_157_1_BIO-W_154_R1_EN_1252.pdf\" target=\"_blank\" rel=\"noopener noreferrer\">EC 157.1 BIO<\/a><\/li>\n<li><a href=\"https:\/\/fileserver.mates.it\/Prodotti\/2_Matrici\/TDS\/Resine\/Elantas\/_EN\/ELAN_TECH_EC_152-W_152_LR_R1_EN_501.pdf\" target=\"_blank\" rel=\"noopener\">EC 152<\/a><\/li>\n<li><a href=\"https:\/\/fileserver.mates.it\/Prodotti\/2_Matrici\/TDS\/Resine\/Elantas\/_EN\/ELAN_TECH_EC_152_BIO-W_154_BIO_R1_EN_1955%20.pdf\" target=\"_blank\" rel=\"noopener noreferrer\">EC 152 BIO<\/a><\/li>\n<li><a href=\"https:\/\/fileserver.mates.it\/Prodotti\/2_Matrici\/TDS\/Resine\/Elantas\/_EN\/ELAN_TECH_EC_130_LV-W_152_MR_R1_EN_2273.pdf\" target=\"_blank\" rel=\"noopener noreferrer\">EC 130 LV<\/a><\/li>\n<li><a href=\"https:\/\/fileserver.mates.it\/Prodotti\/2_Matrici\/TDS\/Resine\/Elantas\/_EN\/ELAN_TECH_EC_141_NF-W_241_W_242_NF_ing.pdf\" target=\"_blank\" rel=\"noopener noreferrer\">EC 141 NF<\/a><\/li>\n<li><a href=\"https:\/\/fileserver.mates.it\/Prodotti\/2_Matrici\/TDS\/Resine\/Elantas\/_EN\/ELAN_TECH_EC_251-W_242_NF_ing.pdf\" target=\"_blank\" rel=\"noopener\">EC 251<\/a><\/li>\n<\/ul>\n<\/div><\/div><\/div><\/section>\n<\/div><\/div>\n<div  class='hr av-av_hr-91d7ccd583a503147498e120fee2ff9b hr-default  avia-builder-el-8  el_after_av_two_fifth  el_before_av_three_fifth '><span class='hr-inner '><span class=\"hr-inner-style\"><\/span><\/span><\/div>\n<div  class='flex_column av-av_three_fifth-7714eba142aeda1f8b5272a3c372b279 av_three_fifth  avia-builder-el-9  el_after_av_hr  el_before_av_two_fifth  first flex_column_div  '     ><section  class='av_textblock_section av-ljbm7xur-0e106f1a952aeeddfae52002e6fb888a '  ><div class='avia_textblock' ><h6>IN FILM<\/h6>\n<p>Les r\u00e9sines in-film permettent de produire des stratifi\u00e9s renforc\u00e9s de fibres impr\u00e9gn\u00e9es par une simple augmentation de la temp\u00e9rature et de la pression sur le tissu sec pr\u00e9positionn\u00e9 \u00e0 l&rsquo;int\u00e9rieur du moule ; la meilleure alternative aux tissus pr\u00e9-impr\u00e9gn\u00e9s, qui sont des mat\u00e9riaux largement utilis\u00e9s mais en m\u00eame temps complexes \u00e0 manipuler. Gr\u00e2ce \u00e0 cette famille de produits innovants, un nouveau processus de production commun\u00e9ment appel\u00e9 RFI &#8211; resin film infusion &#8211; se d\u00e9veloppe depuis quelques ann\u00e9es ; lors de la manipulation, de la production et de la polym\u00e9risation, il n&rsquo;y a pas de d\u00e9gagement de vapeurs dangereuses et le film est tr\u00e8s facile \u00e0 manipuler.<\/p>\n<\/div><\/section><\/div>\n<div  class='flex_column av-av_two_fifth-f1c518e9ff58e869f80c8f093487abc9 av_two_fifth  avia-builder-el-11  el_after_av_three_fifth  el_before_av_hr  flex_column_div  '     ><style type=\"text\/css\" data-created_by=\"avia_inline_auto\" id=\"style-css-av-av_toggle_container-aa303faae9b53071bb573d27bc7412b5\">\n#top .togglecontainer.av-av_toggle_container-aa303faae9b53071bb573d27bc7412b5 h4.toggler{\nfont-size:14px;\n}\n#top .togglecontainer.av-av_toggle_container-aa303faae9b53071bb573d27bc7412b5 h4.toggler.activeTitle{\ncolor:#ffffff;\nborder-color:#ffffff;\nbackground-color:#2682d3;\n}\n<\/style>\n<div  class='togglecontainer av-av_toggle_container-aa303faae9b53071bb573d27bc7412b5  avia-builder-el-12  avia-builder-el-no-sibling  accordion_product toggle_close_all hasCurrentStyle' >\n<section class='av_toggle_section av-av_toggle-6693676a86eb375d726fbeb7640bfa26' ><div role=\"tablist\" class=\"single_toggle\" data-tags=\"{Tout} \"  ><h4 id='toggle-toggle-id-3' data-fake-id='#toggle-id-3' class='toggler  activeTitle av-title-above '  role='tab' tabindex='0' aria-controls='toggle-id-3' data-slide-speed=\"200\" data-title=\"Letoxit \u00ae\" data-title-open=\"\" data-aria_collapsed=\"Cliquez pour \u00e9tendre : Letoxit \u00ae\" data-aria_expanded=\"Cliquez pour r\u00e9duire : Letoxit \u00ae\">Letoxit \u00ae<span class=\"toggle_icon\"><span class=\"vert_icon\"><\/span><span class=\"hor_icon\"><\/span><\/span><\/h4><div id='toggle-id-3' aria-labelledby='toggle-toggle-id-3' role='region' class='toggle_wrap  active_tc av-title-above' style='display:block;' ><div class='toggle_content invers-color ' ><ul class=\"customlist1\">\n<li><a href=\"https:\/\/fileserver.mates.it\/Prodotti\/2_Matrici\/TDS\/Resine\/LFX\/LFX_060_DS.pdf\" target=\"_blank\" rel=\"noopener noreferrer\">LFX 060<\/a><\/li>\n<li><a href=\"https:\/\/fileserver.mates.it\/Prodotti\/2_Matrici\/TDS\/Resine\/LFX\/LFX_056_DS.pdf\" target=\"_blank\" rel=\"noopener noreferrer\">LFX 056<\/a><\/li>\n<\/ul>\n<\/div><\/div><\/div><\/section>\n<section class='av_toggle_section av-av_toggle-7a72caf989b24d2f1518470dcd624fb8' ><div role=\"tablist\" class=\"single_toggle\" data-tags=\"{Tout} \"  ><h4 id='toggle-toggle-id-4' data-fake-id='#toggle-id-4' class='toggler  av-title-above '  role='tab' tabindex='0' aria-controls='toggle-id-4' data-slide-speed=\"200\" data-title=\"HexPly \u00ae\" data-title-open=\"\" data-aria_collapsed=\"Cliquez pour \u00e9tendre : HexPly \u00ae\" data-aria_expanded=\"Cliquez pour r\u00e9duire : HexPly \u00ae\">HexPly \u00ae<span class=\"toggle_icon\"><span class=\"vert_icon\"><\/span><span class=\"hor_icon\"><\/span><\/span><\/h4><div id='toggle-id-4' aria-labelledby='toggle-toggle-id-4' role='region' class='toggle_wrap  av-title-above'  ><div class='toggle_content invers-color ' ><ul>\n<li><a href=\"https:\/\/fileserver.mates.it\/Prodotti\/2_Matrici\/TDS\/Resine\/Hexcel\/HexPly_XF3_300_eu_DataSheet.pdf\" target=\"_blank\" rel=\"noopener noreferrer\">XF3\/300<\/a><\/li>\n<\/ul>\n<\/div><\/div><\/div><\/section>\n<\/div><\/div>\n<div  class='hr av-av_hr-91d7ccd583a503147498e120fee2ff9b hr-default  avia-builder-el-13  el_after_av_two_fifth  el_before_av_one_full '><span class='hr-inner '><span class=\"hr-inner-style\"><\/span><\/span><\/div>\n<div  class='flex_column av-av_one_full-7714eba142aeda1f8b5272a3c372b279 av_one_full  avia-builder-el-14  el_after_av_hr  avia-builder-el-last  first flex_column_div  '     ><p><div  class='avia-button-wrap av-av_button-08f8c098c8a724a4637a200f78d0c536-wrap avia-button-left  avia-builder-el-15  el_before_av_button  avia-builder-el-first '><a href=\"https:\/\/fileserver.mates.it\/Prodotti\/2_Matrici\/Brochure\/Elantas\/Composite_Resins_Elan-tech_Epoxy_Resins_and_Structural_Adhesives_-_.pdf\" class=\"avia-button av-av_button-08f8c098c8a724a4637a200f78d0c536 av-link-btn avia-icon_select-yes-left-icon avia-size-small avia-position-left avia-color-theme-color\" target=\"_blank\" rel=\"noopener noreferrer\" aria-label=\" Elan-tech \u00ae Product selector\"><span class='avia_button_icon avia_button_icon_left avia-iconfont avia-font-entypo-fontello' data-av_icon='\ue82d' data-av_iconfont='entypo-fontello' ><\/span><span class='avia_iconbox_title' > Elan-tech \u00ae Product selector<\/span><\/a><\/div><br \/>\n<div  class='avia-button-wrap av-ly8x2imy-f9f5b4abc8d95a33b766a6ae70a049dd-wrap avia-button-left  avia-builder-el-16  el_after_av_button  el_before_av_button '><a href=\"https:\/\/fileserver.mates.it\/Prodotti\/2_Matrici\/Certificazioni\/Elantas\/\" class=\"avia-button av-ly8x2imy-f9f5b4abc8d95a33b766a6ae70a049dd av-link-btn avia-icon_select-yes-left-icon avia-size-small avia-position-left avia-color-theme-color\" target=\"_blank\" rel=\"noopener noreferrer\" aria-label=\" Elan-tech \u00ae RINA\"><span class='avia_button_icon avia_button_icon_left avia-iconfont avia-font-entypo-fontello' data-av_icon='\ue82d' data-av_iconfont='entypo-fontello' ><\/span><span class='avia_iconbox_title' > Elan-tech \u00ae RINA<\/span><\/a><\/div><br \/>\n<div  class='avia-button-wrap av-av_button-a94764ca19754eb8a13fae06170c200b-wrap avia-button-left  avia-builder-el-17  el_after_av_button  avia-builder-el-last '><a href=\"https:\/\/www.5m.cz\/en\/products\/epoxidove-pryskyrice\/epoxy-foil-resins\" class=\"avia-button av-av_button-a94764ca19754eb8a13fae06170c200b av-link-btn avia-icon_select-yes-left-icon avia-size-small avia-position-left avia-color-theme-color\" target=\"_blank\" rel=\"noopener noreferrer\" aria-label=\" Letoxit \u00ae LFX product list\"><span class='avia_button_icon avia_button_icon_left avia-iconfont avia-font-entypo-fontello' data-av_icon='\ue8ab' data-av_iconfont='entypo-fontello' ><\/span><span class='avia_iconbox_title' > Letoxit \u00ae LFX product list<\/span><\/a><\/div><\/p><\/div>\n","protected":false},"excerpt":{"rendered":"<p>Le syst\u00e8me \u00e9poxy est un polym\u00e8re form\u00e9 par la r\u00e9action entre une r\u00e9sine \u00e9poxy et un durcisseur polyamine. Dans le domaine des mat\u00e9riaux composites, les syst\u00e8mes de r\u00e9sine \u00e9poxy sont largement consid\u00e9r\u00e9s comme sup\u00e9rieurs.<\/p>\n","protected":false},"author":2,"featured_media":0,"parent":9224,"menu_order":1,"comment_status":"open","ping_status":"closed","template":"","meta":{"footnotes":""},"class_list":["post-9289","page","type-page","status-publish","hentry"],"_links":{"self":[{"href":"https:\/\/www.mates.it\/fr\/wp-json\/wp\/v2\/pages\/9289","targetHints":{"allow":["GET"]}}],"collection":[{"href":"https:\/\/www.mates.it\/fr\/wp-json\/wp\/v2\/pages"}],"about":[{"href":"https:\/\/www.mates.it\/fr\/wp-json\/wp\/v2\/types\/page"}],"author":[{"embeddable":true,"href":"https:\/\/www.mates.it\/fr\/wp-json\/wp\/v2\/users\/2"}],"replies":[{"embeddable":true,"href":"https:\/\/www.mates.it\/fr\/wp-json\/wp\/v2\/comments?post=9289"}],"version-history":[{"count":2,"href":"https:\/\/www.mates.it\/fr\/wp-json\/wp\/v2\/pages\/9289\/revisions"}],"predecessor-version":[{"id":21179,"href":"https:\/\/www.mates.it\/fr\/wp-json\/wp\/v2\/pages\/9289\/revisions\/21179"}],"up":[{"embeddable":true,"href":"https:\/\/www.mates.it\/fr\/wp-json\/wp\/v2\/pages\/9224"}],"wp:attachment":[{"href":"https:\/\/www.mates.it\/fr\/wp-json\/wp\/v2\/media?parent=9289"}],"curies":[{"name":"wp","href":"https:\/\/api.w.org\/{rel}","templated":true}]}}