{"id":9291,"date":"2016-08-01T10:39:19","date_gmt":"2016-08-01T08:39:19","guid":{"rendered":"https:\/\/www.mates.it\/prodotti\/resine-adesivi-chimici\/resine\/vinylester-f-r\/"},"modified":"2023-12-02T10:45:13","modified_gmt":"2023-12-02T09:45:13","slug":"vinylester-f-r","status":"publish","type":"page","link":"https:\/\/www.mates.it\/fr\/produits\/resines-adhesifs-chimiques\/resines\/vinylester-f-r\/","title":{"rendered":"Vinylester"},"content":{"rendered":"<div  class='flex_column av-av_three_fifth-7714eba142aeda1f8b5272a3c372b279 av_three_fifth  avia-builder-el-0  el_before_av_two_fifth  avia-builder-el-first  first flex_column_div  '     ><p>\n<style type=\"text\/css\" data-created_by=\"avia_inline_auto\" id=\"style-css-av-ljbngdq2-355227eb098cf78020ff3dc060a4dcf2\">\n#top .av-special-heading.av-ljbngdq2-355227eb098cf78020ff3dc060a4dcf2{\npadding-bottom:10px;\n}\nbody .av-special-heading.av-ljbngdq2-355227eb098cf78020ff3dc060a4dcf2 .av-special-heading-tag .heading-char{\nfont-size:25px;\n}\n.av-special-heading.av-ljbngdq2-355227eb098cf78020ff3dc060a4dcf2 .av-subheading{\nfont-size:15px;\n}\n<\/style>\n<div  class='av-special-heading av-ljbngdq2-355227eb098cf78020ff3dc060a4dcf2 av-special-heading-h1  avia-builder-el-1  el_before_av_textblock  avia-builder-el-first  custom-h1-title'><h1 class='av-special-heading-tag '  >Vinylester<\/h1><div class=\"special-heading-border\"><div class=\"special-heading-inner-border\"><\/div><\/div><\/div><br \/>\n<section  class='av_textblock_section av-ljbnfxrc-a2cf32d3a8256befb758f46098612dce '  ><div class='avia_textblock' ><p>La r\u00e9sine vinylester poss\u00e8de une r\u00e9sistance thermique, m\u00e9canique et chimique sup\u00e9rieure \u00e0 celle du polyester, des caract\u00e9ristiques qui la rendent indispensable lorsqu&rsquo;une performance sup\u00e9rieure de la pi\u00e8ce en PRV est requise. En raison de sa nature chimique, elle est capable de garantir des propri\u00e9t\u00e9s m\u00e9caniques \u00e9lev\u00e9es, une grande t\u00e9nacit\u00e9, une r\u00e9sistance \u00e9lev\u00e9e aux produits chimiques et \u00e0 l&rsquo;hydrolyse, ainsi qu&rsquo;une r\u00e9sistance thermique \u00e9lev\u00e9e permettant de garantir des temp\u00e9ratures de fonctionnement \u00e9lev\u00e9es et une excellente adh\u00e9rence aux fibres de renforcement. L&rsquo;ester vinylique est largement utilis\u00e9 dans l&rsquo;industrie maritime comme barri\u00e8re contre l&rsquo;osmose ou dans la construction de coques de haute performance. En raison de ses caract\u00e9ristiques et de sa facilit\u00e9 d&rsquo;utilisation, il est id\u00e9al non seulement pour les fibres de verre, mais aussi pour les fibres de carbone et d&rsquo;aramide.<\/p>\n<div style=\"width: 100%;\"><\/div>\n<\/div><\/section><\/p><\/div>\n<div  class='flex_column av-av_two_fifth-f1c518e9ff58e869f80c8f093487abc9 av_two_fifth  avia-builder-el-3  el_after_av_three_fifth  el_before_av_hr  flex_column_div  '     ><style type=\"text\/css\" data-created_by=\"avia_inline_auto\" id=\"style-css-av-ljbnhiei-941ad43d92494bbb0635e4c2ced14e98\">\n#top .togglecontainer.av-ljbnhiei-941ad43d92494bbb0635e4c2ced14e98 h4.toggler{\nfont-size:14px;\n}\n#top .togglecontainer.av-ljbnhiei-941ad43d92494bbb0635e4c2ced14e98 h4.toggler.activeTitle{\ncolor:#ffffff;\nborder-color:#ffffff;\nbackground-color:#2682d3;\n}\n<\/style>\n<div  class='togglecontainer av-ljbnhiei-941ad43d92494bbb0635e4c2ced14e98  avia-builder-el-4  avia-builder-el-no-sibling  accordion_product toggle_close_all hasCurrentStyle' >\n<section class='av_toggle_section av-ljbngyrz-919eb02d829c48be20400b4a9149e42c' ><div role=\"tablist\" class=\"single_toggle\" data-tags=\"{Tout} \"  ><h4 id='toggle-toggle-id-1' data-fake-id='#toggle-id-1' class='toggler  activeTitle av-title-above '  role='tab' tabindex='0' aria-controls='toggle-id-1' data-slide-speed=\"200\" data-title=\"Avantages\" data-title-open=\"\" data-aria_collapsed=\"Cliquez pour \u00e9tendre : Avantages\" data-aria_expanded=\"Cliquez pour r\u00e9duire : Avantages\">Avantages<span class=\"toggle_icon\"><span class=\"vert_icon\"><\/span><span class=\"hor_icon\"><\/span><\/span><\/h4><div id='toggle-id-1' aria-labelledby='toggle-toggle-id-1' role='region' class='toggle_wrap  active_tc av-title-above' style='display:block;' ><div class='toggle_content invers-color ' ><ul>\n<li>Temps de durcissement courts<\/li>\n<li>Tr\u00e8s grande thixotropie<\/li>\n<li>R\u00e9sistance m\u00e9canique et chimique<\/li>\n<li>Large gamme d&rsquo;utilisation<\/li>\n<\/ul>\n<\/div><\/div><\/div><\/section>\n<section class='av_toggle_section av-ljbnhfvm-fc983189c9b9df6cd31759655171dabf' ><div role=\"tablist\" class=\"single_toggle\" data-tags=\"{Tout} \"  ><h4 id='toggle-toggle-id-2' data-fake-id='#toggle-id-2' class='toggler  av-title-above '  role='tab' tabindex='0' aria-controls='toggle-id-2' data-slide-speed=\"200\" data-title=\"Types de produits\" data-title-open=\"\" data-aria_collapsed=\"Cliquez pour \u00e9tendre : Types de produits\" data-aria_expanded=\"Cliquez pour r\u00e9duire : Types de produits\">Types de produits<span class=\"toggle_icon\"><span class=\"vert_icon\"><\/span><span class=\"hor_icon\"><\/span><\/span><\/h4><div id='toggle-id-2' aria-labelledby='toggle-toggle-id-2' role='region' class='toggle_wrap  av-title-above'  ><div class='toggle_content invers-color ' ><ul class=\"customlist2\">\n<li><a href=\"https:\/\/fileserver.mates.it\/Prodotti\/2_Matrici\/TDS\/Resine\/Ineos\/Vinilestere\/TDS%20DER%20MOMENTUM%20411%20T.pdf\" target=\"_blank\" rel=\"noopener\">DERAKANE\u2122 411 T<\/a><\/li>\n<li><a href=\"https:\/\/fileserver.mates.it\/Prodotti\/2_Matrici\/TDS\/Resine\/Ineos\/Vinilestere\/TDS%20AME%205000%20T30.pdf\" target=\"_blank\" rel=\"noopener\">AME\u2122 5000 T-30<\/a><\/li>\n<li><a href=\"https:\/\/fileserver.mates.it\/Prodotti\/2_Matrici\/TDS\/Resine\/Ineos\/Vinilestere\/TDS%20AME%206000%20T35%20.pdf\" target=\"_blank\" rel=\"noopener\">AME\u2122 6000 T-35<\/a><\/li>\n<li><a href=\"https:\/\/fileserver.mates.it\/Prodotti\/2_Matrici\/TDS\/Resine\/Ineos\/Vinilestere\/TDS%20AME%206001%20T%2050.pdf\" target=\"_blank\" rel=\"noopener\">AME\u2122 6001 T-50<\/a><\/li>\n<li><a href=\"https:\/\/fileserver.mates.it\/Prodotti\/2_Matrici\/TDS\/Resine\/Ineos\/Vinilestere\/TDS%20AME%206001%20INF%2090.pdf\" target=\"_blank\" rel=\"noopener\">AME\u2122 6001 INF-90<\/a><\/li>\n<li><a href=\"https:\/\/fileserver.mates.it\/Prodotti\/2_Matrici\/TDS\/Resine\/Ineos\/Vinilestere\/TDS%20AME%206001%20INF%20135.pdf\" target=\"_blank\" rel=\"noopener\">AME\u2122 6001 INF-135<\/a><\/li>\n<\/ul>\n<\/div><\/div><\/div><\/section>\n<\/div><\/div><div  class='hr av-av_hr-91d7ccd583a503147498e120fee2ff9b hr-default  avia-builder-el-5  el_after_av_two_fifth  el_before_av_one_full '><span class='hr-inner '><span class=\"hr-inner-style\"><\/span><\/span><\/div><\/p>\n<div  class='flex_column av-av_one_full-7714eba142aeda1f8b5272a3c372b279 av_one_full  avia-builder-el-6  el_after_av_hr  avia-builder-el-last  first flex_column_div  '     ><div  class='avia-button-wrap av-av_button-c7654164e0bcc40015c7ae14d7f4380b-wrap avia-button-left  avia-builder-el-7  avia-builder-el-no-sibling '><a href=\"https:\/\/fileserver.mates.it\/Prodotti\/2_Matrici\/Brochure\/Ineos\/ineos_AME.pdf\" class=\"avia-button av-av_button-c7654164e0bcc40015c7ae14d7f4380b av-link-btn avia-icon_select-yes-left-icon avia-size-small avia-position-left avia-color-theme-color\" target=\"_blank\" rel=\"noopener noreferrer\" aria-label=\"  Ineos \u00ae AME selector guide\"><span class='avia_button_icon avia_button_icon_left avia-iconfont avia-font-entypo-fontello' data-av_icon='\ue82d' data-av_iconfont='entypo-fontello' ><\/span><span class='avia_iconbox_title' >  Ineos \u00ae AME selector guide<\/span><\/a><\/div><\/div>\n","protected":false},"excerpt":{"rendered":"<p>La r\u00e9sine vinylester poss\u00e8de une r\u00e9sistance thermique, m\u00e9canique et chimique sup\u00e9rieure \u00e0 celle du polyester, des caract\u00e9ristiques qui la rendent indispensable lorsqu&rsquo;une performance sup\u00e9rieure de la pi\u00e8ce en PRV est requise.<\/p>\n","protected":false},"author":2,"featured_media":0,"parent":9224,"menu_order":3,"comment_status":"open","ping_status":"closed","template":"","meta":{"footnotes":""},"class_list":["post-9291","page","type-page","status-publish","hentry"],"_links":{"self":[{"href":"https:\/\/www.mates.it\/fr\/wp-json\/wp\/v2\/pages\/9291","targetHints":{"allow":["GET"]}}],"collection":[{"href":"https:\/\/www.mates.it\/fr\/wp-json\/wp\/v2\/pages"}],"about":[{"href":"https:\/\/www.mates.it\/fr\/wp-json\/wp\/v2\/types\/page"}],"author":[{"embeddable":true,"href":"https:\/\/www.mates.it\/fr\/wp-json\/wp\/v2\/users\/2"}],"replies":[{"embeddable":true,"href":"https:\/\/www.mates.it\/fr\/wp-json\/wp\/v2\/comments?post=9291"}],"version-history":[{"count":0,"href":"https:\/\/www.mates.it\/fr\/wp-json\/wp\/v2\/pages\/9291\/revisions"}],"up":[{"embeddable":true,"href":"https:\/\/www.mates.it\/fr\/wp-json\/wp\/v2\/pages\/9224"}],"wp:attachment":[{"href":"https:\/\/www.mates.it\/fr\/wp-json\/wp\/v2\/media?parent=9291"}],"curies":[{"name":"wp","href":"https:\/\/api.w.org\/{rel}","templated":true}]}}