{"id":9292,"date":"2016-08-01T10:41:51","date_gmt":"2016-08-01T08:41:51","guid":{"rendered":"https:\/\/www.mates.it\/prodotti\/resine-adesivi-chimici\/resine\/phenolic-f-r\/"},"modified":"2023-10-14T14:43:04","modified_gmt":"2023-10-14T12:43:04","slug":"phenolic-f-r","status":"publish","type":"page","link":"https:\/\/www.mates.it\/fr\/produits\/resines-adhesifs-chimiques\/resines\/phenolic-f-r\/","title":{"rendered":"Phenolic"},"content":{"rendered":"<\/p>\n<div  class='flex_column av-av_three_fifth-7714eba142aeda1f8b5272a3c372b279 av_three_fifth  avia-builder-el-0  el_before_av_two_fifth  avia-builder-el-first  first flex_column_div  '     ><p>\n<style type=\"text\/css\" data-created_by=\"avia_inline_auto\" id=\"style-css-av-ljbo3hgk-5e1da1656ad7f71ddb71459230b5f860\">\n#top .av-special-heading.av-ljbo3hgk-5e1da1656ad7f71ddb71459230b5f860{\npadding-bottom:10px;\n}\nbody .av-special-heading.av-ljbo3hgk-5e1da1656ad7f71ddb71459230b5f860 .av-special-heading-tag .heading-char{\nfont-size:25px;\n}\n.av-special-heading.av-ljbo3hgk-5e1da1656ad7f71ddb71459230b5f860 .av-subheading{\nfont-size:15px;\n}\n<\/style>\n<div  class='av-special-heading av-ljbo3hgk-5e1da1656ad7f71ddb71459230b5f860 av-special-heading-h1  avia-builder-el-1  el_before_av_textblock  avia-builder-el-first  custom-h1-title'><h1 class='av-special-heading-tag '  >Phenolic<\/h1><div class=\"special-heading-border\"><div class=\"special-heading-inner-border\"><\/div><\/div><\/div><br \/>\n<section  class='av_textblock_section av-ljbo2g4v-5ff3ffe2282be9c013fb4763b75cc93d '  ><div class='avia_textblock' ><p>La ph\u00e9nolique est un type de r\u00e9sine thermodurcissable obtenue par un processus de durcissement (bachelorisation). Il s&rsquo;agit de r\u00e9sines thermodurcissables qui, soumises \u00e0 la chaleur et \u00e0 des catalyseurs, donnent naissance \u00e0 une masse insoluble qui peut \u00eatre utilis\u00e9e comme mat\u00e9riau d&rsquo;isolation et de rev\u00eatement. Le r\u00e9sultat est une r\u00e9sine qui garantit une r\u00e9sistance thermique et chimique consid\u00e9rable, ainsi que d&rsquo;excellentes propri\u00e9t\u00e9s adh\u00e9sives. En outre, son utilisation assure au produit fini une grande solidit\u00e9 et une faible absorption d&rsquo;humidit\u00e9. Certains types de r\u00e9sine ph\u00e9nolique sont \u00e9galement renforc\u00e9s par du papier, du tissu, des fibres de verre et de l&rsquo;aramide.<\/p>\n<div style=\"width: 100%;\"><\/div>\n<\/div><\/section><\/p><\/div><div  class='flex_column av-av_two_fifth-f1c518e9ff58e869f80c8f093487abc9 av_two_fifth  avia-builder-el-3  el_after_av_three_fifth  el_before_av_hr  flex_column_div  '     ><style type=\"text\/css\" data-created_by=\"avia_inline_auto\" id=\"style-css-av-ljbo3d24-0c8ca08282803eb2baa291f7248186bb\">\n#top .togglecontainer.av-ljbo3d24-0c8ca08282803eb2baa291f7248186bb h4.toggler{\nfont-size:14px;\n}\n#top .togglecontainer.av-ljbo3d24-0c8ca08282803eb2baa291f7248186bb h4.toggler.activeTitle{\ncolor:#ffffff;\nborder-color:#ffffff;\nbackground-color:#2682d3;\n}\n<\/style>\n<div  class='togglecontainer av-ljbo3d24-0c8ca08282803eb2baa291f7248186bb  avia-builder-el-4  avia-builder-el-no-sibling  accordion_product toggle_close_all hasCurrentStyle' >\n<section class='av_toggle_section av-ljbo39pj-07f6acf7750a61b856b9bbbd72f99e68' ><div role=\"tablist\" class=\"single_toggle\" data-tags=\"{Tout} \"  ><h4 id='toggle-toggle-id-1' data-fake-id='#toggle-id-1' class='toggler  activeTitle av-title-above '  role='tab' tabindex='0' aria-controls='toggle-id-1' data-slide-speed=\"200\" data-title=\"Avantages\" data-title-open=\"\" data-aria_collapsed=\"Cliquez pour \u00e9tendre : Avantages\" data-aria_expanded=\"Cliquez pour r\u00e9duire : Avantages\">Avantages<span class=\"toggle_icon\"><span class=\"vert_icon\"><\/span><span class=\"hor_icon\"><\/span><\/span><\/h4><div id='toggle-id-1' aria-labelledby='toggle-toggle-id-1' role='region' class='toggle_wrap  active_tc av-title-above' style='display:block;' ><div class='toggle_content invers-color ' ><ul>\n<li>Tr\u00e8s faible inflammabilit\u00e9<\/li>\n<li>Haute r\u00e9sistance \u00e0 la flamme<\/li>\n<li>Excellentes propri\u00e9t\u00e9s m\u00e9caniques<\/li>\n<li>Excellentes propri\u00e9t\u00e9s adh\u00e9sives<\/li>\n<\/ul>\n<\/div><\/div><\/div><\/section>\n<section class='av_toggle_section av-ljbo3bwg-d2ad3f9ac76e5c02da2a7b093c5aa9c9' ><div role=\"tablist\" class=\"single_toggle\" data-tags=\"{Tout} \"  ><h4 id='toggle-toggle-id-2' data-fake-id='#toggle-id-2' class='toggler  av-title-above '  role='tab' tabindex='0' aria-controls='toggle-id-2' data-slide-speed=\"200\" data-title=\"Types de produits\" data-title-open=\"\" data-aria_collapsed=\"Cliquez pour \u00e9tendre : Types de produits\" data-aria_expanded=\"Cliquez pour r\u00e9duire : Types de produits\">Types de produits<span class=\"toggle_icon\"><span class=\"vert_icon\"><\/span><span class=\"hor_icon\"><\/span><\/span><\/h4><div id='toggle-id-2' aria-labelledby='toggle-toggle-id-2' role='region' class='toggle_wrap  av-title-above'  ><div class='toggle_content invers-color ' ><ul class=\"customlist2\">\n<li><a href=\"https:\/\/fileserver.mates.it\/Prodotti\/2_Matrici\/TDS\/Resine\/LFX\/LFX_062_DS.pdf\" target=\"_blank\" rel=\"noopener noreferrer\">LFX 062<\/a><\/li>\n<\/ul>\n<\/div><\/div><\/div><\/section>\n<\/div><\/div><div  class='hr av-av_hr-91d7ccd583a503147498e120fee2ff9b hr-default  avia-builder-el-5  el_after_av_two_fifth  el_before_av_one_full '><span class='hr-inner '><span class=\"hr-inner-style\"><\/span><\/span><\/div><\/p>\n<div  class='flex_column av-av_one_full-7714eba142aeda1f8b5272a3c372b279 av_one_full  avia-builder-el-6  el_after_av_hr  el_before_av_three_fifth  first flex_column_div  '     ><div  class='avia-button-wrap av-av_button-21d3ae9646beb73bddb42ce0d9721777-wrap avia-button-left  avia-builder-el-7  avia-builder-el-no-sibling '><a href=\"https:\/\/www.5m.cz\/en\/products\/epoxidove-pryskyrice\/epoxy-foil-resins\" class=\"avia-button av-av_button-21d3ae9646beb73bddb42ce0d9721777 av-link-btn avia-icon_select-yes-left-icon avia-size-small avia-position-left avia-color-theme-color\" target=\"_blank\" rel=\"noopener noreferrer\" aria-label=\"  Letoxit \u00ae LFX product list\"><span class='avia_button_icon avia_button_icon_left avia-iconfont avia-font-entypo-fontello' data-av_icon='\ue8ab' data-av_iconfont='entypo-fontello' ><\/span><span class='avia_iconbox_title' >  Letoxit \u00ae LFX product list<\/span><\/a><\/div><\/div>\n<div  class='flex_column av-av_three_fifth-7714eba142aeda1f8b5272a3c372b279 av_three_fifth  avia-builder-el-8  el_after_av_one_full  el_before_av_two_fifth  first flex_column_div  column-top-margin'     ><p>\n<style type=\"text\/css\" data-created_by=\"avia_inline_auto\" id=\"style-css-av-av_heading-acfc565da719fa4c2b852bc232bc2b56\">\n#top .av-special-heading.av-av_heading-acfc565da719fa4c2b852bc232bc2b56{\npadding-bottom:10px;\n}\nbody .av-special-heading.av-av_heading-acfc565da719fa4c2b852bc232bc2b56 .av-special-heading-tag .heading-char{\nfont-size:25px;\n}\n.av-special-heading.av-av_heading-acfc565da719fa4c2b852bc232bc2b56 .av-subheading{\nfont-size:15px;\n}\n<\/style>\n<div  class='av-special-heading av-av_heading-acfc565da719fa4c2b852bc232bc2b56 av-special-heading-h1  avia-builder-el-9  el_before_av_textblock  avia-builder-el-first  custom-h1-title'><h1 class='av-special-heading-tag '  >Fenolica<\/h1><div class=\"special-heading-border\"><div class=\"special-heading-inner-border\"><\/div><\/div><\/div><br \/>\n<section  class='av_textblock_section av-av_textblock-7a1af7d8f9790576b1769c0a9f0449ed '  ><div class='avia_textblock' ><p>La fenolica \u00e8 una tipologia di resina termoindurente che si ottiene grazie ad un processo di indurimento (bachelizzazione). Esso \u00e8 provocato dalle resine termoindurenti che, sottoposte al calore ed ai catalizzatori, danno origine ad una massa insolubile utilizzabile come isolante e materiale di rivestimento. Il risultato, \u00e8 una resina che garantisce una notevole resistenza termica e chimica, oltre che eccellenti propriet\u00e0 adesive, permettendo, cos\u00ec, la realizzazione di un manufatto con un grado di infiammabilit\u00e0 molto basso. In aggiunta, il suo utilizzo assicurer\u00e0 un\u2019elevata resistenza ed un basso assorbimento dell\u2019umidit\u00e0 al prodotto finito. Alcune tipologie di fenoliche vengono inoltre rinforzate con carta, tessuto oltre che fibra di vetro ed aramidica.<\/p>\n<div style=\"width: 100%;\"><\/div>\n<\/div><\/section><\/p><\/div>\n<div  class='flex_column av-av_two_fifth-f1c518e9ff58e869f80c8f093487abc9 av_two_fifth  avia-builder-el-11  el_after_av_three_fifth  el_before_av_hr  flex_column_div  column-top-margin'     ><style type=\"text\/css\" data-created_by=\"avia_inline_auto\" id=\"style-css-av-av_toggle_container-aa303faae9b53071bb573d27bc7412b5\">\n#top .togglecontainer.av-av_toggle_container-aa303faae9b53071bb573d27bc7412b5 h4.toggler{\nfont-size:14px;\n}\n#top .togglecontainer.av-av_toggle_container-aa303faae9b53071bb573d27bc7412b5 h4.toggler.activeTitle{\ncolor:#ffffff;\nborder-color:#ffffff;\nbackground-color:#2682d3;\n}\n<\/style>\n<div  class='togglecontainer av-av_toggle_container-aa303faae9b53071bb573d27bc7412b5  avia-builder-el-12  avia-builder-el-no-sibling  accordion_product toggle_close_all hasCurrentStyle' >\n<section class='av_toggle_section av-av_toggle-6e4ae570b30acaa98427b4ce2a62edbf' ><div role=\"tablist\" class=\"single_toggle\" data-tags=\"{Tout} \"  ><h4 id='toggle-toggle-id-3' data-fake-id='#toggle-id-3' class='toggler  activeTitle av-title-above '  role='tab' tabindex='0' aria-controls='toggle-id-3' data-slide-speed=\"200\" data-title=\"Vantaggi\" data-title-open=\"\" data-aria_collapsed=\"Cliquez pour \u00e9tendre : Vantaggi\" data-aria_expanded=\"Cliquez pour r\u00e9duire : Vantaggi\">Vantaggi<span class=\"toggle_icon\"><span class=\"vert_icon\"><\/span><span class=\"hor_icon\"><\/span><\/span><\/h4><div id='toggle-id-3' aria-labelledby='toggle-toggle-id-3' role='region' class='toggle_wrap  active_tc av-title-above' style='display:block;' ><div class='toggle_content invers-color ' ><ul>\n<li>Bassissimo grado di infiammabilit\u00e0<\/li>\n<li>Alta resistenza alla fiamma<\/li>\n<li>Ottime propriet\u00e0 meccaniche<\/li>\n<li>Eccellenti propriet\u00e0 adesive<\/li>\n<\/ul>\n<\/div><\/div><\/div><\/section>\n<section class='av_toggle_section av-av_toggle-b79e33d3ca84147842177338144796a3' ><div role=\"tablist\" class=\"single_toggle\" data-tags=\"{Tout} \"  ><h4 id='toggle-toggle-id-4' data-fake-id='#toggle-id-4' class='toggler  av-title-above '  role='tab' tabindex='0' aria-controls='toggle-id-4' data-slide-speed=\"200\" data-title=\"Tipologie\" data-title-open=\"\" data-aria_collapsed=\"Cliquez pour \u00e9tendre : Tipologie\" data-aria_expanded=\"Cliquez pour r\u00e9duire : Tipologie\">Tipologie<span class=\"toggle_icon\"><span class=\"vert_icon\"><\/span><span class=\"hor_icon\"><\/span><\/span><\/h4><div id='toggle-id-4' aria-labelledby='toggle-toggle-id-4' role='region' class='toggle_wrap  av-title-above'  ><div class='toggle_content invers-color ' ><ul class=\"customlist2\">\n<li><a href=\"https:\/\/fileserver.mates.it\/Prodotti\/2_Matrici\/TDS\/Resine\/LFX\/LFX_062_DS.pdf\" target=\"_blank\" rel=\"noopener noreferrer\">LFX 062<\/a><\/li>\n<\/ul>\n<\/div><\/div><\/div><\/section>\n<\/div><\/div>\n<div  class='hr av-av_hr-91d7ccd583a503147498e120fee2ff9b hr-default  avia-builder-el-13  el_after_av_two_fifth  el_before_av_one_full '><span class='hr-inner '><span class=\"hr-inner-style\"><\/span><\/span><\/div>\n<div  class='flex_column av-av_one_full-7714eba142aeda1f8b5272a3c372b279 av_one_full  avia-builder-el-14  el_after_av_hr  avia-builder-el-last  first flex_column_div  '     ><div  class='avia-button-wrap av-av_button-21d3ae9646beb73bddb42ce0d9721777-wrap avia-button-left  avia-builder-el-15  avia-builder-el-no-sibling '><a href=\"https:\/\/www.5m.cz\/en\/products\/epoxidove-pryskyrice\/epoxy-foil-resins\" class=\"avia-button av-av_button-21d3ae9646beb73bddb42ce0d9721777 av-link-btn avia-icon_select-yes-left-icon avia-size-small avia-position-left avia-color-theme-color\" target=\"_blank\" rel=\"noopener noreferrer\" aria-label=\"  Letoxit \u00ae LFX product list\"><span class='avia_button_icon avia_button_icon_left avia-iconfont avia-font-entypo-fontello' data-av_icon='\ue8ab' data-av_iconfont='entypo-fontello' ><\/span><span class='avia_iconbox_title' >  Letoxit \u00ae LFX product list<\/span><\/a><\/div><\/div>\n","protected":false},"excerpt":{"rendered":"<p>La r\u00e9sine ph\u00e9nolique est un type de r\u00e9sine qui offre une r\u00e9sistance thermique et chimique consid\u00e9rable et d&rsquo;excellentes propri\u00e9t\u00e9s adh\u00e9sives, ce qui permet d&rsquo;obtenir des performances \u00e9lev\u00e9es.<\/p>\n","protected":false},"author":2,"featured_media":0,"parent":9224,"menu_order":4,"comment_status":"open","ping_status":"closed","template":"","meta":{"footnotes":""},"class_list":["post-9292","page","type-page","status-publish","hentry"],"_links":{"self":[{"href":"https:\/\/www.mates.it\/fr\/wp-json\/wp\/v2\/pages\/9292","targetHints":{"allow":["GET"]}}],"collection":[{"href":"https:\/\/www.mates.it\/fr\/wp-json\/wp\/v2\/pages"}],"about":[{"href":"https:\/\/www.mates.it\/fr\/wp-json\/wp\/v2\/types\/page"}],"author":[{"embeddable":true,"href":"https:\/\/www.mates.it\/fr\/wp-json\/wp\/v2\/users\/2"}],"replies":[{"embeddable":true,"href":"https:\/\/www.mates.it\/fr\/wp-json\/wp\/v2\/comments?post=9292"}],"version-history":[{"count":0,"href":"https:\/\/www.mates.it\/fr\/wp-json\/wp\/v2\/pages\/9292\/revisions"}],"up":[{"embeddable":true,"href":"https:\/\/www.mates.it\/fr\/wp-json\/wp\/v2\/pages\/9224"}],"wp:attachment":[{"href":"https:\/\/www.mates.it\/fr\/wp-json\/wp\/v2\/media?parent=9292"}],"curies":[{"name":"wp","href":"https:\/\/api.w.org\/{rel}","templated":true}]}}