{"id":9294,"date":"2016-08-01T12:17:12","date_gmt":"2016-08-01T10:17:12","guid":{"rendered":"https:\/\/www.mates.it\/prodotti\/resine-adesivi-chimici\/adesivi-collanti\/aerosol-tackifiers\/"},"modified":"2025-05-18T19:32:53","modified_gmt":"2025-05-18T17:32:53","slug":"aerosol-tackifiers","status":"publish","type":"page","link":"https:\/\/www.mates.it\/fr\/produits\/resines-adhesifs-chimiques\/adhesifs-colles\/aerosol-tackifiers\/","title":{"rendered":"A\u00e9rosol"},"content":{"rendered":"<div  class='flex_column av-opgini-5ff6a1118ad6dcc6af0f53e190bcc943 av_one_full  avia-builder-el-0  el_before_av_hr  avia-builder-el-first  first flex_column_div  '     ><p>\n<style type=\"text\/css\" data-created_by=\"avia_inline_auto\" id=\"style-css-av-ljbsygsw-70987cd2c1e61e736ebbca467b49feba\">\n#top .av-special-heading.av-ljbsygsw-70987cd2c1e61e736ebbca467b49feba{\npadding-bottom:10px;\n}\nbody .av-special-heading.av-ljbsygsw-70987cd2c1e61e736ebbca467b49feba .av-special-heading-tag .heading-char{\nfont-size:25px;\n}\n.av-special-heading.av-ljbsygsw-70987cd2c1e61e736ebbca467b49feba .av-subheading{\nfont-size:15px;\n}\n<\/style>\n<div  class='av-special-heading av-ljbsygsw-70987cd2c1e61e736ebbca467b49feba av-special-heading-h1  avia-builder-el-1  el_before_av_textblock  avia-builder-el-first  custom-h1-title'><h1 class='av-special-heading-tag '  >A\u00e9rosol<\/h1><div class=\"special-heading-border\"><div class=\"special-heading-inner-border\"><\/div><\/div><\/div><br \/>\n<section  class='av_textblock_section av-ljbsy9iu-68dbf93bc7df30bed8b01d9c5c7a5754 '  ><div class='avia_textblock' ><p>Les adh\u00e9sifs en a\u00e9rosol sont constitu\u00e9s d&rsquo;une gamme de colles ou de r\u00e9sines contenues dans des r\u00e9cipients en aluminium sous pression. La m\u00e9thode de distribution par n\u00e9bulisation \u00e0 travers une buse permet de les appliquer rapidement en couches tr\u00e8s fines pour coller des mat\u00e9riaux auxquels on ne veut pas ajouter de poids et d&rsquo;\u00e9paisseur, sans affecter les propri\u00e9t\u00e9s d&rsquo;origine. L&rsquo;adoption de ce type d&rsquo;adh\u00e9sif facilite certains processus tels que le rev\u00eatement de pi\u00e8ces pr\u00e9existantes ou le laminage par infusion, en r\u00e9duisant consid\u00e9rablement les temps de traitement. Ils peuvent \u00e9galement \u00eatre utilis\u00e9s pour la fixation temporaire de produits auxiliaires, ainsi que pour la pr\u00e9-application de certains types de noyaux structurels. Dans le cas de moulage avec des tissus pr\u00e9-impr\u00e9gn\u00e9s, l&rsquo;utilisation de ces produits peut garantir une pose plus facile des renforts, en simplifiant le travail de positionnement; ils sont \u00e9galement utiles dans l&rsquo;assemblage des bateaux ; ils sont \u00e9galement disponibles en bidons.<\/p>\n<div style=\"width: 100%;\"><\/div>\n<\/div><\/section><\/p><\/div>\n<div  class='hr av-ms2nta-476fe80ded6e15627a00e3860b5b21fb hr-default  avia-builder-el-3  el_after_av_one_full  el_before_av_three_fifth '><span class='hr-inner '><span class=\"hr-inner-style\"><\/span><\/span><\/div>\n<div  class='flex_column av-laence-18c079bcd4c9cd4da1143bb2b404a218 av_three_fifth  avia-builder-el-4  el_after_av_hr  el_before_av_two_fifth  first flex_column_div  '     ><section  class='av_textblock_section av-ljbsz0gn-b47416499c6ea8b2c06457d8987d31fe '  ><div class='avia_textblock' ><h6>EPOSSIDES<\/h6>\n<p>Les colles \u00e0 base de r\u00e9sines \u00e9poxydiques sont utilis\u00e9es pour le positionnement de tissus, de pr\u00e9formes ou de noyaux internes dans les processus de moulage par pr\u00e9impr\u00e9gnation, infusion, RTM classique ou l\u00e9ger et VARTM. Leur composition chimique garantit une contamination minimale du stratifi\u00e9, sans d\u00e9t\u00e9rioration des performances m\u00e9caniques de la pi\u00e8ce. Pour r\u00e9pondre \u00e0 tous les besoins de production, Mates propose des adh\u00e9sifs \u00e9poxydiques sous forme liquide ou en spray : la m\u00e9thode de distribution par n\u00e9bulisation \u00e0 travers une buse permet une application rapide en couches tr\u00e8s fines pour le collage de mat\u00e9riaux auxquels on ne veut pas ajouter de poids et d&rsquo;\u00e9paisseur, sans affecter les propri\u00e9t\u00e9s d&rsquo;origine ; les adh\u00e9sifs liquides, quant \u00e0 eux, peuvent \u00eatre appliqu\u00e9s directement au rouleau ou \u00e0 la brosse.<\/p>\n<\/div><\/section><\/div>\n<div  class='flex_column av-igtvtq-dd76bf193d26ea8b3448f7ffed43e5eb av_two_fifth  avia-builder-el-6  el_after_av_three_fifth  el_before_av_hr  flex_column_div  '     ><style type=\"text\/css\" data-created_by=\"avia_inline_auto\" id=\"style-css-av-i2umji-0fbc58dbf791df98c8985167d4f5cf45\">\n#top .togglecontainer.av-i2umji-0fbc58dbf791df98c8985167d4f5cf45 h4.toggler{\nfont-size:14px;\n}\n#top .togglecontainer.av-i2umji-0fbc58dbf791df98c8985167d4f5cf45 h4.toggler.activeTitle{\ncolor:#ffffff;\nborder-color:#ffffff;\nbackground-color:#2682d3;\n}\n<\/style>\n<div  class='togglecontainer av-i2umji-0fbc58dbf791df98c8985167d4f5cf45  avia-builder-el-7  avia-builder-el-no-sibling  accordion_product toggle_close_all hasCurrentStyle' >\n<section class='av_toggle_section av-fvz4bi-e46e668de213846c79ecb08e2a8e7454' ><div role=\"tablist\" class=\"single_toggle\" data-tags=\"{Tout} \"  ><h4 id='toggle-toggle-id-1' data-fake-id='#toggle-id-1' class='toggler  activeTitle av-title-above '  role='tab' tabindex='0' aria-controls='toggle-id-1' data-slide-speed=\"200\" data-title=\"Mates \u00ae\" data-title-open=\"\" data-aria_collapsed=\"Cliquez pour \u00e9tendre : Mates \u00ae\" data-aria_expanded=\"Cliquez pour r\u00e9duire : Mates \u00ae\">Mates \u00ae<span class=\"toggle_icon\"><span class=\"vert_icon\"><\/span><span class=\"hor_icon\"><\/span><\/span><\/h4><div id='toggle-id-1' aria-labelledby='toggle-toggle-id-1' role='region' class='toggle_wrap  active_tc av-title-above' style='display:block;' ><div class='toggle_content invers-color ' ><ul class=\"customlist1\">\n<li><a href=\"https:\/\/fileserver.mates.it\/Prodotti\/2_Matrici\/TDS\/Adesivi\/Mates\/EPOXI_TAK_DS.pdf\" target=\"_blank\" rel=\"noopener noreferrer\">EPOXI-TAK \u00ae<\/a><\/li>\n<li><a href=\"https:\/\/fileserver.mates.it\/Prodotti\/2_Matrici\/TDS\/Adesivi\/Mates\/RDT_DS.pdf\" target=\"_blank\" rel=\"noopener noreferrer\">RESINE DE TACK \u00ae<\/a><\/li>\n<\/ul>\n<\/div><\/div><\/div><\/section>\n<\/div><\/div>\n<div  class='hr av-eig2i6-5e963d1b12fd2edb9f96716111da8d40 hr-default  avia-builder-el-8  el_after_av_two_fifth  el_before_av_three_fifth '><span class='hr-inner '><span class=\"hr-inner-style\"><\/span><\/span><\/div>\n<div  class='flex_column av-cwr5zi-55911f42f09a68f712c9e174d874a907 av_three_fifth  avia-builder-el-9  el_after_av_hr  el_before_av_two_fifth  first flex_column_div  '     ><section  class='av_textblock_section av-ljbszm5w-a98f485722f327f88c316f82c0d3d965 '  ><div class='avia_textblock' ><h6>ADH\u00c9SIFS G\u00c9N\u00c9RAUX<\/h6>\n<p>Les adh\u00e9sifs sont disponibles dans trois formats diff\u00e9rents : les bombes a\u00e9rosols, les bidons et les f\u00fbts. Les bombes a\u00e9rosols sont le nec plus ultra en mati\u00e8re de commodit\u00e9 et de praticit\u00e9 ; elles sont portables, faciles \u00e0 utiliser et ne n\u00e9cessitent aucun \u00e9quipement suppl\u00e9mentaire. Les cylindres sont autonomes et pressuris\u00e9s, portables et n\u00e9cessitent un investissement, un \u00e9quipement et une maintenance minimaux. Les adh\u00e9sifs TensorGrip\u00ae sont dot\u00e9s d&rsquo;une formule innovante qui fond au contact des r\u00e9sines \u00e0 base de styr\u00e8ne, \u00e9liminant ainsi les barri\u00e8res que l&rsquo;on trouve dans les m\u00e9thodes de collage traditionnelles. Les formules r\u00e9volutionnaires permettent de r\u00e9duire au minimum le temps de s\u00e9chage de l&rsquo;adh\u00e9sif, ce qui permet \u00e0 TensorGrip\u00ae d&rsquo;acc\u00e9l\u00e9rer le flux de travail et de r\u00e9duire consid\u00e9rablement le temps de production, tout en garantissant le m\u00eame pouvoir de collage efficace.<\/p>\n<\/div><\/section><\/div>\n<div  class='flex_column av-aq7vku-41fd5677d350e0f252c40db038ca2252 av_two_fifth  avia-builder-el-11  el_after_av_three_fifth  el_before_av_hr  flex_column_div  '     ><style type=\"text\/css\" data-created_by=\"avia_inline_auto\" id=\"style-css-av-lq9snpis-b2c72c65be0a47829be4ecbe5a1c00ba\">\n#top .togglecontainer.av-lq9snpis-b2c72c65be0a47829be4ecbe5a1c00ba h4.toggler{\nfont-size:14px;\n}\n#top .togglecontainer.av-lq9snpis-b2c72c65be0a47829be4ecbe5a1c00ba h4.toggler.activeTitle{\ncolor:#ffffff;\nborder-color:#ffffff;\nbackground-color:#2682d3;\n}\n<\/style>\n<div  class='togglecontainer av-lq9snpis-b2c72c65be0a47829be4ecbe5a1c00ba  avia-builder-el-12  avia-builder-el-no-sibling  accordion_product toggle_close_all hasCurrentStyle' >\n<section class='av_toggle_section av-lq9snnai-8400959916fdc6ba0459f72893ce2622' ><div role=\"tablist\" class=\"single_toggle\" data-tags=\"{Tout} \"  ><h4 id='toggle-toggle-id-2' data-fake-id='#toggle-id-2' class='toggler  activeTitle av-title-above '  role='tab' tabindex='0' aria-controls='toggle-id-2' data-slide-speed=\"200\" data-title=\"TensorGrip \u00ae\" data-title-open=\"\" data-aria_collapsed=\"Cliquez pour \u00e9tendre : TensorGrip \u00ae\" data-aria_expanded=\"Cliquez pour r\u00e9duire : TensorGrip \u00ae\">TensorGrip \u00ae<span class=\"toggle_icon\"><span class=\"vert_icon\"><\/span><span class=\"hor_icon\"><\/span><\/span><\/h4><div id='toggle-id-2' aria-labelledby='toggle-toggle-id-2' role='region' class='toggle_wrap  active_tc av-title-above' style='display:block;' ><div class='toggle_content invers-color ' ><table>\n<tbody>\n<tr>\n<td>\n<ul>\n<li><a href=\"https:\/\/fileserver.mates.it\/Prodotti\/2_Matrici\/TDS\/Adesivi\/TensorGrip\/Adesivi\/TensorGrip%20TC42%20TDS.pdf\" target=\"_blank\" rel=\"noopener\">TC42<\/a><\/li>\n<li><a href=\"https:\/\/fileserver.mates.it\/Prodotti\/2_Matrici\/TDS\/Adesivi\/TensorGrip\/Adesivi\/TensorGrip%20TC43%20TDS.pdf\" target=\"_blank\" rel=\"noopener\">TC43<\/a><\/li>\n<li><a href=\"https:\/\/fileserver.mates.it\/Prodotti\/2_Matrici\/TDS\/Adesivi\/TensorGrip\/Adesivi\/Tensorgrip%20TC48%20TDS.pdf\" target=\"_blank\" rel=\"noopener\">TC48<\/a><\/li>\n<li><a href=\"https:\/\/fileserver.mates.it\/Prodotti\/2_Matrici\/TDS\/Adesivi\/TensorGrip\/Adesivi\/Tensorgrip%20TC49%20TDS.pdf\" target=\"_blank\" rel=\"noopener\">TC49<\/a><\/li>\n<li><a href=\"https:\/\/fileserver.mates.it\/Prodotti\/2_Matrici\/TDS\/Adesivi\/TensorGrip\/Adesivi\/TensorGrip%20TC30%20TDS.pdf\" target=\"_blank\" rel=\"noopener\">TC30<\/a><\/li>\n<\/ul>\n<\/td>\n<td>\n<ul class=\"customlist2\">\n<li><a href=\"https:\/\/fileserver.mates.it\/Prodotti\/2_Matrici\/TDS\/Adesivi\/TensorGrip\/Adesivi\/TensorGrip%20M81%20TDS.pdf\" target=\"_blank\" rel=\"noopener\">M81<\/a><\/li>\n<\/ul>\n<\/td>\n<td>\n<ul>\n<li><a href=\"https:\/\/fileserver.mates.it\/Prodotti\/2_Matrici\/TDS\/Adesivi\/TensorGrip\/Pulitori\/TensorGrip%20S105%20TDS.pdf\" target=\"_blank\" rel=\"noopener\">S105<\/a><\/li>\n<li><a href=\"https:\/\/fileserver.mates.it\/Prodotti\/2_Matrici\/TDS\/Adesivi\/TensorGrip\/Pulitori\/TensorGrip%20C101%20TDS.pdf\" target=\"_blank\" rel=\"noopener\">C101<\/a><\/li>\n<\/ul>\n<\/td>\n<\/tr>\n<\/tbody>\n<\/table>\n<\/div><\/div><\/div><\/section>\n<section class='av_toggle_section av-9u16m6-a3db69f56cdaf2f10d5fae11b3c6cf0e' ><div role=\"tablist\" class=\"single_toggle\" data-tags=\"{Tout} \"  ><h4 id='toggle-toggle-id-3' data-fake-id='#toggle-id-3' class='toggler  av-title-above '  role='tab' tabindex='0' aria-controls='toggle-id-3' data-slide-speed=\"200\" data-title=\"Scotch-Weld \u00ae\" data-title-open=\"\" data-aria_collapsed=\"Cliquez pour \u00e9tendre : Scotch-Weld \u00ae\" data-aria_expanded=\"Cliquez pour r\u00e9duire : Scotch-Weld \u00ae\">Scotch-Weld \u00ae<span class=\"toggle_icon\"><span class=\"vert_icon\"><\/span><span class=\"hor_icon\"><\/span><\/span><\/h4><div id='toggle-id-3' aria-labelledby='toggle-toggle-id-3' role='region' class='toggle_wrap  av-title-above'  ><div class='toggle_content invers-color ' ><ul>\n<li><a href=\"https:\/\/fileserver.mates.it\/Prodotti\/2_Matrici\/TDS\/Adesivi\/3M\/3M_77.pdf\" target=\"_blank\" rel=\"noopener\">3M \u00ae Super 77<\/a><\/li>\n<li><a href=\"https:\/\/fileserver.mates.it\/Prodotti\/2_Matrici\/TDS\/Adesivi\/3M\/3M_74.pdf\" target=\"_blank\" rel=\"noopener\">3M \u00ae Foam Fast 74<\/a><\/li>\n<\/ul>\n<\/div><\/div><\/div><\/section>\n<\/div><\/div><div  class='hr av-7ph9ni-e7b81c8c4ee9d7a7de4f6a127351fd15 hr-default  avia-builder-el-13  el_after_av_two_fifth  el_before_av_one_full '><span class='hr-inner '><span class=\"hr-inner-style\"><\/span><\/span><\/div><\/p>\n<div  class='flex_column av-6lmapa-867d97b010d209727e81f5a879afdbe4 av_one_full  avia-builder-el-14  el_after_av_hr  avia-builder-el-last  first flex_column_div  '     ><p><div  class='avia-button-wrap av-4tw23y-4f14a7d6c85946dd5171897017a5d191-wrap avia-button-left  avia-builder-el-15  el_before_av_button  avia-builder-el-first '><a href=\"https:\/\/fileserver.mates.it\/Prodotti\/2_Matrici\/Brochure\/3M\/sprayable_brochure_3M.pdf\" class=\"avia-button av-4tw23y-4f14a7d6c85946dd5171897017a5d191 av-link-btn avia-icon_select-yes-left-icon avia-size-small avia-position-left avia-color-theme-color\" target=\"_blank\" rel=\"noopener noreferrer\" aria-label=\" 3M \u00ae Brochure spray\"><span class='avia_button_icon avia_button_icon_left avia-iconfont avia-font-entypo-fontello' data-av_icon='\ue82d' data-av_iconfont='entypo-fontello' ><\/span><span class='avia_iconbox_title' > 3M \u00ae Brochure spray<\/span><\/a><\/div><br \/>\n<div  class='avia-button-wrap av-2xks5q-2f91b6bb76b4dbc0d9c54fc6770512f9-wrap avia-button-left  avia-builder-el-16  el_after_av_button  el_before_av_button '><a href=\"https:\/\/fileserver.mates.it\/Prodotti\/2_Matrici\/Brochure\/TensorGrip\/Composite_Spread.pdf\" class=\"avia-button av-2xks5q-2f91b6bb76b4dbc0d9c54fc6770512f9 av-link-btn avia-icon_select-yes-left-icon avia-size-small avia-position-left avia-color-theme-color\" target=\"_blank\" rel=\"noopener noreferrer\" aria-label=\" TensorGrip \u00ae Product list\"><span class='avia_button_icon avia_button_icon_left avia-iconfont avia-font-entypo-fontello' data-av_icon='\ue82d' data-av_iconfont='entypo-fontello' ><\/span><span class='avia_iconbox_title' > TensorGrip \u00ae Product list<\/span><\/a><\/div><br \/>\n<div  class='avia-button-wrap av-av_button-d476e9d79b88ea9c537fd294c72dedab-wrap avia-button-left  avia-builder-el-17  el_after_av_button  el_before_av_button '><a href=\"https:\/\/fileserver.mates.it\/Prodotti\/2_Matrici\/Brochure\/TensorGrip\/JEC_Tensor_Mates_Italiana_flyer.pdf\" class=\"avia-button av-av_button-d476e9d79b88ea9c537fd294c72dedab av-link-btn avia-icon_select-yes-left-icon avia-size-small avia-position-left avia-color-theme-color\" target=\"_blank\" rel=\"noopener noreferrer\" aria-label=\" TensorGrip \u00ae Brochure\"><span class='avia_button_icon avia_button_icon_left avia-iconfont avia-font-entypo-fontello' data-av_icon='\ue82d' data-av_iconfont='entypo-fontello' ><\/span><span class='avia_iconbox_title' > TensorGrip \u00ae Brochure<\/span><\/a><\/div><br \/>\n<div  class='avia-button-wrap av-av_button-4d39ef98fa4666e7ec788d08bdbec706-wrap avia-button-left  avia-builder-el-18  el_after_av_button  avia-builder-el-last '><a href=\"https:\/\/fileserver.mates.it\/Prodotti\/2_Matrici\/Certificazioni\/Quin%20Global\/M81\/M81%20-%20SL_Z-710_EN13501_907a_2021.pdf\" class=\"avia-button av-av_button-4d39ef98fa4666e7ec788d08bdbec706 av-link-btn avia-icon_select-yes-left-icon avia-size-small avia-position-left avia-color-theme-color\" target=\"_blank\" rel=\"noopener noreferrer\" aria-label=\" M81 \u00ae fire \/ smoke classification\"><span class='avia_button_icon avia_button_icon_left avia-iconfont avia-font-entypo-fontello' data-av_icon='\ue82d' data-av_iconfont='entypo-fontello' ><\/span><span class='avia_iconbox_title' > M81 \u00ae fire \/ smoke classification<\/span><\/a><\/div><\/p><\/div>\n","protected":false},"excerpt":{"rendered":"<p>Les adh\u00e9sifs en spray sont compos\u00e9s d&rsquo;une s\u00e9rie de colles ou de r\u00e9sines contenues dans des r\u00e9cipients en aluminium sous pression. La m\u00e9thode de distribution par atomisation \u00e0 travers une buse permet une application rapide.<\/p>\n","protected":false},"author":2,"featured_media":0,"parent":9222,"menu_order":4,"comment_status":"open","ping_status":"closed","template":"","meta":{"footnotes":""},"class_list":["post-9294","page","type-page","status-publish","hentry"],"_links":{"self":[{"href":"https:\/\/www.mates.it\/fr\/wp-json\/wp\/v2\/pages\/9294","targetHints":{"allow":["GET"]}}],"collection":[{"href":"https:\/\/www.mates.it\/fr\/wp-json\/wp\/v2\/pages"}],"about":[{"href":"https:\/\/www.mates.it\/fr\/wp-json\/wp\/v2\/types\/page"}],"author":[{"embeddable":true,"href":"https:\/\/www.mates.it\/fr\/wp-json\/wp\/v2\/users\/2"}],"replies":[{"embeddable":true,"href":"https:\/\/www.mates.it\/fr\/wp-json\/wp\/v2\/comments?post=9294"}],"version-history":[{"count":0,"href":"https:\/\/www.mates.it\/fr\/wp-json\/wp\/v2\/pages\/9294\/revisions"}],"up":[{"embeddable":true,"href":"https:\/\/www.mates.it\/fr\/wp-json\/wp\/v2\/pages\/9222"}],"wp:attachment":[{"href":"https:\/\/www.mates.it\/fr\/wp-json\/wp\/v2\/media?parent=9294"}],"curies":[{"name":"wp","href":"https:\/\/api.w.org\/{rel}","templated":true}]}}