{"id":9298,"date":"2016-08-01T13:36:55","date_gmt":"2016-08-01T11:36:55","guid":{"rendered":"https:\/\/www.mates.it\/prodotti\/resine-adesivi-chimici\/gelcoat-fondi\/polyester-f-g\/"},"modified":"2023-06-26T13:43:17","modified_gmt":"2023-06-26T11:43:17","slug":"polyester-f-g","status":"publish","type":"page","link":"https:\/\/www.mates.it\/fr\/produits\/resines-adhesifs-chimiques\/gelcoat-fonds\/polyester-f-g\/","title":{"rendered":"Polyester"},"content":{"rendered":"<div  class='flex_column av-av_three_fifth-7714eba142aeda1f8b5272a3c372b279 av_three_fifth  avia-builder-el-0  el_before_av_two_fifth  avia-builder-el-first  first flex_column_div  '     ><p>\n<style type=\"text\/css\" data-created_by=\"avia_inline_auto\" id=\"style-css-av-ljcsig4t-5bf4274c5e15a5d5acfeda3053b4dcc7\">\n#top .av-special-heading.av-ljcsig4t-5bf4274c5e15a5d5acfeda3053b4dcc7{\npadding-bottom:10px;\n}\nbody .av-special-heading.av-ljcsig4t-5bf4274c5e15a5d5acfeda3053b4dcc7 .av-special-heading-tag .heading-char{\nfont-size:25px;\n}\n.av-special-heading.av-ljcsig4t-5bf4274c5e15a5d5acfeda3053b4dcc7 .av-subheading{\nfont-size:15px;\n}\n<\/style>\n<div  class='av-special-heading av-ljcsig4t-5bf4274c5e15a5d5acfeda3053b4dcc7 av-special-heading-h1  avia-builder-el-1  el_before_av_textblock  avia-builder-el-first  custom-h1-title'><h1 class='av-special-heading-tag '  >Polyester<\/h1><div class=\"special-heading-border\"><div class=\"special-heading-inner-border\"><\/div><\/div><\/div><br \/>\n<section  class='av_textblock_section av-ljcsh9h3-e3e056d3bb8cf449d6ef6c963a130f22 '  ><div class='avia_textblock' ><p>Le gelcoat polyester se caract\u00e9rise par un allongement \u00e0 la rupture \u00e9lev\u00e9 qui lui permet d&rsquo;\u00eatre utilis\u00e9 m\u00eame sur des pi\u00e8ces soumises \u00e0 de fortes contraintes et par une duret\u00e9 qui le prot\u00e8ge des rayures et des abrasions. Son \u00e9paisseur d&rsquo;application est comprise entre 0,4 et 0,8 mm, une \u00e9paisseur inf\u00e9rieure peut entra\u00eener une agression par la r\u00e9sine, avec la formation de rides tandis qu&rsquo;une \u00e9paisseur sup\u00e9rieure peut entra\u00eener une fragilit\u00e9 excessive. Il garantit une excellente r\u00e9sistance aux UV, \u00e0 l&rsquo;osmose et \u00e0 l&rsquo;hydrolyse et une excellente r\u00e9sistance chimique. Le gelcoat peut \u00e9galement \u00eatre r\u00e9alis\u00e9 avec de la paraffine pour une isolation compl\u00e8te contre l&rsquo;humidit\u00e9, et utilis\u00e9 principalement dans le secteur nautique comme couche de finition, ou pour la construction de moules en r\u00e9sine polyester renforc\u00e9e de fibres de verre.<\/p>\n<div style=\"width: 100%;\"><\/div>\n<\/div><\/section><\/p><\/div><div  class='flex_column av-av_two_fifth-f1c518e9ff58e869f80c8f093487abc9 av_two_fifth  avia-builder-el-3  el_after_av_three_fifth  el_before_av_hr  flex_column_div  '     ><style type=\"text\/css\" data-created_by=\"avia_inline_auto\" id=\"style-css-av-ljcsib61-2b017f2232f7805abb3ee1167fc99972\">\n#top .togglecontainer.av-ljcsib61-2b017f2232f7805abb3ee1167fc99972 h4.toggler{\nfont-size:14px;\n}\n#top .togglecontainer.av-ljcsib61-2b017f2232f7805abb3ee1167fc99972 h4.toggler.activeTitle{\ncolor:#ffffff;\nborder-color:#ffffff;\nbackground-color:#2682d3;\n}\n<\/style>\n<div  class='togglecontainer av-ljcsib61-2b017f2232f7805abb3ee1167fc99972  avia-builder-el-4  avia-builder-el-no-sibling  accordion_product toggle_close_all hasCurrentStyle' >\n<section class='av_toggle_section av-ljcsi3xb-b32261bc5b6d9e636ffd01dfdd67fa6c' ><div role=\"tablist\" class=\"single_toggle\" data-tags=\"{Tout} \"  ><h4 id='toggle-toggle-id-1' data-fake-id='#toggle-id-1' class='toggler  activeTitle av-title-above '  role='tab' tabindex='0' aria-controls='toggle-id-1' data-slide-speed=\"200\" data-title=\"Avantages\" data-title-open=\"\" data-aria_collapsed=\"Cliquez pour \u00e9tendre : Avantages\" data-aria_expanded=\"Cliquez pour r\u00e9duire : Avantages\">Avantages<span class=\"toggle_icon\"><span class=\"vert_icon\"><\/span><span class=\"hor_icon\"><\/span><\/span><\/h4><div id='toggle-id-1' aria-labelledby='toggle-toggle-id-1' role='region' class='toggle_wrap  active_tc av-title-above' style='display:block;' ><div class='toggle_content invers-color ' ><ul>\n<li>R\u00e9sistance \u00e0 long terme<\/li>\n<li>Grande duret\u00e9 de surface<\/li>\n<li>Aucune d\u00e9gradation<\/li>\n<li>Protection maximale<\/li>\n<li>Haute thixotropie<\/li>\n<\/ul>\n<\/div><\/div><\/div><\/section>\n<section class='av_toggle_section av-ljcsi6v3-362ace22425280e3bfcc3b1e2bd357b4' ><div role=\"tablist\" class=\"single_toggle\" data-tags=\"{Tout} \"  ><h4 id='toggle-toggle-id-2' data-fake-id='#toggle-id-2' class='toggler  av-title-above '  role='tab' tabindex='0' aria-controls='toggle-id-2' data-slide-speed=\"200\" data-title=\"Types de produit\" data-title-open=\"\" data-aria_collapsed=\"Cliquez pour \u00e9tendre : Types de produit\" data-aria_expanded=\"Cliquez pour r\u00e9duire : Types de produit\">Types de produit<span class=\"toggle_icon\"><span class=\"vert_icon\"><\/span><span class=\"hor_icon\"><\/span><\/span><\/h4><div id='toggle-id-2' aria-labelledby='toggle-toggle-id-2' role='region' class='toggle_wrap  av-title-above'  ><div class='toggle_content invers-color ' ><ul class=\"customlist2\">\n<li><a href=\"https:\/\/fileserver.mates.it\/Prodotti\/2_Matrici\/TDS\/Gelcoat\/Ineos\/TDS%20GN.pdf\" target=\"_blank\" rel=\"noopener\">MAXGUARD\u2122 GN<\/a><\/li>\n<li><a href=\"https:\/\/fileserver.mates.it\/Prodotti\/2_Matrici\/TDS\/Gelcoat\/Ineos\/TDS%20SX%20AA6.pdf\" target=\"_blank\" rel=\"noopener\">MAXGUARD\u2122 SX<\/a><\/li>\n<\/ul>\n<\/div><\/div><\/div><\/section>\n<\/div><\/div><div  class='hr av-av_hr-91d7ccd583a503147498e120fee2ff9b hr-default  avia-builder-el-5  el_after_av_two_fifth  avia-builder-el-last '><span class='hr-inner '><span class=\"hr-inner-style\"><\/span><\/span><\/div><\/p>\n","protected":false},"excerpt":{"rendered":"<p>Le gelcoat polyester se caract\u00e9rise par un allongement \u00e0 la rupture \u00e9lev\u00e9 qui lui permet d&rsquo;\u00eatre utilis\u00e9 m\u00eame sur des pi\u00e8ces soumises \u00e0 de fortes contraintes et par une duret\u00e9 qui le prot\u00e8ge des rayures et des abrasions.<\/p>\n","protected":false},"author":2,"featured_media":0,"parent":9226,"menu_order":2,"comment_status":"open","ping_status":"closed","template":"","meta":{"footnotes":""},"class_list":["post-9298","page","type-page","status-publish","hentry"],"_links":{"self":[{"href":"https:\/\/www.mates.it\/fr\/wp-json\/wp\/v2\/pages\/9298","targetHints":{"allow":["GET"]}}],"collection":[{"href":"https:\/\/www.mates.it\/fr\/wp-json\/wp\/v2\/pages"}],"about":[{"href":"https:\/\/www.mates.it\/fr\/wp-json\/wp\/v2\/types\/page"}],"author":[{"embeddable":true,"href":"https:\/\/www.mates.it\/fr\/wp-json\/wp\/v2\/users\/2"}],"replies":[{"embeddable":true,"href":"https:\/\/www.mates.it\/fr\/wp-json\/wp\/v2\/comments?post=9298"}],"version-history":[{"count":0,"href":"https:\/\/www.mates.it\/fr\/wp-json\/wp\/v2\/pages\/9298\/revisions"}],"up":[{"embeddable":true,"href":"https:\/\/www.mates.it\/fr\/wp-json\/wp\/v2\/pages\/9226"}],"wp:attachment":[{"href":"https:\/\/www.mates.it\/fr\/wp-json\/wp\/v2\/media?parent=9298"}],"curies":[{"name":"wp","href":"https:\/\/api.w.org\/{rel}","templated":true}]}}