{"id":9300,"date":"2016-08-01T14:48:18","date_gmt":"2016-08-01T12:48:18","guid":{"rendered":"https:\/\/www.mates.it\/prodotti\/resine-adesivi-chimici\/chimici-inerti\/solvents-diluents-f\/"},"modified":"2023-06-28T15:18:48","modified_gmt":"2023-06-28T13:18:48","slug":"solvents-diluents-f","status":"publish","type":"page","link":"https:\/\/www.mates.it\/fr\/produits\/resines-adhesifs-chimiques\/chimiques-inertes\/solvents-diluents-f\/","title":{"rendered":"Solvents \/ Diluents"},"content":{"rendered":"<div  class='flex_column av-5d5fj8-d202dc92f276c3b7136fa964f9632724 av_three_fifth  avia-builder-el-0  el_before_av_two_fifth  avia-builder-el-first  first flex_column_div  '     ><p>\n<style type=\"text\/css\" data-created_by=\"avia_inline_auto\" id=\"style-css-av-ljcvrwcx-72514d78c27823993a864d2c6fe17325\">\n#top .av-special-heading.av-ljcvrwcx-72514d78c27823993a864d2c6fe17325{\npadding-bottom:10px;\n}\nbody .av-special-heading.av-ljcvrwcx-72514d78c27823993a864d2c6fe17325 .av-special-heading-tag .heading-char{\nfont-size:25px;\n}\n.av-special-heading.av-ljcvrwcx-72514d78c27823993a864d2c6fe17325 .av-subheading{\nfont-size:15px;\n}\n<\/style>\n<div  class='av-special-heading av-ljcvrwcx-72514d78c27823993a864d2c6fe17325 av-special-heading-h1  avia-builder-el-1  el_before_av_textblock  avia-builder-el-first  custom-h1-title'><h1 class='av-special-heading-tag '  >Solvents \/ Diluents<\/h1><div class=\"special-heading-border\"><div class=\"special-heading-inner-border\"><\/div><\/div><\/div><br \/>\n<section  class='av_textblock_section av-ljcvrs10-6cc9e1737b19d8b9b49e18f13ff5e543 '  ><div class='avia_textblock' ><p>Un solvant est un liquide qui dissout un solut\u00e9 solide, liquide ou gazeux, r\u00e9sultant en une solution. Dans l&rsquo;industrie des composites avanc\u00e9s, les solvants sont principalement utilis\u00e9s pour \u00e9liminer les d\u00e9bris chimiques et non chimiques laiss\u00e9s par le processus de fabrication des machines et des outils. En dehors de cela, ils peuvent \u00eatre utilis\u00e9s pour l&rsquo;enl\u00e8vement de pi\u00e8ces peintes enti\u00e8res. Mates est en mesure de fournir \u00e0 ses clients une gamme de produits de nettoyage sp\u00e9cifiques, formul\u00e9s pour \u00e9liminer de nombreuses substances de diff\u00e9rentes surfaces. Ils sont capables de concilier d&rsquo;excellentes performances avec un excellent niveau de durabilit\u00e9 environnementale et en m\u00eame temps de grandes \u00e9conomies.<\/p>\n<\/div><\/section><\/p><\/div>\n<div  class='flex_column av-3keyxg-b8015fecb99392f8fd3a3ad56597fc52 av_two_fifth  avia-builder-el-3  el_after_av_three_fifth  el_before_av_hr  flex_column_div  '     ><style type=\"text\/css\" data-created_by=\"avia_inline_auto\" id=\"style-css-av-ljcvtgvd-786c18a7f5d3aa4ae2da36b091ad9e42\">\n#top .togglecontainer.av-ljcvtgvd-786c18a7f5d3aa4ae2da36b091ad9e42 h4.toggler{\nfont-size:14px;\n}\n#top .togglecontainer.av-ljcvtgvd-786c18a7f5d3aa4ae2da36b091ad9e42 h4.toggler.activeTitle{\ncolor:#ffffff;\nborder-color:#ffffff;\nbackground-color:#2682d3;\n}\n<\/style>\n<div  class='togglecontainer av-ljcvtgvd-786c18a7f5d3aa4ae2da36b091ad9e42  avia-builder-el-4  avia-builder-el-no-sibling  accordion_product toggle_close_all hasCurrentStyle' >\n<section class='av_toggle_section av-ljcvsns6-26f708ebfa2089e174ecd1f74570ad49' ><div role=\"tablist\" class=\"single_toggle\" data-tags=\"{Tout} \"  ><h4 id='toggle-toggle-id-1' data-fake-id='#toggle-id-1' class='toggler  activeTitle av-title-above '  role='tab' tabindex='0' aria-controls='toggle-id-1' data-slide-speed=\"200\" data-title=\"Avantages\" data-title-open=\"\" data-aria_collapsed=\"Cliquez pour \u00e9tendre : Avantages\" data-aria_expanded=\"Cliquez pour r\u00e9duire : Avantages\">Avantages<span class=\"toggle_icon\"><span class=\"vert_icon\"><\/span><span class=\"hor_icon\"><\/span><\/span><\/h4><div id='toggle-id-1' aria-labelledby='toggle-toggle-id-1' role='region' class='toggle_wrap  active_tc av-title-above' style='display:block;' ><div class='toggle_content invers-color ' ><ul>\n<li>Faible co\u00fbt<\/li>\n<li>Faible impact environnemental<\/li>\n<li>Approvisionnement rapide<\/li>\n<li>Fondamental \u00e0 tout processus<\/li>\n<\/ul>\n<\/div><\/div><\/div><\/section>\n<section class='av_toggle_section av-ljcvtc6i-66ebb1749881c45a3e5bd8af594e6437' ><div role=\"tablist\" class=\"single_toggle\" data-tags=\"{Tout} \"  ><h4 id='toggle-toggle-id-2' data-fake-id='#toggle-id-2' class='toggler  av-title-above '  role='tab' tabindex='0' aria-controls='toggle-id-2' data-slide-speed=\"200\" data-title=\"Types de produit\" data-title-open=\"\" data-aria_collapsed=\"Cliquez pour \u00e9tendre : Types de produit\" data-aria_expanded=\"Cliquez pour r\u00e9duire : Types de produit\">Types de produit<span class=\"toggle_icon\"><span class=\"vert_icon\"><\/span><span class=\"hor_icon\"><\/span><\/span><\/h4><div id='toggle-id-2' aria-labelledby='toggle-toggle-id-2' role='region' class='toggle_wrap  av-title-above'  ><div class='toggle_content invers-color ' ><ul class=\"customlist2\">\n<li><a href=\"https:\/\/fileserver.mates.it\/Prodotti\/2_Matrici\/TDS\/Additivi\/P901_D_DS.pdf\" target=\"_blank\" rel=\"noopener\">901-D<\/a><\/li>\n<li>Ac\u00e9tone<\/li>\n<li>Alcool<\/li>\n<li>Eau d\u00e9min\u00e9ralis\u00e9e<\/li>\n<\/ul>\n<\/div><\/div><\/div><\/section>\n<\/div><\/div><div  class='hr av-2ow2g4-7d1562440d97a0b11bfe5025d90f7845 hr-default  avia-builder-el-5  el_after_av_two_fifth  avia-builder-el-last '><span class='hr-inner '><span class=\"hr-inner-style\"><\/span><\/span><\/div><\/p>\n","protected":false},"excerpt":{"rendered":"<p>Un solvant est un liquide qui dissout un solut\u00e9 solide, liquide ou gazeux, r\u00e9sultant en une solution. Dans l&rsquo;industrie des composites de pointe, ils sont utilis\u00e9s pour \u00e9liminer les d\u00e9bris restants.<\/p>\n","protected":false},"author":2,"featured_media":0,"parent":9220,"menu_order":3,"comment_status":"open","ping_status":"open","template":"","meta":{"footnotes":""},"class_list":["post-9300","page","type-page","status-publish","hentry"],"_links":{"self":[{"href":"https:\/\/www.mates.it\/fr\/wp-json\/wp\/v2\/pages\/9300","targetHints":{"allow":["GET"]}}],"collection":[{"href":"https:\/\/www.mates.it\/fr\/wp-json\/wp\/v2\/pages"}],"about":[{"href":"https:\/\/www.mates.it\/fr\/wp-json\/wp\/v2\/types\/page"}],"author":[{"embeddable":true,"href":"https:\/\/www.mates.it\/fr\/wp-json\/wp\/v2\/users\/2"}],"replies":[{"embeddable":true,"href":"https:\/\/www.mates.it\/fr\/wp-json\/wp\/v2\/comments?post=9300"}],"version-history":[{"count":0,"href":"https:\/\/www.mates.it\/fr\/wp-json\/wp\/v2\/pages\/9300\/revisions"}],"up":[{"embeddable":true,"href":"https:\/\/www.mates.it\/fr\/wp-json\/wp\/v2\/pages\/9220"}],"wp:attachment":[{"href":"https:\/\/www.mates.it\/fr\/wp-json\/wp\/v2\/media?parent=9300"}],"curies":[{"name":"wp","href":"https:\/\/api.w.org\/{rel}","templated":true}]}}