{"id":9301,"date":"2016-08-01T15:08:37","date_gmt":"2016-08-01T13:08:37","guid":{"rendered":"https:\/\/www.mates.it\/prodotti\/resine-adesivi-chimici\/chimici-inerti\/fillers-f\/"},"modified":"2023-06-28T15:18:33","modified_gmt":"2023-06-28T13:18:33","slug":"fillers-f","status":"publish","type":"page","link":"https:\/\/www.mates.it\/fr\/produits\/resines-adhesifs-chimiques\/chimiques-inertes\/fillers-f\/","title":{"rendered":"Fillers"},"content":{"rendered":"<div  class='flex_column av-av_three_fifth-7714eba142aeda1f8b5272a3c372b279 av_three_fifth  avia-builder-el-0  el_before_av_two_fifth  avia-builder-el-first  first flex_column_div  '     ><p>\n<style type=\"text\/css\" data-created_by=\"avia_inline_auto\" id=\"style-css-av-ljcuyfpq-b639ccb3b7247ab01850502983e78877\">\n#top .av-special-heading.av-ljcuyfpq-b639ccb3b7247ab01850502983e78877{\npadding-bottom:10px;\n}\nbody .av-special-heading.av-ljcuyfpq-b639ccb3b7247ab01850502983e78877 .av-special-heading-tag .heading-char{\nfont-size:25px;\n}\n.av-special-heading.av-ljcuyfpq-b639ccb3b7247ab01850502983e78877 .av-subheading{\nfont-size:15px;\n}\n<\/style>\n<div  class='av-special-heading av-ljcuyfpq-b639ccb3b7247ab01850502983e78877 av-special-heading-h1  avia-builder-el-1  el_before_av_textblock  avia-builder-el-first  custom-h1-title'><h1 class='av-special-heading-tag '  >Fillers<\/h1><div class=\"special-heading-border\"><div class=\"special-heading-inner-border\"><\/div><\/div><\/div><br \/>\n<section  class='av_textblock_section av-ljcux57q-27f266b44900f18bcd27d986912bc8d9 '  ><div class='avia_textblock' ><p>Mates est en mesure de proposer une gamme de produits capables de faire varier la viscosit\u00e9 d&rsquo;un fluide, on les appelle \u00e9paississants (ou fillers). Ce sont essentiellement des mat\u00e9riaux inertes (poudres ou grains) d&rsquo;origines diverses, \u00e0 ajouter aux r\u00e9sines pour modifier leurs caract\u00e9ristiques (comme la viscosit\u00e9) sans alt\u00e9rer leur r\u00e9action chimique. L&rsquo;ajout d&rsquo;\u00e9paississants \u00e0 la r\u00e9sine entra\u00eene par cons\u00e9quent une augmentation du volume du compos\u00e9, suivie \u00e0 son tour d&rsquo;une diminution du pourcentage de r\u00e9sine dans la masse. Le r\u00e9sultat de cette agr\u00e9gation entra\u00eene des avantages, notamment l&rsquo;abaissement du pic isotherme (temp\u00e9rature maximale pouvant \u00eatre atteinte lors du processus de polym\u00e9risation des r\u00e9sines) et une augmentation de la stabilit\u00e9 dimensionnelle.<\/p>\n<\/div><\/section><\/p><\/div>\n<div  class='flex_column av-av_two_fifth-f1c518e9ff58e869f80c8f093487abc9 av_two_fifth  avia-builder-el-3  el_after_av_three_fifth  el_before_av_hr  flex_column_div  '     ><style type=\"text\/css\" data-created_by=\"avia_inline_auto\" id=\"style-css-av-ljcuyaij-2bf683ade65caabb391e8afb49cbaaf8\">\n#top .togglecontainer.av-ljcuyaij-2bf683ade65caabb391e8afb49cbaaf8 h4.toggler{\nfont-size:14px;\n}\n#top .togglecontainer.av-ljcuyaij-2bf683ade65caabb391e8afb49cbaaf8 h4.toggler.activeTitle{\ncolor:#ffffff;\nborder-color:#ffffff;\nbackground-color:#2682d3;\n}\n<\/style>\n<div  class='togglecontainer av-ljcuyaij-2bf683ade65caabb391e8afb49cbaaf8  avia-builder-el-4  avia-builder-el-no-sibling  accordion_product toggle_close_all hasCurrentStyle' >\n<section class='av_toggle_section av-ljcuy1u9-3c036d677ab11b8c3fff375d5b37a4fe' ><div role=\"tablist\" class=\"single_toggle\" data-tags=\"{Tout} \"  ><h4 id='toggle-toggle-id-1' data-fake-id='#toggle-id-1' class='toggler  activeTitle av-title-above '  role='tab' tabindex='0' aria-controls='toggle-id-1' data-slide-speed=\"200\" data-title=\"Avantages\" data-title-open=\"\" data-aria_collapsed=\"Cliquez pour \u00e9tendre : Avantages\" data-aria_expanded=\"Cliquez pour r\u00e9duire : Avantages\">Avantages<span class=\"toggle_icon\"><span class=\"vert_icon\"><\/span><span class=\"hor_icon\"><\/span><\/span><\/h4><div id='toggle-id-1' aria-labelledby='toggle-toggle-id-1' role='region' class='toggle_wrap  active_tc av-title-above' style='display:block;' ><div class='toggle_content invers-color ' ><ul class=\"customlist1\">\n<li>Abaissement du pic isotherme<\/li>\n<li>Pourcentage de r\u00e9duction de r\u00e9sine<\/li>\n<li>Stabilit\u00e9 dimensionnelle accrue<\/li>\n<li>Variation chimique\/physique<\/li>\n<\/ul>\n<\/div><\/div><\/div><\/section>\n<section class='av_toggle_section av-ljcuy8r0-e30c8381ec33f912ea76d65043999491' ><div role=\"tablist\" class=\"single_toggle\" data-tags=\"{Tout} \"  ><h4 id='toggle-toggle-id-2' data-fake-id='#toggle-id-2' class='toggler  av-title-above '  role='tab' tabindex='0' aria-controls='toggle-id-2' data-slide-speed=\"200\" data-title=\"Types de produit\" data-title-open=\"\" data-aria_collapsed=\"Cliquez pour \u00e9tendre : Types de produit\" data-aria_expanded=\"Cliquez pour r\u00e9duire : Types de produit\">Types de produit<span class=\"toggle_icon\"><span class=\"vert_icon\"><\/span><span class=\"hor_icon\"><\/span><\/span><\/h4><div id='toggle-id-2' aria-labelledby='toggle-toggle-id-2' role='region' class='toggle_wrap  av-title-above'  ><div class='toggle_content invers-color ' ><ul class=\"customlist2\">\n<li><a href=\"https:\/\/fileserver.mates.it\/Prodotti\/2_Matrici\/TDS\/Addensanti\/TC150_TDS.pdf\" target=\"_blank\" rel=\"noopener noreferrer\">Microfibre &#8211; TC 150<\/a><\/li>\n<li><a href=\"https:\/\/fileserver.mates.it\/Prodotti\/2_Matrici\/TDS\/Addensanti\/H302_TDS.pdf\" target=\"_blank\" rel=\"noopener noreferrer\">Microsfere &#8211; H302<\/a><\/li>\n<li><a href=\"https:\/\/fileserver.mates.it\/Prodotti\/2_Matrici\/TDS\/Addensanti\/K20_TDS.pdf\" target=\"_blank\" rel=\"noopener noreferrer\">Silice collo\u00efdale &#8211; K20<\/a><\/li>\n<li><a href=\"https:\/\/fileserver.mates.it\/Prodotti\/2_Matrici\/TDS\/Addensanti\/BML_806_TDS.pdf\" target=\"_blank\" rel=\"noopener noreferrer\">Ultralights &#8211; BML 806<\/a><\/li>\n<\/ul>\n<\/div><\/div><\/div><\/section>\n<\/div><\/div><div  class='hr av-av_hr-91d7ccd583a503147498e120fee2ff9b hr-default  avia-builder-el-5  el_after_av_two_fifth  avia-builder-el-last '><span class='hr-inner '><span class=\"hr-inner-style\"><\/span><\/span><\/div><\/p>\n","protected":false},"excerpt":{"rendered":"<p>Mates est en mesure de proposer une gamme de produits capables de faire varier la viscosit\u00e9 d&rsquo;un fluide, des mat\u00e9riaux inertes d&rsquo;origines diverses \u00e0 ajouter aux r\u00e9sines pour modifier leurs caract\u00e9ristiques.<\/p>\n","protected":false},"author":2,"featured_media":0,"parent":9220,"menu_order":1,"comment_status":"open","ping_status":"open","template":"","meta":{"footnotes":""},"class_list":["post-9301","page","type-page","status-publish","hentry"],"_links":{"self":[{"href":"https:\/\/www.mates.it\/fr\/wp-json\/wp\/v2\/pages\/9301","targetHints":{"allow":["GET"]}}],"collection":[{"href":"https:\/\/www.mates.it\/fr\/wp-json\/wp\/v2\/pages"}],"about":[{"href":"https:\/\/www.mates.it\/fr\/wp-json\/wp\/v2\/types\/page"}],"author":[{"embeddable":true,"href":"https:\/\/www.mates.it\/fr\/wp-json\/wp\/v2\/users\/2"}],"replies":[{"embeddable":true,"href":"https:\/\/www.mates.it\/fr\/wp-json\/wp\/v2\/comments?post=9301"}],"version-history":[{"count":0,"href":"https:\/\/www.mates.it\/fr\/wp-json\/wp\/v2\/pages\/9301\/revisions"}],"up":[{"embeddable":true,"href":"https:\/\/www.mates.it\/fr\/wp-json\/wp\/v2\/pages\/9220"}],"wp:attachment":[{"href":"https:\/\/www.mates.it\/fr\/wp-json\/wp\/v2\/media?parent=9301"}],"curies":[{"name":"wp","href":"https:\/\/api.w.org\/{rel}","templated":true}]}}